{"id":360060,"date":"2023-12-01T07:15:51","date_gmt":"2023-12-01T07:15:55","guid":{"rendered":"https:\/\/www.erresse-shop.it\/?post_type=product&#038;p=360060"},"modified":"2025-01-16T13:12:47","modified_gmt":"2025-01-16T13:12:47","slug":"cookut-box-mojitos-messbecher-rezepte-und-strohhalme","status":"publish","type":"product","link":"https:\/\/www.erresse-shop.it\/de\/shop\/kuche\/zubehor-fur-die-kuche\/cookut-box-mojitos-messbecher-rezepte-und-strohhalme\/","title":{"rendered":"COOKUT Box Mojitos Messbecher Rezepte und Strohhalme"},"content":{"rendered":"<p>Das einzige 4-in-1-Instrument der Welt mit Glasstrohhalmen und einem perfekt ausbalancierten Mojito-Kochbuch.<\/p>\n<p>Bereiten Sie Ihre Mojitos mit einem 4-in-1-Werkzeug vor<\/p>\n<p>Das We Are Mojito-Werkzeug besteht aus einem Rum- und Rohrzuckermessger\u00e4t, einem Hammer f\u00fcr zerkleinertes Eis, einem St\u00f6\u00dfel und einer Zitruspresse. Die Zitrone auspressen, die Minze hacken, den Sirup und den perfekt dosierten Rum einf\u00fcllen, die Eisw\u00fcrfel hacken und etwas kohlens\u00e4urehaltiges Wasser hinzuf\u00fcgen. Und los geht\u2019s!<\/p>\n<p>Keine falsch dosierten Mojitos mehr!<\/p>\n<p>Hausgemachte Mojitos sind oft schlecht dosiert, mit zu wenig oder zu viel Zucker oder Alkohol&#8230; Mit dem integrierten Messger\u00e4t in der Schlaufe ist der Mojito unm\u00f6glich zuzubereiten und immer perfekt ausbalanciert!<\/p>\n<p>Ein umweltfreundliches Material<\/p>\n<p>Die We Are Mojito G\u00fcrtelschlaufe ist aus 100% Naturholz gefertigt. Es ist nicht nur \u00e4sthetisch ansprechend und hochfunktional, sondern auch perfekt recycelbar &#8211; und das gef\u00e4llt uns!<\/p>\n<p>Geschenkbox: 14 Rezepte inklusive und 2 Glastrinkhalme<\/p>\n<p>Wiederverwendbare Trinkhalme aus sto\u00dffestem Glas<\/p>\n<p>\u00dcberraschen Sie Ihre Freunde mit innovativen und originellen Mojito-Rezepten. Wir haben an Sie gedacht, indem wir unsere Lieblingsrezepte in die Geschenkbox packen.<\/p>\n","protected":false},"excerpt":{"rendered":"<p>Das einzige 4-in-1-Instrument der Welt mit Glasstrohhalmen und einem perfekt ausbalancierten Mojito-Kochbuch. Bereiten Sie Ihre Mojitos mit einem 4-in-1-Werkzeug vor<\/p>\n","protected":false},"featured_media":520897,"template":"","meta":{"_acf_changed":false,"inline_featured_image":false},"product_cat":[6742,6745],"product_tag":[25038,23661,24416,25022],"acf":[],"yoast_head":"<!-- This site is optimized with the Yoast SEO Premium plugin v18.6 (Yoast SEO v19.13) - https:\/\/yoast.com\/wordpress\/plugins\/seo\/ -->\n<title>COOKUT Box Mojitos Messbecher Rezepte und Strohhalme<\/title>\n<meta name=\"description\" content=\"Entdecken Sie COOKUT Box Mojitos Messbecher Rezepte und Strohhalme bei ErresseShop. Qualit\u00e4t, Stil und Funktionalit\u00e4t \u2013 jetzt online bestellen!\" \/>\n<meta name=\"robots\" content=\"index, follow, max-snippet:-1, max-image-preview:large, max-video-preview:-1\" \/>\n<link rel=\"canonical\" href=\"https:\/\/www.erresse-shop.it\/de\/shop\/kuche\/zubehor-fur-die-kuche\/cookut-box-mojitos-messbecher-rezepte-und-strohhalme\/\" \/>\n<meta property=\"og:locale\" content=\"de_DE\" \/>\n<meta property=\"og:type\" content=\"article\" \/>\n<meta property=\"og:title\" content=\"COOKUT Box Mojitos Messbecher Rezepte und Strohhalme\" \/>\n<meta property=\"og:description\" content=\"Entdecken Sie COOKUT Box Mojitos Messbecher Rezepte und Strohhalme bei ErresseShop. Qualit\u00e4t, Stil und Funktionalit\u00e4t \u2013 jetzt online bestellen!\" \/>\n<meta property=\"og:url\" content=\"https:\/\/www.erresse-shop.it\/de\/shop\/kuche\/zubehor-fur-die-kuche\/cookut-box-mojitos-messbecher-rezepte-und-strohhalme\/\" \/>\n<meta property=\"og:site_name\" content=\"Erresse Shop\" \/>\n<meta property=\"article:modified_time\" content=\"2025-01-16T13:12:47+00:00\" \/>\n<meta property=\"og:image\" content=\"https:\/\/www.erresse-shop.it\/wp-content\/uploads\/2023\/12\/Cookut-mojito1.jpg\" \/>\n\t<meta property=\"og:image:width\" content=\"800\" \/>\n\t<meta property=\"og:image:height\" content=\"800\" \/>\n\t<meta property=\"og:image:type\" content=\"image\/jpeg\" \/>\n<meta name=\"twitter:card\" content=\"summary_large_image\" \/>\n<script type=\"application\/ld+json\" class=\"yoast-schema-graph\">{\"@context\":\"https:\/\/schema.org\",\"@graph\":[{\"@type\":\"WebPage\",\"@id\":\"https:\/\/www.erresse-shop.it\/de\/shop\/kuche\/zubehor-fur-die-kuche\/cookut-box-mojitos-messbecher-rezepte-und-strohhalme\/\",\"url\":\"https:\/\/www.erresse-shop.it\/de\/shop\/kuche\/zubehor-fur-die-kuche\/cookut-box-mojitos-messbecher-rezepte-und-strohhalme\/\",\"name\":\"COOKUT Box Mojitos Messbecher Rezepte und Strohhalme\",\"isPartOf\":{\"@id\":\"https:\/\/www.erresse-shop.it\/de\/#website\"},\"datePublished\":\"2023-12-01T07:15:55+00:00\",\"dateModified\":\"2025-01-16T13:12:47+00:00\",\"description\":\"Entdecken Sie COOKUT Box Mojitos Messbecher Rezepte und Strohhalme bei ErresseShop. Qualit\u00e4t, Stil und Funktionalit\u00e4t \u2013 jetzt online bestellen!\",\"breadcrumb\":{\"@id\":\"https:\/\/www.erresse-shop.it\/de\/shop\/kuche\/zubehor-fur-die-kuche\/cookut-box-mojitos-messbecher-rezepte-und-strohhalme\/#breadcrumb\"},\"inLanguage\":\"de-DE\",\"potentialAction\":[{\"@type\":\"ReadAction\",\"target\":[\"https:\/\/www.erresse-shop.it\/de\/shop\/kuche\/zubehor-fur-die-kuche\/cookut-box-mojitos-messbecher-rezepte-und-strohhalme\/\"]}]},{\"@type\":\"BreadcrumbList\",\"@id\":\"https:\/\/www.erresse-shop.it\/de\/shop\/kuche\/zubehor-fur-die-kuche\/cookut-box-mojitos-messbecher-rezepte-und-strohhalme\/#breadcrumb\",\"itemListElement\":[{\"@type\":\"ListItem\",\"position\":1,\"name\":\"Home\",\"item\":\"https:\/\/www.erresse-shop.it\/de\/\"},{\"@type\":\"ListItem\",\"position\":2,\"name\":\"Shop\",\"item\":\"https:\/\/www.erresse-shop.it\/de\/shop\/\"},{\"@type\":\"ListItem\",\"position\":3,\"name\":\"COOKUT Box Mojitos Messbecher Rezepte und Strohhalme\"}]},{\"@type\":\"WebSite\",\"@id\":\"https:\/\/www.erresse-shop.it\/de\/#website\",\"url\":\"https:\/\/www.erresse-shop.it\/de\/\",\"name\":\"Erresse Shop\",\"description\":\"Articoli di qualit\u00e0 per la casa\",\"potentialAction\":[{\"@type\":\"SearchAction\",\"target\":{\"@type\":\"EntryPoint\",\"urlTemplate\":\"https:\/\/www.erresse-shop.it\/de\/?s={search_term_string}\"},\"query-input\":\"required name=search_term_string\"}],\"inLanguage\":\"de-DE\"}]}<\/script>\n<!-- \/ Yoast SEO Premium plugin. -->","yoast_head_json":{"title":"COOKUT Box Mojitos Messbecher Rezepte und Strohhalme","description":"Entdecken Sie COOKUT Box Mojitos Messbecher Rezepte und Strohhalme bei ErresseShop. Qualit\u00e4t, Stil und Funktionalit\u00e4t \u2013 jetzt online bestellen!","robots":{"index":"index","follow":"follow","max-snippet":"max-snippet:-1","max-image-preview":"max-image-preview:large","max-video-preview":"max-video-preview:-1"},"canonical":"https:\/\/www.erresse-shop.it\/de\/shop\/kuche\/zubehor-fur-die-kuche\/cookut-box-mojitos-messbecher-rezepte-und-strohhalme\/","og_locale":"de_DE","og_type":"article","og_title":"COOKUT Box Mojitos Messbecher Rezepte und Strohhalme","og_description":"Entdecken Sie COOKUT Box Mojitos Messbecher Rezepte und Strohhalme bei ErresseShop. Qualit\u00e4t, Stil und Funktionalit\u00e4t \u2013 jetzt online bestellen!","og_url":"https:\/\/www.erresse-shop.it\/de\/shop\/kuche\/zubehor-fur-die-kuche\/cookut-box-mojitos-messbecher-rezepte-und-strohhalme\/","og_site_name":"Erresse Shop","article_modified_time":"2025-01-16T13:12:47+00:00","og_image":[{"width":800,"height":800,"url":"https:\/\/www.erresse-shop.it\/wp-content\/uploads\/2023\/12\/Cookut-mojito1.jpg","type":"image\/jpeg"}],"twitter_card":"summary_large_image","schema":{"@context":"https:\/\/schema.org","@graph":[{"@type":"WebPage","@id":"https:\/\/www.erresse-shop.it\/de\/shop\/kuche\/zubehor-fur-die-kuche\/cookut-box-mojitos-messbecher-rezepte-und-strohhalme\/","url":"https:\/\/www.erresse-shop.it\/de\/shop\/kuche\/zubehor-fur-die-kuche\/cookut-box-mojitos-messbecher-rezepte-und-strohhalme\/","name":"COOKUT Box Mojitos Messbecher Rezepte und Strohhalme","isPartOf":{"@id":"https:\/\/www.erresse-shop.it\/de\/#website"},"datePublished":"2023-12-01T07:15:55+00:00","dateModified":"2025-01-16T13:12:47+00:00","description":"Entdecken Sie COOKUT Box Mojitos Messbecher Rezepte und Strohhalme bei ErresseShop. Qualit\u00e4t, Stil und Funktionalit\u00e4t \u2013 jetzt online bestellen!","breadcrumb":{"@id":"https:\/\/www.erresse-shop.it\/de\/shop\/kuche\/zubehor-fur-die-kuche\/cookut-box-mojitos-messbecher-rezepte-und-strohhalme\/#breadcrumb"},"inLanguage":"de-DE","potentialAction":[{"@type":"ReadAction","target":["https:\/\/www.erresse-shop.it\/de\/shop\/kuche\/zubehor-fur-die-kuche\/cookut-box-mojitos-messbecher-rezepte-und-strohhalme\/"]}]},{"@type":"BreadcrumbList","@id":"https:\/\/www.erresse-shop.it\/de\/shop\/kuche\/zubehor-fur-die-kuche\/cookut-box-mojitos-messbecher-rezepte-und-strohhalme\/#breadcrumb","itemListElement":[{"@type":"ListItem","position":1,"name":"Home","item":"https:\/\/www.erresse-shop.it\/de\/"},{"@type":"ListItem","position":2,"name":"Shop","item":"https:\/\/www.erresse-shop.it\/de\/shop\/"},{"@type":"ListItem","position":3,"name":"COOKUT Box Mojitos Messbecher Rezepte und Strohhalme"}]},{"@type":"WebSite","@id":"https:\/\/www.erresse-shop.it\/de\/#website","url":"https:\/\/www.erresse-shop.it\/de\/","name":"Erresse Shop","description":"Articoli di qualit\u00e0 per la casa","potentialAction":[{"@type":"SearchAction","target":{"@type":"EntryPoint","urlTemplate":"https:\/\/www.erresse-shop.it\/de\/?s={search_term_string}"},"query-input":"required name=search_term_string"}],"inLanguage":"de-DE"}]}},"df_price":18.095000000000002,"df_sale_price":18.095000000000002,"df_regular_price":32.9,"df_image_link":"https:\/\/www.erresse-shop.it\/wp-content\/uploads\/2023\/12\/COOKUT-Cofanetto-Mojitos-Misurino-Ricette-e-Cannucce-1-300x300.jpg","_links":{"self":[{"href":"https:\/\/www.erresse-shop.it\/de\/wp-json\/wp\/v2\/product\/360060"}],"collection":[{"href":"https:\/\/www.erresse-shop.it\/de\/wp-json\/wp\/v2\/product"}],"about":[{"href":"https:\/\/www.erresse-shop.it\/de\/wp-json\/wp\/v2\/types\/product"}],"wp:featuredmedia":[{"embeddable":true,"href":"https:\/\/www.erresse-shop.it\/de\/wp-json\/wp\/v2\/media\/520897"}],"wp:attachment":[{"href":"https:\/\/www.erresse-shop.it\/de\/wp-json\/wp\/v2\/media?parent=360060"}],"wp:term":[{"taxonomy":"product_cat","embeddable":true,"href":"https:\/\/www.erresse-shop.it\/de\/wp-json\/wp\/v2\/product_cat?post=360060"},{"taxonomy":"product_tag","embeddable":true,"href":"https:\/\/www.erresse-shop.it\/de\/wp-json\/wp\/v2\/product_tag?post=360060"}],"curies":[{"name":"wp","href":"https:\/\/api.w.org\/{rel}","templated":true}]}}