{"id":358604,"date":"2023-11-29T11:40:48","date_gmt":"2023-11-29T11:40:49","guid":{"rendered":"https:\/\/www.erresse-shop.it\/?post_type=product&#038;p=358604"},"modified":"2025-01-22T06:41:36","modified_gmt":"2025-01-22T06:41:36","slug":"yaxell-super-gou-filetiermesser-15cm","status":"publish","type":"product","link":"https:\/\/www.erresse-shop.it\/de\/shop\/kuche\/messer\/yaxell-super-gou-filetiermesser-15cm\/","title":{"rendered":"YAXELL Super Gou Filetiermesser 15cm"},"content":{"rendered":"<p><strong>Das Yaxell Super Gou 15 cm<\/strong> Mulchmesser ist ein kleines traditionelles japanisches Schnitzmesser mit einem modernen Touch. Die 15 cm Klinge ist perfekt f\u00fcr kleine und empfindliche Arbeiten. Entfernen Sie beispielsweise Sehnen oder Fett von Fleischst\u00fccken.<\/p>\n<p><strong>Yaxell Super Gou Klinge: 161 Schichten Damaststahl<\/strong><br \/>\nYaxell Super Gou K\u00fcchenmesser bestehen aus 161 Schichten Damast Stahl. Eine seltsame Menge? F\u00fcr nichts! Dies liegt daran, dass jede Seite der Klinge 80 Schichten rostfreien Damaststahls hat, zwischen denen sich ein Kern aus SG2-Pulverstahl befindet, der felsenfest ist. Diese Kombination macht die Messer scharf wie Rasierklingen, rostfrei und blendend sch\u00f6n.<\/p>\n<p>Damaskus-Stahl besteht aus zwei rostfreien St\u00e4hlen, die zusammen in Schichten geschmiedet werden. Diese beiden Stahlsorten haben einen unterschiedlichen Kohlenstoffgehalt, was dazu f\u00fchrt, dass der Stahl seine Farbe je nach Gravur unterschiedlich \u00e4ndert. Beim Gravieren entsteht ein Muster im Stahl mit Hilfe einer S\u00e4ure. Edelstahl, ob Damaskus oder nicht, ist normalerweise nicht die h\u00e4rteste Stahlsorte. Deshalb wurde ein pulverisierter Stahlkern SG2 hinzugef\u00fcgt. Das Ergebnis ist eine felsenfeste Kante mit einer H\u00e4rte von 63 HRC! Der Name der Kollektion ist auf der Seite der Klinge und auf der R\u00fcckseite des Griffs von Hand eingraviert.<\/p>\n<p><strong>Griff Yaxell Super Gou<\/strong><br \/>\nAufgrund der runden Formen und der drei Nieten \u00e4hnelt dieser Griff dem eines europ\u00e4ischen K\u00fcchenmessers. Dies stellt sicher, dass der Griff nicht nur fest, sondern auch bequem ist. Der Griff besteht aus rotem und schwarzem Micarta. Micarta ist ein Material aus Leinen, impr\u00e4gniert mit Epoxidharz. Das macht es zu einem sehr starken Material. Es kann praktisch allem standhalten und hat eine gro\u00dfe Wasserbest\u00e4ndigkeit. Micarta ist daf\u00fcr bekannt, viel Grip zu bieten. Auch wenn es nass ist. Die ovale und runde Form des Griffs bietet einen guten Griff und ist angenehm in der Hand.<\/p>\n<p><strong>Made in Japan<\/strong><\/p>\n","protected":false},"excerpt":{"rendered":"<p>Das Yaxell Super Gou 15 cm Mulchmesser ist ein kleines traditionelles japanisches Schnitzmesser mit einem modernen Touch. Die 15 cm<\/p>\n","protected":false},"featured_media":358622,"template":"","meta":{"_acf_changed":false,"inline_featured_image":false},"product_cat":[6742,6706,14454],"product_tag":[11702,24681],"acf":[],"yoast_head":"<!-- This site is optimized with the Yoast SEO Premium plugin v18.6 (Yoast SEO v19.13) - https:\/\/yoast.com\/wordpress\/plugins\/seo\/ -->\n<title>YAXELL Super Gou Filetiermesser 15cm<\/title>\n<meta name=\"description\" content=\"Entdecken Sie YAXELL Super Gou Filetiermesser 15cm bei ErresseShop. Qualit\u00e4t, Stil und Funktionalit\u00e4t \u2013 jetzt online bestellen!\" \/>\n<meta name=\"robots\" content=\"index, follow, max-snippet:-1, max-image-preview:large, max-video-preview:-1\" \/>\n<link rel=\"canonical\" href=\"https:\/\/www.erresse-shop.it\/de\/shop\/kuche\/messer\/yaxell-super-gou-filetiermesser-15cm\/\" \/>\n<meta property=\"og:locale\" content=\"de_DE\" \/>\n<meta property=\"og:type\" content=\"article\" \/>\n<meta property=\"og:title\" content=\"YAXELL Super Gou Filetiermesser 15cm\" \/>\n<meta property=\"og:description\" content=\"Entdecken Sie YAXELL Super Gou Filetiermesser 15cm bei ErresseShop. Qualit\u00e4t, Stil und Funktionalit\u00e4t \u2013 jetzt online bestellen!\" \/>\n<meta property=\"og:url\" content=\"https:\/\/www.erresse-shop.it\/de\/shop\/kuche\/messer\/yaxell-super-gou-filetiermesser-15cm\/\" \/>\n<meta property=\"og:site_name\" content=\"Erresse Shop\" \/>\n<meta property=\"article:modified_time\" content=\"2025-01-22T06:41:36+00:00\" \/>\n<meta property=\"og:image\" content=\"https:\/\/www.erresse-shop.it\/wp-content\/uploads\/2023\/11\/Yaxell-coltello-37116.jpg\" \/>\n\t<meta property=\"og:image:width\" content=\"800\" \/>\n\t<meta property=\"og:image:height\" content=\"800\" \/>\n\t<meta property=\"og:image:type\" content=\"image\/jpeg\" \/>\n<meta name=\"twitter:card\" content=\"summary_large_image\" \/>\n<script type=\"application\/ld+json\" class=\"yoast-schema-graph\">{\"@context\":\"https:\/\/schema.org\",\"@graph\":[{\"@type\":\"WebPage\",\"@id\":\"https:\/\/www.erresse-shop.it\/de\/shop\/kuche\/messer\/yaxell-super-gou-filetiermesser-15cm\/\",\"url\":\"https:\/\/www.erresse-shop.it\/de\/shop\/kuche\/messer\/yaxell-super-gou-filetiermesser-15cm\/\",\"name\":\"YAXELL Super Gou Filetiermesser 15cm\",\"isPartOf\":{\"@id\":\"https:\/\/www.erresse-shop.it\/de\/#website\"},\"datePublished\":\"2023-11-29T11:40:49+00:00\",\"dateModified\":\"2025-01-22T06:41:36+00:00\",\"description\":\"Entdecken Sie YAXELL Super Gou Filetiermesser 15cm bei ErresseShop. Qualit\u00e4t, Stil und Funktionalit\u00e4t \u2013 jetzt online bestellen!\",\"breadcrumb\":{\"@id\":\"https:\/\/www.erresse-shop.it\/de\/shop\/kuche\/messer\/yaxell-super-gou-filetiermesser-15cm\/#breadcrumb\"},\"inLanguage\":\"de-DE\",\"potentialAction\":[{\"@type\":\"ReadAction\",\"target\":[\"https:\/\/www.erresse-shop.it\/de\/shop\/kuche\/messer\/yaxell-super-gou-filetiermesser-15cm\/\"]}]},{\"@type\":\"BreadcrumbList\",\"@id\":\"https:\/\/www.erresse-shop.it\/de\/shop\/kuche\/messer\/yaxell-super-gou-filetiermesser-15cm\/#breadcrumb\",\"itemListElement\":[{\"@type\":\"ListItem\",\"position\":1,\"name\":\"Home\",\"item\":\"https:\/\/www.erresse-shop.it\/de\/\"},{\"@type\":\"ListItem\",\"position\":2,\"name\":\"Shop\",\"item\":\"https:\/\/www.erresse-shop.it\/de\/shop\/\"},{\"@type\":\"ListItem\",\"position\":3,\"name\":\"YAXELL Super Gou Filetiermesser 15cm\"}]},{\"@type\":\"WebSite\",\"@id\":\"https:\/\/www.erresse-shop.it\/de\/#website\",\"url\":\"https:\/\/www.erresse-shop.it\/de\/\",\"name\":\"Erresse Shop\",\"description\":\"Articoli di qualit\u00e0 per la casa\",\"potentialAction\":[{\"@type\":\"SearchAction\",\"target\":{\"@type\":\"EntryPoint\",\"urlTemplate\":\"https:\/\/www.erresse-shop.it\/de\/?s={search_term_string}\"},\"query-input\":\"required name=search_term_string\"}],\"inLanguage\":\"de-DE\"}]}<\/script>\n<!-- \/ Yoast SEO Premium plugin. -->","yoast_head_json":{"title":"YAXELL Super Gou Filetiermesser 15cm","description":"Entdecken Sie YAXELL Super Gou Filetiermesser 15cm bei ErresseShop. Qualit\u00e4t, Stil und Funktionalit\u00e4t \u2013 jetzt online bestellen!","robots":{"index":"index","follow":"follow","max-snippet":"max-snippet:-1","max-image-preview":"max-image-preview:large","max-video-preview":"max-video-preview:-1"},"canonical":"https:\/\/www.erresse-shop.it\/de\/shop\/kuche\/messer\/yaxell-super-gou-filetiermesser-15cm\/","og_locale":"de_DE","og_type":"article","og_title":"YAXELL Super Gou Filetiermesser 15cm","og_description":"Entdecken Sie YAXELL Super Gou Filetiermesser 15cm bei ErresseShop. Qualit\u00e4t, Stil und Funktionalit\u00e4t \u2013 jetzt online bestellen!","og_url":"https:\/\/www.erresse-shop.it\/de\/shop\/kuche\/messer\/yaxell-super-gou-filetiermesser-15cm\/","og_site_name":"Erresse Shop","article_modified_time":"2025-01-22T06:41:36+00:00","og_image":[{"width":800,"height":800,"url":"https:\/\/www.erresse-shop.it\/wp-content\/uploads\/2023\/11\/Yaxell-coltello-37116.jpg","type":"image\/jpeg"}],"twitter_card":"summary_large_image","schema":{"@context":"https:\/\/schema.org","@graph":[{"@type":"WebPage","@id":"https:\/\/www.erresse-shop.it\/de\/shop\/kuche\/messer\/yaxell-super-gou-filetiermesser-15cm\/","url":"https:\/\/www.erresse-shop.it\/de\/shop\/kuche\/messer\/yaxell-super-gou-filetiermesser-15cm\/","name":"YAXELL Super Gou Filetiermesser 15cm","isPartOf":{"@id":"https:\/\/www.erresse-shop.it\/de\/#website"},"datePublished":"2023-11-29T11:40:49+00:00","dateModified":"2025-01-22T06:41:36+00:00","description":"Entdecken Sie YAXELL Super Gou Filetiermesser 15cm bei ErresseShop. Qualit\u00e4t, Stil und Funktionalit\u00e4t \u2013 jetzt online bestellen!","breadcrumb":{"@id":"https:\/\/www.erresse-shop.it\/de\/shop\/kuche\/messer\/yaxell-super-gou-filetiermesser-15cm\/#breadcrumb"},"inLanguage":"de-DE","potentialAction":[{"@type":"ReadAction","target":["https:\/\/www.erresse-shop.it\/de\/shop\/kuche\/messer\/yaxell-super-gou-filetiermesser-15cm\/"]}]},{"@type":"BreadcrumbList","@id":"https:\/\/www.erresse-shop.it\/de\/shop\/kuche\/messer\/yaxell-super-gou-filetiermesser-15cm\/#breadcrumb","itemListElement":[{"@type":"ListItem","position":1,"name":"Home","item":"https:\/\/www.erresse-shop.it\/de\/"},{"@type":"ListItem","position":2,"name":"Shop","item":"https:\/\/www.erresse-shop.it\/de\/shop\/"},{"@type":"ListItem","position":3,"name":"YAXELL Super Gou Filetiermesser 15cm"}]},{"@type":"WebSite","@id":"https:\/\/www.erresse-shop.it\/de\/#website","url":"https:\/\/www.erresse-shop.it\/de\/","name":"Erresse Shop","description":"Articoli di qualit\u00e0 per la casa","potentialAction":[{"@type":"SearchAction","target":{"@type":"EntryPoint","urlTemplate":"https:\/\/www.erresse-shop.it\/de\/?s={search_term_string}"},"query-input":"required name=search_term_string"}],"inLanguage":"de-DE"}]}},"df_price":263.2,"df_sale_price":263.2,"df_regular_price":329,"df_image_link":"https:\/\/www.erresse-shop.it\/wp-content\/uploads\/2023\/11\/Yaxell-coltello-37116-300x300.jpg","_links":{"self":[{"href":"https:\/\/www.erresse-shop.it\/de\/wp-json\/wp\/v2\/product\/358604"}],"collection":[{"href":"https:\/\/www.erresse-shop.it\/de\/wp-json\/wp\/v2\/product"}],"about":[{"href":"https:\/\/www.erresse-shop.it\/de\/wp-json\/wp\/v2\/types\/product"}],"wp:featuredmedia":[{"embeddable":true,"href":"https:\/\/www.erresse-shop.it\/de\/wp-json\/wp\/v2\/media\/358622"}],"wp:attachment":[{"href":"https:\/\/www.erresse-shop.it\/de\/wp-json\/wp\/v2\/media?parent=358604"}],"wp:term":[{"taxonomy":"product_cat","embeddable":true,"href":"https:\/\/www.erresse-shop.it\/de\/wp-json\/wp\/v2\/product_cat?post=358604"},{"taxonomy":"product_tag","embeddable":true,"href":"https:\/\/www.erresse-shop.it\/de\/wp-json\/wp\/v2\/product_tag?post=358604"}],"curies":[{"name":"wp","href":"https:\/\/api.w.org\/{rel}","templated":true}]}}