{"id":353964,"date":"2023-11-23T10:07:04","date_gmt":"2023-11-23T10:07:05","guid":{"rendered":"https:\/\/www.erresse-shop.it\/?post_type=product&#038;p=353964"},"modified":"2023-11-23T10:27:37","modified_gmt":"2023-11-23T10:27:37","slug":"seletti-led-lampe-notluge","status":"publish","type":"product","link":"https:\/\/www.erresse-shop.it\/de\/shop\/einrichtung-haus\/lampen\/seletti-led-lampe-notluge\/","title":{"rendered":"SELETTI Led Lampe Notl\u00fcge"},"content":{"rendered":"<p>Ein Objekt, das an alte Erinnerungen erinnert, Abendessen bei Kerzenschein, einfache, aber sehr wertvolle Dinge. Die L\u00fcge Lampe wird Sie diese Momente mit nur einem Klick wiederbeleben. Sie k\u00f6nnen sie \u00fcberall hin mitnehmen, um jeden Ort magisch zu machen.<\/p>\n<p>Lampe<\/p>\n<p>Design: BLOW<\/p>\n<p>Material: Kunststoff und Kunststoff<\/p>\n<p>Abmessungen: cm. 22 x 28 h. 31 | 8.6&#8243; x 11&#8243; x h. 12,2&#8243;<\/p>\n<p>Wiederaufladbare tragbare Batterie<\/p>\n<p>LED Leuchtmittel 3W \/ 180 Lumen \/ 2200 K \/ E 14<\/p>\n","protected":false},"excerpt":{"rendered":"<p>Ein Objekt, das an alte Erinnerungen erinnert, Abendessen bei Kerzenschein, einfache, aber sehr wertvolle Dinge. Die L\u00fcge Lampe wird Sie<\/p>\n","protected":false},"featured_media":353976,"template":"","meta":{"_acf_changed":false,"inline_featured_image":false},"product_cat":[6817,6862],"product_tag":[],"acf":[],"yoast_head":"<!-- This site is optimized with the Yoast SEO Premium plugin v18.6 (Yoast SEO v19.13) - https:\/\/yoast.com\/wordpress\/plugins\/seo\/ -->\n<title>SELETTI Led Lampe Notl\u00fcge - Erresse Shop<\/title>\n<meta name=\"description\" content=\"Ein Objekt, das an alte Erinnerungen erinnert, Abendessen bei Kerzenschein, einfache, aber sehr wertvolle Dinge. Die L\u00fcge Lampe wird Sie diese Momente mit\" \/>\n<meta name=\"robots\" content=\"index, follow, max-snippet:-1, max-image-preview:large, max-video-preview:-1\" \/>\n<link rel=\"canonical\" href=\"https:\/\/www.erresse-shop.it\/de\/shop\/einrichtung-haus\/lampen\/seletti-led-lampe-notluge\/\" \/>\n<meta property=\"og:locale\" content=\"de_DE\" \/>\n<meta property=\"og:type\" content=\"article\" \/>\n<meta property=\"og:title\" content=\"SELETTI Led Lampe Notl\u00fcge\" \/>\n<meta property=\"og:description\" content=\"Ein Objekt, das an alte Erinnerungen erinnert, Abendessen bei Kerzenschein, einfache, aber sehr wertvolle Dinge. Die L\u00fcge Lampe wird Sie diese Momente mit\" \/>\n<meta property=\"og:url\" content=\"https:\/\/www.erresse-shop.it\/de\/shop\/einrichtung-haus\/lampen\/seletti-led-lampe-notluge\/\" \/>\n<meta property=\"og:site_name\" content=\"Erresse Shop\" \/>\n<meta property=\"article:modified_time\" content=\"2023-11-23T10:27:37+00:00\" \/>\n<meta property=\"og:image\" content=\"https:\/\/www.erresse-shop.it\/wp-content\/uploads\/2023\/11\/seletti-lampada-led-grimm-13110.jpg\" \/>\n\t<meta property=\"og:image:width\" content=\"800\" \/>\n\t<meta property=\"og:image:height\" content=\"800\" \/>\n\t<meta property=\"og:image:type\" content=\"image\/jpeg\" \/>\n<meta name=\"twitter:card\" content=\"summary_large_image\" \/>\n<script type=\"application\/ld+json\" class=\"yoast-schema-graph\">{\"@context\":\"https:\/\/schema.org\",\"@graph\":[{\"@type\":\"WebPage\",\"@id\":\"https:\/\/www.erresse-shop.it\/de\/shop\/einrichtung-haus\/lampen\/seletti-led-lampe-notluge\/\",\"url\":\"https:\/\/www.erresse-shop.it\/de\/shop\/einrichtung-haus\/lampen\/seletti-led-lampe-notluge\/\",\"name\":\"SELETTI Led Lampe Notl\u00fcge - Erresse Shop\",\"isPartOf\":{\"@id\":\"https:\/\/www.erresse-shop.it\/de\/#website\"},\"datePublished\":\"2023-11-23T10:07:05+00:00\",\"dateModified\":\"2023-11-23T10:27:37+00:00\",\"description\":\"Ein Objekt, das an alte Erinnerungen erinnert, Abendessen bei Kerzenschein, einfache, aber sehr wertvolle Dinge. Die L\u00fcge Lampe wird Sie diese Momente mit\",\"breadcrumb\":{\"@id\":\"https:\/\/www.erresse-shop.it\/de\/shop\/einrichtung-haus\/lampen\/seletti-led-lampe-notluge\/#breadcrumb\"},\"inLanguage\":\"de-DE\",\"potentialAction\":[{\"@type\":\"ReadAction\",\"target\":[\"https:\/\/www.erresse-shop.it\/de\/shop\/einrichtung-haus\/lampen\/seletti-led-lampe-notluge\/\"]}]},{\"@type\":\"BreadcrumbList\",\"@id\":\"https:\/\/www.erresse-shop.it\/de\/shop\/einrichtung-haus\/lampen\/seletti-led-lampe-notluge\/#breadcrumb\",\"itemListElement\":[{\"@type\":\"ListItem\",\"position\":1,\"name\":\"Home\",\"item\":\"https:\/\/www.erresse-shop.it\/de\/\"},{\"@type\":\"ListItem\",\"position\":2,\"name\":\"Shop\",\"item\":\"https:\/\/www.erresse-shop.it\/de\/shop\/\"},{\"@type\":\"ListItem\",\"position\":3,\"name\":\"SELETTI Led Lampe Notl\u00fcge\"}]},{\"@type\":\"WebSite\",\"@id\":\"https:\/\/www.erresse-shop.it\/de\/#website\",\"url\":\"https:\/\/www.erresse-shop.it\/de\/\",\"name\":\"Erresse Shop\",\"description\":\"Articoli di qualit\u00e0 per la casa\",\"potentialAction\":[{\"@type\":\"SearchAction\",\"target\":{\"@type\":\"EntryPoint\",\"urlTemplate\":\"https:\/\/www.erresse-shop.it\/de\/?s={search_term_string}\"},\"query-input\":\"required name=search_term_string\"}],\"inLanguage\":\"de-DE\"}]}<\/script>\n<!-- \/ Yoast SEO Premium plugin. -->","yoast_head_json":{"title":"SELETTI Led Lampe Notl\u00fcge - Erresse Shop","description":"Ein Objekt, das an alte Erinnerungen erinnert, Abendessen bei Kerzenschein, einfache, aber sehr wertvolle Dinge. Die L\u00fcge Lampe wird Sie diese Momente mit","robots":{"index":"index","follow":"follow","max-snippet":"max-snippet:-1","max-image-preview":"max-image-preview:large","max-video-preview":"max-video-preview:-1"},"canonical":"https:\/\/www.erresse-shop.it\/de\/shop\/einrichtung-haus\/lampen\/seletti-led-lampe-notluge\/","og_locale":"de_DE","og_type":"article","og_title":"SELETTI Led Lampe Notl\u00fcge","og_description":"Ein Objekt, das an alte Erinnerungen erinnert, Abendessen bei Kerzenschein, einfache, aber sehr wertvolle Dinge. Die L\u00fcge Lampe wird Sie diese Momente mit","og_url":"https:\/\/www.erresse-shop.it\/de\/shop\/einrichtung-haus\/lampen\/seletti-led-lampe-notluge\/","og_site_name":"Erresse Shop","article_modified_time":"2023-11-23T10:27:37+00:00","og_image":[{"width":800,"height":800,"url":"https:\/\/www.erresse-shop.it\/wp-content\/uploads\/2023\/11\/seletti-lampada-led-grimm-13110.jpg","type":"image\/jpeg"}],"twitter_card":"summary_large_image","schema":{"@context":"https:\/\/schema.org","@graph":[{"@type":"WebPage","@id":"https:\/\/www.erresse-shop.it\/de\/shop\/einrichtung-haus\/lampen\/seletti-led-lampe-notluge\/","url":"https:\/\/www.erresse-shop.it\/de\/shop\/einrichtung-haus\/lampen\/seletti-led-lampe-notluge\/","name":"SELETTI Led Lampe Notl\u00fcge - Erresse Shop","isPartOf":{"@id":"https:\/\/www.erresse-shop.it\/de\/#website"},"datePublished":"2023-11-23T10:07:05+00:00","dateModified":"2023-11-23T10:27:37+00:00","description":"Ein Objekt, das an alte Erinnerungen erinnert, Abendessen bei Kerzenschein, einfache, aber sehr wertvolle Dinge. Die L\u00fcge Lampe wird Sie diese Momente mit","breadcrumb":{"@id":"https:\/\/www.erresse-shop.it\/de\/shop\/einrichtung-haus\/lampen\/seletti-led-lampe-notluge\/#breadcrumb"},"inLanguage":"de-DE","potentialAction":[{"@type":"ReadAction","target":["https:\/\/www.erresse-shop.it\/de\/shop\/einrichtung-haus\/lampen\/seletti-led-lampe-notluge\/"]}]},{"@type":"BreadcrumbList","@id":"https:\/\/www.erresse-shop.it\/de\/shop\/einrichtung-haus\/lampen\/seletti-led-lampe-notluge\/#breadcrumb","itemListElement":[{"@type":"ListItem","position":1,"name":"Home","item":"https:\/\/www.erresse-shop.it\/de\/"},{"@type":"ListItem","position":2,"name":"Shop","item":"https:\/\/www.erresse-shop.it\/de\/shop\/"},{"@type":"ListItem","position":3,"name":"SELETTI Led Lampe Notl\u00fcge"}]},{"@type":"WebSite","@id":"https:\/\/www.erresse-shop.it\/de\/#website","url":"https:\/\/www.erresse-shop.it\/de\/","name":"Erresse Shop","description":"Articoli di qualit\u00e0 per la casa","potentialAction":[{"@type":"SearchAction","target":{"@type":"EntryPoint","urlTemplate":"https:\/\/www.erresse-shop.it\/de\/?s={search_term_string}"},"query-input":"required name=search_term_string"}],"inLanguage":"de-DE"}]}},"df_price":119.95,"df_sale_price":119.95,"df_regular_price":198,"df_image_link":"https:\/\/www.erresse-shop.it\/wp-content\/uploads\/2023\/11\/seletti-lampada-led-grimm-13110-300x300.jpg","_links":{"self":[{"href":"https:\/\/www.erresse-shop.it\/de\/wp-json\/wp\/v2\/product\/353964"}],"collection":[{"href":"https:\/\/www.erresse-shop.it\/de\/wp-json\/wp\/v2\/product"}],"about":[{"href":"https:\/\/www.erresse-shop.it\/de\/wp-json\/wp\/v2\/types\/product"}],"wp:featuredmedia":[{"embeddable":true,"href":"https:\/\/www.erresse-shop.it\/de\/wp-json\/wp\/v2\/media\/353976"}],"wp:attachment":[{"href":"https:\/\/www.erresse-shop.it\/de\/wp-json\/wp\/v2\/media?parent=353964"}],"wp:term":[{"taxonomy":"product_cat","embeddable":true,"href":"https:\/\/www.erresse-shop.it\/de\/wp-json\/wp\/v2\/product_cat?post=353964"},{"taxonomy":"product_tag","embeddable":true,"href":"https:\/\/www.erresse-shop.it\/de\/wp-json\/wp\/v2\/product_tag?post=353964"}],"curies":[{"name":"wp","href":"https:\/\/api.w.org\/{rel}","templated":true}]}}