{"id":348803,"date":"2023-11-13T08:17:27","date_gmt":"2023-11-13T08:17:30","guid":{"rendered":"https:\/\/www.erresse-shop.it\/?post_type=product&#038;p=348803"},"modified":"2025-01-16T08:55:55","modified_gmt":"2025-01-16T08:55:55","slug":"bissell-crosswave-x7-plus-cordless-pet-select","status":"publish","type":"product","link":"https:\/\/www.erresse-shop.it\/de\/shop\/kleine-elektrogeraete\/staubsauger\/bissell-crosswave-x7-plus-cordless-pet-select\/","title":{"rendered":"BISSELL Crosswave X7 Plus Cordless Pet Select"},"content":{"rendered":"<p>Der <strong>CrossWave X7 Plus Cordless Pet Select<\/strong> ist ideal f\u00fcr Haushalte mit vierbeinigen Freunden. Leistungsstark und leicht, ist dieses Ger\u00e4t die perfekte L\u00f6sung f\u00fcr alle Ihre Reinigungsbed\u00fcrfnisse: vom schnellen Saugen bis zur Tiefenreinigung. Der digitale Motor ist langlebig und leistungsstark und bietet mit seinen 45.000 Umdrehungen pro Minute eine starke Saugleistung und bis zu 30 Minuten Autonomie.<\/p>\n<p>Bei der Nassreinigung werden versiegelte Hartb\u00f6den und Teppiche gleichzeitig gesaugt und gewaschen, was die Reinigungsschritte kombiniert und Zeit spart. Anders als bei der Verwendung von Mopp und Eimer h\u00e4lt die Doppeltanktechnologie sauberes Wasser von schmutzigem Wasser getrennt. Mit dem CrossWave X7 Plus Cordless Pet Select reinigen Sie Ihre B\u00f6den immer mit sauberem Wasser. Drei verschiedene integrierte Reinigungsmodi: Hartb\u00f6den, Teppiche und TURBO PET\u2122. Der neue TURBO PET\u2122-Modus verbessert die Reinigungsleistung, insbesondere bei der Entfernung von R\u00fcckst\u00e4nden, die von Haustieren hinterlassen wurden, und von hartn\u00e4ckigem Alltagsschmutz. Die neue nat\u00fcrliche L\u00f6sung f\u00fcr die Reinigung mehrerer Oberfl\u00e4chen von Haustieren beseitigt Ger\u00fcche und l\u00e4sst Ihr Zuhause frisch riechen. Wenn Sie mit der Reinigung der B\u00f6den fertig sind, reinigt der Selbstreinigungszyklus nicht nur die rotierende B\u00fcrste, sondern auch das Innere des Ger\u00e4ts, so dass Sie es nicht waschen m\u00fcssen.<\/p>\n<p>Sie k\u00f6nnen den CrossWave X7 Plus Cordless Pet Select auch f\u00fcr gelegentliches Staubsaugen verwenden. Dank seiner starken Saugleistung nimmt das Ger\u00e4t m\u00fchelos Tierhaare und trockene Verschmutzungen von Hartb\u00f6den auf. Au\u00dferdem verf\u00fcgt er \u00fcber LED-Leuchten, die Tierhaare, Schmutz und Verunreinigungen bei der Reinigung von Fu\u00dfleisten und Ecken beleuchten. Dieses Ger\u00e4t reinigt nicht nur den Schmutz von Haustieren, es hilft auch, sie zu retten! BISSELL\u00ae ist stolz darauf, die BISSELL Pet Foundation\u00ae und ihre Mission, obdachlosen Haustieren zu helfen, zu unterst\u00fctzen. Indem Sie ein BISSELL\u00ae-Produkt kaufen, helfen auch Sie, Tiere zu retten. Wir sind stolz darauf, Produkte zu entwickeln, die nicht nur Schmutz und Ger\u00fcche von Haustieren entfernen, sondern auch dabei helfen, ein Zuhause f\u00fcr sie zu finden.<\/p>\n<p><strong>Bodentypen:<\/strong> Teppiche und Vorleger, Hartb\u00f6den, Fliesen, Holzb\u00f6den, Multi-Surface<br \/>\n<strong>Anzahl der Reinigungseinstellungen:<\/strong> 3 (Teppiche, Hartb\u00f6den, TURBO PET\u2122-Modus)<br \/>\n<strong>Kabellos:<\/strong> ja<br \/>\n<strong>Fassungsverm\u00f6gen des Wassertanks:<\/strong> 600 ml<br \/>\n<strong>Schmutzwasserbeh\u00e4lter:<\/strong> 385 ml<br \/>\n<strong>Filter:<\/strong> ja<br \/>\n<strong>Waschbare Filter:<\/strong> ja<br \/>\n<strong>Leistung:<\/strong> 25 W<br \/>\n<strong>Luftwatt:<\/strong> 61 AW<br \/>\n<strong>Aufladezeit:<\/strong> 4 h<br \/>\n<strong>Lebensdauer der Batterie:<\/strong> 30 min<br \/>\n<strong>Automatischer Reinigungszyklus:<\/strong> ja<br \/>\n<strong>Gewicht:<\/strong> 4,54 kg<br \/>\n<strong>Selbsttragend:<\/strong> ja<br \/>\n<strong>Schallpegel:<\/strong> 75 dB<br \/>\n<strong>Batterie:<\/strong> 25V Lithium Ion<br \/>\n<strong>Abnehmbarer Wassertank:<\/strong> ja<br \/>\n<strong>Abnehmbare B\u00fcrste:<\/strong> ja<\/p>\n","protected":false},"excerpt":{"rendered":"<p>Der CrossWave X7 Plus Cordless Pet Select ist ideal f\u00fcr Haushalte mit vierbeinigen Freunden. Leistungsstark und leicht, ist dieses Ger\u00e4t<\/p>\n","protected":false},"featured_media":348835,"template":"","meta":{"_acf_changed":false,"inline_featured_image":false},"product_cat":[6703,23771],"product_tag":[23982,23775],"acf":[],"yoast_head":"<!-- This site is optimized with the Yoast SEO Premium plugin v18.6 (Yoast SEO v19.13) - https:\/\/yoast.com\/wordpress\/plugins\/seo\/ -->\n<title>BISSELL Crosswave X7 Plus Cordless Pet Select<\/title>\n<meta name=\"description\" content=\"Entdecken Sie BISSELL Crosswave X7 Plus Cordless Pet Select bei ErresseShop. Qualit\u00e4t, Stil und Funktionalit\u00e4t \u2013 jetzt online bestellen!\" \/>\n<meta name=\"robots\" content=\"index, follow, max-snippet:-1, max-image-preview:large, max-video-preview:-1\" \/>\n<link rel=\"canonical\" href=\"https:\/\/www.erresse-shop.it\/de\/shop\/kleine-elektrogeraete\/staubsauger\/bissell-crosswave-x7-plus-cordless-pet-select\/\" \/>\n<meta property=\"og:locale\" content=\"de_DE\" \/>\n<meta property=\"og:type\" content=\"article\" \/>\n<meta property=\"og:title\" content=\"BISSELL Crosswave X7 Plus Cordless Pet Select\" \/>\n<meta property=\"og:description\" content=\"Entdecken Sie BISSELL Crosswave X7 Plus Cordless Pet Select bei ErresseShop. Qualit\u00e4t, Stil und Funktionalit\u00e4t \u2013 jetzt online bestellen!\" \/>\n<meta property=\"og:url\" content=\"https:\/\/www.erresse-shop.it\/de\/shop\/kleine-elektrogeraete\/staubsauger\/bissell-crosswave-x7-plus-cordless-pet-select\/\" \/>\n<meta property=\"og:site_name\" content=\"Erresse Shop\" \/>\n<meta property=\"article:modified_time\" content=\"2025-01-16T08:55:55+00:00\" \/>\n<meta property=\"og:image\" content=\"https:\/\/www.erresse-shop.it\/wp-content\/uploads\/2023\/11\/BISSELL-Crosswave-X7-Plus-Cordless-Pet-Select.jpg\" \/>\n\t<meta property=\"og:image:width\" content=\"800\" \/>\n\t<meta property=\"og:image:height\" content=\"800\" \/>\n\t<meta property=\"og:image:type\" content=\"image\/jpeg\" \/>\n<meta name=\"twitter:card\" content=\"summary_large_image\" \/>\n<script type=\"application\/ld+json\" class=\"yoast-schema-graph\">{\"@context\":\"https:\/\/schema.org\",\"@graph\":[{\"@type\":\"WebPage\",\"@id\":\"https:\/\/www.erresse-shop.it\/de\/shop\/kleine-elektrogeraete\/staubsauger\/bissell-crosswave-x7-plus-cordless-pet-select\/\",\"url\":\"https:\/\/www.erresse-shop.it\/de\/shop\/kleine-elektrogeraete\/staubsauger\/bissell-crosswave-x7-plus-cordless-pet-select\/\",\"name\":\"BISSELL Crosswave X7 Plus Cordless Pet Select\",\"isPartOf\":{\"@id\":\"https:\/\/www.erresse-shop.it\/de\/#website\"},\"datePublished\":\"2023-11-13T08:17:30+00:00\",\"dateModified\":\"2025-01-16T08:55:55+00:00\",\"description\":\"Entdecken Sie BISSELL Crosswave X7 Plus Cordless Pet Select bei ErresseShop. Qualit\u00e4t, Stil und Funktionalit\u00e4t \u2013 jetzt online bestellen!\",\"breadcrumb\":{\"@id\":\"https:\/\/www.erresse-shop.it\/de\/shop\/kleine-elektrogeraete\/staubsauger\/bissell-crosswave-x7-plus-cordless-pet-select\/#breadcrumb\"},\"inLanguage\":\"de-DE\",\"potentialAction\":[{\"@type\":\"ReadAction\",\"target\":[\"https:\/\/www.erresse-shop.it\/de\/shop\/kleine-elektrogeraete\/staubsauger\/bissell-crosswave-x7-plus-cordless-pet-select\/\"]}]},{\"@type\":\"BreadcrumbList\",\"@id\":\"https:\/\/www.erresse-shop.it\/de\/shop\/kleine-elektrogeraete\/staubsauger\/bissell-crosswave-x7-plus-cordless-pet-select\/#breadcrumb\",\"itemListElement\":[{\"@type\":\"ListItem\",\"position\":1,\"name\":\"Home\",\"item\":\"https:\/\/www.erresse-shop.it\/de\/\"},{\"@type\":\"ListItem\",\"position\":2,\"name\":\"Shop\",\"item\":\"https:\/\/www.erresse-shop.it\/de\/shop\/\"},{\"@type\":\"ListItem\",\"position\":3,\"name\":\"BISSELL Crosswave X7 Plus Cordless Pet Select\"}]},{\"@type\":\"WebSite\",\"@id\":\"https:\/\/www.erresse-shop.it\/de\/#website\",\"url\":\"https:\/\/www.erresse-shop.it\/de\/\",\"name\":\"Erresse Shop\",\"description\":\"Articoli di qualit\u00e0 per la casa\",\"potentialAction\":[{\"@type\":\"SearchAction\",\"target\":{\"@type\":\"EntryPoint\",\"urlTemplate\":\"https:\/\/www.erresse-shop.it\/de\/?s={search_term_string}\"},\"query-input\":\"required name=search_term_string\"}],\"inLanguage\":\"de-DE\"}]}<\/script>\n<!-- \/ Yoast SEO Premium plugin. -->","yoast_head_json":{"title":"BISSELL Crosswave X7 Plus Cordless Pet Select","description":"Entdecken Sie BISSELL Crosswave X7 Plus Cordless Pet Select bei ErresseShop. Qualit\u00e4t, Stil und Funktionalit\u00e4t \u2013 jetzt online bestellen!","robots":{"index":"index","follow":"follow","max-snippet":"max-snippet:-1","max-image-preview":"max-image-preview:large","max-video-preview":"max-video-preview:-1"},"canonical":"https:\/\/www.erresse-shop.it\/de\/shop\/kleine-elektrogeraete\/staubsauger\/bissell-crosswave-x7-plus-cordless-pet-select\/","og_locale":"de_DE","og_type":"article","og_title":"BISSELL Crosswave X7 Plus Cordless Pet Select","og_description":"Entdecken Sie BISSELL Crosswave X7 Plus Cordless Pet Select bei ErresseShop. Qualit\u00e4t, Stil und Funktionalit\u00e4t \u2013 jetzt online bestellen!","og_url":"https:\/\/www.erresse-shop.it\/de\/shop\/kleine-elektrogeraete\/staubsauger\/bissell-crosswave-x7-plus-cordless-pet-select\/","og_site_name":"Erresse Shop","article_modified_time":"2025-01-16T08:55:55+00:00","og_image":[{"width":800,"height":800,"url":"https:\/\/www.erresse-shop.it\/wp-content\/uploads\/2023\/11\/BISSELL-Crosswave-X7-Plus-Cordless-Pet-Select.jpg","type":"image\/jpeg"}],"twitter_card":"summary_large_image","schema":{"@context":"https:\/\/schema.org","@graph":[{"@type":"WebPage","@id":"https:\/\/www.erresse-shop.it\/de\/shop\/kleine-elektrogeraete\/staubsauger\/bissell-crosswave-x7-plus-cordless-pet-select\/","url":"https:\/\/www.erresse-shop.it\/de\/shop\/kleine-elektrogeraete\/staubsauger\/bissell-crosswave-x7-plus-cordless-pet-select\/","name":"BISSELL Crosswave X7 Plus Cordless Pet Select","isPartOf":{"@id":"https:\/\/www.erresse-shop.it\/de\/#website"},"datePublished":"2023-11-13T08:17:30+00:00","dateModified":"2025-01-16T08:55:55+00:00","description":"Entdecken Sie BISSELL Crosswave X7 Plus Cordless Pet Select bei ErresseShop. Qualit\u00e4t, Stil und Funktionalit\u00e4t \u2013 jetzt online bestellen!","breadcrumb":{"@id":"https:\/\/www.erresse-shop.it\/de\/shop\/kleine-elektrogeraete\/staubsauger\/bissell-crosswave-x7-plus-cordless-pet-select\/#breadcrumb"},"inLanguage":"de-DE","potentialAction":[{"@type":"ReadAction","target":["https:\/\/www.erresse-shop.it\/de\/shop\/kleine-elektrogeraete\/staubsauger\/bissell-crosswave-x7-plus-cordless-pet-select\/"]}]},{"@type":"BreadcrumbList","@id":"https:\/\/www.erresse-shop.it\/de\/shop\/kleine-elektrogeraete\/staubsauger\/bissell-crosswave-x7-plus-cordless-pet-select\/#breadcrumb","itemListElement":[{"@type":"ListItem","position":1,"name":"Home","item":"https:\/\/www.erresse-shop.it\/de\/"},{"@type":"ListItem","position":2,"name":"Shop","item":"https:\/\/www.erresse-shop.it\/de\/shop\/"},{"@type":"ListItem","position":3,"name":"BISSELL Crosswave X7 Plus Cordless Pet Select"}]},{"@type":"WebSite","@id":"https:\/\/www.erresse-shop.it\/de\/#website","url":"https:\/\/www.erresse-shop.it\/de\/","name":"Erresse Shop","description":"Articoli di qualit\u00e0 per la casa","potentialAction":[{"@type":"SearchAction","target":{"@type":"EntryPoint","urlTemplate":"https:\/\/www.erresse-shop.it\/de\/?s={search_term_string}"},"query-input":"required name=search_term_string"}],"inLanguage":"de-DE"}]}},"df_price":579.9,"df_sale_price":579.9,"df_regular_price":579.9,"df_image_link":"https:\/\/www.erresse-shop.it\/wp-content\/uploads\/2023\/11\/BISSELL-Crosswave-X7-Plus-Cordless-Pet-Select-300x300.jpg","_links":{"self":[{"href":"https:\/\/www.erresse-shop.it\/de\/wp-json\/wp\/v2\/product\/348803"}],"collection":[{"href":"https:\/\/www.erresse-shop.it\/de\/wp-json\/wp\/v2\/product"}],"about":[{"href":"https:\/\/www.erresse-shop.it\/de\/wp-json\/wp\/v2\/types\/product"}],"wp:featuredmedia":[{"embeddable":true,"href":"https:\/\/www.erresse-shop.it\/de\/wp-json\/wp\/v2\/media\/348835"}],"wp:attachment":[{"href":"https:\/\/www.erresse-shop.it\/de\/wp-json\/wp\/v2\/media?parent=348803"}],"wp:term":[{"taxonomy":"product_cat","embeddable":true,"href":"https:\/\/www.erresse-shop.it\/de\/wp-json\/wp\/v2\/product_cat?post=348803"},{"taxonomy":"product_tag","embeddable":true,"href":"https:\/\/www.erresse-shop.it\/de\/wp-json\/wp\/v2\/product_tag?post=348803"}],"curies":[{"name":"wp","href":"https:\/\/api.w.org\/{rel}","templated":true}]}}