{"id":347649,"date":"2023-11-10T14:48:45","date_gmt":"2023-11-10T14:48:46","guid":{"rendered":"https:\/\/www.erresse-shop.it\/?post_type=product&#038;p=347649"},"modified":"2024-04-15T00:04:13","modified_gmt":"2024-04-15T00:04:13","slug":"sage-the-citrus-press-pro","status":"publish","type":"product","link":"https:\/\/www.erresse-shop.it\/de\/shop\/kleine-elektrogeraete\/zitruspressen\/sage-the-citrus-press-pro\/","title":{"rendered":"SAGE The Citrus Press Pro"},"content":{"rendered":"<p><strong>Quadra-Fin\u2122 Entsafter Kegel<\/strong><br \/>\nUnser Entsafterkegel hat Rillen, die es Ihnen erm\u00f6glichen, auch den letzten Tropfen Saft aus Zitrusfr\u00fcchten jeder Gr\u00f6\u00dfe zu gewinnen. Au\u00dferdem ist er sp\u00fclmaschinenfest.<\/p>\n<p><strong>Schiebegriff mit doppeltem Sicherheitsschalter<\/strong><br \/>\nDas einzigartige ergonomische Design des dreifach gelagerten Griffs sorgt f\u00fcr einen konstanten Druck nach unten beim Entsaften von Zitrusfr\u00fcchten. Der Sicherheitsschalter sorgt daf\u00fcr, dass sich der Kegel nur dann zu drehen beginnt, wenn der Griff ganz nach unten gedr\u00fcckt ist und gen\u00fcgend Druck auf den Kegel ausge\u00fcbt wird.<\/p>\n<p><strong>S\u00e4urebest\u00e4ndiger Kegel aus Metalldruckguss<\/strong><br \/>\nDank des Kegels aus rostfreiem Stahldruckguss und der robusten Konstruktion, die beide resistent gegen Zitronens\u00e4urekorrosion sind, k\u00f6nnen Sie Ihre S\u00e4fte jahrelang genie\u00dfen.<\/p>\n<p><strong>Auslauft\u00fclle mit Anti-Tropf-System<\/strong><br \/>\nVerbringen Sie weniger Zeit mit der Reinigung. Das praktische und innovative Anti-Tropf-System f\u00e4ngt den Saft auf und verhindert, dass er auf die Arbeitsfl\u00e4che tropft.<\/p>\n<p><strong>Fruchtglocke<\/strong><br \/>\nDie Fruchtglocke l\u00e4sst sich zur Reinigung leicht abnehmen und ebenso leicht wieder anbringen.<\/p>\n<p><strong>Abmessungen (BxTxH)<\/strong><br \/>\n26,2 x 19,3 x 435,6 cm<\/p>\n<p><strong>Materialien der Konstruktion<\/strong><br \/>\n&#8211; Stabiler Sockel aus Metalldruckguss<br \/>\n&#8211; Entsafterkegel komplett aus Edelstahl<br \/>\n&#8211; Filterkorb aus rostfreiem Stahl<br \/>\n&#8211; Griff mit weichem Griff<\/p>\n<p><strong>Einstellungen<\/strong><br \/>\nEin und Aus<\/p>\n<p><strong>Stromzufuhr<\/strong><br \/>\n110 Watt<\/p>\n<p><strong>Spannung<\/strong><br \/>\n220-240 Volt<\/p>\n<p><strong>Extraktionssystem<\/strong><br \/>\nQuadra-Fin\u2122 Edelstahlkegel extrahiert jeden einzelnen Tropfen Saft aus jeder Zitrusfrucht, von Limetten bis Grapefruits<\/p>\n<p><strong>Leistungsstarker Motor<\/strong><br \/>\nStartet automatisch, wenn Druck auf den Entsafterkegel ausge\u00fcbt wird<\/p>\n<p><strong>Druckunterst\u00fctzter Griff<\/strong><br \/>\nErm\u00f6glicht es Ihnen, Zitrusfr\u00fcchte schnell und m\u00fchelos auszupressen<\/p>\n<p><strong>Doppelter Sicherheitsschalter<\/strong><br \/>\nDer Kegel kann sich nur drehen, wenn der Arm vollst\u00e4ndig abgesenkt ist und ausreichend Druck auf den Kegel ausge\u00fcbt wird<\/p>\n<p><strong>Garantie<\/strong><br \/>\n2 Jahre Garantie f\u00fcr Reparatur, Ersatz oder R\u00fcckerstattung (nach alleinigem Ermessen von Sage Appliances)<\/p>\n<p><strong>Nicht zum Verkauf au\u00dferhalb von Europa<\/strong><\/p>\n","protected":false},"excerpt":{"rendered":"<p><br data-mce-bogus=\"1\"><\/p>\n","protected":false},"featured_media":347699,"template":"","meta":{"_acf_changed":false,"inline_featured_image":false},"product_cat":[6703,6889],"product_tag":[23973,11929],"acf":[],"yoast_head":"<!-- This site is optimized with the Yoast SEO Premium plugin v18.6 (Yoast SEO v19.13) - https:\/\/yoast.com\/wordpress\/plugins\/seo\/ -->\n<title>SAGE The Citrus Press Pro - Erresse Shop<\/title>\n<meta name=\"robots\" content=\"index, follow, max-snippet:-1, max-image-preview:large, max-video-preview:-1\" \/>\n<link rel=\"canonical\" href=\"https:\/\/www.erresse-shop.it\/de\/shop\/kleine-elektrogeraete\/zitruspressen\/sage-the-citrus-press-pro\/\" \/>\n<meta property=\"og:locale\" content=\"de_DE\" \/>\n<meta property=\"og:type\" content=\"article\" \/>\n<meta property=\"og:title\" content=\"SAGE The Citrus Press Pro\" \/>\n<meta property=\"og:url\" content=\"https:\/\/www.erresse-shop.it\/de\/shop\/kleine-elektrogeraete\/zitruspressen\/sage-the-citrus-press-pro\/\" \/>\n<meta property=\"og:site_name\" content=\"Erresse Shop\" \/>\n<meta property=\"article:modified_time\" content=\"2024-04-15T00:04:13+00:00\" \/>\n<meta property=\"og:image\" content=\"https:\/\/www.erresse-shop.it\/wp-content\/uploads\/2023\/11\/SAGE-The-Citrus-Press-Pro.jpg\" \/>\n\t<meta property=\"og:image:width\" content=\"800\" \/>\n\t<meta property=\"og:image:height\" content=\"800\" \/>\n\t<meta property=\"og:image:type\" content=\"image\/jpeg\" \/>\n<meta name=\"twitter:card\" content=\"summary_large_image\" \/>\n<script type=\"application\/ld+json\" class=\"yoast-schema-graph\">{\"@context\":\"https:\/\/schema.org\",\"@graph\":[{\"@type\":\"WebPage\",\"@id\":\"https:\/\/www.erresse-shop.it\/de\/shop\/kleine-elektrogeraete\/zitruspressen\/sage-the-citrus-press-pro\/\",\"url\":\"https:\/\/www.erresse-shop.it\/de\/shop\/kleine-elektrogeraete\/zitruspressen\/sage-the-citrus-press-pro\/\",\"name\":\"SAGE The Citrus Press Pro - Erresse Shop\",\"isPartOf\":{\"@id\":\"https:\/\/www.erresse-shop.it\/de\/#website\"},\"datePublished\":\"2023-11-10T14:48:46+00:00\",\"dateModified\":\"2024-04-15T00:04:13+00:00\",\"breadcrumb\":{\"@id\":\"https:\/\/www.erresse-shop.it\/de\/shop\/kleine-elektrogeraete\/zitruspressen\/sage-the-citrus-press-pro\/#breadcrumb\"},\"inLanguage\":\"de-DE\",\"potentialAction\":[{\"@type\":\"ReadAction\",\"target\":[\"https:\/\/www.erresse-shop.it\/de\/shop\/kleine-elektrogeraete\/zitruspressen\/sage-the-citrus-press-pro\/\"]}]},{\"@type\":\"BreadcrumbList\",\"@id\":\"https:\/\/www.erresse-shop.it\/de\/shop\/kleine-elektrogeraete\/zitruspressen\/sage-the-citrus-press-pro\/#breadcrumb\",\"itemListElement\":[{\"@type\":\"ListItem\",\"position\":1,\"name\":\"Home\",\"item\":\"https:\/\/www.erresse-shop.it\/de\/\"},{\"@type\":\"ListItem\",\"position\":2,\"name\":\"Shop\",\"item\":\"https:\/\/www.erresse-shop.it\/de\/shop\/\"},{\"@type\":\"ListItem\",\"position\":3,\"name\":\"SAGE The Citrus Press Pro\"}]},{\"@type\":\"WebSite\",\"@id\":\"https:\/\/www.erresse-shop.it\/de\/#website\",\"url\":\"https:\/\/www.erresse-shop.it\/de\/\",\"name\":\"Erresse Shop\",\"description\":\"Articoli di qualit\u00e0 per la casa\",\"potentialAction\":[{\"@type\":\"SearchAction\",\"target\":{\"@type\":\"EntryPoint\",\"urlTemplate\":\"https:\/\/www.erresse-shop.it\/de\/?s={search_term_string}\"},\"query-input\":\"required name=search_term_string\"}],\"inLanguage\":\"de-DE\"}]}<\/script>\n<!-- \/ Yoast SEO Premium plugin. -->","yoast_head_json":{"title":"SAGE The Citrus Press Pro - Erresse Shop","robots":{"index":"index","follow":"follow","max-snippet":"max-snippet:-1","max-image-preview":"max-image-preview:large","max-video-preview":"max-video-preview:-1"},"canonical":"https:\/\/www.erresse-shop.it\/de\/shop\/kleine-elektrogeraete\/zitruspressen\/sage-the-citrus-press-pro\/","og_locale":"de_DE","og_type":"article","og_title":"SAGE The Citrus Press Pro","og_url":"https:\/\/www.erresse-shop.it\/de\/shop\/kleine-elektrogeraete\/zitruspressen\/sage-the-citrus-press-pro\/","og_site_name":"Erresse Shop","article_modified_time":"2024-04-15T00:04:13+00:00","og_image":[{"width":800,"height":800,"url":"https:\/\/www.erresse-shop.it\/wp-content\/uploads\/2023\/11\/SAGE-The-Citrus-Press-Pro.jpg","type":"image\/jpeg"}],"twitter_card":"summary_large_image","schema":{"@context":"https:\/\/schema.org","@graph":[{"@type":"WebPage","@id":"https:\/\/www.erresse-shop.it\/de\/shop\/kleine-elektrogeraete\/zitruspressen\/sage-the-citrus-press-pro\/","url":"https:\/\/www.erresse-shop.it\/de\/shop\/kleine-elektrogeraete\/zitruspressen\/sage-the-citrus-press-pro\/","name":"SAGE The Citrus Press Pro - Erresse Shop","isPartOf":{"@id":"https:\/\/www.erresse-shop.it\/de\/#website"},"datePublished":"2023-11-10T14:48:46+00:00","dateModified":"2024-04-15T00:04:13+00:00","breadcrumb":{"@id":"https:\/\/www.erresse-shop.it\/de\/shop\/kleine-elektrogeraete\/zitruspressen\/sage-the-citrus-press-pro\/#breadcrumb"},"inLanguage":"de-DE","potentialAction":[{"@type":"ReadAction","target":["https:\/\/www.erresse-shop.it\/de\/shop\/kleine-elektrogeraete\/zitruspressen\/sage-the-citrus-press-pro\/"]}]},{"@type":"BreadcrumbList","@id":"https:\/\/www.erresse-shop.it\/de\/shop\/kleine-elektrogeraete\/zitruspressen\/sage-the-citrus-press-pro\/#breadcrumb","itemListElement":[{"@type":"ListItem","position":1,"name":"Home","item":"https:\/\/www.erresse-shop.it\/de\/"},{"@type":"ListItem","position":2,"name":"Shop","item":"https:\/\/www.erresse-shop.it\/de\/shop\/"},{"@type":"ListItem","position":3,"name":"SAGE The Citrus Press Pro"}]},{"@type":"WebSite","@id":"https:\/\/www.erresse-shop.it\/de\/#website","url":"https:\/\/www.erresse-shop.it\/de\/","name":"Erresse Shop","description":"Articoli di qualit\u00e0 per la casa","potentialAction":[{"@type":"SearchAction","target":{"@type":"EntryPoint","urlTemplate":"https:\/\/www.erresse-shop.it\/de\/?s={search_term_string}"},"query-input":"required name=search_term_string"}],"inLanguage":"de-DE"}]}},"df_price":259.9,"df_sale_price":259.9,"df_regular_price":259.9,"df_image_link":"https:\/\/www.erresse-shop.it\/wp-content\/uploads\/2023\/11\/SAGE-The-Citrus-Press-Pro-300x300.jpg","_links":{"self":[{"href":"https:\/\/www.erresse-shop.it\/de\/wp-json\/wp\/v2\/product\/347649"}],"collection":[{"href":"https:\/\/www.erresse-shop.it\/de\/wp-json\/wp\/v2\/product"}],"about":[{"href":"https:\/\/www.erresse-shop.it\/de\/wp-json\/wp\/v2\/types\/product"}],"wp:featuredmedia":[{"embeddable":true,"href":"https:\/\/www.erresse-shop.it\/de\/wp-json\/wp\/v2\/media\/347699"}],"wp:attachment":[{"href":"https:\/\/www.erresse-shop.it\/de\/wp-json\/wp\/v2\/media?parent=347649"}],"wp:term":[{"taxonomy":"product_cat","embeddable":true,"href":"https:\/\/www.erresse-shop.it\/de\/wp-json\/wp\/v2\/product_cat?post=347649"},{"taxonomy":"product_tag","embeddable":true,"href":"https:\/\/www.erresse-shop.it\/de\/wp-json\/wp\/v2\/product_tag?post=347649"}],"curies":[{"name":"wp","href":"https:\/\/api.w.org\/{rel}","templated":true}]}}