{"id":347583,"date":"2023-11-10T10:12:49","date_gmt":"2023-11-10T10:12:50","guid":{"rendered":"https:\/\/www.erresse-shop.it\/?post_type=product&#038;p=347583"},"modified":"2024-06-11T00:02:57","modified_gmt":"2024-06-11T00:02:57","slug":"sage-the-dose-control-pro-schwarz","status":"publish","type":"product","link":"https:\/\/www.erresse-shop.it\/de\/shop\/kleine-elektrogeraete\/kaffeemuehlen\/sage-the-dose-control-pro-schwarz\/","title":{"rendered":"SAGE The Dose Control Pro Schwarz"},"content":{"rendered":"<p>Steuern Sie das Mahlen Ihrer frisch ger\u00f6steten Kaffeebohnen mit 60 Pr\u00e4zisionseinstellungen. Das konische Pr\u00e4zisionsmahlwerk dieser Maschine minimiert die Hitzeentwicklung beim Mahlen der Bohnen und bewahrt die \u00e4therischen \u00d6le, die den Geschmack des frischen Kaffees ausmachen.<\/p>\n<p><strong>Einfache Dosierung<\/strong><br \/>\nMit der Dose Control Pro k\u00f6nnen Sie den Kaffee direkt im Filterhalter, im Goldfilter oder in Papierfiltern mahlen. Sie haben die Wahl.<\/p>\n<p><strong>60 Schleifen Einstellungen<\/strong><br \/>\nDiese breite Palette von Einstellungen erm\u00f6glicht es Ihnen, einen feinen Mahlgrad f\u00fcr Espresso oder einen groben Mahlgrad f\u00fcr die Kolbenkaffeemaschine zu erzielen.<\/p>\n<p><strong>Elektronischer Pr\u00e4zisionszeitgeber<\/strong><br \/>\nStellen Sie die Mahldauer in 1-Sekunden-Schritten ein und erhalten Sie die perfekte Dosis f\u00fcr jede Mahlgradgr\u00f6\u00dfe.<\/p>\n<p><strong>Mahlwerk <\/strong><br \/>\nDie konischen Edelstahlmahlwerke sind so konzipiert, dass die Hitzeentwicklung beim Mahlen minimiert wird und die in den Kaffeebohnen enthaltenen \u00e4therischen \u00d6le erhalten bleiben.<\/p>\n<p>Stromversorgung: 130 Watt<br \/>\nFassungsverm\u00f6gen des Federhalters: 340 Gramm<br \/>\nAbmessungen (BxTxH): 20,4 x 16 x 34,2 cm<br \/>\nFunktion: Mahlt den Kaffee direkt im Filterhalter, Goldfilter oder Papierfilter<br \/>\nGarantie: 2 Jahre Garantie auf Reparatur, Ersatz oder R\u00fcckerstattung (nach alleinigem Ermessen von Sage Appliances)<br \/>\nIntegriertes Mahlwerk: Konische Edelstahlmahlwerke<br \/>\nMahlwerk: Die konischen Edelstahlm\u00fchlen sind so konzipiert, dass die Hitzeentwicklung beim Mahlen minimiert wird und die in den Kaffeebohnen enthaltenen \u00e4therischen \u00d6le erhalten bleiben.<br \/>\nSpannung: 220-240 Volt<\/p>\n<p><strong>Inklusive Zubeh\u00f6r:<\/strong><\/p>\n<ul>\n<li>Filterhaltergeh\u00e4use-klein 50-54 mm<\/li>\n<li>Filterhaltergeh\u00e4use-Gro\u00df 58 mm<\/li>\n<li>Verstellbare Klinge zur Nivellierung der Dosis &#8211; Nivelliert das Kaffeemehl f\u00fcr eine gleichm\u00e4\u00dfige Extraktion<\/li>\n<li>Mit auswechselbarer Klinge f\u00fcr 50 mm, 54 mm und 58 mm Filterhalter<\/li>\n<\/ul>\n<p><strong>Nicht zum Verkauf au\u00dferhalb Europas<\/strong><\/p>\n","protected":false},"excerpt":{"rendered":"<p><br data-mce-bogus=\"1\"><\/p>\n","protected":false},"featured_media":348770,"template":"","meta":{"_acf_changed":false,"inline_featured_image":false},"product_cat":[6703,25386],"product_tag":[23564,23965],"acf":[],"yoast_head":"<!-- This site is optimized with the Yoast SEO Premium plugin v18.6 (Yoast SEO v19.13) - https:\/\/yoast.com\/wordpress\/plugins\/seo\/ -->\n<title>SAGE The Dose Control Pro Schwarz - Erresse Shop<\/title>\n<meta name=\"robots\" content=\"index, follow, max-snippet:-1, max-image-preview:large, max-video-preview:-1\" \/>\n<link rel=\"canonical\" href=\"https:\/\/www.erresse-shop.it\/de\/shop\/kleine-elektrogeraete\/kaffeemuehlen\/sage-the-dose-control-pro-schwarz\/\" \/>\n<meta property=\"og:locale\" content=\"de_DE\" \/>\n<meta property=\"og:type\" content=\"article\" \/>\n<meta property=\"og:title\" content=\"SAGE The Dose Control Pro Schwarz\" \/>\n<meta property=\"og:url\" content=\"https:\/\/www.erresse-shop.it\/de\/shop\/kleine-elektrogeraete\/kaffeemuehlen\/sage-the-dose-control-pro-schwarz\/\" \/>\n<meta property=\"og:site_name\" content=\"Erresse Shop\" \/>\n<meta property=\"article:modified_time\" content=\"2024-06-11T00:02:57+00:00\" \/>\n<meta property=\"og:image\" content=\"https:\/\/www.erresse-shop.it\/wp-content\/uploads\/2023\/11\/SAGE-The-Dose-Control-Pro-Nero-3.jpg\" \/>\n\t<meta property=\"og:image:width\" content=\"800\" \/>\n\t<meta property=\"og:image:height\" content=\"800\" \/>\n\t<meta property=\"og:image:type\" content=\"image\/jpeg\" \/>\n<meta name=\"twitter:card\" content=\"summary_large_image\" \/>\n<script type=\"application\/ld+json\" class=\"yoast-schema-graph\">{\"@context\":\"https:\/\/schema.org\",\"@graph\":[{\"@type\":\"WebPage\",\"@id\":\"https:\/\/www.erresse-shop.it\/de\/shop\/kleine-elektrogeraete\/kaffeemuehlen\/sage-the-dose-control-pro-schwarz\/\",\"url\":\"https:\/\/www.erresse-shop.it\/de\/shop\/kleine-elektrogeraete\/kaffeemuehlen\/sage-the-dose-control-pro-schwarz\/\",\"name\":\"SAGE The Dose Control Pro Schwarz - Erresse Shop\",\"isPartOf\":{\"@id\":\"https:\/\/www.erresse-shop.it\/de\/#website\"},\"datePublished\":\"2023-11-10T10:12:50+00:00\",\"dateModified\":\"2024-06-11T00:02:57+00:00\",\"breadcrumb\":{\"@id\":\"https:\/\/www.erresse-shop.it\/de\/shop\/kleine-elektrogeraete\/kaffeemuehlen\/sage-the-dose-control-pro-schwarz\/#breadcrumb\"},\"inLanguage\":\"de-DE\",\"potentialAction\":[{\"@type\":\"ReadAction\",\"target\":[\"https:\/\/www.erresse-shop.it\/de\/shop\/kleine-elektrogeraete\/kaffeemuehlen\/sage-the-dose-control-pro-schwarz\/\"]}]},{\"@type\":\"BreadcrumbList\",\"@id\":\"https:\/\/www.erresse-shop.it\/de\/shop\/kleine-elektrogeraete\/kaffeemuehlen\/sage-the-dose-control-pro-schwarz\/#breadcrumb\",\"itemListElement\":[{\"@type\":\"ListItem\",\"position\":1,\"name\":\"Home\",\"item\":\"https:\/\/www.erresse-shop.it\/de\/\"},{\"@type\":\"ListItem\",\"position\":2,\"name\":\"Shop\",\"item\":\"https:\/\/www.erresse-shop.it\/de\/shop\/\"},{\"@type\":\"ListItem\",\"position\":3,\"name\":\"SAGE The Dose Control Pro Schwarz\"}]},{\"@type\":\"WebSite\",\"@id\":\"https:\/\/www.erresse-shop.it\/de\/#website\",\"url\":\"https:\/\/www.erresse-shop.it\/de\/\",\"name\":\"Erresse Shop\",\"description\":\"Articoli di qualit\u00e0 per la casa\",\"potentialAction\":[{\"@type\":\"SearchAction\",\"target\":{\"@type\":\"EntryPoint\",\"urlTemplate\":\"https:\/\/www.erresse-shop.it\/de\/?s={search_term_string}\"},\"query-input\":\"required name=search_term_string\"}],\"inLanguage\":\"de-DE\"}]}<\/script>\n<!-- \/ Yoast SEO Premium plugin. -->","yoast_head_json":{"title":"SAGE The Dose Control Pro Schwarz - Erresse Shop","robots":{"index":"index","follow":"follow","max-snippet":"max-snippet:-1","max-image-preview":"max-image-preview:large","max-video-preview":"max-video-preview:-1"},"canonical":"https:\/\/www.erresse-shop.it\/de\/shop\/kleine-elektrogeraete\/kaffeemuehlen\/sage-the-dose-control-pro-schwarz\/","og_locale":"de_DE","og_type":"article","og_title":"SAGE The Dose Control Pro Schwarz","og_url":"https:\/\/www.erresse-shop.it\/de\/shop\/kleine-elektrogeraete\/kaffeemuehlen\/sage-the-dose-control-pro-schwarz\/","og_site_name":"Erresse Shop","article_modified_time":"2024-06-11T00:02:57+00:00","og_image":[{"width":800,"height":800,"url":"https:\/\/www.erresse-shop.it\/wp-content\/uploads\/2023\/11\/SAGE-The-Dose-Control-Pro-Nero-3.jpg","type":"image\/jpeg"}],"twitter_card":"summary_large_image","schema":{"@context":"https:\/\/schema.org","@graph":[{"@type":"WebPage","@id":"https:\/\/www.erresse-shop.it\/de\/shop\/kleine-elektrogeraete\/kaffeemuehlen\/sage-the-dose-control-pro-schwarz\/","url":"https:\/\/www.erresse-shop.it\/de\/shop\/kleine-elektrogeraete\/kaffeemuehlen\/sage-the-dose-control-pro-schwarz\/","name":"SAGE The Dose Control Pro Schwarz - Erresse Shop","isPartOf":{"@id":"https:\/\/www.erresse-shop.it\/de\/#website"},"datePublished":"2023-11-10T10:12:50+00:00","dateModified":"2024-06-11T00:02:57+00:00","breadcrumb":{"@id":"https:\/\/www.erresse-shop.it\/de\/shop\/kleine-elektrogeraete\/kaffeemuehlen\/sage-the-dose-control-pro-schwarz\/#breadcrumb"},"inLanguage":"de-DE","potentialAction":[{"@type":"ReadAction","target":["https:\/\/www.erresse-shop.it\/de\/shop\/kleine-elektrogeraete\/kaffeemuehlen\/sage-the-dose-control-pro-schwarz\/"]}]},{"@type":"BreadcrumbList","@id":"https:\/\/www.erresse-shop.it\/de\/shop\/kleine-elektrogeraete\/kaffeemuehlen\/sage-the-dose-control-pro-schwarz\/#breadcrumb","itemListElement":[{"@type":"ListItem","position":1,"name":"Home","item":"https:\/\/www.erresse-shop.it\/de\/"},{"@type":"ListItem","position":2,"name":"Shop","item":"https:\/\/www.erresse-shop.it\/de\/shop\/"},{"@type":"ListItem","position":3,"name":"SAGE The Dose Control Pro Schwarz"}]},{"@type":"WebSite","@id":"https:\/\/www.erresse-shop.it\/de\/#website","url":"https:\/\/www.erresse-shop.it\/de\/","name":"Erresse Shop","description":"Articoli di qualit\u00e0 per la casa","potentialAction":[{"@type":"SearchAction","target":{"@type":"EntryPoint","urlTemplate":"https:\/\/www.erresse-shop.it\/de\/?s={search_term_string}"},"query-input":"required name=search_term_string"}],"inLanguage":"de-DE"}]}},"df_price":189,"df_sale_price":189,"df_regular_price":219.9,"df_image_link":"https:\/\/www.erresse-shop.it\/wp-content\/uploads\/2023\/11\/SAGE-The-Dose-Control-Pro-Nero-3-300x300.jpg","_links":{"self":[{"href":"https:\/\/www.erresse-shop.it\/de\/wp-json\/wp\/v2\/product\/347583"}],"collection":[{"href":"https:\/\/www.erresse-shop.it\/de\/wp-json\/wp\/v2\/product"}],"about":[{"href":"https:\/\/www.erresse-shop.it\/de\/wp-json\/wp\/v2\/types\/product"}],"wp:featuredmedia":[{"embeddable":true,"href":"https:\/\/www.erresse-shop.it\/de\/wp-json\/wp\/v2\/media\/348770"}],"wp:attachment":[{"href":"https:\/\/www.erresse-shop.it\/de\/wp-json\/wp\/v2\/media?parent=347583"}],"wp:term":[{"taxonomy":"product_cat","embeddable":true,"href":"https:\/\/www.erresse-shop.it\/de\/wp-json\/wp\/v2\/product_cat?post=347583"},{"taxonomy":"product_tag","embeddable":true,"href":"https:\/\/www.erresse-shop.it\/de\/wp-json\/wp\/v2\/product_tag?post=347583"}],"curies":[{"name":"wp","href":"https:\/\/api.w.org\/{rel}","templated":true}]}}