{"id":344349,"date":"2023-10-31T09:52:43","date_gmt":"2023-10-31T09:52:45","guid":{"rendered":"https:\/\/www.erresse-shop.it\/?post_type=product&#038;p=344349"},"modified":"2025-01-17T06:25:27","modified_gmt":"2025-01-17T06:25:27","slug":"guzzini-feeling-besteck-set-24-teile-mediterran-blau","status":"publish","type":"product","link":"https:\/\/www.erresse-shop.it\/de\/shop\/tisch\/besteck\/guzzini-feeling-besteck-set-24-teile-mediterran-blau\/","title":{"rendered":"GUZZINI Feeling Besteck-Set 24 Teile Mediterran Blau"},"content":{"rendered":"<p>Die perfekte Kombination von Stahl und Kunststoff findet sich in diesem Besteckset wieder. Hochwertiger Edelstahl zieht sich \u00fcber die gesamte L\u00e4nge des Bestecks, an dessen Griff die edlen zweifarbigen Kunststoffelemente angebracht sind. Es ist so konzipiert, dass es tausende von Sp\u00fclg\u00e4ngen in der Sp\u00fclmaschine \u00fcbersteht und ein Maximum an Materialhygiene garantiert.<\/p>\n<p>Abmessungen: 11,5 x 18,5 x H25,5 cm<br \/>\nWerkstoff: ABS, SAN, EDELSTAHL AISI 304 (18\/10), EDELSTAHL AISI 420 (MESSER)<br \/>\nEntwerfer: Robin Levien<br \/>\nIn Italien hergestellt<\/p>\n","protected":false},"excerpt":{"rendered":"<p>Die perfekte Kombination von Stahl und Kunststoff findet sich in diesem Besteckset wieder. Hochwertiger Edelstahl zieht sich \u00fcber die gesamte<\/p>\n","protected":false},"featured_media":344356,"template":"","meta":{"_acf_changed":false,"inline_featured_image":false},"product_cat":[6790,6787],"product_tag":[17197,23911,11799,17196,21822],"acf":[],"yoast_head":"<!-- This site is optimized with the Yoast SEO Premium plugin v18.6 (Yoast SEO v19.13) - https:\/\/yoast.com\/wordpress\/plugins\/seo\/ -->\n<title>GUZZINI Feeling Besteck-Set 24 Teile Mediterran Blau<\/title>\n<meta name=\"description\" content=\"Entdecken Sie GUZZINI Feeling Besteck-Set 24 Teile Mediterran Blau bei ErresseShop. Qualit\u00e4t, Stil und Funktionalit\u00e4t \u2013 jetzt online bestellen!\" \/>\n<meta name=\"robots\" content=\"index, follow, max-snippet:-1, max-image-preview:large, max-video-preview:-1\" \/>\n<link rel=\"canonical\" href=\"https:\/\/www.erresse-shop.it\/de\/shop\/tisch\/besteck\/guzzini-feeling-besteck-set-24-teile-mediterran-blau\/\" \/>\n<meta property=\"og:locale\" content=\"de_DE\" \/>\n<meta property=\"og:type\" content=\"article\" \/>\n<meta property=\"og:title\" content=\"GUZZINI Feeling Besteck-Set 24 Teile Mediterran Blau\" \/>\n<meta property=\"og:description\" content=\"Entdecken Sie GUZZINI Feeling Besteck-Set 24 Teile Mediterran Blau bei ErresseShop. Qualit\u00e4t, Stil und Funktionalit\u00e4t \u2013 jetzt online bestellen!\" \/>\n<meta property=\"og:url\" content=\"https:\/\/www.erresse-shop.it\/de\/shop\/tisch\/besteck\/guzzini-feeling-besteck-set-24-teile-mediterran-blau\/\" \/>\n<meta property=\"og:site_name\" content=\"Erresse Shop\" \/>\n<meta property=\"article:modified_time\" content=\"2025-01-17T06:25:27+00:00\" \/>\n<meta property=\"og:image\" content=\"https:\/\/www.erresse-shop.it\/wp-content\/uploads\/2023\/10\/GUZZINI-Feeling-Set-Posate-24-pezzi-Blu-Mediterraneo.jpg\" \/>\n\t<meta property=\"og:image:width\" content=\"800\" \/>\n\t<meta property=\"og:image:height\" content=\"800\" \/>\n\t<meta property=\"og:image:type\" content=\"image\/jpeg\" \/>\n<meta name=\"twitter:card\" content=\"summary_large_image\" \/>\n<script type=\"application\/ld+json\" class=\"yoast-schema-graph\">{\"@context\":\"https:\/\/schema.org\",\"@graph\":[{\"@type\":\"WebPage\",\"@id\":\"https:\/\/www.erresse-shop.it\/de\/shop\/tisch\/besteck\/guzzini-feeling-besteck-set-24-teile-mediterran-blau\/\",\"url\":\"https:\/\/www.erresse-shop.it\/de\/shop\/tisch\/besteck\/guzzini-feeling-besteck-set-24-teile-mediterran-blau\/\",\"name\":\"GUZZINI Feeling Besteck-Set 24 Teile Mediterran Blau\",\"isPartOf\":{\"@id\":\"https:\/\/www.erresse-shop.it\/de\/#website\"},\"datePublished\":\"2023-10-31T09:52:45+00:00\",\"dateModified\":\"2025-01-17T06:25:27+00:00\",\"description\":\"Entdecken Sie GUZZINI Feeling Besteck-Set 24 Teile Mediterran Blau bei ErresseShop. Qualit\u00e4t, Stil und Funktionalit\u00e4t \u2013 jetzt online bestellen!\",\"breadcrumb\":{\"@id\":\"https:\/\/www.erresse-shop.it\/de\/shop\/tisch\/besteck\/guzzini-feeling-besteck-set-24-teile-mediterran-blau\/#breadcrumb\"},\"inLanguage\":\"de-DE\",\"potentialAction\":[{\"@type\":\"ReadAction\",\"target\":[\"https:\/\/www.erresse-shop.it\/de\/shop\/tisch\/besteck\/guzzini-feeling-besteck-set-24-teile-mediterran-blau\/\"]}]},{\"@type\":\"BreadcrumbList\",\"@id\":\"https:\/\/www.erresse-shop.it\/de\/shop\/tisch\/besteck\/guzzini-feeling-besteck-set-24-teile-mediterran-blau\/#breadcrumb\",\"itemListElement\":[{\"@type\":\"ListItem\",\"position\":1,\"name\":\"Home\",\"item\":\"https:\/\/www.erresse-shop.it\/de\/\"},{\"@type\":\"ListItem\",\"position\":2,\"name\":\"Shop\",\"item\":\"https:\/\/www.erresse-shop.it\/de\/shop\/\"},{\"@type\":\"ListItem\",\"position\":3,\"name\":\"GUZZINI Feeling Besteck-Set 24 Teile Mediterran Blau\"}]},{\"@type\":\"WebSite\",\"@id\":\"https:\/\/www.erresse-shop.it\/de\/#website\",\"url\":\"https:\/\/www.erresse-shop.it\/de\/\",\"name\":\"Erresse Shop\",\"description\":\"Articoli di qualit\u00e0 per la casa\",\"potentialAction\":[{\"@type\":\"SearchAction\",\"target\":{\"@type\":\"EntryPoint\",\"urlTemplate\":\"https:\/\/www.erresse-shop.it\/de\/?s={search_term_string}\"},\"query-input\":\"required name=search_term_string\"}],\"inLanguage\":\"de-DE\"}]}<\/script>\n<!-- \/ Yoast SEO Premium plugin. -->","yoast_head_json":{"title":"GUZZINI Feeling Besteck-Set 24 Teile Mediterran Blau","description":"Entdecken Sie GUZZINI Feeling Besteck-Set 24 Teile Mediterran Blau bei ErresseShop. Qualit\u00e4t, Stil und Funktionalit\u00e4t \u2013 jetzt online bestellen!","robots":{"index":"index","follow":"follow","max-snippet":"max-snippet:-1","max-image-preview":"max-image-preview:large","max-video-preview":"max-video-preview:-1"},"canonical":"https:\/\/www.erresse-shop.it\/de\/shop\/tisch\/besteck\/guzzini-feeling-besteck-set-24-teile-mediterran-blau\/","og_locale":"de_DE","og_type":"article","og_title":"GUZZINI Feeling Besteck-Set 24 Teile Mediterran Blau","og_description":"Entdecken Sie GUZZINI Feeling Besteck-Set 24 Teile Mediterran Blau bei ErresseShop. Qualit\u00e4t, Stil und Funktionalit\u00e4t \u2013 jetzt online bestellen!","og_url":"https:\/\/www.erresse-shop.it\/de\/shop\/tisch\/besteck\/guzzini-feeling-besteck-set-24-teile-mediterran-blau\/","og_site_name":"Erresse Shop","article_modified_time":"2025-01-17T06:25:27+00:00","og_image":[{"width":800,"height":800,"url":"https:\/\/www.erresse-shop.it\/wp-content\/uploads\/2023\/10\/GUZZINI-Feeling-Set-Posate-24-pezzi-Blu-Mediterraneo.jpg","type":"image\/jpeg"}],"twitter_card":"summary_large_image","schema":{"@context":"https:\/\/schema.org","@graph":[{"@type":"WebPage","@id":"https:\/\/www.erresse-shop.it\/de\/shop\/tisch\/besteck\/guzzini-feeling-besteck-set-24-teile-mediterran-blau\/","url":"https:\/\/www.erresse-shop.it\/de\/shop\/tisch\/besteck\/guzzini-feeling-besteck-set-24-teile-mediterran-blau\/","name":"GUZZINI Feeling Besteck-Set 24 Teile Mediterran Blau","isPartOf":{"@id":"https:\/\/www.erresse-shop.it\/de\/#website"},"datePublished":"2023-10-31T09:52:45+00:00","dateModified":"2025-01-17T06:25:27+00:00","description":"Entdecken Sie GUZZINI Feeling Besteck-Set 24 Teile Mediterran Blau bei ErresseShop. Qualit\u00e4t, Stil und Funktionalit\u00e4t \u2013 jetzt online bestellen!","breadcrumb":{"@id":"https:\/\/www.erresse-shop.it\/de\/shop\/tisch\/besteck\/guzzini-feeling-besteck-set-24-teile-mediterran-blau\/#breadcrumb"},"inLanguage":"de-DE","potentialAction":[{"@type":"ReadAction","target":["https:\/\/www.erresse-shop.it\/de\/shop\/tisch\/besteck\/guzzini-feeling-besteck-set-24-teile-mediterran-blau\/"]}]},{"@type":"BreadcrumbList","@id":"https:\/\/www.erresse-shop.it\/de\/shop\/tisch\/besteck\/guzzini-feeling-besteck-set-24-teile-mediterran-blau\/#breadcrumb","itemListElement":[{"@type":"ListItem","position":1,"name":"Home","item":"https:\/\/www.erresse-shop.it\/de\/"},{"@type":"ListItem","position":2,"name":"Shop","item":"https:\/\/www.erresse-shop.it\/de\/shop\/"},{"@type":"ListItem","position":3,"name":"GUZZINI Feeling Besteck-Set 24 Teile Mediterran Blau"}]},{"@type":"WebSite","@id":"https:\/\/www.erresse-shop.it\/de\/#website","url":"https:\/\/www.erresse-shop.it\/de\/","name":"Erresse Shop","description":"Articoli di qualit\u00e0 per la casa","potentialAction":[{"@type":"SearchAction","target":{"@type":"EntryPoint","urlTemplate":"https:\/\/www.erresse-shop.it\/de\/?s={search_term_string}"},"query-input":"required name=search_term_string"}],"inLanguage":"de-DE"}]}},"df_price":70.5,"df_sale_price":70.5,"df_regular_price":141,"df_image_link":"https:\/\/www.erresse-shop.it\/wp-content\/uploads\/2023\/10\/GUZZINI-Feeling-Set-Posate-24-pezzi-Blu-Mediterraneo-300x300.jpg","_links":{"self":[{"href":"https:\/\/www.erresse-shop.it\/de\/wp-json\/wp\/v2\/product\/344349"}],"collection":[{"href":"https:\/\/www.erresse-shop.it\/de\/wp-json\/wp\/v2\/product"}],"about":[{"href":"https:\/\/www.erresse-shop.it\/de\/wp-json\/wp\/v2\/types\/product"}],"wp:featuredmedia":[{"embeddable":true,"href":"https:\/\/www.erresse-shop.it\/de\/wp-json\/wp\/v2\/media\/344356"}],"wp:attachment":[{"href":"https:\/\/www.erresse-shop.it\/de\/wp-json\/wp\/v2\/media?parent=344349"}],"wp:term":[{"taxonomy":"product_cat","embeddable":true,"href":"https:\/\/www.erresse-shop.it\/de\/wp-json\/wp\/v2\/product_cat?post=344349"},{"taxonomy":"product_tag","embeddable":true,"href":"https:\/\/www.erresse-shop.it\/de\/wp-json\/wp\/v2\/product_tag?post=344349"}],"curies":[{"name":"wp","href":"https:\/\/api.w.org\/{rel}","templated":true}]}}