{"id":344212,"date":"2023-10-31T08:28:37","date_gmt":"2023-10-31T08:28:39","guid":{"rendered":"https:\/\/www.erresse-shop.it\/?post_type=product&#038;p=344212"},"modified":"2025-01-17T06:25:24","modified_gmt":"2025-01-17T06:25:24","slug":"guzzini-tiffany-karaffe-mit-kuhlbirne","status":"publish","type":"product","link":"https:\/\/www.erresse-shop.it\/de\/shop\/tisch\/karaffen-flaschen-kruege\/guzzini-tiffany-karaffe-mit-kuhlbirne\/","title":{"rendered":"GUZZINI Tiffany Karaffe mit K\u00fchlbirne"},"content":{"rendered":"<p>Die Karaffe ist die, die Sie bereits kennen, aber um sie noch besser zu machen, wurde eine K\u00fchlbirne entwickelt, die in ihr platziert werden kann und so den ganzen Abend \u00fcber f\u00fcr k\u00fchle Getr\u00e4nke sorgt.<\/p>\n<p>Abmessungen: 11,5 x 18,5 x H25,5 cm<br \/>\nFassungsverm\u00f6gen: 1750 cc<br \/>\nWerkstoff: SMMA<br \/>\nEntwerfer: Pio&amp;Tito Toso<br \/>\nIn Italien hergestellt<\/p>\n","protected":false},"excerpt":{"rendered":"<p>Die Karaffe ist die, die Sie bereits kennen, aber um sie noch besser zu machen, wurde eine K\u00fchlbirne entwickelt, die<\/p>\n","protected":false},"featured_media":344264,"template":"","meta":{"_acf_changed":false,"inline_featured_image":false},"product_cat":[6859,6787],"product_tag":[11543,24604,23834,21822],"acf":[],"yoast_head":"<!-- This site is optimized with the Yoast SEO Premium plugin v18.6 (Yoast SEO v19.13) - https:\/\/yoast.com\/wordpress\/plugins\/seo\/ -->\n<title>GUZZINI Tiffany Karaffe mit K\u00fchlbirne<\/title>\n<meta name=\"description\" content=\"Entdecken Sie GUZZINI Tiffany Karaffe mit K\u00fchlbirne bei ErresseShop. Qualit\u00e4t, Stil und Funktionalit\u00e4t \u2013 jetzt online bestellen!\" \/>\n<meta name=\"robots\" content=\"index, follow, max-snippet:-1, max-image-preview:large, max-video-preview:-1\" \/>\n<link rel=\"canonical\" href=\"https:\/\/www.erresse-shop.it\/de\/shop\/tisch\/karaffen-flaschen-kruege\/guzzini-tiffany-karaffe-mit-kuhlbirne\/\" \/>\n<meta property=\"og:locale\" content=\"de_DE\" \/>\n<meta property=\"og:type\" content=\"article\" \/>\n<meta property=\"og:title\" content=\"GUZZINI Tiffany Karaffe mit K\u00fchlbirne\" \/>\n<meta property=\"og:description\" content=\"Entdecken Sie GUZZINI Tiffany Karaffe mit K\u00fchlbirne bei ErresseShop. Qualit\u00e4t, Stil und Funktionalit\u00e4t \u2013 jetzt online bestellen!\" \/>\n<meta property=\"og:url\" content=\"https:\/\/www.erresse-shop.it\/de\/shop\/tisch\/karaffen-flaschen-kruege\/guzzini-tiffany-karaffe-mit-kuhlbirne\/\" \/>\n<meta property=\"og:site_name\" content=\"Erresse Shop\" \/>\n<meta property=\"article:modified_time\" content=\"2025-01-17T06:25:24+00:00\" \/>\n<meta property=\"og:image\" content=\"https:\/\/www.erresse-shop.it\/wp-content\/uploads\/2023\/10\/GUZZINI-Tiffany-Caraffa-con-Bulbo-Refrigerante.jpg\" \/>\n\t<meta property=\"og:image:width\" content=\"800\" \/>\n\t<meta property=\"og:image:height\" content=\"800\" \/>\n\t<meta property=\"og:image:type\" content=\"image\/jpeg\" \/>\n<meta name=\"twitter:card\" content=\"summary_large_image\" \/>\n<script type=\"application\/ld+json\" class=\"yoast-schema-graph\">{\"@context\":\"https:\/\/schema.org\",\"@graph\":[{\"@type\":\"WebPage\",\"@id\":\"https:\/\/www.erresse-shop.it\/de\/shop\/tisch\/karaffen-flaschen-kruege\/guzzini-tiffany-karaffe-mit-kuhlbirne\/\",\"url\":\"https:\/\/www.erresse-shop.it\/de\/shop\/tisch\/karaffen-flaschen-kruege\/guzzini-tiffany-karaffe-mit-kuhlbirne\/\",\"name\":\"GUZZINI Tiffany Karaffe mit K\u00fchlbirne\",\"isPartOf\":{\"@id\":\"https:\/\/www.erresse-shop.it\/de\/#website\"},\"datePublished\":\"2023-10-31T08:28:39+00:00\",\"dateModified\":\"2025-01-17T06:25:24+00:00\",\"description\":\"Entdecken Sie GUZZINI Tiffany Karaffe mit K\u00fchlbirne bei ErresseShop. Qualit\u00e4t, Stil und Funktionalit\u00e4t \u2013 jetzt online bestellen!\",\"breadcrumb\":{\"@id\":\"https:\/\/www.erresse-shop.it\/de\/shop\/tisch\/karaffen-flaschen-kruege\/guzzini-tiffany-karaffe-mit-kuhlbirne\/#breadcrumb\"},\"inLanguage\":\"de-DE\",\"potentialAction\":[{\"@type\":\"ReadAction\",\"target\":[\"https:\/\/www.erresse-shop.it\/de\/shop\/tisch\/karaffen-flaschen-kruege\/guzzini-tiffany-karaffe-mit-kuhlbirne\/\"]}]},{\"@type\":\"BreadcrumbList\",\"@id\":\"https:\/\/www.erresse-shop.it\/de\/shop\/tisch\/karaffen-flaschen-kruege\/guzzini-tiffany-karaffe-mit-kuhlbirne\/#breadcrumb\",\"itemListElement\":[{\"@type\":\"ListItem\",\"position\":1,\"name\":\"Home\",\"item\":\"https:\/\/www.erresse-shop.it\/de\/\"},{\"@type\":\"ListItem\",\"position\":2,\"name\":\"Shop\",\"item\":\"https:\/\/www.erresse-shop.it\/de\/shop\/\"},{\"@type\":\"ListItem\",\"position\":3,\"name\":\"GUZZINI Tiffany Karaffe mit K\u00fchlbirne\"}]},{\"@type\":\"WebSite\",\"@id\":\"https:\/\/www.erresse-shop.it\/de\/#website\",\"url\":\"https:\/\/www.erresse-shop.it\/de\/\",\"name\":\"Erresse Shop\",\"description\":\"Articoli di qualit\u00e0 per la casa\",\"potentialAction\":[{\"@type\":\"SearchAction\",\"target\":{\"@type\":\"EntryPoint\",\"urlTemplate\":\"https:\/\/www.erresse-shop.it\/de\/?s={search_term_string}\"},\"query-input\":\"required name=search_term_string\"}],\"inLanguage\":\"de-DE\"}]}<\/script>\n<!-- \/ Yoast SEO Premium plugin. -->","yoast_head_json":{"title":"GUZZINI Tiffany Karaffe mit K\u00fchlbirne","description":"Entdecken Sie GUZZINI Tiffany Karaffe mit K\u00fchlbirne bei ErresseShop. Qualit\u00e4t, Stil und Funktionalit\u00e4t \u2013 jetzt online bestellen!","robots":{"index":"index","follow":"follow","max-snippet":"max-snippet:-1","max-image-preview":"max-image-preview:large","max-video-preview":"max-video-preview:-1"},"canonical":"https:\/\/www.erresse-shop.it\/de\/shop\/tisch\/karaffen-flaschen-kruege\/guzzini-tiffany-karaffe-mit-kuhlbirne\/","og_locale":"de_DE","og_type":"article","og_title":"GUZZINI Tiffany Karaffe mit K\u00fchlbirne","og_description":"Entdecken Sie GUZZINI Tiffany Karaffe mit K\u00fchlbirne bei ErresseShop. Qualit\u00e4t, Stil und Funktionalit\u00e4t \u2013 jetzt online bestellen!","og_url":"https:\/\/www.erresse-shop.it\/de\/shop\/tisch\/karaffen-flaschen-kruege\/guzzini-tiffany-karaffe-mit-kuhlbirne\/","og_site_name":"Erresse Shop","article_modified_time":"2025-01-17T06:25:24+00:00","og_image":[{"width":800,"height":800,"url":"https:\/\/www.erresse-shop.it\/wp-content\/uploads\/2023\/10\/GUZZINI-Tiffany-Caraffa-con-Bulbo-Refrigerante.jpg","type":"image\/jpeg"}],"twitter_card":"summary_large_image","schema":{"@context":"https:\/\/schema.org","@graph":[{"@type":"WebPage","@id":"https:\/\/www.erresse-shop.it\/de\/shop\/tisch\/karaffen-flaschen-kruege\/guzzini-tiffany-karaffe-mit-kuhlbirne\/","url":"https:\/\/www.erresse-shop.it\/de\/shop\/tisch\/karaffen-flaschen-kruege\/guzzini-tiffany-karaffe-mit-kuhlbirne\/","name":"GUZZINI Tiffany Karaffe mit K\u00fchlbirne","isPartOf":{"@id":"https:\/\/www.erresse-shop.it\/de\/#website"},"datePublished":"2023-10-31T08:28:39+00:00","dateModified":"2025-01-17T06:25:24+00:00","description":"Entdecken Sie GUZZINI Tiffany Karaffe mit K\u00fchlbirne bei ErresseShop. Qualit\u00e4t, Stil und Funktionalit\u00e4t \u2013 jetzt online bestellen!","breadcrumb":{"@id":"https:\/\/www.erresse-shop.it\/de\/shop\/tisch\/karaffen-flaschen-kruege\/guzzini-tiffany-karaffe-mit-kuhlbirne\/#breadcrumb"},"inLanguage":"de-DE","potentialAction":[{"@type":"ReadAction","target":["https:\/\/www.erresse-shop.it\/de\/shop\/tisch\/karaffen-flaschen-kruege\/guzzini-tiffany-karaffe-mit-kuhlbirne\/"]}]},{"@type":"BreadcrumbList","@id":"https:\/\/www.erresse-shop.it\/de\/shop\/tisch\/karaffen-flaschen-kruege\/guzzini-tiffany-karaffe-mit-kuhlbirne\/#breadcrumb","itemListElement":[{"@type":"ListItem","position":1,"name":"Home","item":"https:\/\/www.erresse-shop.it\/de\/"},{"@type":"ListItem","position":2,"name":"Shop","item":"https:\/\/www.erresse-shop.it\/de\/shop\/"},{"@type":"ListItem","position":3,"name":"GUZZINI Tiffany Karaffe mit K\u00fchlbirne"}]},{"@type":"WebSite","@id":"https:\/\/www.erresse-shop.it\/de\/#website","url":"https:\/\/www.erresse-shop.it\/de\/","name":"Erresse Shop","description":"Articoli di qualit\u00e0 per la casa","potentialAction":[{"@type":"SearchAction","target":{"@type":"EntryPoint","urlTemplate":"https:\/\/www.erresse-shop.it\/de\/?s={search_term_string}"},"query-input":"required name=search_term_string"}],"inLanguage":"de-DE"}]}},"df_price":17,"df_sale_price":17,"df_regular_price":34,"df_image_link":"https:\/\/www.erresse-shop.it\/wp-content\/uploads\/2023\/10\/GUZZINI-Tiffany-Caraffa-con-Bulbo-Refrigerante-300x300.jpg","_links":{"self":[{"href":"https:\/\/www.erresse-shop.it\/de\/wp-json\/wp\/v2\/product\/344212"}],"collection":[{"href":"https:\/\/www.erresse-shop.it\/de\/wp-json\/wp\/v2\/product"}],"about":[{"href":"https:\/\/www.erresse-shop.it\/de\/wp-json\/wp\/v2\/types\/product"}],"wp:featuredmedia":[{"embeddable":true,"href":"https:\/\/www.erresse-shop.it\/de\/wp-json\/wp\/v2\/media\/344264"}],"wp:attachment":[{"href":"https:\/\/www.erresse-shop.it\/de\/wp-json\/wp\/v2\/media?parent=344212"}],"wp:term":[{"taxonomy":"product_cat","embeddable":true,"href":"https:\/\/www.erresse-shop.it\/de\/wp-json\/wp\/v2\/product_cat?post=344212"},{"taxonomy":"product_tag","embeddable":true,"href":"https:\/\/www.erresse-shop.it\/de\/wp-json\/wp\/v2\/product_tag?post=344212"}],"curies":[{"name":"wp","href":"https:\/\/api.w.org\/{rel}","templated":true}]}}