{"id":344097,"date":"2023-10-31T07:41:23","date_gmt":"2023-10-31T07:41:24","guid":{"rendered":"https:\/\/www.erresse-shop.it\/?post_type=product&#038;p=344097"},"modified":"2025-01-17T06:25:22","modified_gmt":"2025-01-17T06:25:22","slug":"guzzini-tiffany-kuchendosen-set-klein","status":"publish","type":"product","link":"https:\/\/www.erresse-shop.it\/de\/shop\/tisch\/tortenplatten\/guzzini-tiffany-kuchendosen-set-klein\/","title":{"rendered":"GUZZINI Tiffany Kuchendosen-Set Klein"},"content":{"rendered":"<p>Tortenformen und Tortenst\u00e4nder mit Glocken, kostbare Objekte in ihrer Einfachheit und Funktionalit\u00e4t, perfekt zum Servieren von k\u00f6stlichen Torten, Pralinen, kleinem Geb\u00e4ck, aber auch von Vorspeisen und Fingerfood f\u00fcr elegante und raffinierte Aperitifs.<\/p>\n<p>Abmessungen: \u00d830 x H16 cm<br \/>\nWerkstoff: SMMA<br \/>\nEntwerfer: Pio&amp;Tito Toso<br \/>\nIn Italien hergestellt<\/p>\n","protected":false},"excerpt":{"rendered":"<p>Tortenformen und Tortenst\u00e4nder mit Glocken, kostbare Objekte in ihrer Einfachheit und Funktionalit\u00e4t, perfekt zum Servieren von k\u00f6stlichen Torten, Pralinen, kleinem<\/p>\n","protected":false},"featured_media":344118,"template":"","meta":{"_acf_changed":false,"inline_featured_image":false},"product_cat":[6787,6799],"product_tag":[11773,24604,20537,21822],"acf":[],"yoast_head":"<!-- This site is optimized with the Yoast SEO Premium plugin v18.6 (Yoast SEO v19.13) - https:\/\/yoast.com\/wordpress\/plugins\/seo\/ -->\n<title>GUZZINI Tiffany Kuchendosen-Set Klein<\/title>\n<meta name=\"description\" content=\"Entdecken Sie GUZZINI Tiffany Kuchendosen-Set Klein bei ErresseShop. Qualit\u00e4t, Stil und Funktionalit\u00e4t \u2013 jetzt online bestellen!\" \/>\n<meta name=\"robots\" content=\"index, follow, max-snippet:-1, max-image-preview:large, max-video-preview:-1\" \/>\n<link rel=\"canonical\" href=\"https:\/\/www.erresse-shop.it\/de\/shop\/tisch\/tortenplatten\/guzzini-tiffany-kuchendosen-set-klein\/\" \/>\n<meta property=\"og:locale\" content=\"de_DE\" \/>\n<meta property=\"og:type\" content=\"article\" \/>\n<meta property=\"og:title\" content=\"GUZZINI Tiffany Kuchendosen-Set Klein\" \/>\n<meta property=\"og:description\" content=\"Entdecken Sie GUZZINI Tiffany Kuchendosen-Set Klein bei ErresseShop. Qualit\u00e4t, Stil und Funktionalit\u00e4t \u2013 jetzt online bestellen!\" \/>\n<meta property=\"og:url\" content=\"https:\/\/www.erresse-shop.it\/de\/shop\/tisch\/tortenplatten\/guzzini-tiffany-kuchendosen-set-klein\/\" \/>\n<meta property=\"og:site_name\" content=\"Erresse Shop\" \/>\n<meta property=\"article:modified_time\" content=\"2025-01-17T06:25:22+00:00\" \/>\n<meta property=\"og:image\" content=\"https:\/\/www.erresse-shop.it\/wp-content\/uploads\/2023\/10\/GUZZINI-Tiffany-Set-Tortiera-Piccola.jpg\" \/>\n\t<meta property=\"og:image:width\" content=\"800\" \/>\n\t<meta property=\"og:image:height\" content=\"800\" \/>\n\t<meta property=\"og:image:type\" content=\"image\/jpeg\" \/>\n<meta name=\"twitter:card\" content=\"summary_large_image\" \/>\n<script type=\"application\/ld+json\" class=\"yoast-schema-graph\">{\"@context\":\"https:\/\/schema.org\",\"@graph\":[{\"@type\":\"WebPage\",\"@id\":\"https:\/\/www.erresse-shop.it\/de\/shop\/tisch\/tortenplatten\/guzzini-tiffany-kuchendosen-set-klein\/\",\"url\":\"https:\/\/www.erresse-shop.it\/de\/shop\/tisch\/tortenplatten\/guzzini-tiffany-kuchendosen-set-klein\/\",\"name\":\"GUZZINI Tiffany Kuchendosen-Set Klein\",\"isPartOf\":{\"@id\":\"https:\/\/www.erresse-shop.it\/de\/#website\"},\"datePublished\":\"2023-10-31T07:41:24+00:00\",\"dateModified\":\"2025-01-17T06:25:22+00:00\",\"description\":\"Entdecken Sie GUZZINI Tiffany Kuchendosen-Set Klein bei ErresseShop. Qualit\u00e4t, Stil und Funktionalit\u00e4t \u2013 jetzt online bestellen!\",\"breadcrumb\":{\"@id\":\"https:\/\/www.erresse-shop.it\/de\/shop\/tisch\/tortenplatten\/guzzini-tiffany-kuchendosen-set-klein\/#breadcrumb\"},\"inLanguage\":\"de-DE\",\"potentialAction\":[{\"@type\":\"ReadAction\",\"target\":[\"https:\/\/www.erresse-shop.it\/de\/shop\/tisch\/tortenplatten\/guzzini-tiffany-kuchendosen-set-klein\/\"]}]},{\"@type\":\"BreadcrumbList\",\"@id\":\"https:\/\/www.erresse-shop.it\/de\/shop\/tisch\/tortenplatten\/guzzini-tiffany-kuchendosen-set-klein\/#breadcrumb\",\"itemListElement\":[{\"@type\":\"ListItem\",\"position\":1,\"name\":\"Home\",\"item\":\"https:\/\/www.erresse-shop.it\/de\/\"},{\"@type\":\"ListItem\",\"position\":2,\"name\":\"Shop\",\"item\":\"https:\/\/www.erresse-shop.it\/de\/shop\/\"},{\"@type\":\"ListItem\",\"position\":3,\"name\":\"GUZZINI Tiffany Kuchendosen-Set Klein\"}]},{\"@type\":\"WebSite\",\"@id\":\"https:\/\/www.erresse-shop.it\/de\/#website\",\"url\":\"https:\/\/www.erresse-shop.it\/de\/\",\"name\":\"Erresse Shop\",\"description\":\"Articoli di qualit\u00e0 per la casa\",\"potentialAction\":[{\"@type\":\"SearchAction\",\"target\":{\"@type\":\"EntryPoint\",\"urlTemplate\":\"https:\/\/www.erresse-shop.it\/de\/?s={search_term_string}\"},\"query-input\":\"required name=search_term_string\"}],\"inLanguage\":\"de-DE\"}]}<\/script>\n<!-- \/ Yoast SEO Premium plugin. -->","yoast_head_json":{"title":"GUZZINI Tiffany Kuchendosen-Set Klein","description":"Entdecken Sie GUZZINI Tiffany Kuchendosen-Set Klein bei ErresseShop. Qualit\u00e4t, Stil und Funktionalit\u00e4t \u2013 jetzt online bestellen!","robots":{"index":"index","follow":"follow","max-snippet":"max-snippet:-1","max-image-preview":"max-image-preview:large","max-video-preview":"max-video-preview:-1"},"canonical":"https:\/\/www.erresse-shop.it\/de\/shop\/tisch\/tortenplatten\/guzzini-tiffany-kuchendosen-set-klein\/","og_locale":"de_DE","og_type":"article","og_title":"GUZZINI Tiffany Kuchendosen-Set Klein","og_description":"Entdecken Sie GUZZINI Tiffany Kuchendosen-Set Klein bei ErresseShop. Qualit\u00e4t, Stil und Funktionalit\u00e4t \u2013 jetzt online bestellen!","og_url":"https:\/\/www.erresse-shop.it\/de\/shop\/tisch\/tortenplatten\/guzzini-tiffany-kuchendosen-set-klein\/","og_site_name":"Erresse Shop","article_modified_time":"2025-01-17T06:25:22+00:00","og_image":[{"width":800,"height":800,"url":"https:\/\/www.erresse-shop.it\/wp-content\/uploads\/2023\/10\/GUZZINI-Tiffany-Set-Tortiera-Piccola.jpg","type":"image\/jpeg"}],"twitter_card":"summary_large_image","schema":{"@context":"https:\/\/schema.org","@graph":[{"@type":"WebPage","@id":"https:\/\/www.erresse-shop.it\/de\/shop\/tisch\/tortenplatten\/guzzini-tiffany-kuchendosen-set-klein\/","url":"https:\/\/www.erresse-shop.it\/de\/shop\/tisch\/tortenplatten\/guzzini-tiffany-kuchendosen-set-klein\/","name":"GUZZINI Tiffany Kuchendosen-Set Klein","isPartOf":{"@id":"https:\/\/www.erresse-shop.it\/de\/#website"},"datePublished":"2023-10-31T07:41:24+00:00","dateModified":"2025-01-17T06:25:22+00:00","description":"Entdecken Sie GUZZINI Tiffany Kuchendosen-Set Klein bei ErresseShop. Qualit\u00e4t, Stil und Funktionalit\u00e4t \u2013 jetzt online bestellen!","breadcrumb":{"@id":"https:\/\/www.erresse-shop.it\/de\/shop\/tisch\/tortenplatten\/guzzini-tiffany-kuchendosen-set-klein\/#breadcrumb"},"inLanguage":"de-DE","potentialAction":[{"@type":"ReadAction","target":["https:\/\/www.erresse-shop.it\/de\/shop\/tisch\/tortenplatten\/guzzini-tiffany-kuchendosen-set-klein\/"]}]},{"@type":"BreadcrumbList","@id":"https:\/\/www.erresse-shop.it\/de\/shop\/tisch\/tortenplatten\/guzzini-tiffany-kuchendosen-set-klein\/#breadcrumb","itemListElement":[{"@type":"ListItem","position":1,"name":"Home","item":"https:\/\/www.erresse-shop.it\/de\/"},{"@type":"ListItem","position":2,"name":"Shop","item":"https:\/\/www.erresse-shop.it\/de\/shop\/"},{"@type":"ListItem","position":3,"name":"GUZZINI Tiffany Kuchendosen-Set Klein"}]},{"@type":"WebSite","@id":"https:\/\/www.erresse-shop.it\/de\/#website","url":"https:\/\/www.erresse-shop.it\/de\/","name":"Erresse Shop","description":"Articoli di qualit\u00e0 per la casa","potentialAction":[{"@type":"SearchAction","target":{"@type":"EntryPoint","urlTemplate":"https:\/\/www.erresse-shop.it\/de\/?s={search_term_string}"},"query-input":"required name=search_term_string"}],"inLanguage":"de-DE"}]}},"df_price":14.75,"df_sale_price":14.75,"df_regular_price":29.5,"df_image_link":"https:\/\/www.erresse-shop.it\/wp-content\/uploads\/2023\/10\/GUZZINI-Tiffany-Set-Tortiera-Piccola-300x300.jpg","_links":{"self":[{"href":"https:\/\/www.erresse-shop.it\/de\/wp-json\/wp\/v2\/product\/344097"}],"collection":[{"href":"https:\/\/www.erresse-shop.it\/de\/wp-json\/wp\/v2\/product"}],"about":[{"href":"https:\/\/www.erresse-shop.it\/de\/wp-json\/wp\/v2\/types\/product"}],"wp:featuredmedia":[{"embeddable":true,"href":"https:\/\/www.erresse-shop.it\/de\/wp-json\/wp\/v2\/media\/344118"}],"wp:attachment":[{"href":"https:\/\/www.erresse-shop.it\/de\/wp-json\/wp\/v2\/media?parent=344097"}],"wp:term":[{"taxonomy":"product_cat","embeddable":true,"href":"https:\/\/www.erresse-shop.it\/de\/wp-json\/wp\/v2\/product_cat?post=344097"},{"taxonomy":"product_tag","embeddable":true,"href":"https:\/\/www.erresse-shop.it\/de\/wp-json\/wp\/v2\/product_tag?post=344097"}],"curies":[{"name":"wp","href":"https:\/\/api.w.org\/{rel}","templated":true}]}}