{"id":342689,"date":"2023-10-27T08:56:22","date_gmt":"2023-10-27T08:56:24","guid":{"rendered":"https:\/\/www.erresse-shop.it\/?post_type=product&#038;p=342689"},"modified":"2025-01-17T10:58:57","modified_gmt":"2025-01-17T10:58:57","slug":"leonardo-milano-vase-28cm-grau","status":"publish","type":"product","link":"https:\/\/www.erresse-shop.it\/de\/shop\/einrichtung-haus\/vasen\/leonardo-milano-vase-28cm-grau\/","title":{"rendered":"LEONARDO Milano Vase 28cm Grau"},"content":{"rendered":"<p>Schaffen Sie eine Wohlf\u00fchloase von zu Hause aus: Mit der handgefertigten Vase aus der Serie MILANO ist nichts einfacher. Lassen Sie sich von dieser Vase, die sich durch einen sch\u00f6nen Grauton auszeichnet, in eine moderne und raffinierte Welt entf\u00fchren. Zeigen Sie Ihren Blick f\u00fcr sch\u00f6ne Dinge mit dieser handgefertigten Leonardo Vase. Mit jedem handgefertigten Produkt erhalten Sie ein Unikat. Harmonisch, modern und stilvoll inspiriert Leonardo Sie bei der Gestaltung Ihres Hauses &#8211; spielen Sie mit Ihrer Kreativit\u00e4t und schaffen Sie eine fantastische und individuelle Umgebung. Dekoration zum Verlieben, denken Sie nicht zu viel dar\u00fcber nach. Kaufen Sie heute und machen Sie Ihre Einrichtung noch abwechslungsreicher: mit der grauen Vase.<\/p>\n<p><strong>Details<\/strong>:<\/p>\n<p>Material: Glas und Glas<\/p>\n<p>Land der Produktion: Europa<\/p>\n","protected":false},"excerpt":{"rendered":"<p>Schaffen Sie eine Wohlf\u00fchloase von zu Hause aus: Mit der handgefertigten Vase aus der Serie MILANO ist nichts einfacher. Lassen<\/p>\n","protected":false},"featured_media":342697,"template":"","meta":{"_acf_changed":false,"inline_featured_image":false},"product_cat":[6817,14421],"product_tag":[19359,24429,23875,23885],"acf":[],"yoast_head":"<!-- This site is optimized with the Yoast SEO Premium plugin v18.6 (Yoast SEO v19.13) - https:\/\/yoast.com\/wordpress\/plugins\/seo\/ -->\n<title>LEONARDO Milano Vase 28cm Grau<\/title>\n<meta name=\"description\" content=\"Entdecken Sie LEONARDO Milano Vase 28cm Grau bei ErresseShop. Qualit\u00e4t, Stil und Funktionalit\u00e4t \u2013 jetzt online bestellen!\" \/>\n<meta name=\"robots\" content=\"index, follow, max-snippet:-1, max-image-preview:large, max-video-preview:-1\" \/>\n<link rel=\"canonical\" href=\"https:\/\/www.erresse-shop.it\/de\/shop\/einrichtung-haus\/vasen\/leonardo-milano-vase-28cm-grau\/\" \/>\n<meta property=\"og:locale\" content=\"de_DE\" \/>\n<meta property=\"og:type\" content=\"article\" \/>\n<meta property=\"og:title\" content=\"LEONARDO Milano Vase 28cm Grau\" \/>\n<meta property=\"og:description\" content=\"Entdecken Sie LEONARDO Milano Vase 28cm Grau bei ErresseShop. Qualit\u00e4t, Stil und Funktionalit\u00e4t \u2013 jetzt online bestellen!\" \/>\n<meta property=\"og:url\" content=\"https:\/\/www.erresse-shop.it\/de\/shop\/einrichtung-haus\/vasen\/leonardo-milano-vase-28cm-grau\/\" \/>\n<meta property=\"og:site_name\" content=\"Erresse Shop\" \/>\n<meta property=\"article:modified_time\" content=\"2025-01-17T10:58:57+00:00\" \/>\n<meta property=\"og:image\" content=\"https:\/\/www.erresse-shop.it\/wp-content\/uploads\/2023\/10\/Leonardo-milano-nero-28-cm.jpg\" \/>\n\t<meta property=\"og:image:width\" content=\"800\" \/>\n\t<meta property=\"og:image:height\" content=\"800\" \/>\n\t<meta property=\"og:image:type\" content=\"image\/jpeg\" \/>\n<meta name=\"twitter:card\" content=\"summary_large_image\" \/>\n<script type=\"application\/ld+json\" class=\"yoast-schema-graph\">{\"@context\":\"https:\/\/schema.org\",\"@graph\":[{\"@type\":\"WebPage\",\"@id\":\"https:\/\/www.erresse-shop.it\/de\/shop\/einrichtung-haus\/vasen\/leonardo-milano-vase-28cm-grau\/\",\"url\":\"https:\/\/www.erresse-shop.it\/de\/shop\/einrichtung-haus\/vasen\/leonardo-milano-vase-28cm-grau\/\",\"name\":\"LEONARDO Milano Vase 28cm Grau\",\"isPartOf\":{\"@id\":\"https:\/\/www.erresse-shop.it\/de\/#website\"},\"datePublished\":\"2023-10-27T08:56:24+00:00\",\"dateModified\":\"2025-01-17T10:58:57+00:00\",\"description\":\"Entdecken Sie LEONARDO Milano Vase 28cm Grau bei ErresseShop. Qualit\u00e4t, Stil und Funktionalit\u00e4t \u2013 jetzt online bestellen!\",\"breadcrumb\":{\"@id\":\"https:\/\/www.erresse-shop.it\/de\/shop\/einrichtung-haus\/vasen\/leonardo-milano-vase-28cm-grau\/#breadcrumb\"},\"inLanguage\":\"de-DE\",\"potentialAction\":[{\"@type\":\"ReadAction\",\"target\":[\"https:\/\/www.erresse-shop.it\/de\/shop\/einrichtung-haus\/vasen\/leonardo-milano-vase-28cm-grau\/\"]}]},{\"@type\":\"BreadcrumbList\",\"@id\":\"https:\/\/www.erresse-shop.it\/de\/shop\/einrichtung-haus\/vasen\/leonardo-milano-vase-28cm-grau\/#breadcrumb\",\"itemListElement\":[{\"@type\":\"ListItem\",\"position\":1,\"name\":\"Home\",\"item\":\"https:\/\/www.erresse-shop.it\/de\/\"},{\"@type\":\"ListItem\",\"position\":2,\"name\":\"Shop\",\"item\":\"https:\/\/www.erresse-shop.it\/de\/shop\/\"},{\"@type\":\"ListItem\",\"position\":3,\"name\":\"LEONARDO Milano Vase 28cm Grau\"}]},{\"@type\":\"WebSite\",\"@id\":\"https:\/\/www.erresse-shop.it\/de\/#website\",\"url\":\"https:\/\/www.erresse-shop.it\/de\/\",\"name\":\"Erresse Shop\",\"description\":\"Articoli di qualit\u00e0 per la casa\",\"potentialAction\":[{\"@type\":\"SearchAction\",\"target\":{\"@type\":\"EntryPoint\",\"urlTemplate\":\"https:\/\/www.erresse-shop.it\/de\/?s={search_term_string}\"},\"query-input\":\"required name=search_term_string\"}],\"inLanguage\":\"de-DE\"}]}<\/script>\n<!-- \/ Yoast SEO Premium plugin. -->","yoast_head_json":{"title":"LEONARDO Milano Vase 28cm Grau","description":"Entdecken Sie LEONARDO Milano Vase 28cm Grau bei ErresseShop. Qualit\u00e4t, Stil und Funktionalit\u00e4t \u2013 jetzt online bestellen!","robots":{"index":"index","follow":"follow","max-snippet":"max-snippet:-1","max-image-preview":"max-image-preview:large","max-video-preview":"max-video-preview:-1"},"canonical":"https:\/\/www.erresse-shop.it\/de\/shop\/einrichtung-haus\/vasen\/leonardo-milano-vase-28cm-grau\/","og_locale":"de_DE","og_type":"article","og_title":"LEONARDO Milano Vase 28cm Grau","og_description":"Entdecken Sie LEONARDO Milano Vase 28cm Grau bei ErresseShop. Qualit\u00e4t, Stil und Funktionalit\u00e4t \u2013 jetzt online bestellen!","og_url":"https:\/\/www.erresse-shop.it\/de\/shop\/einrichtung-haus\/vasen\/leonardo-milano-vase-28cm-grau\/","og_site_name":"Erresse Shop","article_modified_time":"2025-01-17T10:58:57+00:00","og_image":[{"width":800,"height":800,"url":"https:\/\/www.erresse-shop.it\/wp-content\/uploads\/2023\/10\/Leonardo-milano-nero-28-cm.jpg","type":"image\/jpeg"}],"twitter_card":"summary_large_image","schema":{"@context":"https:\/\/schema.org","@graph":[{"@type":"WebPage","@id":"https:\/\/www.erresse-shop.it\/de\/shop\/einrichtung-haus\/vasen\/leonardo-milano-vase-28cm-grau\/","url":"https:\/\/www.erresse-shop.it\/de\/shop\/einrichtung-haus\/vasen\/leonardo-milano-vase-28cm-grau\/","name":"LEONARDO Milano Vase 28cm Grau","isPartOf":{"@id":"https:\/\/www.erresse-shop.it\/de\/#website"},"datePublished":"2023-10-27T08:56:24+00:00","dateModified":"2025-01-17T10:58:57+00:00","description":"Entdecken Sie LEONARDO Milano Vase 28cm Grau bei ErresseShop. Qualit\u00e4t, Stil und Funktionalit\u00e4t \u2013 jetzt online bestellen!","breadcrumb":{"@id":"https:\/\/www.erresse-shop.it\/de\/shop\/einrichtung-haus\/vasen\/leonardo-milano-vase-28cm-grau\/#breadcrumb"},"inLanguage":"de-DE","potentialAction":[{"@type":"ReadAction","target":["https:\/\/www.erresse-shop.it\/de\/shop\/einrichtung-haus\/vasen\/leonardo-milano-vase-28cm-grau\/"]}]},{"@type":"BreadcrumbList","@id":"https:\/\/www.erresse-shop.it\/de\/shop\/einrichtung-haus\/vasen\/leonardo-milano-vase-28cm-grau\/#breadcrumb","itemListElement":[{"@type":"ListItem","position":1,"name":"Home","item":"https:\/\/www.erresse-shop.it\/de\/"},{"@type":"ListItem","position":2,"name":"Shop","item":"https:\/\/www.erresse-shop.it\/de\/shop\/"},{"@type":"ListItem","position":3,"name":"LEONARDO Milano Vase 28cm Grau"}]},{"@type":"WebSite","@id":"https:\/\/www.erresse-shop.it\/de\/#website","url":"https:\/\/www.erresse-shop.it\/de\/","name":"Erresse Shop","description":"Articoli di qualit\u00e0 per la casa","potentialAction":[{"@type":"SearchAction","target":{"@type":"EntryPoint","urlTemplate":"https:\/\/www.erresse-shop.it\/de\/?s={search_term_string}"},"query-input":"required name=search_term_string"}],"inLanguage":"de-DE"}]}},"df_price":24.95,"df_sale_price":24.95,"df_regular_price":49.95,"df_image_link":"https:\/\/www.erresse-shop.it\/wp-content\/uploads\/2023\/10\/Leonardo-milano-nero-28-cm-300x300.jpg","_links":{"self":[{"href":"https:\/\/www.erresse-shop.it\/de\/wp-json\/wp\/v2\/product\/342689"}],"collection":[{"href":"https:\/\/www.erresse-shop.it\/de\/wp-json\/wp\/v2\/product"}],"about":[{"href":"https:\/\/www.erresse-shop.it\/de\/wp-json\/wp\/v2\/types\/product"}],"wp:featuredmedia":[{"embeddable":true,"href":"https:\/\/www.erresse-shop.it\/de\/wp-json\/wp\/v2\/media\/342697"}],"wp:attachment":[{"href":"https:\/\/www.erresse-shop.it\/de\/wp-json\/wp\/v2\/media?parent=342689"}],"wp:term":[{"taxonomy":"product_cat","embeddable":true,"href":"https:\/\/www.erresse-shop.it\/de\/wp-json\/wp\/v2\/product_cat?post=342689"},{"taxonomy":"product_tag","embeddable":true,"href":"https:\/\/www.erresse-shop.it\/de\/wp-json\/wp\/v2\/product_tag?post=342689"}],"curies":[{"name":"wp","href":"https:\/\/api.w.org\/{rel}","templated":true}]}}