{"id":342436,"date":"2023-10-26T14:49:50","date_gmt":"2023-10-26T14:49:52","guid":{"rendered":"https:\/\/www.erresse-shop.it\/?post_type=product&#038;p=342436"},"modified":"2025-01-17T06:25:22","modified_gmt":"2025-01-17T06:25:22","slug":"guzzini-tiffany-kuchendosen-set","status":"publish","type":"product","link":"https:\/\/www.erresse-shop.it\/de\/shop\/tisch\/tortenplatten\/guzzini-tiffany-kuchendosen-set\/","title":{"rendered":"GUZZINI Tiffany Kuchendosen-Set"},"content":{"rendered":"<p>Diese glockenf\u00f6rmige Kuchenform zeichnet sich durch ihre glatte Oberfl\u00e4che und den Teller mit dem charakteristischen Karomuster von Tiffany aus. Die doppelseitige Platte erm\u00f6glicht es Ihnen, weiche Kuchen auf der Seite mit dem erh\u00f6hten Rand und trockene Kuchen oder Torten auf der flachen Seite zu halten.<\/p>\n<p>Abmessungen: \u00d836 x H14 cm<br \/>\nWerkstoff: SMMA<br \/>\nEntwerfer: Pio&amp;Tito Toso<\/p>\n","protected":false},"excerpt":{"rendered":"<p>Diese glockenf\u00f6rmige Kuchenform zeichnet sich durch ihre glatte Oberfl\u00e4che und den Teller mit dem charakteristischen Karomuster von Tiffany aus. Die<\/p>\n","protected":false},"featured_media":342443,"template":"","meta":{"_acf_changed":false,"inline_featured_image":false},"product_cat":[6787,6799],"product_tag":[11773,24604,20537],"acf":[],"yoast_head":"<!-- This site is optimized with the Yoast SEO Premium plugin v18.6 (Yoast SEO v19.13) - https:\/\/yoast.com\/wordpress\/plugins\/seo\/ -->\n<title>GUZZINI Tiffany Kuchendosen-Set<\/title>\n<meta name=\"description\" content=\"Entdecken Sie GUZZINI Tiffany Kuchendosen-Set bei ErresseShop. Qualit\u00e4t, Stil und Funktionalit\u00e4t \u2013 jetzt online bestellen!\" \/>\n<meta name=\"robots\" content=\"index, follow, max-snippet:-1, max-image-preview:large, max-video-preview:-1\" \/>\n<link rel=\"canonical\" href=\"https:\/\/www.erresse-shop.it\/de\/shop\/tisch\/tortenplatten\/guzzini-tiffany-kuchendosen-set\/\" \/>\n<meta property=\"og:locale\" content=\"de_DE\" \/>\n<meta property=\"og:type\" content=\"article\" \/>\n<meta property=\"og:title\" content=\"GUZZINI Tiffany Kuchendosen-Set\" \/>\n<meta property=\"og:description\" content=\"Entdecken Sie GUZZINI Tiffany Kuchendosen-Set bei ErresseShop. Qualit\u00e4t, Stil und Funktionalit\u00e4t \u2013 jetzt online bestellen!\" \/>\n<meta property=\"og:url\" content=\"https:\/\/www.erresse-shop.it\/de\/shop\/tisch\/tortenplatten\/guzzini-tiffany-kuchendosen-set\/\" \/>\n<meta property=\"og:site_name\" content=\"Erresse Shop\" \/>\n<meta property=\"article:modified_time\" content=\"2025-01-17T06:25:22+00:00\" \/>\n<meta property=\"og:image\" content=\"https:\/\/www.erresse-shop.it\/wp-content\/uploads\/2023\/10\/GUZZINI-Tiffany-Set-Tortiera.jpg\" \/>\n\t<meta property=\"og:image:width\" content=\"800\" \/>\n\t<meta property=\"og:image:height\" content=\"800\" \/>\n\t<meta property=\"og:image:type\" content=\"image\/jpeg\" \/>\n<meta name=\"twitter:card\" content=\"summary_large_image\" \/>\n<script type=\"application\/ld+json\" class=\"yoast-schema-graph\">{\"@context\":\"https:\/\/schema.org\",\"@graph\":[{\"@type\":\"WebPage\",\"@id\":\"https:\/\/www.erresse-shop.it\/de\/shop\/tisch\/tortenplatten\/guzzini-tiffany-kuchendosen-set\/\",\"url\":\"https:\/\/www.erresse-shop.it\/de\/shop\/tisch\/tortenplatten\/guzzini-tiffany-kuchendosen-set\/\",\"name\":\"GUZZINI Tiffany Kuchendosen-Set\",\"isPartOf\":{\"@id\":\"https:\/\/www.erresse-shop.it\/de\/#website\"},\"datePublished\":\"2023-10-26T14:49:52+00:00\",\"dateModified\":\"2025-01-17T06:25:22+00:00\",\"description\":\"Entdecken Sie GUZZINI Tiffany Kuchendosen-Set bei ErresseShop. Qualit\u00e4t, Stil und Funktionalit\u00e4t \u2013 jetzt online bestellen!\",\"breadcrumb\":{\"@id\":\"https:\/\/www.erresse-shop.it\/de\/shop\/tisch\/tortenplatten\/guzzini-tiffany-kuchendosen-set\/#breadcrumb\"},\"inLanguage\":\"de-DE\",\"potentialAction\":[{\"@type\":\"ReadAction\",\"target\":[\"https:\/\/www.erresse-shop.it\/de\/shop\/tisch\/tortenplatten\/guzzini-tiffany-kuchendosen-set\/\"]}]},{\"@type\":\"BreadcrumbList\",\"@id\":\"https:\/\/www.erresse-shop.it\/de\/shop\/tisch\/tortenplatten\/guzzini-tiffany-kuchendosen-set\/#breadcrumb\",\"itemListElement\":[{\"@type\":\"ListItem\",\"position\":1,\"name\":\"Home\",\"item\":\"https:\/\/www.erresse-shop.it\/de\/\"},{\"@type\":\"ListItem\",\"position\":2,\"name\":\"Shop\",\"item\":\"https:\/\/www.erresse-shop.it\/de\/shop\/\"},{\"@type\":\"ListItem\",\"position\":3,\"name\":\"GUZZINI Tiffany Kuchendosen-Set\"}]},{\"@type\":\"WebSite\",\"@id\":\"https:\/\/www.erresse-shop.it\/de\/#website\",\"url\":\"https:\/\/www.erresse-shop.it\/de\/\",\"name\":\"Erresse Shop\",\"description\":\"Articoli di qualit\u00e0 per la casa\",\"potentialAction\":[{\"@type\":\"SearchAction\",\"target\":{\"@type\":\"EntryPoint\",\"urlTemplate\":\"https:\/\/www.erresse-shop.it\/de\/?s={search_term_string}\"},\"query-input\":\"required name=search_term_string\"}],\"inLanguage\":\"de-DE\"}]}<\/script>\n<!-- \/ Yoast SEO Premium plugin. -->","yoast_head_json":{"title":"GUZZINI Tiffany Kuchendosen-Set","description":"Entdecken Sie GUZZINI Tiffany Kuchendosen-Set bei ErresseShop. Qualit\u00e4t, Stil und Funktionalit\u00e4t \u2013 jetzt online bestellen!","robots":{"index":"index","follow":"follow","max-snippet":"max-snippet:-1","max-image-preview":"max-image-preview:large","max-video-preview":"max-video-preview:-1"},"canonical":"https:\/\/www.erresse-shop.it\/de\/shop\/tisch\/tortenplatten\/guzzini-tiffany-kuchendosen-set\/","og_locale":"de_DE","og_type":"article","og_title":"GUZZINI Tiffany Kuchendosen-Set","og_description":"Entdecken Sie GUZZINI Tiffany Kuchendosen-Set bei ErresseShop. Qualit\u00e4t, Stil und Funktionalit\u00e4t \u2013 jetzt online bestellen!","og_url":"https:\/\/www.erresse-shop.it\/de\/shop\/tisch\/tortenplatten\/guzzini-tiffany-kuchendosen-set\/","og_site_name":"Erresse Shop","article_modified_time":"2025-01-17T06:25:22+00:00","og_image":[{"width":800,"height":800,"url":"https:\/\/www.erresse-shop.it\/wp-content\/uploads\/2023\/10\/GUZZINI-Tiffany-Set-Tortiera.jpg","type":"image\/jpeg"}],"twitter_card":"summary_large_image","schema":{"@context":"https:\/\/schema.org","@graph":[{"@type":"WebPage","@id":"https:\/\/www.erresse-shop.it\/de\/shop\/tisch\/tortenplatten\/guzzini-tiffany-kuchendosen-set\/","url":"https:\/\/www.erresse-shop.it\/de\/shop\/tisch\/tortenplatten\/guzzini-tiffany-kuchendosen-set\/","name":"GUZZINI Tiffany Kuchendosen-Set","isPartOf":{"@id":"https:\/\/www.erresse-shop.it\/de\/#website"},"datePublished":"2023-10-26T14:49:52+00:00","dateModified":"2025-01-17T06:25:22+00:00","description":"Entdecken Sie GUZZINI Tiffany Kuchendosen-Set bei ErresseShop. Qualit\u00e4t, Stil und Funktionalit\u00e4t \u2013 jetzt online bestellen!","breadcrumb":{"@id":"https:\/\/www.erresse-shop.it\/de\/shop\/tisch\/tortenplatten\/guzzini-tiffany-kuchendosen-set\/#breadcrumb"},"inLanguage":"de-DE","potentialAction":[{"@type":"ReadAction","target":["https:\/\/www.erresse-shop.it\/de\/shop\/tisch\/tortenplatten\/guzzini-tiffany-kuchendosen-set\/"]}]},{"@type":"BreadcrumbList","@id":"https:\/\/www.erresse-shop.it\/de\/shop\/tisch\/tortenplatten\/guzzini-tiffany-kuchendosen-set\/#breadcrumb","itemListElement":[{"@type":"ListItem","position":1,"name":"Home","item":"https:\/\/www.erresse-shop.it\/de\/"},{"@type":"ListItem","position":2,"name":"Shop","item":"https:\/\/www.erresse-shop.it\/de\/shop\/"},{"@type":"ListItem","position":3,"name":"GUZZINI Tiffany Kuchendosen-Set"}]},{"@type":"WebSite","@id":"https:\/\/www.erresse-shop.it\/de\/#website","url":"https:\/\/www.erresse-shop.it\/de\/","name":"Erresse Shop","description":"Articoli di qualit\u00e0 per la casa","potentialAction":[{"@type":"SearchAction","target":{"@type":"EntryPoint","urlTemplate":"https:\/\/www.erresse-shop.it\/de\/?s={search_term_string}"},"query-input":"required name=search_term_string"}],"inLanguage":"de-DE"}]}},"df_price":19.5,"df_sale_price":19.5,"df_regular_price":39,"df_image_link":"https:\/\/www.erresse-shop.it\/wp-content\/uploads\/2023\/10\/GUZZINI-Tiffany-Set-Tortiera-300x300.jpg","_links":{"self":[{"href":"https:\/\/www.erresse-shop.it\/de\/wp-json\/wp\/v2\/product\/342436"}],"collection":[{"href":"https:\/\/www.erresse-shop.it\/de\/wp-json\/wp\/v2\/product"}],"about":[{"href":"https:\/\/www.erresse-shop.it\/de\/wp-json\/wp\/v2\/types\/product"}],"wp:featuredmedia":[{"embeddable":true,"href":"https:\/\/www.erresse-shop.it\/de\/wp-json\/wp\/v2\/media\/342443"}],"wp:attachment":[{"href":"https:\/\/www.erresse-shop.it\/de\/wp-json\/wp\/v2\/media?parent=342436"}],"wp:term":[{"taxonomy":"product_cat","embeddable":true,"href":"https:\/\/www.erresse-shop.it\/de\/wp-json\/wp\/v2\/product_cat?post=342436"},{"taxonomy":"product_tag","embeddable":true,"href":"https:\/\/www.erresse-shop.it\/de\/wp-json\/wp\/v2\/product_tag?post=342436"}],"curies":[{"name":"wp","href":"https:\/\/api.w.org\/{rel}","templated":true}]}}