{"id":342357,"date":"2023-10-26T12:54:28","date_gmt":"2023-10-26T12:54:30","guid":{"rendered":"https:\/\/www.erresse-shop.it\/?post_type=product&#038;p=342357"},"modified":"2025-01-17T09:08:35","modified_gmt":"2025-01-17T09:08:35","slug":"le-creuset-grillburste-kirsche","status":"publish","type":"product","link":"https:\/\/www.erresse-shop.it\/de\/shop\/toepfe-pfannen\/zubehoer-topf-pfanne\/le-creuset-grillburste-kirsche\/","title":{"rendered":"LE CREUSET Grillb\u00fcrste Kirsche"},"content":{"rendered":"<p>Pflegen Sie Ihre Le Creuset Produkte aus verglastem Gusseisen mit dieser speziell entwickelten B\u00fcrste, um hartn\u00e4ckige Essensreste m\u00fchelos zu entfernen. Sparen Sie Zeit und M\u00fche und bringen Sie Ihre wertvollen T\u00f6pfe und Pfannen zum Gl\u00e4nzen. Die flexiblen Nylonborsten besch\u00e4digen die Verglasung nicht und eignen sich auch perfekt f\u00fcr Grills.<\/p>\n","protected":false},"excerpt":{"rendered":"<p>Pflegen Sie Ihre Le Creuset Produkte aus verglastem Gusseisen mit dieser speziell entwickelten B\u00fcrste, um hartn\u00e4ckige Essensreste m\u00fchelos zu entfernen.<\/p>\n","protected":false},"featured_media":342370,"template":"","meta":{"_acf_changed":false,"inline_featured_image":false},"product_cat":[6784,6709],"product_tag":[25088,11833,12211,22347,25022,21330],"acf":[],"yoast_head":"<!-- This site is optimized with the Yoast SEO Premium plugin v18.6 (Yoast SEO v19.13) - https:\/\/yoast.com\/wordpress\/plugins\/seo\/ -->\n<title>LE CREUSET Grillb\u00fcrste Kirsche<\/title>\n<meta name=\"description\" content=\"Entdecken Sie LE CREUSET Grillb\u00fcrste Kirsche bei ErresseShop. Qualit\u00e4t, Stil und Funktionalit\u00e4t \u2013 jetzt online bestellen!\" \/>\n<meta name=\"robots\" content=\"index, follow, max-snippet:-1, max-image-preview:large, max-video-preview:-1\" \/>\n<link rel=\"canonical\" href=\"https:\/\/www.erresse-shop.it\/de\/shop\/toepfe-pfannen\/zubehoer-topf-pfanne\/le-creuset-grillburste-kirsche\/\" \/>\n<meta property=\"og:locale\" content=\"de_DE\" \/>\n<meta property=\"og:type\" content=\"article\" \/>\n<meta property=\"og:title\" content=\"LE CREUSET Grillb\u00fcrste Kirsche\" \/>\n<meta property=\"og:description\" content=\"Entdecken Sie LE CREUSET Grillb\u00fcrste Kirsche bei ErresseShop. Qualit\u00e4t, Stil und Funktionalit\u00e4t \u2013 jetzt online bestellen!\" \/>\n<meta property=\"og:url\" content=\"https:\/\/www.erresse-shop.it\/de\/shop\/toepfe-pfannen\/zubehoer-topf-pfanne\/le-creuset-grillburste-kirsche\/\" \/>\n<meta property=\"og:site_name\" content=\"Erresse Shop\" \/>\n<meta property=\"article:modified_time\" content=\"2025-01-17T09:08:35+00:00\" \/>\n<meta property=\"og:image\" content=\"https:\/\/www.erresse-shop.it\/wp-content\/uploads\/2023\/10\/LE-CREUSET-Spazzola-per-Grill-Ciliegia.jpg\" \/>\n\t<meta property=\"og:image:width\" content=\"800\" \/>\n\t<meta property=\"og:image:height\" content=\"800\" \/>\n\t<meta property=\"og:image:type\" content=\"image\/jpeg\" \/>\n<meta name=\"twitter:card\" content=\"summary_large_image\" \/>\n<script type=\"application\/ld+json\" class=\"yoast-schema-graph\">{\"@context\":\"https:\/\/schema.org\",\"@graph\":[{\"@type\":\"WebPage\",\"@id\":\"https:\/\/www.erresse-shop.it\/de\/shop\/toepfe-pfannen\/zubehoer-topf-pfanne\/le-creuset-grillburste-kirsche\/\",\"url\":\"https:\/\/www.erresse-shop.it\/de\/shop\/toepfe-pfannen\/zubehoer-topf-pfanne\/le-creuset-grillburste-kirsche\/\",\"name\":\"LE CREUSET Grillb\u00fcrste Kirsche\",\"isPartOf\":{\"@id\":\"https:\/\/www.erresse-shop.it\/de\/#website\"},\"datePublished\":\"2023-10-26T12:54:30+00:00\",\"dateModified\":\"2025-01-17T09:08:35+00:00\",\"description\":\"Entdecken Sie LE CREUSET Grillb\u00fcrste Kirsche bei ErresseShop. Qualit\u00e4t, Stil und Funktionalit\u00e4t \u2013 jetzt online bestellen!\",\"breadcrumb\":{\"@id\":\"https:\/\/www.erresse-shop.it\/de\/shop\/toepfe-pfannen\/zubehoer-topf-pfanne\/le-creuset-grillburste-kirsche\/#breadcrumb\"},\"inLanguage\":\"de-DE\",\"potentialAction\":[{\"@type\":\"ReadAction\",\"target\":[\"https:\/\/www.erresse-shop.it\/de\/shop\/toepfe-pfannen\/zubehoer-topf-pfanne\/le-creuset-grillburste-kirsche\/\"]}]},{\"@type\":\"BreadcrumbList\",\"@id\":\"https:\/\/www.erresse-shop.it\/de\/shop\/toepfe-pfannen\/zubehoer-topf-pfanne\/le-creuset-grillburste-kirsche\/#breadcrumb\",\"itemListElement\":[{\"@type\":\"ListItem\",\"position\":1,\"name\":\"Home\",\"item\":\"https:\/\/www.erresse-shop.it\/de\/\"},{\"@type\":\"ListItem\",\"position\":2,\"name\":\"Shop\",\"item\":\"https:\/\/www.erresse-shop.it\/de\/shop\/\"},{\"@type\":\"ListItem\",\"position\":3,\"name\":\"LE CREUSET Grillb\u00fcrste Kirsche\"}]},{\"@type\":\"WebSite\",\"@id\":\"https:\/\/www.erresse-shop.it\/de\/#website\",\"url\":\"https:\/\/www.erresse-shop.it\/de\/\",\"name\":\"Erresse Shop\",\"description\":\"Articoli di qualit\u00e0 per la casa\",\"potentialAction\":[{\"@type\":\"SearchAction\",\"target\":{\"@type\":\"EntryPoint\",\"urlTemplate\":\"https:\/\/www.erresse-shop.it\/de\/?s={search_term_string}\"},\"query-input\":\"required name=search_term_string\"}],\"inLanguage\":\"de-DE\"}]}<\/script>\n<!-- \/ Yoast SEO Premium plugin. -->","yoast_head_json":{"title":"LE CREUSET Grillb\u00fcrste Kirsche","description":"Entdecken Sie LE CREUSET Grillb\u00fcrste Kirsche bei ErresseShop. Qualit\u00e4t, Stil und Funktionalit\u00e4t \u2013 jetzt online bestellen!","robots":{"index":"index","follow":"follow","max-snippet":"max-snippet:-1","max-image-preview":"max-image-preview:large","max-video-preview":"max-video-preview:-1"},"canonical":"https:\/\/www.erresse-shop.it\/de\/shop\/toepfe-pfannen\/zubehoer-topf-pfanne\/le-creuset-grillburste-kirsche\/","og_locale":"de_DE","og_type":"article","og_title":"LE CREUSET Grillb\u00fcrste Kirsche","og_description":"Entdecken Sie LE CREUSET Grillb\u00fcrste Kirsche bei ErresseShop. Qualit\u00e4t, Stil und Funktionalit\u00e4t \u2013 jetzt online bestellen!","og_url":"https:\/\/www.erresse-shop.it\/de\/shop\/toepfe-pfannen\/zubehoer-topf-pfanne\/le-creuset-grillburste-kirsche\/","og_site_name":"Erresse Shop","article_modified_time":"2025-01-17T09:08:35+00:00","og_image":[{"width":800,"height":800,"url":"https:\/\/www.erresse-shop.it\/wp-content\/uploads\/2023\/10\/LE-CREUSET-Spazzola-per-Grill-Ciliegia.jpg","type":"image\/jpeg"}],"twitter_card":"summary_large_image","schema":{"@context":"https:\/\/schema.org","@graph":[{"@type":"WebPage","@id":"https:\/\/www.erresse-shop.it\/de\/shop\/toepfe-pfannen\/zubehoer-topf-pfanne\/le-creuset-grillburste-kirsche\/","url":"https:\/\/www.erresse-shop.it\/de\/shop\/toepfe-pfannen\/zubehoer-topf-pfanne\/le-creuset-grillburste-kirsche\/","name":"LE CREUSET Grillb\u00fcrste Kirsche","isPartOf":{"@id":"https:\/\/www.erresse-shop.it\/de\/#website"},"datePublished":"2023-10-26T12:54:30+00:00","dateModified":"2025-01-17T09:08:35+00:00","description":"Entdecken Sie LE CREUSET Grillb\u00fcrste Kirsche bei ErresseShop. Qualit\u00e4t, Stil und Funktionalit\u00e4t \u2013 jetzt online bestellen!","breadcrumb":{"@id":"https:\/\/www.erresse-shop.it\/de\/shop\/toepfe-pfannen\/zubehoer-topf-pfanne\/le-creuset-grillburste-kirsche\/#breadcrumb"},"inLanguage":"de-DE","potentialAction":[{"@type":"ReadAction","target":["https:\/\/www.erresse-shop.it\/de\/shop\/toepfe-pfannen\/zubehoer-topf-pfanne\/le-creuset-grillburste-kirsche\/"]}]},{"@type":"BreadcrumbList","@id":"https:\/\/www.erresse-shop.it\/de\/shop\/toepfe-pfannen\/zubehoer-topf-pfanne\/le-creuset-grillburste-kirsche\/#breadcrumb","itemListElement":[{"@type":"ListItem","position":1,"name":"Home","item":"https:\/\/www.erresse-shop.it\/de\/"},{"@type":"ListItem","position":2,"name":"Shop","item":"https:\/\/www.erresse-shop.it\/de\/shop\/"},{"@type":"ListItem","position":3,"name":"LE CREUSET Grillb\u00fcrste Kirsche"}]},{"@type":"WebSite","@id":"https:\/\/www.erresse-shop.it\/de\/#website","url":"https:\/\/www.erresse-shop.it\/de\/","name":"Erresse Shop","description":"Articoli di qualit\u00e0 per la casa","potentialAction":[{"@type":"SearchAction","target":{"@type":"EntryPoint","urlTemplate":"https:\/\/www.erresse-shop.it\/de\/?s={search_term_string}"},"query-input":"required name=search_term_string"}],"inLanguage":"de-DE"}]}},"df_price":9.9,"df_sale_price":9.9,"df_regular_price":22,"df_image_link":"https:\/\/www.erresse-shop.it\/wp-content\/uploads\/2023\/10\/LE-CREUSET-Spazzola-per-Grill-Ciliegia-300x300.jpg","_links":{"self":[{"href":"https:\/\/www.erresse-shop.it\/de\/wp-json\/wp\/v2\/product\/342357"}],"collection":[{"href":"https:\/\/www.erresse-shop.it\/de\/wp-json\/wp\/v2\/product"}],"about":[{"href":"https:\/\/www.erresse-shop.it\/de\/wp-json\/wp\/v2\/types\/product"}],"wp:featuredmedia":[{"embeddable":true,"href":"https:\/\/www.erresse-shop.it\/de\/wp-json\/wp\/v2\/media\/342370"}],"wp:attachment":[{"href":"https:\/\/www.erresse-shop.it\/de\/wp-json\/wp\/v2\/media?parent=342357"}],"wp:term":[{"taxonomy":"product_cat","embeddable":true,"href":"https:\/\/www.erresse-shop.it\/de\/wp-json\/wp\/v2\/product_cat?post=342357"},{"taxonomy":"product_tag","embeddable":true,"href":"https:\/\/www.erresse-shop.it\/de\/wp-json\/wp\/v2\/product_tag?post=342357"}],"curies":[{"name":"wp","href":"https:\/\/api.w.org\/{rel}","templated":true}]}}