{"id":341373,"date":"2023-10-24T14:04:29","date_gmt":"2023-10-24T14:04:34","guid":{"rendered":"https:\/\/www.erresse-shop.it\/?post_type=product&#038;p=341373"},"modified":"2025-01-17T06:25:18","modified_gmt":"2025-01-17T06:25:18","slug":"guzzini-eco-packly-abfallbehalter-fur-die-getrennte-sammlung-grun","status":"publish","type":"product","link":"https:\/\/www.erresse-shop.it\/de\/shop\/einrichtung-haus\/muelltonnen\/guzzini-eco-packly-abfallbehalter-fur-die-getrennte-sammlung-grun\/","title":{"rendered":"GUZZINI Eco-Packly Abfallbeh\u00e4lter f\u00fcr die getrennte Sammlung Gr\u00fcn"},"content":{"rendered":"<p>EcoPackly, der innovative, platzsparende Abfalleimer im Faltdesign, ist ideal f\u00fcr die getrennte Sammlung von Papier, Plastik, Glas und Metall zu Hause. Bei Nichtgebrauch l\u00e4sst er sich bequem zusammenfalten und auf kleinem Raum verstauen. 25 Liter Fassungsverm\u00f6gen und das Design des oberen Randes erm\u00f6glichen das Anbringen und Verstauen des Beutels. Er ist in verschiedenen Farben erh\u00e4ltlich, leicht zu reinigen und l\u00e4sst sich dank der beiden praktischen Griffe bequem tragen und entleeren. Er besteht aus recyceltem und zu 100 % recycelbarem Kunststoff und schont die Umwelt auch w\u00e4hrend des Transports und der Lagerung dank seiner innovativen, zusammenklappbaren Struktur, die sein Volumen um 80 % reduziert.<\/p>\n<p>Detail Farbe: Gr\u00fcn<br \/>\nAbmessungen: 30x25xh45 cm (offen) | 30x5xh45 cm (geschlossen)<br \/>\nFassungsverm\u00f6gen: 25 Liter<br \/>\nMaterial: 100% recycelter Kunststoff<br \/>\nDesigner: Roberto Giacomucci<\/p>\n","protected":false},"excerpt":{"rendered":"<p>EcoPackly, der innovative, platzsparende Abfalleimer im Faltdesign, ist ideal f\u00fcr die getrennte Sammlung von Papier, Plastik, Glas und Metall zu<\/p>\n","protected":false},"featured_media":341382,"template":"","meta":{"_acf_changed":false,"inline_featured_image":false},"product_cat":[6817,14032],"product_tag":[25027,13487,23839,21228,25022],"acf":[],"yoast_head":"<!-- This site is optimized with the Yoast SEO Premium plugin v18.6 (Yoast SEO v19.13) - https:\/\/yoast.com\/wordpress\/plugins\/seo\/ -->\n<title>GUZZINI Eco-Packly Abfallbeh\u00e4lter f\u00fcr die getrennte Sammlung Gr\u00fcn<\/title>\n<meta name=\"description\" content=\"Entdecken Sie GUZZINI Eco-Packly Abfallbeh\u00e4lter f\u00fcr die getrennte Sammlung Gr\u00fcn bei ErresseShop. Qualit\u00e4t, Stil und Funktionalit\u00e4t \u2013 jetzt online bestellen!\" \/>\n<meta name=\"robots\" content=\"index, follow, max-snippet:-1, max-image-preview:large, max-video-preview:-1\" \/>\n<link rel=\"canonical\" href=\"https:\/\/www.erresse-shop.it\/de\/shop\/einrichtung-haus\/muelltonnen\/guzzini-eco-packly-abfallbehalter-fur-die-getrennte-sammlung-grun\/\" \/>\n<meta property=\"og:locale\" content=\"de_DE\" \/>\n<meta property=\"og:type\" content=\"article\" \/>\n<meta property=\"og:title\" content=\"GUZZINI Eco-Packly Abfallbeh\u00e4lter f\u00fcr die getrennte Sammlung Gr\u00fcn\" \/>\n<meta property=\"og:description\" content=\"Entdecken Sie GUZZINI Eco-Packly Abfallbeh\u00e4lter f\u00fcr die getrennte Sammlung Gr\u00fcn bei ErresseShop. Qualit\u00e4t, Stil und Funktionalit\u00e4t \u2013 jetzt online bestellen!\" \/>\n<meta property=\"og:url\" content=\"https:\/\/www.erresse-shop.it\/de\/shop\/einrichtung-haus\/muelltonnen\/guzzini-eco-packly-abfallbehalter-fur-die-getrennte-sammlung-grun\/\" \/>\n<meta property=\"og:site_name\" content=\"Erresse Shop\" \/>\n<meta property=\"article:modified_time\" content=\"2025-01-17T06:25:18+00:00\" \/>\n<meta property=\"og:image\" content=\"https:\/\/www.erresse-shop.it\/wp-content\/uploads\/2023\/10\/GUZZINI-Eco-Packly-Pattumiera-per-Raccolta-Differenziata-Verde.jpg\" \/>\n\t<meta property=\"og:image:width\" content=\"800\" \/>\n\t<meta property=\"og:image:height\" content=\"800\" \/>\n\t<meta property=\"og:image:type\" content=\"image\/jpeg\" \/>\n<meta name=\"twitter:card\" content=\"summary_large_image\" \/>\n<script type=\"application\/ld+json\" class=\"yoast-schema-graph\">{\"@context\":\"https:\/\/schema.org\",\"@graph\":[{\"@type\":\"WebPage\",\"@id\":\"https:\/\/www.erresse-shop.it\/de\/shop\/einrichtung-haus\/muelltonnen\/guzzini-eco-packly-abfallbehalter-fur-die-getrennte-sammlung-grun\/\",\"url\":\"https:\/\/www.erresse-shop.it\/de\/shop\/einrichtung-haus\/muelltonnen\/guzzini-eco-packly-abfallbehalter-fur-die-getrennte-sammlung-grun\/\",\"name\":\"GUZZINI Eco-Packly Abfallbeh\u00e4lter f\u00fcr die getrennte Sammlung Gr\u00fcn\",\"isPartOf\":{\"@id\":\"https:\/\/www.erresse-shop.it\/de\/#website\"},\"datePublished\":\"2023-10-24T14:04:34+00:00\",\"dateModified\":\"2025-01-17T06:25:18+00:00\",\"description\":\"Entdecken Sie GUZZINI Eco-Packly Abfallbeh\u00e4lter f\u00fcr die getrennte Sammlung Gr\u00fcn bei ErresseShop. Qualit\u00e4t, Stil und Funktionalit\u00e4t \u2013 jetzt online bestellen!\",\"breadcrumb\":{\"@id\":\"https:\/\/www.erresse-shop.it\/de\/shop\/einrichtung-haus\/muelltonnen\/guzzini-eco-packly-abfallbehalter-fur-die-getrennte-sammlung-grun\/#breadcrumb\"},\"inLanguage\":\"de-DE\",\"potentialAction\":[{\"@type\":\"ReadAction\",\"target\":[\"https:\/\/www.erresse-shop.it\/de\/shop\/einrichtung-haus\/muelltonnen\/guzzini-eco-packly-abfallbehalter-fur-die-getrennte-sammlung-grun\/\"]}]},{\"@type\":\"BreadcrumbList\",\"@id\":\"https:\/\/www.erresse-shop.it\/de\/shop\/einrichtung-haus\/muelltonnen\/guzzini-eco-packly-abfallbehalter-fur-die-getrennte-sammlung-grun\/#breadcrumb\",\"itemListElement\":[{\"@type\":\"ListItem\",\"position\":1,\"name\":\"Home\",\"item\":\"https:\/\/www.erresse-shop.it\/de\/\"},{\"@type\":\"ListItem\",\"position\":2,\"name\":\"Shop\",\"item\":\"https:\/\/www.erresse-shop.it\/de\/shop\/\"},{\"@type\":\"ListItem\",\"position\":3,\"name\":\"GUZZINI Eco-Packly Abfallbeh\u00e4lter f\u00fcr die getrennte Sammlung Gr\u00fcn\"}]},{\"@type\":\"WebSite\",\"@id\":\"https:\/\/www.erresse-shop.it\/de\/#website\",\"url\":\"https:\/\/www.erresse-shop.it\/de\/\",\"name\":\"Erresse Shop\",\"description\":\"Articoli di qualit\u00e0 per la casa\",\"potentialAction\":[{\"@type\":\"SearchAction\",\"target\":{\"@type\":\"EntryPoint\",\"urlTemplate\":\"https:\/\/www.erresse-shop.it\/de\/?s={search_term_string}\"},\"query-input\":\"required name=search_term_string\"}],\"inLanguage\":\"de-DE\"}]}<\/script>\n<!-- \/ Yoast SEO Premium plugin. -->","yoast_head_json":{"title":"GUZZINI Eco-Packly Abfallbeh\u00e4lter f\u00fcr die getrennte Sammlung Gr\u00fcn","description":"Entdecken Sie GUZZINI Eco-Packly Abfallbeh\u00e4lter f\u00fcr die getrennte Sammlung Gr\u00fcn bei ErresseShop. Qualit\u00e4t, Stil und Funktionalit\u00e4t \u2013 jetzt online bestellen!","robots":{"index":"index","follow":"follow","max-snippet":"max-snippet:-1","max-image-preview":"max-image-preview:large","max-video-preview":"max-video-preview:-1"},"canonical":"https:\/\/www.erresse-shop.it\/de\/shop\/einrichtung-haus\/muelltonnen\/guzzini-eco-packly-abfallbehalter-fur-die-getrennte-sammlung-grun\/","og_locale":"de_DE","og_type":"article","og_title":"GUZZINI Eco-Packly Abfallbeh\u00e4lter f\u00fcr die getrennte Sammlung Gr\u00fcn","og_description":"Entdecken Sie GUZZINI Eco-Packly Abfallbeh\u00e4lter f\u00fcr die getrennte Sammlung Gr\u00fcn bei ErresseShop. Qualit\u00e4t, Stil und Funktionalit\u00e4t \u2013 jetzt online bestellen!","og_url":"https:\/\/www.erresse-shop.it\/de\/shop\/einrichtung-haus\/muelltonnen\/guzzini-eco-packly-abfallbehalter-fur-die-getrennte-sammlung-grun\/","og_site_name":"Erresse Shop","article_modified_time":"2025-01-17T06:25:18+00:00","og_image":[{"width":800,"height":800,"url":"https:\/\/www.erresse-shop.it\/wp-content\/uploads\/2023\/10\/GUZZINI-Eco-Packly-Pattumiera-per-Raccolta-Differenziata-Verde.jpg","type":"image\/jpeg"}],"twitter_card":"summary_large_image","schema":{"@context":"https:\/\/schema.org","@graph":[{"@type":"WebPage","@id":"https:\/\/www.erresse-shop.it\/de\/shop\/einrichtung-haus\/muelltonnen\/guzzini-eco-packly-abfallbehalter-fur-die-getrennte-sammlung-grun\/","url":"https:\/\/www.erresse-shop.it\/de\/shop\/einrichtung-haus\/muelltonnen\/guzzini-eco-packly-abfallbehalter-fur-die-getrennte-sammlung-grun\/","name":"GUZZINI Eco-Packly Abfallbeh\u00e4lter f\u00fcr die getrennte Sammlung Gr\u00fcn","isPartOf":{"@id":"https:\/\/www.erresse-shop.it\/de\/#website"},"datePublished":"2023-10-24T14:04:34+00:00","dateModified":"2025-01-17T06:25:18+00:00","description":"Entdecken Sie GUZZINI Eco-Packly Abfallbeh\u00e4lter f\u00fcr die getrennte Sammlung Gr\u00fcn bei ErresseShop. Qualit\u00e4t, Stil und Funktionalit\u00e4t \u2013 jetzt online bestellen!","breadcrumb":{"@id":"https:\/\/www.erresse-shop.it\/de\/shop\/einrichtung-haus\/muelltonnen\/guzzini-eco-packly-abfallbehalter-fur-die-getrennte-sammlung-grun\/#breadcrumb"},"inLanguage":"de-DE","potentialAction":[{"@type":"ReadAction","target":["https:\/\/www.erresse-shop.it\/de\/shop\/einrichtung-haus\/muelltonnen\/guzzini-eco-packly-abfallbehalter-fur-die-getrennte-sammlung-grun\/"]}]},{"@type":"BreadcrumbList","@id":"https:\/\/www.erresse-shop.it\/de\/shop\/einrichtung-haus\/muelltonnen\/guzzini-eco-packly-abfallbehalter-fur-die-getrennte-sammlung-grun\/#breadcrumb","itemListElement":[{"@type":"ListItem","position":1,"name":"Home","item":"https:\/\/www.erresse-shop.it\/de\/"},{"@type":"ListItem","position":2,"name":"Shop","item":"https:\/\/www.erresse-shop.it\/de\/shop\/"},{"@type":"ListItem","position":3,"name":"GUZZINI Eco-Packly Abfallbeh\u00e4lter f\u00fcr die getrennte Sammlung Gr\u00fcn"}]},{"@type":"WebSite","@id":"https:\/\/www.erresse-shop.it\/de\/#website","url":"https:\/\/www.erresse-shop.it\/de\/","name":"Erresse Shop","description":"Articoli di qualit\u00e0 per la casa","potentialAction":[{"@type":"SearchAction","target":{"@type":"EntryPoint","urlTemplate":"https:\/\/www.erresse-shop.it\/de\/?s={search_term_string}"},"query-input":"required name=search_term_string"}],"inLanguage":"de-DE"}]}},"df_price":12.45,"df_sale_price":12.45,"df_regular_price":24.9,"df_image_link":"https:\/\/www.erresse-shop.it\/wp-content\/uploads\/2023\/10\/GUZZINI-Eco-Packly-Pattumiera-per-Raccolta-Differenziata-Verde-300x300.jpg","_links":{"self":[{"href":"https:\/\/www.erresse-shop.it\/de\/wp-json\/wp\/v2\/product\/341373"}],"collection":[{"href":"https:\/\/www.erresse-shop.it\/de\/wp-json\/wp\/v2\/product"}],"about":[{"href":"https:\/\/www.erresse-shop.it\/de\/wp-json\/wp\/v2\/types\/product"}],"wp:featuredmedia":[{"embeddable":true,"href":"https:\/\/www.erresse-shop.it\/de\/wp-json\/wp\/v2\/media\/341382"}],"wp:attachment":[{"href":"https:\/\/www.erresse-shop.it\/de\/wp-json\/wp\/v2\/media?parent=341373"}],"wp:term":[{"taxonomy":"product_cat","embeddable":true,"href":"https:\/\/www.erresse-shop.it\/de\/wp-json\/wp\/v2\/product_cat?post=341373"},{"taxonomy":"product_tag","embeddable":true,"href":"https:\/\/www.erresse-shop.it\/de\/wp-json\/wp\/v2\/product_tag?post=341373"}],"curies":[{"name":"wp","href":"https:\/\/api.w.org\/{rel}","templated":true}]}}