{"id":339846,"date":"2023-10-20T14:02:44","date_gmt":"2023-10-20T14:02:46","guid":{"rendered":"https:\/\/www.erresse-shop.it\/?post_type=product&#038;p=339846"},"modified":"2025-01-17T09:08:27","modified_gmt":"2025-01-17T09:08:27","slug":"le-creuset-rechteckiger-grill-aus-gusseisen-32x22-cm-flint","status":"publish","type":"product","link":"https:\/\/www.erresse-shop.it\/de\/shop\/toepfe-pfannen\/grillpfannen\/le-creuset-rechteckiger-grill-aus-gusseisen-32x22-cm-flint\/","title":{"rendered":"LE CREUSET Rechteckiger Grill aus Gusseisen 32&#215;22 cm Flint"},"content":{"rendered":"<p><strong>EIN TADELLOSES BARBECUE<\/strong><\/p>\n<p>Genie\u00dfen Sie alle Aromen und Geschm\u00e4cker des Grillens im Freien in Ihrer K\u00fcche. Mit diesem Grill aus verglastem Gusseisen ist es einfach, H\u00e4hnchen, Steaks, Fisch, Gem\u00fcse und vieles mehr zu grillen, wobei Geschmack und Aroma erhalten bleiben und ein perfekter Grilleffekt erzielt wird. Dank seiner Form nimmt er nur wenig Platz in Anspruch.<\/p>\n<ul>\n<li>Vielseitigkeit: Dieses Produkt ist f\u00fcr den Backofen, den Herd und den Grill geeignet.<\/li>\n<li>Guter Geschmack: Das verglaste Gusseisen speichert die W\u00e4rme und erm\u00f6glicht ein gleichm\u00e4\u00dfiges Garen und Br\u00e4unen. Ihre k\u00f6stlichen Kreationen bleiben auch am Tisch l\u00e4nger hei\u00df.<\/li>\n<li>Grillrillen: erzeugen authentische Grilleffekt-Reihen f\u00fcr gro\u00dfartig aussehende Speisen.<\/li>\n<li>Nicht zu hei\u00df: Kochen Sie bei gleichbleibend niedriger bis mittlerer Hitze, um Ihr Produkt aus verglastem Gusseisen zu schonen und k\u00f6stliche Ergebnisse zu erzielen.<\/li>\n<li>Verbessert sich mit der Zeit: Das verglaste Innere entwickelt eine nat\u00fcrliche Patina, die fast wie eine Antihaft-Oberfl\u00e4che wirkt. Seine Oberfl\u00e4che hat Eigenschaften, die verhindern<br \/>\ndie das Anhaften von Speisen auch bei geringen Mengen \u00d6l verhindern.<\/li>\n<li>Waschen Sie das Produkt nur mit Wasser ab, damit sich die Patina entwickeln kann.<\/li>\n<li>Unsere Produkte werden aus den besten Materialien in Fabriken auf der ganzen Welt hergestellt, um die Qualit\u00e4t zu garantieren, die Sie von Le Creuset erwarten.<\/li>\n<\/ul>\n<p>Material: verglastes Gusseisen<br \/>\nHergestellt in: Frankreich<br \/>\nGarantie: lebenslang<\/p>\n<p><strong>W\u00e4rmequelle:<\/strong><\/p>\n<ul>\n<li>Backofen<\/li>\n<li>Backofen Grillmodus<\/li>\n<li>Kochfeld Elektrisch<\/li>\n<li>Glaskeramik<\/li>\n<li>Gas-Kochfeld<\/li>\n<li>Induktionskochfeld<\/li>\n<\/ul>\n<p><strong>Reinigung und Pflege:<\/strong><\/p>\n<ul>\n<li>Warten Sie, bis das Produkt abgek\u00fchlt ist, bevor Sie es reinigen.<\/li>\n<li>Reinigen Sie den Boden und die Seiten des Ger\u00e4ts von Essensresten. Wenn Essensreste daran haften, f\u00fcllen Sie das Ger\u00e4t mit warmem Seifenwasser und lassen Sie es 15-20 Minuten einweichen, bevor Sie es wie gewohnt waschen.<\/li>\n<li>Verwenden Sie keine Scheuermittel oder scheuernde oder sehr steife Metallschw\u00e4mme oder B\u00fcrsten f\u00fcr die Oberfl\u00e4chen.<\/li>\n<li>Nach dem Waschen gut abtrocknen und an einem trockenen Ort aufbewahren.<\/li>\n<\/ul>\n<div class=\"su-youtube su-u-responsive-media-yes\"><iframe loading=\"lazy\" width=\"500\" height=\"200\" src=\"https:\/\/www.youtube.com\/embed\/WNBWpKCm0Zc?\" frameborder=\"0\" allowfullscreen allow=\"autoplay; encrypted-media; picture-in-picture\" title=\"\"><\/iframe><\/div>\n","protected":false},"excerpt":{"rendered":"<p>EIN TADELLOSES BARBECUE Genie\u00dfen Sie alle Aromen und Geschm\u00e4cker des Grillens im Freien in Ihrer K\u00fcche. Mit diesem Grill aus<\/p>\n","protected":false},"featured_media":516594,"template":"","meta":{"_acf_changed":false,"inline_featured_image":false},"product_cat":[6823,6709],"product_tag":[11387,11381,14827,23780,11383,11385,12315,12992,12205],"acf":[],"yoast_head":"<!-- This site is optimized with the Yoast SEO Premium plugin v18.6 (Yoast SEO v19.13) - https:\/\/yoast.com\/wordpress\/plugins\/seo\/ -->\n<title>LE CREUSET Rechteckiger Grill aus Gusseisen 32x22 cm Flint<\/title>\n<meta name=\"description\" content=\"Entdecken Sie LE CREUSET Rechteckiger Grill aus Gusseisen 32x22 cm Flint bei ErresseShop. Qualit\u00e4t, Stil und Funktionalit\u00e4t \u2013 jetzt online bestellen!\" \/>\n<meta name=\"robots\" content=\"index, follow, max-snippet:-1, max-image-preview:large, max-video-preview:-1\" \/>\n<link rel=\"canonical\" href=\"https:\/\/www.erresse-shop.it\/de\/shop\/toepfe-pfannen\/grillpfannen\/le-creuset-rechteckiger-grill-aus-gusseisen-32x22-cm-flint\/\" \/>\n<meta property=\"og:locale\" content=\"de_DE\" \/>\n<meta property=\"og:type\" content=\"article\" \/>\n<meta property=\"og:title\" content=\"LE CREUSET Rechteckiger Grill aus Gusseisen 32x22 cm Flint\" \/>\n<meta property=\"og:description\" content=\"Entdecken Sie LE CREUSET Rechteckiger Grill aus Gusseisen 32x22 cm Flint bei ErresseShop. Qualit\u00e4t, Stil und Funktionalit\u00e4t \u2013 jetzt online bestellen!\" \/>\n<meta property=\"og:url\" content=\"https:\/\/www.erresse-shop.it\/de\/shop\/toepfe-pfannen\/grillpfannen\/le-creuset-rechteckiger-grill-aus-gusseisen-32x22-cm-flint\/\" \/>\n<meta property=\"og:site_name\" content=\"Erresse Shop\" \/>\n<meta property=\"article:modified_time\" content=\"2025-01-17T09:08:27+00:00\" \/>\n<meta property=\"og:image\" content=\"https:\/\/www.erresse-shop.it\/wp-content\/uploads\/2023\/10\/LE-CREUSET-Griglia-Rettangolare-in-Ghisa-32\u00d722-cm-Flint.jpg\" \/>\n\t<meta property=\"og:image:width\" content=\"800\" \/>\n\t<meta property=\"og:image:height\" content=\"800\" \/>\n\t<meta property=\"og:image:type\" content=\"image\/jpeg\" \/>\n<meta name=\"twitter:card\" content=\"summary_large_image\" \/>\n<script type=\"application\/ld+json\" class=\"yoast-schema-graph\">{\"@context\":\"https:\/\/schema.org\",\"@graph\":[{\"@type\":\"WebPage\",\"@id\":\"https:\/\/www.erresse-shop.it\/de\/shop\/toepfe-pfannen\/grillpfannen\/le-creuset-rechteckiger-grill-aus-gusseisen-32x22-cm-flint\/\",\"url\":\"https:\/\/www.erresse-shop.it\/de\/shop\/toepfe-pfannen\/grillpfannen\/le-creuset-rechteckiger-grill-aus-gusseisen-32x22-cm-flint\/\",\"name\":\"LE CREUSET Rechteckiger Grill aus Gusseisen 32x22 cm Flint\",\"isPartOf\":{\"@id\":\"https:\/\/www.erresse-shop.it\/de\/#website\"},\"datePublished\":\"2023-10-20T14:02:46+00:00\",\"dateModified\":\"2025-01-17T09:08:27+00:00\",\"description\":\"Entdecken Sie LE CREUSET Rechteckiger Grill aus Gusseisen 32x22 cm Flint bei ErresseShop. Qualit\u00e4t, Stil und Funktionalit\u00e4t \u2013 jetzt online bestellen!\",\"breadcrumb\":{\"@id\":\"https:\/\/www.erresse-shop.it\/de\/shop\/toepfe-pfannen\/grillpfannen\/le-creuset-rechteckiger-grill-aus-gusseisen-32x22-cm-flint\/#breadcrumb\"},\"inLanguage\":\"de-DE\",\"potentialAction\":[{\"@type\":\"ReadAction\",\"target\":[\"https:\/\/www.erresse-shop.it\/de\/shop\/toepfe-pfannen\/grillpfannen\/le-creuset-rechteckiger-grill-aus-gusseisen-32x22-cm-flint\/\"]}]},{\"@type\":\"BreadcrumbList\",\"@id\":\"https:\/\/www.erresse-shop.it\/de\/shop\/toepfe-pfannen\/grillpfannen\/le-creuset-rechteckiger-grill-aus-gusseisen-32x22-cm-flint\/#breadcrumb\",\"itemListElement\":[{\"@type\":\"ListItem\",\"position\":1,\"name\":\"Home\",\"item\":\"https:\/\/www.erresse-shop.it\/de\/\"},{\"@type\":\"ListItem\",\"position\":2,\"name\":\"Shop\",\"item\":\"https:\/\/www.erresse-shop.it\/de\/shop\/\"},{\"@type\":\"ListItem\",\"position\":3,\"name\":\"LE CREUSET Rechteckiger Grill aus Gusseisen 32&#215;22 cm Flint\"}]},{\"@type\":\"WebSite\",\"@id\":\"https:\/\/www.erresse-shop.it\/de\/#website\",\"url\":\"https:\/\/www.erresse-shop.it\/de\/\",\"name\":\"Erresse Shop\",\"description\":\"Articoli di qualit\u00e0 per la casa\",\"potentialAction\":[{\"@type\":\"SearchAction\",\"target\":{\"@type\":\"EntryPoint\",\"urlTemplate\":\"https:\/\/www.erresse-shop.it\/de\/?s={search_term_string}\"},\"query-input\":\"required name=search_term_string\"}],\"inLanguage\":\"de-DE\"}]}<\/script>\n<!-- \/ Yoast SEO Premium plugin. -->","yoast_head_json":{"title":"LE CREUSET Rechteckiger Grill aus Gusseisen 32x22 cm Flint","description":"Entdecken Sie LE CREUSET Rechteckiger Grill aus Gusseisen 32x22 cm Flint bei ErresseShop. Qualit\u00e4t, Stil und Funktionalit\u00e4t \u2013 jetzt online bestellen!","robots":{"index":"index","follow":"follow","max-snippet":"max-snippet:-1","max-image-preview":"max-image-preview:large","max-video-preview":"max-video-preview:-1"},"canonical":"https:\/\/www.erresse-shop.it\/de\/shop\/toepfe-pfannen\/grillpfannen\/le-creuset-rechteckiger-grill-aus-gusseisen-32x22-cm-flint\/","og_locale":"de_DE","og_type":"article","og_title":"LE CREUSET Rechteckiger Grill aus Gusseisen 32x22 cm Flint","og_description":"Entdecken Sie LE CREUSET Rechteckiger Grill aus Gusseisen 32x22 cm Flint bei ErresseShop. Qualit\u00e4t, Stil und Funktionalit\u00e4t \u2013 jetzt online bestellen!","og_url":"https:\/\/www.erresse-shop.it\/de\/shop\/toepfe-pfannen\/grillpfannen\/le-creuset-rechteckiger-grill-aus-gusseisen-32x22-cm-flint\/","og_site_name":"Erresse Shop","article_modified_time":"2025-01-17T09:08:27+00:00","og_image":[{"width":800,"height":800,"url":"https:\/\/www.erresse-shop.it\/wp-content\/uploads\/2023\/10\/LE-CREUSET-Griglia-Rettangolare-in-Ghisa-32\u00d722-cm-Flint.jpg","type":"image\/jpeg"}],"twitter_card":"summary_large_image","schema":{"@context":"https:\/\/schema.org","@graph":[{"@type":"WebPage","@id":"https:\/\/www.erresse-shop.it\/de\/shop\/toepfe-pfannen\/grillpfannen\/le-creuset-rechteckiger-grill-aus-gusseisen-32x22-cm-flint\/","url":"https:\/\/www.erresse-shop.it\/de\/shop\/toepfe-pfannen\/grillpfannen\/le-creuset-rechteckiger-grill-aus-gusseisen-32x22-cm-flint\/","name":"LE CREUSET Rechteckiger Grill aus Gusseisen 32x22 cm Flint","isPartOf":{"@id":"https:\/\/www.erresse-shop.it\/de\/#website"},"datePublished":"2023-10-20T14:02:46+00:00","dateModified":"2025-01-17T09:08:27+00:00","description":"Entdecken Sie LE CREUSET Rechteckiger Grill aus Gusseisen 32x22 cm Flint bei ErresseShop. Qualit\u00e4t, Stil und Funktionalit\u00e4t \u2013 jetzt online bestellen!","breadcrumb":{"@id":"https:\/\/www.erresse-shop.it\/de\/shop\/toepfe-pfannen\/grillpfannen\/le-creuset-rechteckiger-grill-aus-gusseisen-32x22-cm-flint\/#breadcrumb"},"inLanguage":"de-DE","potentialAction":[{"@type":"ReadAction","target":["https:\/\/www.erresse-shop.it\/de\/shop\/toepfe-pfannen\/grillpfannen\/le-creuset-rechteckiger-grill-aus-gusseisen-32x22-cm-flint\/"]}]},{"@type":"BreadcrumbList","@id":"https:\/\/www.erresse-shop.it\/de\/shop\/toepfe-pfannen\/grillpfannen\/le-creuset-rechteckiger-grill-aus-gusseisen-32x22-cm-flint\/#breadcrumb","itemListElement":[{"@type":"ListItem","position":1,"name":"Home","item":"https:\/\/www.erresse-shop.it\/de\/"},{"@type":"ListItem","position":2,"name":"Shop","item":"https:\/\/www.erresse-shop.it\/de\/shop\/"},{"@type":"ListItem","position":3,"name":"LE CREUSET Rechteckiger Grill aus Gusseisen 32&#215;22 cm Flint"}]},{"@type":"WebSite","@id":"https:\/\/www.erresse-shop.it\/de\/#website","url":"https:\/\/www.erresse-shop.it\/de\/","name":"Erresse Shop","description":"Articoli di qualit\u00e0 per la casa","potentialAction":[{"@type":"SearchAction","target":{"@type":"EntryPoint","urlTemplate":"https:\/\/www.erresse-shop.it\/de\/?s={search_term_string}"},"query-input":"required name=search_term_string"}],"inLanguage":"de-DE"}]}},"df_price":58.050000000000004,"df_sale_price":58.050000000000004,"df_regular_price":129,"df_image_link":"https:\/\/www.erresse-shop.it\/wp-content\/uploads\/2023\/10\/LE-CREUSET-Griglia-Rettangolare-in-Ghisa-32-cm-Flint-300x300.jpg","_links":{"self":[{"href":"https:\/\/www.erresse-shop.it\/de\/wp-json\/wp\/v2\/product\/339846"}],"collection":[{"href":"https:\/\/www.erresse-shop.it\/de\/wp-json\/wp\/v2\/product"}],"about":[{"href":"https:\/\/www.erresse-shop.it\/de\/wp-json\/wp\/v2\/types\/product"}],"wp:featuredmedia":[{"embeddable":true,"href":"https:\/\/www.erresse-shop.it\/de\/wp-json\/wp\/v2\/media\/516594"}],"wp:attachment":[{"href":"https:\/\/www.erresse-shop.it\/de\/wp-json\/wp\/v2\/media?parent=339846"}],"wp:term":[{"taxonomy":"product_cat","embeddable":true,"href":"https:\/\/www.erresse-shop.it\/de\/wp-json\/wp\/v2\/product_cat?post=339846"},{"taxonomy":"product_tag","embeddable":true,"href":"https:\/\/www.erresse-shop.it\/de\/wp-json\/wp\/v2\/product_tag?post=339846"}],"curies":[{"name":"wp","href":"https:\/\/api.w.org\/{rel}","templated":true}]}}