{"id":338404,"date":"2023-10-17T13:01:48","date_gmt":"2023-10-17T13:01:49","guid":{"rendered":"https:\/\/www.erresse-shop.it\/?post_type=product&#038;p=338404"},"modified":"2025-01-17T09:08:16","modified_gmt":"2025-01-17T09:08:16","slug":"le-creuset-gusseisen-evolution-runde-cocotte-26-cm-nectar","status":"publish","type":"product","link":"https:\/\/www.erresse-shop.it\/de\/shop\/toepfe-pfannen\/schalldaempfer-und-kokotten\/le-creuset-gusseisen-evolution-runde-cocotte-26-cm-nectar\/","title":{"rendered":"LE CREUSET Gusseisen Evolution Runde Cocotte 26 cm Nektar"},"content":{"rendered":"<p class=\"mb-3\" style=\"text-align: justify;\"><strong>DIE K\u00d6NIGIN DER K\u00dcCHE<\/strong><br \/>\nSeit fast einem Jahrhundert ist sie bei K\u00f6chen und K\u00f6chen auf der ganzen Welt beliebt: Es ist die Cocotte von Le Creuset, ein authentischer Klassiker. Perfekt gebaut, um jedes Ihrer Rezepte zu einem Meisterwerk des Geschmacks zu machen, wird es Ihr untrennbarer Verb\u00fcndeter bei der Zubereitung von Eint\u00f6pfen, Braten, Suppen und Eint\u00f6pfen, aber auch beim Garen im Ofen sein.<\/p>\n<p style=\"text-align: justify;\">Die <strong>Le Creuset Evolution runde Cocotte<\/strong> ist in jeder K\u00fcche unverzichtbar, um leckere und gesunde Gerichte zubereiten zu k\u00f6nnen! Dank ihrer Vielseitigkeit wird die runde Cocotte von Le Creuset zu Ihrem t\u00e4glichen Verb\u00fcndeten beim Kochen von Gem\u00fcse, Risottos, Saucen, Brot und tausend anderen Rezepten, um alle Ihre G\u00e4ste zu \u00fcberraschen.<br \/>\nEmailliertes Gusseisen ist als hervorragender W\u00e4rmeleiter eines der besten Materialien f\u00fcr die K\u00fcche. Dar\u00fcber hinaus sind Boden, W\u00e4nde und Deckel gleich dick, was eine gleichm\u00e4\u00dfige W\u00e4rmeaufnahme und -verteilung gew\u00e4hrleistet, ohne dass es zu \u00fcberhitzten Bereichen kommt. Das Ergebnis ist, dass die Lebensmittel nicht anbrennen oder im Inneren roh bleiben. Dar\u00fcber hinaus verlieren sie beim Kochen keine Fl\u00fcssigkeit, wodurch ihre N\u00e4hrstoffe und Vitamine erhalten bleiben.<\/p>\n<p style=\"text-align: justify;\">Generation f\u00fcr Generation ist die Cocotte von Le Creuset aus emailliertem Gusseisen zum Synonym f\u00fcr gutes Kochen und hervorragende Qualit\u00e4t geworden und bringt gesundes Kochen auf h\u00f6chstem Niveau auf Tische und K\u00fcchen Die Weltrezepte.<\/p>\n<p style=\"text-align: justify;\"><strong>Eigenschaften von emaillierten Kokotten aus Gusseisen:<\/strong><\/p>\n<p style=\"text-align: justify;\">&#8211; Gleichm\u00e4\u00dfige W\u00e4rmeverteilung ohne \u00dcberhitzung von Bereichen.<br \/>\n&#8211; Hervorragende W\u00e4rmespeicherung.<br \/>\n&#8211; Edelstahlknopf, best\u00e4ndig gegen jede Temperatur.<br \/>\n&#8211; Griffe f\u00fcr hervorragenden Halt.<br \/>\n&#8211; Verglaste Innen- und Au\u00dfenfl\u00e4che. Es nimmt weder Feuchtigkeit noch Geschmack oder Geruch aus Lebensmitteln auf.<br \/>\n&#8211; Von den besten K\u00f6chen und Bloggern f\u00fcr die Zubereitung von Brot im Ofen empfohlen.<br \/>\n&#8211; Einfache Reinigung.<br \/>\n&#8211; Au\u00dfergew\u00f6hnliche Haltbarkeit.<\/p>\n<p>Material: verglastes Gusseisen<br \/>\nHergestellt in Frankreich<br \/>\nGarantie: lebenslang<\/p>\n<p>Fassungsverm\u00f6gen: 5,3 l<\/p>\n<p><strong>W\u00e4rmequelle:<\/strong><\/p>\n<ul>\n<li>Ofen<\/li>\n<li>Ofen im Grillmodus<\/li>\n<li>Elektroherd<\/li>\n<li>Keramikglas<\/li>\n<li>Gasherd<\/li>\n<li>Induktionskochfeld<\/li>\n<\/ul>\n<p><strong>Reinigung und Pflege:<\/strong><\/p>\n<ul>\n<li>Warten Sie, bis das Produkt abgek\u00fchlt ist, bevor Sie mit der Reinigung beginnen.<\/li>\n<li>Reinigen Sie alle R\u00fcckst\u00e4nde von der Unterseite und den Seiten des Produkts. Wenn Essensreste festsitzen, f\u00fcllen Sie das Produkt mit warmem Seifenwasser und lassen Sie es 15\u201320 Minuten einweichen, bevor Sie es wie gewohnt waschen.<\/li>\n<li>Verwenden Sie auf keiner der Oberfl\u00e4chen Scheuermittel oder metallische, scheuernde oder sehr steife Schw\u00e4mme oder B\u00fcrsten.<\/li>\n<li>Nach dem Waschen gut trocknen und an einem trockenen Ort aufbewahren.<\/li>\n<\/ul>\n<div class=\"su-youtube su-u-responsive-media-yes\"><iframe loading=\"lazy\" width=\"500\" height=\"200\" src=\"https:\/\/www.youtube.com\/embed\/YoiKOay1xos?\" frameborder=\"0\" allowfullscreen allow=\"autoplay; encrypted-media; picture-in-picture\" title=\"\"><\/iframe><\/div>\n","protected":false},"excerpt":{"rendered":"<p>DIE K\u00d6NIGIN DER K\u00dcCHE Seit fast einem Jahrhundert ist sie bei K\u00f6chen und K\u00f6chen auf der ganzen Welt beliebt: Es<\/p>\n","protected":false},"featured_media":338351,"template":"","meta":{"_acf_changed":false,"inline_featured_image":false},"product_cat":[6709,14793],"product_tag":[23911,11387,11381,14827,11383,11385,23785],"acf":[],"yoast_head":"<!-- This site is optimized with the Yoast SEO Premium plugin v18.6 (Yoast SEO v19.13) - https:\/\/yoast.com\/wordpress\/plugins\/seo\/ -->\n<title>LE CREUSET Gusseisen Evolution Runde Cocotte 26 cm Nektar<\/title>\n<meta name=\"description\" content=\"Entdecken Sie LE CREUSET Gusseisen Evolution Runde Cocotte 26 cm Nektar bei ErresseShop. Qualit\u00e4t, Stil und Funktionalit\u00e4t \u2013 jetzt online bestellen!\" \/>\n<meta name=\"robots\" content=\"index, follow, max-snippet:-1, max-image-preview:large, max-video-preview:-1\" \/>\n<link rel=\"canonical\" href=\"https:\/\/www.erresse-shop.it\/de\/shop\/toepfe-pfannen\/schalldaempfer-und-kokotten\/le-creuset-gusseisen-evolution-runde-cocotte-26-cm-nectar\/\" \/>\n<meta property=\"og:locale\" content=\"de_DE\" \/>\n<meta property=\"og:type\" content=\"article\" \/>\n<meta property=\"og:title\" content=\"LE CREUSET Gusseisen Evolution Runde Cocotte 26 cm Nektar\" \/>\n<meta property=\"og:description\" content=\"Entdecken Sie LE CREUSET Gusseisen Evolution Runde Cocotte 26 cm Nektar bei ErresseShop. Qualit\u00e4t, Stil und Funktionalit\u00e4t \u2013 jetzt online bestellen!\" \/>\n<meta property=\"og:url\" content=\"https:\/\/www.erresse-shop.it\/de\/shop\/toepfe-pfannen\/schalldaempfer-und-kokotten\/le-creuset-gusseisen-evolution-runde-cocotte-26-cm-nectar\/\" \/>\n<meta property=\"og:site_name\" content=\"Erresse Shop\" \/>\n<meta property=\"article:modified_time\" content=\"2025-01-17T09:08:16+00:00\" \/>\n<meta property=\"og:image\" content=\"https:\/\/www.erresse-shop.it\/wp-content\/uploads\/2023\/10\/LE-CREUSET-Cocotte-Rotonda-Evolution-in-Ghisa-20-cm-Nectar.jpg\" \/>\n\t<meta property=\"og:image:width\" content=\"800\" \/>\n\t<meta property=\"og:image:height\" content=\"800\" \/>\n\t<meta property=\"og:image:type\" content=\"image\/jpeg\" \/>\n<meta name=\"twitter:card\" content=\"summary_large_image\" \/>\n<script type=\"application\/ld+json\" class=\"yoast-schema-graph\">{\"@context\":\"https:\/\/schema.org\",\"@graph\":[{\"@type\":\"WebPage\",\"@id\":\"https:\/\/www.erresse-shop.it\/de\/shop\/toepfe-pfannen\/schalldaempfer-und-kokotten\/le-creuset-gusseisen-evolution-runde-cocotte-26-cm-nectar\/\",\"url\":\"https:\/\/www.erresse-shop.it\/de\/shop\/toepfe-pfannen\/schalldaempfer-und-kokotten\/le-creuset-gusseisen-evolution-runde-cocotte-26-cm-nectar\/\",\"name\":\"LE CREUSET Gusseisen Evolution Runde Cocotte 26 cm Nektar\",\"isPartOf\":{\"@id\":\"https:\/\/www.erresse-shop.it\/de\/#website\"},\"datePublished\":\"2023-10-17T13:01:49+00:00\",\"dateModified\":\"2025-01-17T09:08:16+00:00\",\"description\":\"Entdecken Sie LE CREUSET Gusseisen Evolution Runde Cocotte 26 cm Nektar bei ErresseShop. Qualit\u00e4t, Stil und Funktionalit\u00e4t \u2013 jetzt online bestellen!\",\"breadcrumb\":{\"@id\":\"https:\/\/www.erresse-shop.it\/de\/shop\/toepfe-pfannen\/schalldaempfer-und-kokotten\/le-creuset-gusseisen-evolution-runde-cocotte-26-cm-nectar\/#breadcrumb\"},\"inLanguage\":\"de-DE\",\"potentialAction\":[{\"@type\":\"ReadAction\",\"target\":[\"https:\/\/www.erresse-shop.it\/de\/shop\/toepfe-pfannen\/schalldaempfer-und-kokotten\/le-creuset-gusseisen-evolution-runde-cocotte-26-cm-nectar\/\"]}]},{\"@type\":\"BreadcrumbList\",\"@id\":\"https:\/\/www.erresse-shop.it\/de\/shop\/toepfe-pfannen\/schalldaempfer-und-kokotten\/le-creuset-gusseisen-evolution-runde-cocotte-26-cm-nectar\/#breadcrumb\",\"itemListElement\":[{\"@type\":\"ListItem\",\"position\":1,\"name\":\"Home\",\"item\":\"https:\/\/www.erresse-shop.it\/de\/\"},{\"@type\":\"ListItem\",\"position\":2,\"name\":\"Shop\",\"item\":\"https:\/\/www.erresse-shop.it\/de\/shop\/\"},{\"@type\":\"ListItem\",\"position\":3,\"name\":\"LE CREUSET Gusseisen Evolution Runde Cocotte 26 cm Nektar\"}]},{\"@type\":\"WebSite\",\"@id\":\"https:\/\/www.erresse-shop.it\/de\/#website\",\"url\":\"https:\/\/www.erresse-shop.it\/de\/\",\"name\":\"Erresse Shop\",\"description\":\"Articoli di qualit\u00e0 per la casa\",\"potentialAction\":[{\"@type\":\"SearchAction\",\"target\":{\"@type\":\"EntryPoint\",\"urlTemplate\":\"https:\/\/www.erresse-shop.it\/de\/?s={search_term_string}\"},\"query-input\":\"required name=search_term_string\"}],\"inLanguage\":\"de-DE\"}]}<\/script>\n<!-- \/ Yoast SEO Premium plugin. -->","yoast_head_json":{"title":"LE CREUSET Gusseisen Evolution Runde Cocotte 26 cm Nektar","description":"Entdecken Sie LE CREUSET Gusseisen Evolution Runde Cocotte 26 cm Nektar bei ErresseShop. Qualit\u00e4t, Stil und Funktionalit\u00e4t \u2013 jetzt online bestellen!","robots":{"index":"index","follow":"follow","max-snippet":"max-snippet:-1","max-image-preview":"max-image-preview:large","max-video-preview":"max-video-preview:-1"},"canonical":"https:\/\/www.erresse-shop.it\/de\/shop\/toepfe-pfannen\/schalldaempfer-und-kokotten\/le-creuset-gusseisen-evolution-runde-cocotte-26-cm-nectar\/","og_locale":"de_DE","og_type":"article","og_title":"LE CREUSET Gusseisen Evolution Runde Cocotte 26 cm Nektar","og_description":"Entdecken Sie LE CREUSET Gusseisen Evolution Runde Cocotte 26 cm Nektar bei ErresseShop. Qualit\u00e4t, Stil und Funktionalit\u00e4t \u2013 jetzt online bestellen!","og_url":"https:\/\/www.erresse-shop.it\/de\/shop\/toepfe-pfannen\/schalldaempfer-und-kokotten\/le-creuset-gusseisen-evolution-runde-cocotte-26-cm-nectar\/","og_site_name":"Erresse Shop","article_modified_time":"2025-01-17T09:08:16+00:00","og_image":[{"width":800,"height":800,"url":"https:\/\/www.erresse-shop.it\/wp-content\/uploads\/2023\/10\/LE-CREUSET-Cocotte-Rotonda-Evolution-in-Ghisa-20-cm-Nectar.jpg","type":"image\/jpeg"}],"twitter_card":"summary_large_image","schema":{"@context":"https:\/\/schema.org","@graph":[{"@type":"WebPage","@id":"https:\/\/www.erresse-shop.it\/de\/shop\/toepfe-pfannen\/schalldaempfer-und-kokotten\/le-creuset-gusseisen-evolution-runde-cocotte-26-cm-nectar\/","url":"https:\/\/www.erresse-shop.it\/de\/shop\/toepfe-pfannen\/schalldaempfer-und-kokotten\/le-creuset-gusseisen-evolution-runde-cocotte-26-cm-nectar\/","name":"LE CREUSET Gusseisen Evolution Runde Cocotte 26 cm Nektar","isPartOf":{"@id":"https:\/\/www.erresse-shop.it\/de\/#website"},"datePublished":"2023-10-17T13:01:49+00:00","dateModified":"2025-01-17T09:08:16+00:00","description":"Entdecken Sie LE CREUSET Gusseisen Evolution Runde Cocotte 26 cm Nektar bei ErresseShop. Qualit\u00e4t, Stil und Funktionalit\u00e4t \u2013 jetzt online bestellen!","breadcrumb":{"@id":"https:\/\/www.erresse-shop.it\/de\/shop\/toepfe-pfannen\/schalldaempfer-und-kokotten\/le-creuset-gusseisen-evolution-runde-cocotte-26-cm-nectar\/#breadcrumb"},"inLanguage":"de-DE","potentialAction":[{"@type":"ReadAction","target":["https:\/\/www.erresse-shop.it\/de\/shop\/toepfe-pfannen\/schalldaempfer-und-kokotten\/le-creuset-gusseisen-evolution-runde-cocotte-26-cm-nectar\/"]}]},{"@type":"BreadcrumbList","@id":"https:\/\/www.erresse-shop.it\/de\/shop\/toepfe-pfannen\/schalldaempfer-und-kokotten\/le-creuset-gusseisen-evolution-runde-cocotte-26-cm-nectar\/#breadcrumb","itemListElement":[{"@type":"ListItem","position":1,"name":"Home","item":"https:\/\/www.erresse-shop.it\/de\/"},{"@type":"ListItem","position":2,"name":"Shop","item":"https:\/\/www.erresse-shop.it\/de\/shop\/"},{"@type":"ListItem","position":3,"name":"LE CREUSET Gusseisen Evolution Runde Cocotte 26 cm Nektar"}]},{"@type":"WebSite","@id":"https:\/\/www.erresse-shop.it\/de\/#website","url":"https:\/\/www.erresse-shop.it\/de\/","name":"Erresse Shop","description":"Articoli di qualit\u00e0 per la casa","potentialAction":[{"@type":"SearchAction","target":{"@type":"EntryPoint","urlTemplate":"https:\/\/www.erresse-shop.it\/de\/?s={search_term_string}"},"query-input":"required name=search_term_string"}],"inLanguage":"de-DE"}]}},"df_price":170.55,"df_sale_price":170.55,"df_regular_price":379,"df_image_link":"https:\/\/www.erresse-shop.it\/wp-content\/uploads\/2023\/10\/LE-CREUSET-Cocotte-Rotonda-Evolution-in-Ghisa-20-cm-Nectar-300x300.jpg","_links":{"self":[{"href":"https:\/\/www.erresse-shop.it\/de\/wp-json\/wp\/v2\/product\/338404"}],"collection":[{"href":"https:\/\/www.erresse-shop.it\/de\/wp-json\/wp\/v2\/product"}],"about":[{"href":"https:\/\/www.erresse-shop.it\/de\/wp-json\/wp\/v2\/types\/product"}],"wp:featuredmedia":[{"embeddable":true,"href":"https:\/\/www.erresse-shop.it\/de\/wp-json\/wp\/v2\/media\/338351"}],"wp:attachment":[{"href":"https:\/\/www.erresse-shop.it\/de\/wp-json\/wp\/v2\/media?parent=338404"}],"wp:term":[{"taxonomy":"product_cat","embeddable":true,"href":"https:\/\/www.erresse-shop.it\/de\/wp-json\/wp\/v2\/product_cat?post=338404"},{"taxonomy":"product_tag","embeddable":true,"href":"https:\/\/www.erresse-shop.it\/de\/wp-json\/wp\/v2\/product_tag?post=338404"}],"curies":[{"name":"wp","href":"https:\/\/api.w.org\/{rel}","templated":true}]}}