{"id":336930,"date":"2023-10-13T13:03:15","date_gmt":"2023-10-13T13:03:18","guid":{"rendered":"https:\/\/www.erresse-shop.it\/?post_type=product&#038;p=336930"},"modified":"2023-10-13T14:17:20","modified_gmt":"2023-10-13T14:17:20","slug":"rowenta-staubsauger-air-force-serenity","status":"publish","type":"product","link":"https:\/\/www.erresse-shop.it\/de\/shop\/kleine-elektrogeraete\/staubsauger\/rowenta-staubsauger-air-force-serenity\/","title":{"rendered":"ROWENTA Staubsauger Air Force Serenity"},"content":{"rendered":"<p><strong>Hoover, leistungsstark, leise, gro\u00dfe Reichweite, freistehend<\/strong><\/p>\n<p>Bodenstaubsauger f\u00fcr die Reinigung von Teppichen und Tierhaaren, f\u00fcr alle Bodenarten.<\/p>\n<p><strong>Bodenart<\/strong><br \/>\nF\u00fcr alle Bodenarten, Teppich, F\u00fcr Linoleum, F\u00fcr Holzb\u00f6den, F\u00fcr schwimmende B\u00f6den<\/p>\n<p><strong>Verwendung<\/strong><br \/>\nBezeichnung F\u00fcr die Reinigung von Teppichen, Tierhaaren<\/p>\n<p><strong>Typ<\/strong><br \/>\nStaubsaugertyp Aufrecht, Beutellos, Zyklon<\/p>\n<p><strong>Technische Merkmale:<\/strong><\/p>\n<p>Aufladezeit: 6 Stunden<br \/>\nAkku-Typ: Li-Ion<br \/>\nBetriebszeit: 70 min<br \/>\nWaschbarer Filter<br \/>\nGer\u00e4uschpegel: 72 dB<br \/>\nFassungsverm\u00f6gen des Beh\u00e4lters: 0,5 l<br \/>\nLED-Beleuchtung und rotierende B\u00fcrste<br \/>\nReinigungsart: Trocken,<br \/>\nGer\u00e4uschemission: 72 dB.<br \/>\nStaubbeh\u00e4ltertyp: Beutellos,<br \/>\nProduktfarbe: Grau, Orange,<br \/>\nFassungsverm\u00f6gen Trockenr\u00fcckst\u00e4nde: 0,5 L.<br \/>\nStromversorgung: Batterie, Laufzeit: 1.167 min,<br \/>\nAufladezeit: 6 h.<br \/>\nGewicht: 3,47 kg,<br \/>\nBreite: 204 mm,<br \/>\nTiefe: 249 mm<\/p>\n","protected":false},"excerpt":{"rendered":"<p>Hoover, leistungsstark, leise, gro\u00dfe Reichweite, freistehend Bodenstaubsauger f\u00fcr die Reinigung von Teppichen und Tierhaaren, f\u00fcr alle Bodenarten. Bodenart F\u00fcr alle<\/p>\n","protected":false},"featured_media":337028,"template":"","meta":{"_acf_changed":false,"inline_featured_image":false},"product_cat":[6703,23771],"product_tag":[22542],"acf":[],"yoast_head":"<!-- This site is optimized with the Yoast SEO Premium plugin v18.6 (Yoast SEO v19.13) - https:\/\/yoast.com\/wordpress\/plugins\/seo\/ -->\n<title>ROWENTA Staubsauger Air Force Serenity - Erresse Shop<\/title>\n<meta name=\"description\" content=\"Hoover, leistungsstark, leise, gro\u00dfe Reichweite, freistehend Bodenstaubsauger f\u00fcr die Reinigung von Teppichen und Tierhaaren, f\u00fcr alle Bodenarten.\" \/>\n<meta name=\"robots\" content=\"index, follow, max-snippet:-1, max-image-preview:large, max-video-preview:-1\" \/>\n<link rel=\"canonical\" href=\"https:\/\/www.erresse-shop.it\/de\/shop\/kleine-elektrogeraete\/staubsauger\/rowenta-staubsauger-air-force-serenity\/\" \/>\n<meta property=\"og:locale\" content=\"de_DE\" \/>\n<meta property=\"og:type\" content=\"article\" \/>\n<meta property=\"og:title\" content=\"ROWENTA Staubsauger Air Force Serenity\" \/>\n<meta property=\"og:description\" content=\"Hoover, leistungsstark, leise, gro\u00dfe Reichweite, freistehend Bodenstaubsauger f\u00fcr die Reinigung von Teppichen und Tierhaaren, f\u00fcr alle Bodenarten.\" \/>\n<meta property=\"og:url\" content=\"https:\/\/www.erresse-shop.it\/de\/shop\/kleine-elektrogeraete\/staubsauger\/rowenta-staubsauger-air-force-serenity\/\" \/>\n<meta property=\"og:site_name\" content=\"Erresse Shop\" \/>\n<meta property=\"article:modified_time\" content=\"2023-10-13T14:17:20+00:00\" \/>\n<meta property=\"og:image\" content=\"https:\/\/www.erresse-shop.it\/wp-content\/uploads\/2023\/10\/ROWENTA-Aspirapolvere-Air-Force-Serenity.jpg\" \/>\n\t<meta property=\"og:image:width\" content=\"800\" \/>\n\t<meta property=\"og:image:height\" content=\"800\" \/>\n\t<meta property=\"og:image:type\" content=\"image\/jpeg\" \/>\n<meta name=\"twitter:card\" content=\"summary_large_image\" \/>\n<script type=\"application\/ld+json\" class=\"yoast-schema-graph\">{\"@context\":\"https:\/\/schema.org\",\"@graph\":[{\"@type\":\"WebPage\",\"@id\":\"https:\/\/www.erresse-shop.it\/de\/shop\/kleine-elektrogeraete\/staubsauger\/rowenta-staubsauger-air-force-serenity\/\",\"url\":\"https:\/\/www.erresse-shop.it\/de\/shop\/kleine-elektrogeraete\/staubsauger\/rowenta-staubsauger-air-force-serenity\/\",\"name\":\"ROWENTA Staubsauger Air Force Serenity - Erresse Shop\",\"isPartOf\":{\"@id\":\"https:\/\/www.erresse-shop.it\/de\/#website\"},\"datePublished\":\"2023-10-13T13:03:18+00:00\",\"dateModified\":\"2023-10-13T14:17:20+00:00\",\"description\":\"Hoover, leistungsstark, leise, gro\u00dfe Reichweite, freistehend Bodenstaubsauger f\u00fcr die Reinigung von Teppichen und Tierhaaren, f\u00fcr alle Bodenarten.\",\"breadcrumb\":{\"@id\":\"https:\/\/www.erresse-shop.it\/de\/shop\/kleine-elektrogeraete\/staubsauger\/rowenta-staubsauger-air-force-serenity\/#breadcrumb\"},\"inLanguage\":\"de-DE\",\"potentialAction\":[{\"@type\":\"ReadAction\",\"target\":[\"https:\/\/www.erresse-shop.it\/de\/shop\/kleine-elektrogeraete\/staubsauger\/rowenta-staubsauger-air-force-serenity\/\"]}]},{\"@type\":\"BreadcrumbList\",\"@id\":\"https:\/\/www.erresse-shop.it\/de\/shop\/kleine-elektrogeraete\/staubsauger\/rowenta-staubsauger-air-force-serenity\/#breadcrumb\",\"itemListElement\":[{\"@type\":\"ListItem\",\"position\":1,\"name\":\"Home\",\"item\":\"https:\/\/www.erresse-shop.it\/de\/\"},{\"@type\":\"ListItem\",\"position\":2,\"name\":\"Shop\",\"item\":\"https:\/\/www.erresse-shop.it\/de\/shop\/\"},{\"@type\":\"ListItem\",\"position\":3,\"name\":\"ROWENTA Staubsauger Air Force Serenity\"}]},{\"@type\":\"WebSite\",\"@id\":\"https:\/\/www.erresse-shop.it\/de\/#website\",\"url\":\"https:\/\/www.erresse-shop.it\/de\/\",\"name\":\"Erresse Shop\",\"description\":\"Articoli di qualit\u00e0 per la casa\",\"potentialAction\":[{\"@type\":\"SearchAction\",\"target\":{\"@type\":\"EntryPoint\",\"urlTemplate\":\"https:\/\/www.erresse-shop.it\/de\/?s={search_term_string}\"},\"query-input\":\"required name=search_term_string\"}],\"inLanguage\":\"de-DE\"}]}<\/script>\n<!-- \/ Yoast SEO Premium plugin. -->","yoast_head_json":{"title":"ROWENTA Staubsauger Air Force Serenity - Erresse Shop","description":"Hoover, leistungsstark, leise, gro\u00dfe Reichweite, freistehend Bodenstaubsauger f\u00fcr die Reinigung von Teppichen und Tierhaaren, f\u00fcr alle Bodenarten.","robots":{"index":"index","follow":"follow","max-snippet":"max-snippet:-1","max-image-preview":"max-image-preview:large","max-video-preview":"max-video-preview:-1"},"canonical":"https:\/\/www.erresse-shop.it\/de\/shop\/kleine-elektrogeraete\/staubsauger\/rowenta-staubsauger-air-force-serenity\/","og_locale":"de_DE","og_type":"article","og_title":"ROWENTA Staubsauger Air Force Serenity","og_description":"Hoover, leistungsstark, leise, gro\u00dfe Reichweite, freistehend Bodenstaubsauger f\u00fcr die Reinigung von Teppichen und Tierhaaren, f\u00fcr alle Bodenarten.","og_url":"https:\/\/www.erresse-shop.it\/de\/shop\/kleine-elektrogeraete\/staubsauger\/rowenta-staubsauger-air-force-serenity\/","og_site_name":"Erresse Shop","article_modified_time":"2023-10-13T14:17:20+00:00","og_image":[{"width":800,"height":800,"url":"https:\/\/www.erresse-shop.it\/wp-content\/uploads\/2023\/10\/ROWENTA-Aspirapolvere-Air-Force-Serenity.jpg","type":"image\/jpeg"}],"twitter_card":"summary_large_image","schema":{"@context":"https:\/\/schema.org","@graph":[{"@type":"WebPage","@id":"https:\/\/www.erresse-shop.it\/de\/shop\/kleine-elektrogeraete\/staubsauger\/rowenta-staubsauger-air-force-serenity\/","url":"https:\/\/www.erresse-shop.it\/de\/shop\/kleine-elektrogeraete\/staubsauger\/rowenta-staubsauger-air-force-serenity\/","name":"ROWENTA Staubsauger Air Force Serenity - Erresse Shop","isPartOf":{"@id":"https:\/\/www.erresse-shop.it\/de\/#website"},"datePublished":"2023-10-13T13:03:18+00:00","dateModified":"2023-10-13T14:17:20+00:00","description":"Hoover, leistungsstark, leise, gro\u00dfe Reichweite, freistehend Bodenstaubsauger f\u00fcr die Reinigung von Teppichen und Tierhaaren, f\u00fcr alle Bodenarten.","breadcrumb":{"@id":"https:\/\/www.erresse-shop.it\/de\/shop\/kleine-elektrogeraete\/staubsauger\/rowenta-staubsauger-air-force-serenity\/#breadcrumb"},"inLanguage":"de-DE","potentialAction":[{"@type":"ReadAction","target":["https:\/\/www.erresse-shop.it\/de\/shop\/kleine-elektrogeraete\/staubsauger\/rowenta-staubsauger-air-force-serenity\/"]}]},{"@type":"BreadcrumbList","@id":"https:\/\/www.erresse-shop.it\/de\/shop\/kleine-elektrogeraete\/staubsauger\/rowenta-staubsauger-air-force-serenity\/#breadcrumb","itemListElement":[{"@type":"ListItem","position":1,"name":"Home","item":"https:\/\/www.erresse-shop.it\/de\/"},{"@type":"ListItem","position":2,"name":"Shop","item":"https:\/\/www.erresse-shop.it\/de\/shop\/"},{"@type":"ListItem","position":3,"name":"ROWENTA Staubsauger Air Force Serenity"}]},{"@type":"WebSite","@id":"https:\/\/www.erresse-shop.it\/de\/#website","url":"https:\/\/www.erresse-shop.it\/de\/","name":"Erresse Shop","description":"Articoli di qualit\u00e0 per la casa","potentialAction":[{"@type":"SearchAction","target":{"@type":"EntryPoint","urlTemplate":"https:\/\/www.erresse-shop.it\/de\/?s={search_term_string}"},"query-input":"required name=search_term_string"}],"inLanguage":"de-DE"}]}},"df_price":249.9,"df_sale_price":249.9,"df_regular_price":249.9,"df_image_link":"https:\/\/www.erresse-shop.it\/wp-content\/uploads\/2023\/10\/ROWENTA-Aspirapolvere-Air-Force-Serenity-300x300.jpg","_links":{"self":[{"href":"https:\/\/www.erresse-shop.it\/de\/wp-json\/wp\/v2\/product\/336930"}],"collection":[{"href":"https:\/\/www.erresse-shop.it\/de\/wp-json\/wp\/v2\/product"}],"about":[{"href":"https:\/\/www.erresse-shop.it\/de\/wp-json\/wp\/v2\/types\/product"}],"wp:featuredmedia":[{"embeddable":true,"href":"https:\/\/www.erresse-shop.it\/de\/wp-json\/wp\/v2\/media\/337028"}],"wp:attachment":[{"href":"https:\/\/www.erresse-shop.it\/de\/wp-json\/wp\/v2\/media?parent=336930"}],"wp:term":[{"taxonomy":"product_cat","embeddable":true,"href":"https:\/\/www.erresse-shop.it\/de\/wp-json\/wp\/v2\/product_cat?post=336930"},{"taxonomy":"product_tag","embeddable":true,"href":"https:\/\/www.erresse-shop.it\/de\/wp-json\/wp\/v2\/product_tag?post=336930"}],"curies":[{"name":"wp","href":"https:\/\/api.w.org\/{rel}","templated":true}]}}