{"id":336725,"date":"2023-10-13T07:49:27","date_gmt":"2023-10-13T07:49:29","guid":{"rendered":"https:\/\/www.erresse-shop.it\/?post_type=product&#038;p=336725"},"modified":"2025-01-16T07:30:41","modified_gmt":"2025-01-16T07:30:41","slug":"baci-milano-sagrada-familia-kopf-der-hipster","status":"publish","type":"product","link":"https:\/\/www.erresse-shop.it\/de\/shop\/einrichtung-haus\/dekoartikel\/baci-milano-sagrada-familia-kopf-der-hipster\/","title":{"rendered":"BACI MILANO Sagrada Familia Kopf Der Hipster"},"content":{"rendered":"<p>Dekorativer Kopf aus Polyresin aus der \u00fcberschw\u00e4nglichen und ikonischen Sagrada Familia Kollektion.<\/p>\n<p><strong>Der Hipster<\/strong><\/p>\n<p>Der Hipster verk\u00f6rpert den Geist derer, die sich f\u00fcr Vielfalt, Kreativit\u00e4t und einen alternativen Lebensstil begeistern. Er ist kulturellen Innovatoren, Trendsettern und all jenen gewidmet, die die Sch\u00f6nheit im Eklektizismus suchen.<\/p>\n<p>Abmessungen: \u00d8 27 cm \/ H 25,5 cm<\/p>\n","protected":false},"excerpt":{"rendered":"<p>Dekorativer Kopf aus Polyresin aus der \u00fcberschw\u00e4nglichen und ikonischen Sagrada Familia Kollektion. Der Hipster Der Hipster verk\u00f6rpert den Geist derer,<\/p>\n","protected":false},"featured_media":336733,"template":"","meta":{"_acf_changed":false,"inline_featured_image":false},"product_cat":[6817,14442],"product_tag":[],"acf":[],"yoast_head":"<!-- This site is optimized with the Yoast SEO Premium plugin v18.6 (Yoast SEO v19.13) - https:\/\/yoast.com\/wordpress\/plugins\/seo\/ -->\n<title>BACI MILANO Sagrada Familia Kopf Der Hipster<\/title>\n<meta name=\"description\" content=\"Entdecken Sie BACI MILANO Sagrada Familia Kopf Der Hipster bei ErresseShop. Qualit\u00e4t, Stil und Funktionalit\u00e4t \u2013 jetzt online bestellen!\" \/>\n<meta name=\"robots\" content=\"index, follow, max-snippet:-1, max-image-preview:large, max-video-preview:-1\" \/>\n<link rel=\"canonical\" href=\"https:\/\/www.erresse-shop.it\/de\/shop\/einrichtung-haus\/dekoartikel\/baci-milano-sagrada-familia-kopf-der-hipster\/\" \/>\n<meta property=\"og:locale\" content=\"de_DE\" \/>\n<meta property=\"og:type\" content=\"article\" \/>\n<meta property=\"og:title\" content=\"BACI MILANO Sagrada Familia Kopf Der Hipster\" \/>\n<meta property=\"og:description\" content=\"Entdecken Sie BACI MILANO Sagrada Familia Kopf Der Hipster bei ErresseShop. Qualit\u00e4t, Stil und Funktionalit\u00e4t \u2013 jetzt online bestellen!\" \/>\n<meta property=\"og:url\" content=\"https:\/\/www.erresse-shop.it\/de\/shop\/einrichtung-haus\/dekoartikel\/baci-milano-sagrada-familia-kopf-der-hipster\/\" \/>\n<meta property=\"og:site_name\" content=\"Erresse Shop\" \/>\n<meta property=\"article:modified_time\" content=\"2025-01-16T07:30:41+00:00\" \/>\n<meta property=\"og:image\" content=\"https:\/\/www.erresse-shop.it\/wp-content\/uploads\/2023\/10\/BACI-MILANO-Sagrada-Familia-Testa-LHypster.jpg\" \/>\n\t<meta property=\"og:image:width\" content=\"800\" \/>\n\t<meta property=\"og:image:height\" content=\"800\" \/>\n\t<meta property=\"og:image:type\" content=\"image\/jpeg\" \/>\n<meta name=\"twitter:card\" content=\"summary_large_image\" \/>\n<script type=\"application\/ld+json\" class=\"yoast-schema-graph\">{\"@context\":\"https:\/\/schema.org\",\"@graph\":[{\"@type\":\"WebPage\",\"@id\":\"https:\/\/www.erresse-shop.it\/de\/shop\/einrichtung-haus\/dekoartikel\/baci-milano-sagrada-familia-kopf-der-hipster\/\",\"url\":\"https:\/\/www.erresse-shop.it\/de\/shop\/einrichtung-haus\/dekoartikel\/baci-milano-sagrada-familia-kopf-der-hipster\/\",\"name\":\"BACI MILANO Sagrada Familia Kopf Der Hipster\",\"isPartOf\":{\"@id\":\"https:\/\/www.erresse-shop.it\/de\/#website\"},\"datePublished\":\"2023-10-13T07:49:29+00:00\",\"dateModified\":\"2025-01-16T07:30:41+00:00\",\"description\":\"Entdecken Sie BACI MILANO Sagrada Familia Kopf Der Hipster bei ErresseShop. Qualit\u00e4t, Stil und Funktionalit\u00e4t \u2013 jetzt online bestellen!\",\"breadcrumb\":{\"@id\":\"https:\/\/www.erresse-shop.it\/de\/shop\/einrichtung-haus\/dekoartikel\/baci-milano-sagrada-familia-kopf-der-hipster\/#breadcrumb\"},\"inLanguage\":\"de-DE\",\"potentialAction\":[{\"@type\":\"ReadAction\",\"target\":[\"https:\/\/www.erresse-shop.it\/de\/shop\/einrichtung-haus\/dekoartikel\/baci-milano-sagrada-familia-kopf-der-hipster\/\"]}]},{\"@type\":\"BreadcrumbList\",\"@id\":\"https:\/\/www.erresse-shop.it\/de\/shop\/einrichtung-haus\/dekoartikel\/baci-milano-sagrada-familia-kopf-der-hipster\/#breadcrumb\",\"itemListElement\":[{\"@type\":\"ListItem\",\"position\":1,\"name\":\"Home\",\"item\":\"https:\/\/www.erresse-shop.it\/de\/\"},{\"@type\":\"ListItem\",\"position\":2,\"name\":\"Shop\",\"item\":\"https:\/\/www.erresse-shop.it\/de\/shop\/\"},{\"@type\":\"ListItem\",\"position\":3,\"name\":\"BACI MILANO Sagrada Familia Kopf Der Hipster\"}]},{\"@type\":\"WebSite\",\"@id\":\"https:\/\/www.erresse-shop.it\/de\/#website\",\"url\":\"https:\/\/www.erresse-shop.it\/de\/\",\"name\":\"Erresse Shop\",\"description\":\"Articoli di qualit\u00e0 per la casa\",\"potentialAction\":[{\"@type\":\"SearchAction\",\"target\":{\"@type\":\"EntryPoint\",\"urlTemplate\":\"https:\/\/www.erresse-shop.it\/de\/?s={search_term_string}\"},\"query-input\":\"required name=search_term_string\"}],\"inLanguage\":\"de-DE\"}]}<\/script>\n<!-- \/ Yoast SEO Premium plugin. -->","yoast_head_json":{"title":"BACI MILANO Sagrada Familia Kopf Der Hipster","description":"Entdecken Sie BACI MILANO Sagrada Familia Kopf Der Hipster bei ErresseShop. Qualit\u00e4t, Stil und Funktionalit\u00e4t \u2013 jetzt online bestellen!","robots":{"index":"index","follow":"follow","max-snippet":"max-snippet:-1","max-image-preview":"max-image-preview:large","max-video-preview":"max-video-preview:-1"},"canonical":"https:\/\/www.erresse-shop.it\/de\/shop\/einrichtung-haus\/dekoartikel\/baci-milano-sagrada-familia-kopf-der-hipster\/","og_locale":"de_DE","og_type":"article","og_title":"BACI MILANO Sagrada Familia Kopf Der Hipster","og_description":"Entdecken Sie BACI MILANO Sagrada Familia Kopf Der Hipster bei ErresseShop. Qualit\u00e4t, Stil und Funktionalit\u00e4t \u2013 jetzt online bestellen!","og_url":"https:\/\/www.erresse-shop.it\/de\/shop\/einrichtung-haus\/dekoartikel\/baci-milano-sagrada-familia-kopf-der-hipster\/","og_site_name":"Erresse Shop","article_modified_time":"2025-01-16T07:30:41+00:00","og_image":[{"width":800,"height":800,"url":"https:\/\/www.erresse-shop.it\/wp-content\/uploads\/2023\/10\/BACI-MILANO-Sagrada-Familia-Testa-LHypster.jpg","type":"image\/jpeg"}],"twitter_card":"summary_large_image","schema":{"@context":"https:\/\/schema.org","@graph":[{"@type":"WebPage","@id":"https:\/\/www.erresse-shop.it\/de\/shop\/einrichtung-haus\/dekoartikel\/baci-milano-sagrada-familia-kopf-der-hipster\/","url":"https:\/\/www.erresse-shop.it\/de\/shop\/einrichtung-haus\/dekoartikel\/baci-milano-sagrada-familia-kopf-der-hipster\/","name":"BACI MILANO Sagrada Familia Kopf Der Hipster","isPartOf":{"@id":"https:\/\/www.erresse-shop.it\/de\/#website"},"datePublished":"2023-10-13T07:49:29+00:00","dateModified":"2025-01-16T07:30:41+00:00","description":"Entdecken Sie BACI MILANO Sagrada Familia Kopf Der Hipster bei ErresseShop. Qualit\u00e4t, Stil und Funktionalit\u00e4t \u2013 jetzt online bestellen!","breadcrumb":{"@id":"https:\/\/www.erresse-shop.it\/de\/shop\/einrichtung-haus\/dekoartikel\/baci-milano-sagrada-familia-kopf-der-hipster\/#breadcrumb"},"inLanguage":"de-DE","potentialAction":[{"@type":"ReadAction","target":["https:\/\/www.erresse-shop.it\/de\/shop\/einrichtung-haus\/dekoartikel\/baci-milano-sagrada-familia-kopf-der-hipster\/"]}]},{"@type":"BreadcrumbList","@id":"https:\/\/www.erresse-shop.it\/de\/shop\/einrichtung-haus\/dekoartikel\/baci-milano-sagrada-familia-kopf-der-hipster\/#breadcrumb","itemListElement":[{"@type":"ListItem","position":1,"name":"Home","item":"https:\/\/www.erresse-shop.it\/de\/"},{"@type":"ListItem","position":2,"name":"Shop","item":"https:\/\/www.erresse-shop.it\/de\/shop\/"},{"@type":"ListItem","position":3,"name":"BACI MILANO Sagrada Familia Kopf Der Hipster"}]},{"@type":"WebSite","@id":"https:\/\/www.erresse-shop.it\/de\/#website","url":"https:\/\/www.erresse-shop.it\/de\/","name":"Erresse Shop","description":"Articoli di qualit\u00e0 per la casa","potentialAction":[{"@type":"SearchAction","target":{"@type":"EntryPoint","urlTemplate":"https:\/\/www.erresse-shop.it\/de\/?s={search_term_string}"},"query-input":"required name=search_term_string"}],"inLanguage":"de-DE"}]}},"df_price":48.5,"df_sale_price":48.5,"df_regular_price":97,"df_image_link":"https:\/\/www.erresse-shop.it\/wp-content\/uploads\/2023\/10\/BACI-MILANO-Sagrada-Familia-Testa-LHypster-300x300.jpg","_links":{"self":[{"href":"https:\/\/www.erresse-shop.it\/de\/wp-json\/wp\/v2\/product\/336725"}],"collection":[{"href":"https:\/\/www.erresse-shop.it\/de\/wp-json\/wp\/v2\/product"}],"about":[{"href":"https:\/\/www.erresse-shop.it\/de\/wp-json\/wp\/v2\/types\/product"}],"wp:featuredmedia":[{"embeddable":true,"href":"https:\/\/www.erresse-shop.it\/de\/wp-json\/wp\/v2\/media\/336733"}],"wp:attachment":[{"href":"https:\/\/www.erresse-shop.it\/de\/wp-json\/wp\/v2\/media?parent=336725"}],"wp:term":[{"taxonomy":"product_cat","embeddable":true,"href":"https:\/\/www.erresse-shop.it\/de\/wp-json\/wp\/v2\/product_cat?post=336725"},{"taxonomy":"product_tag","embeddable":true,"href":"https:\/\/www.erresse-shop.it\/de\/wp-json\/wp\/v2\/product_tag?post=336725"}],"curies":[{"name":"wp","href":"https:\/\/api.w.org\/{rel}","templated":true}]}}