{"id":336679,"date":"2023-10-13T07:20:02","date_gmt":"2023-10-13T07:20:04","guid":{"rendered":"https:\/\/www.erresse-shop.it\/?post_type=product&#038;p=336679"},"modified":"2025-01-16T07:30:39","modified_gmt":"2025-01-16T07:30:39","slug":"baci-milano-sagrada-familia-kopf-der-traumer","status":"publish","type":"product","link":"https:\/\/www.erresse-shop.it\/de\/shop\/einrichtung-haus\/dekoartikel\/baci-milano-sagrada-familia-kopf-der-traumer\/","title":{"rendered":"BACI MILANO Sagrada Familia Kopf Der Tr\u00e4umer"},"content":{"rendered":"<p>Dekorativer Kopf aus Polyresin aus der \u00fcberschw\u00e4nglichen und ikonischen Sagrada Familia Kollektion.<\/p>\n<p><strong>Der Tr\u00e4umer<\/strong><\/p>\n<p>The Dreamer vermittelt ein Gef\u00fchl des Staunens und der M\u00f6glichkeiten und steht f\u00fcr die Vorstellungskraft und die emotionale Tiefe von Menschen, die es verstehen, mit mehr als nur ihren Augen zu sehen. Er ist Tr\u00e4umern, Kreativen und all jenen gewidmet, die in den Tiefen ihres Seins nach Inspiration suchen.<\/p>\n<p>Abmessungen: \u00d8 27 cm \/ H 25,5 cm<\/p>\n","protected":false},"excerpt":{"rendered":"<p>Dekorativer Kopf aus Polyresin aus der \u00fcberschw\u00e4nglichen und ikonischen Sagrada Familia Kollektion. Der Tr\u00e4umer The Dreamer vermittelt ein Gef\u00fchl des<\/p>\n","protected":false},"featured_media":347289,"template":"","meta":{"_acf_changed":false,"inline_featured_image":false},"product_cat":[6817,14442],"product_tag":[25027,25022,19378,11847],"acf":[],"yoast_head":"<!-- This site is optimized with the Yoast SEO Premium plugin v18.6 (Yoast SEO v19.13) - https:\/\/yoast.com\/wordpress\/plugins\/seo\/ -->\n<title>BACI MILANO Sagrada Familia Kopf Der Tr\u00e4umer<\/title>\n<meta name=\"description\" content=\"Entdecken Sie BACI MILANO Sagrada Familia Kopf Der Tr\u00e4umer bei ErresseShop. Qualit\u00e4t, Stil und Funktionalit\u00e4t \u2013 jetzt online bestellen!\" \/>\n<meta name=\"robots\" content=\"index, follow, max-snippet:-1, max-image-preview:large, max-video-preview:-1\" \/>\n<link rel=\"canonical\" href=\"https:\/\/www.erresse-shop.it\/de\/shop\/einrichtung-haus\/dekoartikel\/baci-milano-sagrada-familia-kopf-der-traumer\/\" \/>\n<meta property=\"og:locale\" content=\"de_DE\" \/>\n<meta property=\"og:type\" content=\"article\" \/>\n<meta property=\"og:title\" content=\"BACI MILANO Sagrada Familia Kopf Der Tr\u00e4umer\" \/>\n<meta property=\"og:description\" content=\"Entdecken Sie BACI MILANO Sagrada Familia Kopf Der Tr\u00e4umer bei ErresseShop. Qualit\u00e4t, Stil und Funktionalit\u00e4t \u2013 jetzt online bestellen!\" \/>\n<meta property=\"og:url\" content=\"https:\/\/www.erresse-shop.it\/de\/shop\/einrichtung-haus\/dekoartikel\/baci-milano-sagrada-familia-kopf-der-traumer\/\" \/>\n<meta property=\"og:site_name\" content=\"Erresse Shop\" \/>\n<meta property=\"article:modified_time\" content=\"2025-01-16T07:30:39+00:00\" \/>\n<meta property=\"og:image\" content=\"https:\/\/www.erresse-shop.it\/wp-content\/uploads\/2023\/10\/BACI-MILANO-Sagrada-Familia-Testa-La-Sognatrice.jpg\" \/>\n\t<meta property=\"og:image:width\" content=\"800\" \/>\n\t<meta property=\"og:image:height\" content=\"800\" \/>\n\t<meta property=\"og:image:type\" content=\"image\/jpeg\" \/>\n<meta name=\"twitter:card\" content=\"summary_large_image\" \/>\n<script type=\"application\/ld+json\" class=\"yoast-schema-graph\">{\"@context\":\"https:\/\/schema.org\",\"@graph\":[{\"@type\":\"WebPage\",\"@id\":\"https:\/\/www.erresse-shop.it\/de\/shop\/einrichtung-haus\/dekoartikel\/baci-milano-sagrada-familia-kopf-der-traumer\/\",\"url\":\"https:\/\/www.erresse-shop.it\/de\/shop\/einrichtung-haus\/dekoartikel\/baci-milano-sagrada-familia-kopf-der-traumer\/\",\"name\":\"BACI MILANO Sagrada Familia Kopf Der Tr\u00e4umer\",\"isPartOf\":{\"@id\":\"https:\/\/www.erresse-shop.it\/de\/#website\"},\"datePublished\":\"2023-10-13T07:20:04+00:00\",\"dateModified\":\"2025-01-16T07:30:39+00:00\",\"description\":\"Entdecken Sie BACI MILANO Sagrada Familia Kopf Der Tr\u00e4umer bei ErresseShop. Qualit\u00e4t, Stil und Funktionalit\u00e4t \u2013 jetzt online bestellen!\",\"breadcrumb\":{\"@id\":\"https:\/\/www.erresse-shop.it\/de\/shop\/einrichtung-haus\/dekoartikel\/baci-milano-sagrada-familia-kopf-der-traumer\/#breadcrumb\"},\"inLanguage\":\"de-DE\",\"potentialAction\":[{\"@type\":\"ReadAction\",\"target\":[\"https:\/\/www.erresse-shop.it\/de\/shop\/einrichtung-haus\/dekoartikel\/baci-milano-sagrada-familia-kopf-der-traumer\/\"]}]},{\"@type\":\"BreadcrumbList\",\"@id\":\"https:\/\/www.erresse-shop.it\/de\/shop\/einrichtung-haus\/dekoartikel\/baci-milano-sagrada-familia-kopf-der-traumer\/#breadcrumb\",\"itemListElement\":[{\"@type\":\"ListItem\",\"position\":1,\"name\":\"Home\",\"item\":\"https:\/\/www.erresse-shop.it\/de\/\"},{\"@type\":\"ListItem\",\"position\":2,\"name\":\"Shop\",\"item\":\"https:\/\/www.erresse-shop.it\/de\/shop\/\"},{\"@type\":\"ListItem\",\"position\":3,\"name\":\"BACI MILANO Sagrada Familia Kopf Der Tr\u00e4umer\"}]},{\"@type\":\"WebSite\",\"@id\":\"https:\/\/www.erresse-shop.it\/de\/#website\",\"url\":\"https:\/\/www.erresse-shop.it\/de\/\",\"name\":\"Erresse Shop\",\"description\":\"Articoli di qualit\u00e0 per la casa\",\"potentialAction\":[{\"@type\":\"SearchAction\",\"target\":{\"@type\":\"EntryPoint\",\"urlTemplate\":\"https:\/\/www.erresse-shop.it\/de\/?s={search_term_string}\"},\"query-input\":\"required name=search_term_string\"}],\"inLanguage\":\"de-DE\"}]}<\/script>\n<!-- \/ Yoast SEO Premium plugin. -->","yoast_head_json":{"title":"BACI MILANO Sagrada Familia Kopf Der Tr\u00e4umer","description":"Entdecken Sie BACI MILANO Sagrada Familia Kopf Der Tr\u00e4umer bei ErresseShop. Qualit\u00e4t, Stil und Funktionalit\u00e4t \u2013 jetzt online bestellen!","robots":{"index":"index","follow":"follow","max-snippet":"max-snippet:-1","max-image-preview":"max-image-preview:large","max-video-preview":"max-video-preview:-1"},"canonical":"https:\/\/www.erresse-shop.it\/de\/shop\/einrichtung-haus\/dekoartikel\/baci-milano-sagrada-familia-kopf-der-traumer\/","og_locale":"de_DE","og_type":"article","og_title":"BACI MILANO Sagrada Familia Kopf Der Tr\u00e4umer","og_description":"Entdecken Sie BACI MILANO Sagrada Familia Kopf Der Tr\u00e4umer bei ErresseShop. Qualit\u00e4t, Stil und Funktionalit\u00e4t \u2013 jetzt online bestellen!","og_url":"https:\/\/www.erresse-shop.it\/de\/shop\/einrichtung-haus\/dekoartikel\/baci-milano-sagrada-familia-kopf-der-traumer\/","og_site_name":"Erresse Shop","article_modified_time":"2025-01-16T07:30:39+00:00","og_image":[{"width":800,"height":800,"url":"https:\/\/www.erresse-shop.it\/wp-content\/uploads\/2023\/10\/BACI-MILANO-Sagrada-Familia-Testa-La-Sognatrice.jpg","type":"image\/jpeg"}],"twitter_card":"summary_large_image","schema":{"@context":"https:\/\/schema.org","@graph":[{"@type":"WebPage","@id":"https:\/\/www.erresse-shop.it\/de\/shop\/einrichtung-haus\/dekoartikel\/baci-milano-sagrada-familia-kopf-der-traumer\/","url":"https:\/\/www.erresse-shop.it\/de\/shop\/einrichtung-haus\/dekoartikel\/baci-milano-sagrada-familia-kopf-der-traumer\/","name":"BACI MILANO Sagrada Familia Kopf Der Tr\u00e4umer","isPartOf":{"@id":"https:\/\/www.erresse-shop.it\/de\/#website"},"datePublished":"2023-10-13T07:20:04+00:00","dateModified":"2025-01-16T07:30:39+00:00","description":"Entdecken Sie BACI MILANO Sagrada Familia Kopf Der Tr\u00e4umer bei ErresseShop. Qualit\u00e4t, Stil und Funktionalit\u00e4t \u2013 jetzt online bestellen!","breadcrumb":{"@id":"https:\/\/www.erresse-shop.it\/de\/shop\/einrichtung-haus\/dekoartikel\/baci-milano-sagrada-familia-kopf-der-traumer\/#breadcrumb"},"inLanguage":"de-DE","potentialAction":[{"@type":"ReadAction","target":["https:\/\/www.erresse-shop.it\/de\/shop\/einrichtung-haus\/dekoartikel\/baci-milano-sagrada-familia-kopf-der-traumer\/"]}]},{"@type":"BreadcrumbList","@id":"https:\/\/www.erresse-shop.it\/de\/shop\/einrichtung-haus\/dekoartikel\/baci-milano-sagrada-familia-kopf-der-traumer\/#breadcrumb","itemListElement":[{"@type":"ListItem","position":1,"name":"Home","item":"https:\/\/www.erresse-shop.it\/de\/"},{"@type":"ListItem","position":2,"name":"Shop","item":"https:\/\/www.erresse-shop.it\/de\/shop\/"},{"@type":"ListItem","position":3,"name":"BACI MILANO Sagrada Familia Kopf Der Tr\u00e4umer"}]},{"@type":"WebSite","@id":"https:\/\/www.erresse-shop.it\/de\/#website","url":"https:\/\/www.erresse-shop.it\/de\/","name":"Erresse Shop","description":"Articoli di qualit\u00e0 per la casa","potentialAction":[{"@type":"SearchAction","target":{"@type":"EntryPoint","urlTemplate":"https:\/\/www.erresse-shop.it\/de\/?s={search_term_string}"},"query-input":"required name=search_term_string"}],"inLanguage":"de-DE"}]}},"df_price":48.5,"df_sale_price":48.5,"df_regular_price":97,"df_image_link":"https:\/\/www.erresse-shop.it\/wp-content\/uploads\/2023\/10\/BACI-MILANO-Sagrada-Familia-Testa-La-Sognatrice-300x300.jpg","_links":{"self":[{"href":"https:\/\/www.erresse-shop.it\/de\/wp-json\/wp\/v2\/product\/336679"}],"collection":[{"href":"https:\/\/www.erresse-shop.it\/de\/wp-json\/wp\/v2\/product"}],"about":[{"href":"https:\/\/www.erresse-shop.it\/de\/wp-json\/wp\/v2\/types\/product"}],"wp:featuredmedia":[{"embeddable":true,"href":"https:\/\/www.erresse-shop.it\/de\/wp-json\/wp\/v2\/media\/347289"}],"wp:attachment":[{"href":"https:\/\/www.erresse-shop.it\/de\/wp-json\/wp\/v2\/media?parent=336679"}],"wp:term":[{"taxonomy":"product_cat","embeddable":true,"href":"https:\/\/www.erresse-shop.it\/de\/wp-json\/wp\/v2\/product_cat?post=336679"},{"taxonomy":"product_tag","embeddable":true,"href":"https:\/\/www.erresse-shop.it\/de\/wp-json\/wp\/v2\/product_tag?post=336679"}],"curies":[{"name":"wp","href":"https:\/\/api.w.org\/{rel}","templated":true}]}}