{"id":336547,"date":"2023-10-13T06:10:16","date_gmt":"2023-10-13T06:10:18","guid":{"rendered":"https:\/\/www.erresse-shop.it\/?post_type=product&#038;p=336547"},"modified":"2025-01-21T16:45:32","modified_gmt":"2025-01-21T16:45:32","slug":"villeroy-boch-toys-delight-suppenterrine","status":"publish","type":"product","link":"https:\/\/www.erresse-shop.it\/de\/shop\/tisch\/salatschuesseln-und-terrinen\/villeroy-boch-toys-delight-suppenterrine\/","title":{"rendered":"VILLEROY &#038; BOCH Toy&#8217;s Delight Suppenterrine"},"content":{"rendered":"<p><strong>Servieren Sie Suppen, Eint\u00f6pfe und Pasta mit Stil<\/strong><\/p>\n<p>Mit der Kollektion Toy&#8217;s Delight bringen Sie nostalgische Weihnachtsstimmung in Ihr Zuhause. Das Porzellan ist mit h\u00fcbschen roten, gr\u00fcnen und wei\u00dfen Motiven verziert und weckt Kindheitserinnerungen. Zum Kombinieren, Sammeln und Verschenken. In dieser eleganten Schale k\u00f6nnen Sie Suppe oder Br\u00fche f\u00fcr Ihr Weihnachtsessen servieren. Entdecken Sie den Zauber des Weihnachtsporzellans.<\/p>\n<p>Material: Hochwertiges Porzellan<br \/>\nFassungsverm\u00f6gen: 3390 ml<br \/>\nSp\u00fclmaschinenfest: Nein<br \/>\nGeeignet f\u00fcr die Mikrowelle: Ja<\/p>\n","protected":false},"excerpt":{"rendered":"<p>Servieren Sie Suppen, Eint\u00f6pfe und Pasta mit Stil Mit der Kollektion Toy&#8217;s Delight bringen Sie nostalgische Weihnachtsstimmung in Ihr Zuhause.<\/p>\n","protected":false},"featured_media":336565,"template":"","meta":{"_acf_changed":false,"inline_featured_image":false},"product_cat":[6892,6787],"product_tag":[23911,20502,21330,20504,20503],"acf":[],"yoast_head":"<!-- This site is optimized with the Yoast SEO Premium plugin v18.6 (Yoast SEO v19.13) - https:\/\/yoast.com\/wordpress\/plugins\/seo\/ -->\n<title>VILLEROY &amp; BOCH Toy&#039;s Delight Suppenterrine<\/title>\n<meta name=\"description\" content=\"Entdecken Sie VILLEROY &amp; BOCH Toy&#039;s Delight Suppenterrine bei ErresseShop. Qualit\u00e4t, Stil und Funktionalit\u00e4t \u2013 jetzt online bestellen!\" \/>\n<meta name=\"robots\" content=\"index, follow, max-snippet:-1, max-image-preview:large, max-video-preview:-1\" \/>\n<link rel=\"canonical\" href=\"https:\/\/www.erresse-shop.it\/de\/shop\/tisch\/salatschuesseln-und-terrinen\/villeroy-boch-toys-delight-suppenterrine\/\" \/>\n<meta property=\"og:locale\" content=\"de_DE\" \/>\n<meta property=\"og:type\" content=\"article\" \/>\n<meta property=\"og:title\" content=\"VILLEROY &amp; BOCH Toy&#039;s Delight Suppenterrine\" \/>\n<meta property=\"og:description\" content=\"Entdecken Sie VILLEROY &amp; BOCH Toy&#039;s Delight Suppenterrine bei ErresseShop. Qualit\u00e4t, Stil und Funktionalit\u00e4t \u2013 jetzt online bestellen!\" \/>\n<meta property=\"og:url\" content=\"https:\/\/www.erresse-shop.it\/de\/shop\/tisch\/salatschuesseln-und-terrinen\/villeroy-boch-toys-delight-suppenterrine\/\" \/>\n<meta property=\"og:site_name\" content=\"Erresse Shop\" \/>\n<meta property=\"article:modified_time\" content=\"2025-01-21T16:45:32+00:00\" \/>\n<meta property=\"og:image\" content=\"https:\/\/www.erresse-shop.it\/wp-content\/uploads\/2023\/10\/VILLEROY-amp-BOCH-Toys-Delight-Terrina.jpg\" \/>\n\t<meta property=\"og:image:width\" content=\"800\" \/>\n\t<meta property=\"og:image:height\" content=\"800\" \/>\n\t<meta property=\"og:image:type\" content=\"image\/jpeg\" \/>\n<meta name=\"twitter:card\" content=\"summary_large_image\" \/>\n<script type=\"application\/ld+json\" class=\"yoast-schema-graph\">{\"@context\":\"https:\/\/schema.org\",\"@graph\":[{\"@type\":\"WebPage\",\"@id\":\"https:\/\/www.erresse-shop.it\/de\/shop\/tisch\/salatschuesseln-und-terrinen\/villeroy-boch-toys-delight-suppenterrine\/\",\"url\":\"https:\/\/www.erresse-shop.it\/de\/shop\/tisch\/salatschuesseln-und-terrinen\/villeroy-boch-toys-delight-suppenterrine\/\",\"name\":\"VILLEROY & BOCH Toy's Delight Suppenterrine\",\"isPartOf\":{\"@id\":\"https:\/\/www.erresse-shop.it\/de\/#website\"},\"datePublished\":\"2023-10-13T06:10:18+00:00\",\"dateModified\":\"2025-01-21T16:45:32+00:00\",\"description\":\"Entdecken Sie VILLEROY & BOCH Toy's Delight Suppenterrine bei ErresseShop. Qualit\u00e4t, Stil und Funktionalit\u00e4t \u2013 jetzt online bestellen!\",\"breadcrumb\":{\"@id\":\"https:\/\/www.erresse-shop.it\/de\/shop\/tisch\/salatschuesseln-und-terrinen\/villeroy-boch-toys-delight-suppenterrine\/#breadcrumb\"},\"inLanguage\":\"de-DE\",\"potentialAction\":[{\"@type\":\"ReadAction\",\"target\":[\"https:\/\/www.erresse-shop.it\/de\/shop\/tisch\/salatschuesseln-und-terrinen\/villeroy-boch-toys-delight-suppenterrine\/\"]}]},{\"@type\":\"BreadcrumbList\",\"@id\":\"https:\/\/www.erresse-shop.it\/de\/shop\/tisch\/salatschuesseln-und-terrinen\/villeroy-boch-toys-delight-suppenterrine\/#breadcrumb\",\"itemListElement\":[{\"@type\":\"ListItem\",\"position\":1,\"name\":\"Home\",\"item\":\"https:\/\/www.erresse-shop.it\/de\/\"},{\"@type\":\"ListItem\",\"position\":2,\"name\":\"Shop\",\"item\":\"https:\/\/www.erresse-shop.it\/de\/shop\/\"},{\"@type\":\"ListItem\",\"position\":3,\"name\":\"VILLEROY &#038; BOCH Toy&#8217;s Delight Suppenterrine\"}]},{\"@type\":\"WebSite\",\"@id\":\"https:\/\/www.erresse-shop.it\/de\/#website\",\"url\":\"https:\/\/www.erresse-shop.it\/de\/\",\"name\":\"Erresse Shop\",\"description\":\"Articoli di qualit\u00e0 per la casa\",\"potentialAction\":[{\"@type\":\"SearchAction\",\"target\":{\"@type\":\"EntryPoint\",\"urlTemplate\":\"https:\/\/www.erresse-shop.it\/de\/?s={search_term_string}\"},\"query-input\":\"required name=search_term_string\"}],\"inLanguage\":\"de-DE\"}]}<\/script>\n<!-- \/ Yoast SEO Premium plugin. -->","yoast_head_json":{"title":"VILLEROY & BOCH Toy's Delight Suppenterrine","description":"Entdecken Sie VILLEROY & BOCH Toy's Delight Suppenterrine bei ErresseShop. Qualit\u00e4t, Stil und Funktionalit\u00e4t \u2013 jetzt online bestellen!","robots":{"index":"index","follow":"follow","max-snippet":"max-snippet:-1","max-image-preview":"max-image-preview:large","max-video-preview":"max-video-preview:-1"},"canonical":"https:\/\/www.erresse-shop.it\/de\/shop\/tisch\/salatschuesseln-und-terrinen\/villeroy-boch-toys-delight-suppenterrine\/","og_locale":"de_DE","og_type":"article","og_title":"VILLEROY & BOCH Toy's Delight Suppenterrine","og_description":"Entdecken Sie VILLEROY & BOCH Toy's Delight Suppenterrine bei ErresseShop. Qualit\u00e4t, Stil und Funktionalit\u00e4t \u2013 jetzt online bestellen!","og_url":"https:\/\/www.erresse-shop.it\/de\/shop\/tisch\/salatschuesseln-und-terrinen\/villeroy-boch-toys-delight-suppenterrine\/","og_site_name":"Erresse Shop","article_modified_time":"2025-01-21T16:45:32+00:00","og_image":[{"width":800,"height":800,"url":"https:\/\/www.erresse-shop.it\/wp-content\/uploads\/2023\/10\/VILLEROY-amp-BOCH-Toys-Delight-Terrina.jpg","type":"image\/jpeg"}],"twitter_card":"summary_large_image","schema":{"@context":"https:\/\/schema.org","@graph":[{"@type":"WebPage","@id":"https:\/\/www.erresse-shop.it\/de\/shop\/tisch\/salatschuesseln-und-terrinen\/villeroy-boch-toys-delight-suppenterrine\/","url":"https:\/\/www.erresse-shop.it\/de\/shop\/tisch\/salatschuesseln-und-terrinen\/villeroy-boch-toys-delight-suppenterrine\/","name":"VILLEROY & BOCH Toy's Delight Suppenterrine","isPartOf":{"@id":"https:\/\/www.erresse-shop.it\/de\/#website"},"datePublished":"2023-10-13T06:10:18+00:00","dateModified":"2025-01-21T16:45:32+00:00","description":"Entdecken Sie VILLEROY & BOCH Toy's Delight Suppenterrine bei ErresseShop. Qualit\u00e4t, Stil und Funktionalit\u00e4t \u2013 jetzt online bestellen!","breadcrumb":{"@id":"https:\/\/www.erresse-shop.it\/de\/shop\/tisch\/salatschuesseln-und-terrinen\/villeroy-boch-toys-delight-suppenterrine\/#breadcrumb"},"inLanguage":"de-DE","potentialAction":[{"@type":"ReadAction","target":["https:\/\/www.erresse-shop.it\/de\/shop\/tisch\/salatschuesseln-und-terrinen\/villeroy-boch-toys-delight-suppenterrine\/"]}]},{"@type":"BreadcrumbList","@id":"https:\/\/www.erresse-shop.it\/de\/shop\/tisch\/salatschuesseln-und-terrinen\/villeroy-boch-toys-delight-suppenterrine\/#breadcrumb","itemListElement":[{"@type":"ListItem","position":1,"name":"Home","item":"https:\/\/www.erresse-shop.it\/de\/"},{"@type":"ListItem","position":2,"name":"Shop","item":"https:\/\/www.erresse-shop.it\/de\/shop\/"},{"@type":"ListItem","position":3,"name":"VILLEROY &#038; BOCH Toy&#8217;s Delight Suppenterrine"}]},{"@type":"WebSite","@id":"https:\/\/www.erresse-shop.it\/de\/#website","url":"https:\/\/www.erresse-shop.it\/de\/","name":"Erresse Shop","description":"Articoli di qualit\u00e0 per la casa","potentialAction":[{"@type":"SearchAction","target":{"@type":"EntryPoint","urlTemplate":"https:\/\/www.erresse-shop.it\/de\/?s={search_term_string}"},"query-input":"required name=search_term_string"}],"inLanguage":"de-DE"}]}},"df_price":74.5,"df_sale_price":74.5,"df_regular_price":149,"df_image_link":"https:\/\/www.erresse-shop.it\/wp-content\/uploads\/2023\/10\/VILLEROY-amp-BOCH-Toys-Delight-Terrina-300x300.jpg","_links":{"self":[{"href":"https:\/\/www.erresse-shop.it\/de\/wp-json\/wp\/v2\/product\/336547"}],"collection":[{"href":"https:\/\/www.erresse-shop.it\/de\/wp-json\/wp\/v2\/product"}],"about":[{"href":"https:\/\/www.erresse-shop.it\/de\/wp-json\/wp\/v2\/types\/product"}],"wp:featuredmedia":[{"embeddable":true,"href":"https:\/\/www.erresse-shop.it\/de\/wp-json\/wp\/v2\/media\/336565"}],"wp:attachment":[{"href":"https:\/\/www.erresse-shop.it\/de\/wp-json\/wp\/v2\/media?parent=336547"}],"wp:term":[{"taxonomy":"product_cat","embeddable":true,"href":"https:\/\/www.erresse-shop.it\/de\/wp-json\/wp\/v2\/product_cat?post=336547"},{"taxonomy":"product_tag","embeddable":true,"href":"https:\/\/www.erresse-shop.it\/de\/wp-json\/wp\/v2\/product_tag?post=336547"}],"curies":[{"name":"wp","href":"https:\/\/api.w.org\/{rel}","templated":true}]}}