{"id":335136,"date":"2023-10-09T08:52:24","date_gmt":"2023-10-09T08:52:25","guid":{"rendered":"https:\/\/www.erresse-shop.it\/shop\/senza-categoria\/smeg-2-schlitz-toaster\/"},"modified":"2025-04-27T12:08:19","modified_gmt":"2025-04-27T12:08:19","slug":"smeg-2-schlitz-toaster","status":"publish","type":"product","link":"https:\/\/www.erresse-shop.it\/de\/shop\/kleine-elektrogeraete\/toaster\/smeg-2-schlitz-toaster\/","title":{"rendered":"SMEG 2 Schlitz-Toaster"},"content":{"rendered":"<p><strong>SMEG<\/strong> Serie 50 Jahre<\/p>\n<p>Ein symbolisches Treffen, Symbole, die den Raum, den sie einnehmen, die neue kleine Linie von 50 Jahren drehen, die in Zusammenarbeit mit Matthew Bazzicalupo und Raffaella Mangiarotti von deepdesign, die Vergangenheit evozieren und die Orte, an jedem Tag zu gestalten, auf eine neue Weise zu investieren, was bereits existiert oder existiert hat, wie es in der Kunst und Ged\u00e4chtnis geschieht.<br \/>\nProduziert von abgerundeten und kompakten Formen, sind die Protagonisten der K\u00fcche, f\u00fcr diejenigen, die eine Erfahrung Koch leben wollen aber nicht nur. F\u00fcr diejenigen, die sich mit Objekten mit einer starken \u00e4sthetischen Charakter zu umgeben, wie ohne den Blick f\u00fcr die qualitativ hochwertige Leistung zu verlieren.<\/p>\n<ul style=\"font-size: 13px;line-height: 20.8px\">\n<li>Product awarded by the&nbsp;<strong>Good Design Awards<\/strong>&nbsp;2014<\/li>\n<li>Product awarded by the&nbsp;<strong>iF Design Award<\/strong>&nbsp;2015<\/li>\n<li><strong>Red Dot Design Awards<\/strong>&nbsp;2015<\/li>\n<\/ul>\n<p><strong>\u00c4sthetik:<\/strong><br \/>\nK\u00f6rper aus lackiertem Stahl<br \/>\npolierte Chromunter<br \/>\nBet\u00e4tigungshebel Knopf Edelstahl-Schleife<br \/>\nVon hinten beleuchtete Knopf Chrom Steuer<\/p>\n<p><strong>Technische Merkmale:<\/strong><br \/>\nNr. 2 gro\u00dfe F\u00e4cher (36mm &#8211; je)<br \/>\nautomatisches Zentrieren der Scheiben<br \/>\nautomatischer Auswurf am Ende des Zyklus<br \/>\nherausnehmbare Kr\u00fcmelschublade Edelstahl<br \/>\nIntegrierte Kabelaufbewahrung<br \/>\nAnti-Rutsch-F\u00fc\u00dfe<br \/>\nLeistung 950 W<\/p>\n<p><strong>Funktionen:<\/strong><br \/>\n6 Br\u00e4unungsstufen<br \/>\n3 Pre-Sets Programme: Heizung, Auftauen, Bagel<\/p>\n<p><strong>Allgemeine Daten:<\/strong><br \/>\nAbmessungen HxBxT 198&#215;310 (325 Hebelwirkung eingebettet Aktivierung) x195 mm<br \/>\nNettogewicht von 2.450 kg<br \/>\nKabell\u00e4nge 1 m<\/p>\n<p><strong>Elektrische Spezifikationen:<\/strong><br \/>\nSpannung 220-240 V<br \/>\nFrequenz 50\/60 Hz<br \/>\ngeerdet Stecker<\/p>\n<p><strong>optional:<\/strong><br \/>\n<a href=\"https:\/\/www.erresse-shop.it\/it\/smeg-set-2-pinze\" target=\"_blank\">TSSR01 Zange f\u00fcr Toast<\/a><br \/>\n<a href=\"https:\/\/www.erresse-shop.it\/it\/smeg-scaldapanini-vassoio-porta-fette\" target=\"_blank\">TSBW01 &#8211; Scaldapanini \/ Tray Scheiben T\u00fcr<\/a><\/p>\n<p><u style=\"font-size: 13px;line-height: 20.8px\"><strong>Not for sale outside from Europe<\/strong><\/u><\/p>\n","protected":false},"excerpt":{"rendered":"<p>SMEG Serie 50 Jahre Ein symbolisches Treffen, Symbole, die den Raum, den sie einnehmen, die neue kleine Linie von 50<\/p>\n","protected":false},"featured_media":188926,"template":"","meta":{"_acf_changed":false,"inline_featured_image":false},"product_cat":[6703,6865],"product_tag":[25182,23911,11718,12357,25022,11411,21330],"acf":[],"yoast_head":"<!-- This site is optimized with the Yoast SEO Premium plugin v18.6 (Yoast SEO v19.13) - https:\/\/yoast.com\/wordpress\/plugins\/seo\/ -->\n<title>SMEG 2 Schlitz-Toaster<\/title>\n<meta name=\"description\" content=\"Entdecken Sie SMEG 2 Schlitz-Toaster bei ErresseShop. Qualit\u00e4t, Stil und Funktionalit\u00e4t \u2013 jetzt online bestellen!\" \/>\n<meta name=\"robots\" content=\"index, follow, max-snippet:-1, max-image-preview:large, max-video-preview:-1\" \/>\n<link rel=\"canonical\" href=\"https:\/\/www.erresse-shop.it\/de\/shop\/kleine-elektrogeraete\/toaster\/smeg-2-schlitz-toaster\/\" \/>\n<meta property=\"og:locale\" content=\"de_DE\" \/>\n<meta property=\"og:type\" content=\"article\" \/>\n<meta property=\"og:title\" content=\"SMEG 2 Schlitz-Toaster\" \/>\n<meta property=\"og:description\" content=\"Entdecken Sie SMEG 2 Schlitz-Toaster bei ErresseShop. Qualit\u00e4t, Stil und Funktionalit\u00e4t \u2013 jetzt online bestellen!\" \/>\n<meta property=\"og:url\" content=\"https:\/\/www.erresse-shop.it\/de\/shop\/kleine-elektrogeraete\/toaster\/smeg-2-schlitz-toaster\/\" \/>\n<meta property=\"og:site_name\" content=\"Erresse Shop\" \/>\n<meta property=\"article:modified_time\" content=\"2025-04-27T12:08:19+00:00\" \/>\n<meta property=\"og:image\" content=\"https:\/\/www.erresse-shop.it\/wp-content\/uploads\/2022\/07\/SMEG-Tostapane-2-Fette-Rosso.jpg\" \/>\n\t<meta property=\"og:image:width\" content=\"800\" \/>\n\t<meta property=\"og:image:height\" content=\"800\" \/>\n\t<meta property=\"og:image:type\" content=\"image\/jpeg\" \/>\n<meta name=\"twitter:card\" content=\"summary_large_image\" \/>\n<script type=\"application\/ld+json\" class=\"yoast-schema-graph\">{\"@context\":\"https:\/\/schema.org\",\"@graph\":[{\"@type\":\"WebPage\",\"@id\":\"https:\/\/www.erresse-shop.it\/de\/shop\/kleine-elektrogeraete\/toaster\/smeg-2-schlitz-toaster\/\",\"url\":\"https:\/\/www.erresse-shop.it\/de\/shop\/kleine-elektrogeraete\/toaster\/smeg-2-schlitz-toaster\/\",\"name\":\"SMEG 2 Schlitz-Toaster\",\"isPartOf\":{\"@id\":\"https:\/\/www.erresse-shop.it\/de\/#website\"},\"datePublished\":\"2023-10-09T08:52:25+00:00\",\"dateModified\":\"2025-04-27T12:08:19+00:00\",\"description\":\"Entdecken Sie SMEG 2 Schlitz-Toaster bei ErresseShop. Qualit\u00e4t, Stil und Funktionalit\u00e4t \u2013 jetzt online bestellen!\",\"breadcrumb\":{\"@id\":\"https:\/\/www.erresse-shop.it\/de\/shop\/kleine-elektrogeraete\/toaster\/smeg-2-schlitz-toaster\/#breadcrumb\"},\"inLanguage\":\"de-DE\",\"potentialAction\":[{\"@type\":\"ReadAction\",\"target\":[\"https:\/\/www.erresse-shop.it\/de\/shop\/kleine-elektrogeraete\/toaster\/smeg-2-schlitz-toaster\/\"]}]},{\"@type\":\"BreadcrumbList\",\"@id\":\"https:\/\/www.erresse-shop.it\/de\/shop\/kleine-elektrogeraete\/toaster\/smeg-2-schlitz-toaster\/#breadcrumb\",\"itemListElement\":[{\"@type\":\"ListItem\",\"position\":1,\"name\":\"Home\",\"item\":\"https:\/\/www.erresse-shop.it\/de\/\"},{\"@type\":\"ListItem\",\"position\":2,\"name\":\"Shop\",\"item\":\"https:\/\/www.erresse-shop.it\/de\/shop\/\"},{\"@type\":\"ListItem\",\"position\":3,\"name\":\"SMEG 2 Schlitz-Toaster\"}]},{\"@type\":\"WebSite\",\"@id\":\"https:\/\/www.erresse-shop.it\/de\/#website\",\"url\":\"https:\/\/www.erresse-shop.it\/de\/\",\"name\":\"Erresse Shop\",\"description\":\"Articoli di qualit\u00e0 per la casa\",\"potentialAction\":[{\"@type\":\"SearchAction\",\"target\":{\"@type\":\"EntryPoint\",\"urlTemplate\":\"https:\/\/www.erresse-shop.it\/de\/?s={search_term_string}\"},\"query-input\":\"required name=search_term_string\"}],\"inLanguage\":\"de-DE\"}]}<\/script>\n<!-- \/ Yoast SEO Premium plugin. -->","yoast_head_json":{"title":"SMEG 2 Schlitz-Toaster","description":"Entdecken Sie SMEG 2 Schlitz-Toaster bei ErresseShop. Qualit\u00e4t, Stil und Funktionalit\u00e4t \u2013 jetzt online bestellen!","robots":{"index":"index","follow":"follow","max-snippet":"max-snippet:-1","max-image-preview":"max-image-preview:large","max-video-preview":"max-video-preview:-1"},"canonical":"https:\/\/www.erresse-shop.it\/de\/shop\/kleine-elektrogeraete\/toaster\/smeg-2-schlitz-toaster\/","og_locale":"de_DE","og_type":"article","og_title":"SMEG 2 Schlitz-Toaster","og_description":"Entdecken Sie SMEG 2 Schlitz-Toaster bei ErresseShop. Qualit\u00e4t, Stil und Funktionalit\u00e4t \u2013 jetzt online bestellen!","og_url":"https:\/\/www.erresse-shop.it\/de\/shop\/kleine-elektrogeraete\/toaster\/smeg-2-schlitz-toaster\/","og_site_name":"Erresse Shop","article_modified_time":"2025-04-27T12:08:19+00:00","og_image":[{"width":800,"height":800,"url":"https:\/\/www.erresse-shop.it\/wp-content\/uploads\/2022\/07\/SMEG-Tostapane-2-Fette-Rosso.jpg","type":"image\/jpeg"}],"twitter_card":"summary_large_image","schema":{"@context":"https:\/\/schema.org","@graph":[{"@type":"WebPage","@id":"https:\/\/www.erresse-shop.it\/de\/shop\/kleine-elektrogeraete\/toaster\/smeg-2-schlitz-toaster\/","url":"https:\/\/www.erresse-shop.it\/de\/shop\/kleine-elektrogeraete\/toaster\/smeg-2-schlitz-toaster\/","name":"SMEG 2 Schlitz-Toaster","isPartOf":{"@id":"https:\/\/www.erresse-shop.it\/de\/#website"},"datePublished":"2023-10-09T08:52:25+00:00","dateModified":"2025-04-27T12:08:19+00:00","description":"Entdecken Sie SMEG 2 Schlitz-Toaster bei ErresseShop. Qualit\u00e4t, Stil und Funktionalit\u00e4t \u2013 jetzt online bestellen!","breadcrumb":{"@id":"https:\/\/www.erresse-shop.it\/de\/shop\/kleine-elektrogeraete\/toaster\/smeg-2-schlitz-toaster\/#breadcrumb"},"inLanguage":"de-DE","potentialAction":[{"@type":"ReadAction","target":["https:\/\/www.erresse-shop.it\/de\/shop\/kleine-elektrogeraete\/toaster\/smeg-2-schlitz-toaster\/"]}]},{"@type":"BreadcrumbList","@id":"https:\/\/www.erresse-shop.it\/de\/shop\/kleine-elektrogeraete\/toaster\/smeg-2-schlitz-toaster\/#breadcrumb","itemListElement":[{"@type":"ListItem","position":1,"name":"Home","item":"https:\/\/www.erresse-shop.it\/de\/"},{"@type":"ListItem","position":2,"name":"Shop","item":"https:\/\/www.erresse-shop.it\/de\/shop\/"},{"@type":"ListItem","position":3,"name":"SMEG 2 Schlitz-Toaster"}]},{"@type":"WebSite","@id":"https:\/\/www.erresse-shop.it\/de\/#website","url":"https:\/\/www.erresse-shop.it\/de\/","name":"Erresse Shop","description":"Articoli di qualit\u00e0 per la casa","potentialAction":[{"@type":"SearchAction","target":{"@type":"EntryPoint","urlTemplate":"https:\/\/www.erresse-shop.it\/de\/?s={search_term_string}"},"query-input":"required name=search_term_string"}],"inLanguage":"de-DE"}]}},"df_price":169,"df_sale_price":"","df_regular_price":169,"df_image_link":"https:\/\/www.erresse-shop.it\/wp-content\/uploads\/2022\/07\/SMEG-Tostapane-2-Fette-Rosso-300x300.jpg","_links":{"self":[{"href":"https:\/\/www.erresse-shop.it\/de\/wp-json\/wp\/v2\/product\/335136"}],"collection":[{"href":"https:\/\/www.erresse-shop.it\/de\/wp-json\/wp\/v2\/product"}],"about":[{"href":"https:\/\/www.erresse-shop.it\/de\/wp-json\/wp\/v2\/types\/product"}],"wp:featuredmedia":[{"embeddable":true,"href":"https:\/\/www.erresse-shop.it\/de\/wp-json\/wp\/v2\/media\/188926"}],"wp:attachment":[{"href":"https:\/\/www.erresse-shop.it\/de\/wp-json\/wp\/v2\/media?parent=335136"}],"wp:term":[{"taxonomy":"product_cat","embeddable":true,"href":"https:\/\/www.erresse-shop.it\/de\/wp-json\/wp\/v2\/product_cat?post=335136"},{"taxonomy":"product_tag","embeddable":true,"href":"https:\/\/www.erresse-shop.it\/de\/wp-json\/wp\/v2\/product_tag?post=335136"}],"curies":[{"name":"wp","href":"https:\/\/api.w.org\/{rel}","templated":true}]}}