{"id":335077,"date":"2023-10-09T08:51:36","date_gmt":"2023-10-09T08:51:37","guid":{"rendered":"https:\/\/www.erresse-shop.it\/shop\/senza-categoria\/smeg-50s-style-handmixer\/"},"modified":"2025-03-15T09:30:14","modified_gmt":"2025-03-15T09:30:14","slug":"smeg-50s-style-handmixer","status":"publish","type":"product","link":"https:\/\/www.erresse-shop.it\/de\/shop\/kleine-elektrogeraete\/mischer\/smeg-50s-style-handmixer\/","title":{"rendered":"SMEG 50&#8217;s Style Handmixer"},"content":{"rendered":"<p><strong>LED DISPLAY<\/strong><br \/>\nDas Bedienfeld blendet mit einem hintergrundbeleuchteten LED-Display Geschwindigkeit und Betriebszeit ein. Die Anzeige verschwindet beim Ausschalten und zeigt das Chrom des Griffs in seiner ganzen Eleganz.<\/p>\n<p><strong>9 GESCHWINDIGKEITSSTUFEN UND TURBO-FUNKTION<\/strong><br \/>\n\u00dcber zwei Funktionstasten w\u00e4hlen Sie aus bis zu neun Geschwindigkeitsstufen zum Mixen, Aufschlagen und die Turbofunktion.<\/p>\n<p><strong>S\u00dc\u00df ODER HERZHAFT<\/strong><br \/>\nMit dem elektrischen Handr\u00fchrer bereiten Sie sowohl S\u00fc\u00dfes wie auch Herzhafte zu: Er ist mit drei verschiedenen Edelstahlquirls ausgestattet: mit den klassischen R\u00fchrbesen f\u00fcr leichte Teige, Haken f\u00fcr kr\u00e4ftiges Kneten und mit einem Schneebesen f\u00fcr fluffig-festen Eischnee und Schlagsahne.<\/p>\n<p><strong>ZUBEH\u00d6R INKLUSIVE<\/strong><br \/>\nZwei Schneebesen f\u00fcr luftige Texturen wie Schlagsahne, So\u00dfen oder Eischnee; zwei R\u00fchrbesen, ideal f\u00fcr halbharte Teige wie Keksteige und Kuchenb\u00f6den; zwei Knethaken f\u00fcr Hefeteigprodukte wie Pizza- oder Brotteig. Dank der rutschfesten F\u00fc\u00dfe hat der Handmixer einen stabilen Stand, wenn Sie ihn zwischendurch oder nach dem R\u00fchren und Kneten abstellen wollen. In der Stofftasche k\u00f6nnen Sie das mitgelieferte Zubeh\u00f6r aufbewahren.<\/p>\n<p><strong>DESIGN<\/strong><br \/>\n<strong>Farbe:<\/strong> Wei\u00df<br \/>\n<strong>Oberfl\u00e4che:<\/strong> Hochglanz<br \/>\n<strong>Design:<\/strong> 50&#8217;s Style<br \/>\n<strong>Material des Motorgeh\u00e4uses:<\/strong> Kunstoff (ABS)<br \/>\n<strong>Oberfl\u00e4che des Handgriffs:<\/strong> Chrom-Hochglanz<br \/>\n<strong>Material des Handgriffs:<\/strong> Kunststoff<br \/>\n<strong>Material der Griffeinlage:<\/strong> Soft-Touch-Kunststoff (ergonomisch und rutschfest)<\/p>\n<p><strong>PROGRAMME \/ FUNKTIONEN<\/strong><br \/>\n<strong>Geschwindigkeitsstufen:<\/strong> 9<br \/>\n<strong>Smooth Start System:<\/strong> Ja<br \/>\n<strong>Sekundenz\u00e4hler mit Timer:<\/strong> Ja<br \/>\n<strong>Minutenz\u00e4hler mit Timer:<\/strong> Ja<br \/>\n<strong>Turbo-Funktion:<\/strong> Ja<\/p>\n<p><strong>BEDIENELEMENTE<\/strong><br \/>\n<strong>Farbe des LED-Displays:<\/strong> Wei\u00df<br \/>\n<strong>Art der Bedienelemente:<\/strong> LED-Display mit 3 Bedientasten f\u00fcr Geschwindigkeitsregulierung<br \/>\n<strong>Material der beleuchteten Bedientasten:<\/strong> Kunststoff<br \/>\n<strong>Farbe der Bedientasten:<\/strong> Chrom-Hochglanz<br \/>\n<strong>Material des Hebels:<\/strong> Edelstahl<br \/>\n<strong>Farbe des Hebels:<\/strong> Edelstahl<br \/>\n<strong>Auswurf des Zubeh\u00f6rs:<\/strong> Hebel<br \/>\n<strong>Verdecktes LED-Display:<\/strong> Ja<\/p>\n<p><strong>TECHNISCHE EIGENSCHAFTEN<\/strong><br \/>\n<strong>9 variable Geschwindigkeitsstufen mit Smooth-Start-Funktion und Turbo-Funktion:<\/strong> Elektronisch<br \/>\n<strong>\u00dcberlastungsschutz des Motors:<\/strong> Ja<\/p>\n<p><strong>ELEKTRISCHER ANSCHLUSS<\/strong><br \/>\n<strong>Spannung:<\/strong> 220-240 V<br \/>\n<strong>Frequenz:<\/strong> 50\/60 Hz<br \/>\n<strong>L\u00e4nge des Netzkabels:<\/strong> 1,5 m<br \/>\n<strong>Farbe des Netzkabels:<\/strong> Grau<\/p>\n<p><span style=\"text-decoration: underline;\"><strong>Au\u00dferhalb Europas nicht verk\u00e4uflich<\/strong><\/span><\/p>\n","protected":false},"excerpt":{"rendered":"<p>LED DISPLAY Das Bedienfeld blendet mit einem hintergrundbeleuchteten LED-Display Geschwindigkeit und Betriebszeit ein. Die Anzeige verschwindet beim Ausschalten und zeigt<\/p>\n","protected":false},"featured_media":497910,"template":"","meta":{"_acf_changed":false,"inline_featured_image":false},"product_cat":[6703,20053],"product_tag":[25182,23911,20046,20045,11718,19954,19955,12357,25022],"acf":[],"yoast_head":"<!-- This site is optimized with the Yoast SEO Premium plugin v18.6 (Yoast SEO v19.13) - https:\/\/yoast.com\/wordpress\/plugins\/seo\/ -->\n<title>SMEG 50&#039;s Style Handmixer<\/title>\n<meta name=\"description\" content=\"Entdecken Sie SMEG 50&#039;s Style Handmixer bei ErresseShop. Qualit\u00e4t, Stil und Funktionalit\u00e4t \u2013 jetzt online bestellen!\" \/>\n<meta name=\"robots\" content=\"index, follow, max-snippet:-1, max-image-preview:large, max-video-preview:-1\" \/>\n<link rel=\"canonical\" href=\"https:\/\/www.erresse-shop.it\/de\/shop\/kleine-elektrogeraete\/mischer\/smeg-50s-style-handmixer\/\" \/>\n<meta property=\"og:locale\" content=\"de_DE\" \/>\n<meta property=\"og:type\" content=\"article\" \/>\n<meta property=\"og:title\" content=\"SMEG 50&#039;s Style Handmixer\" \/>\n<meta property=\"og:description\" content=\"Entdecken Sie SMEG 50&#039;s Style Handmixer bei ErresseShop. Qualit\u00e4t, Stil und Funktionalit\u00e4t \u2013 jetzt online bestellen!\" \/>\n<meta property=\"og:url\" content=\"https:\/\/www.erresse-shop.it\/de\/shop\/kleine-elektrogeraete\/mischer\/smeg-50s-style-handmixer\/\" \/>\n<meta property=\"og:site_name\" content=\"Erresse Shop\" \/>\n<meta property=\"article:modified_time\" content=\"2025-03-15T09:30:14+00:00\" \/>\n<meta property=\"og:image\" content=\"https:\/\/www.erresse-shop.it\/wp-content\/uploads\/2023\/10\/SMEG-Anni-50-Sbattitore-Elettrico-Bianco.png\" \/>\n\t<meta property=\"og:image:width\" content=\"800\" \/>\n\t<meta property=\"og:image:height\" content=\"800\" \/>\n\t<meta property=\"og:image:type\" content=\"image\/png\" \/>\n<meta name=\"twitter:card\" content=\"summary_large_image\" \/>\n<script type=\"application\/ld+json\" class=\"yoast-schema-graph\">{\"@context\":\"https:\/\/schema.org\",\"@graph\":[{\"@type\":\"WebPage\",\"@id\":\"https:\/\/www.erresse-shop.it\/de\/shop\/kleine-elektrogeraete\/mischer\/smeg-50s-style-handmixer\/\",\"url\":\"https:\/\/www.erresse-shop.it\/de\/shop\/kleine-elektrogeraete\/mischer\/smeg-50s-style-handmixer\/\",\"name\":\"SMEG 50's Style Handmixer\",\"isPartOf\":{\"@id\":\"https:\/\/www.erresse-shop.it\/de\/#website\"},\"datePublished\":\"2023-10-09T08:51:37+00:00\",\"dateModified\":\"2025-03-15T09:30:14+00:00\",\"description\":\"Entdecken Sie SMEG 50's Style Handmixer bei ErresseShop. Qualit\u00e4t, Stil und Funktionalit\u00e4t \u2013 jetzt online bestellen!\",\"breadcrumb\":{\"@id\":\"https:\/\/www.erresse-shop.it\/de\/shop\/kleine-elektrogeraete\/mischer\/smeg-50s-style-handmixer\/#breadcrumb\"},\"inLanguage\":\"de-DE\",\"potentialAction\":[{\"@type\":\"ReadAction\",\"target\":[\"https:\/\/www.erresse-shop.it\/de\/shop\/kleine-elektrogeraete\/mischer\/smeg-50s-style-handmixer\/\"]}]},{\"@type\":\"BreadcrumbList\",\"@id\":\"https:\/\/www.erresse-shop.it\/de\/shop\/kleine-elektrogeraete\/mischer\/smeg-50s-style-handmixer\/#breadcrumb\",\"itemListElement\":[{\"@type\":\"ListItem\",\"position\":1,\"name\":\"Home\",\"item\":\"https:\/\/www.erresse-shop.it\/de\/\"},{\"@type\":\"ListItem\",\"position\":2,\"name\":\"Shop\",\"item\":\"https:\/\/www.erresse-shop.it\/de\/shop\/\"},{\"@type\":\"ListItem\",\"position\":3,\"name\":\"SMEG 50&#8217;s Style Handmixer\"}]},{\"@type\":\"WebSite\",\"@id\":\"https:\/\/www.erresse-shop.it\/de\/#website\",\"url\":\"https:\/\/www.erresse-shop.it\/de\/\",\"name\":\"Erresse Shop\",\"description\":\"Articoli di qualit\u00e0 per la casa\",\"potentialAction\":[{\"@type\":\"SearchAction\",\"target\":{\"@type\":\"EntryPoint\",\"urlTemplate\":\"https:\/\/www.erresse-shop.it\/de\/?s={search_term_string}\"},\"query-input\":\"required name=search_term_string\"}],\"inLanguage\":\"de-DE\"}]}<\/script>\n<!-- \/ Yoast SEO Premium plugin. -->","yoast_head_json":{"title":"SMEG 50's Style Handmixer","description":"Entdecken Sie SMEG 50's Style Handmixer bei ErresseShop. Qualit\u00e4t, Stil und Funktionalit\u00e4t \u2013 jetzt online bestellen!","robots":{"index":"index","follow":"follow","max-snippet":"max-snippet:-1","max-image-preview":"max-image-preview:large","max-video-preview":"max-video-preview:-1"},"canonical":"https:\/\/www.erresse-shop.it\/de\/shop\/kleine-elektrogeraete\/mischer\/smeg-50s-style-handmixer\/","og_locale":"de_DE","og_type":"article","og_title":"SMEG 50's Style Handmixer","og_description":"Entdecken Sie SMEG 50's Style Handmixer bei ErresseShop. Qualit\u00e4t, Stil und Funktionalit\u00e4t \u2013 jetzt online bestellen!","og_url":"https:\/\/www.erresse-shop.it\/de\/shop\/kleine-elektrogeraete\/mischer\/smeg-50s-style-handmixer\/","og_site_name":"Erresse Shop","article_modified_time":"2025-03-15T09:30:14+00:00","og_image":[{"width":800,"height":800,"url":"https:\/\/www.erresse-shop.it\/wp-content\/uploads\/2023\/10\/SMEG-Anni-50-Sbattitore-Elettrico-Bianco.png","type":"image\/png"}],"twitter_card":"summary_large_image","schema":{"@context":"https:\/\/schema.org","@graph":[{"@type":"WebPage","@id":"https:\/\/www.erresse-shop.it\/de\/shop\/kleine-elektrogeraete\/mischer\/smeg-50s-style-handmixer\/","url":"https:\/\/www.erresse-shop.it\/de\/shop\/kleine-elektrogeraete\/mischer\/smeg-50s-style-handmixer\/","name":"SMEG 50's Style Handmixer","isPartOf":{"@id":"https:\/\/www.erresse-shop.it\/de\/#website"},"datePublished":"2023-10-09T08:51:37+00:00","dateModified":"2025-03-15T09:30:14+00:00","description":"Entdecken Sie SMEG 50's Style Handmixer bei ErresseShop. Qualit\u00e4t, Stil und Funktionalit\u00e4t \u2013 jetzt online bestellen!","breadcrumb":{"@id":"https:\/\/www.erresse-shop.it\/de\/shop\/kleine-elektrogeraete\/mischer\/smeg-50s-style-handmixer\/#breadcrumb"},"inLanguage":"de-DE","potentialAction":[{"@type":"ReadAction","target":["https:\/\/www.erresse-shop.it\/de\/shop\/kleine-elektrogeraete\/mischer\/smeg-50s-style-handmixer\/"]}]},{"@type":"BreadcrumbList","@id":"https:\/\/www.erresse-shop.it\/de\/shop\/kleine-elektrogeraete\/mischer\/smeg-50s-style-handmixer\/#breadcrumb","itemListElement":[{"@type":"ListItem","position":1,"name":"Home","item":"https:\/\/www.erresse-shop.it\/de\/"},{"@type":"ListItem","position":2,"name":"Shop","item":"https:\/\/www.erresse-shop.it\/de\/shop\/"},{"@type":"ListItem","position":3,"name":"SMEG 50&#8217;s Style Handmixer"}]},{"@type":"WebSite","@id":"https:\/\/www.erresse-shop.it\/de\/#website","url":"https:\/\/www.erresse-shop.it\/de\/","name":"Erresse Shop","description":"Articoli di qualit\u00e0 per la casa","potentialAction":[{"@type":"SearchAction","target":{"@type":"EntryPoint","urlTemplate":"https:\/\/www.erresse-shop.it\/de\/?s={search_term_string}"},"query-input":"required name=search_term_string"}],"inLanguage":"de-DE"}]}},"df_price":159,"df_sale_price":"","df_regular_price":159,"df_image_link":"https:\/\/www.erresse-shop.it\/wp-content\/uploads\/2023\/10\/SMEG-Anni-50-Sbattitore-Elettrico-Bianco-300x300.jpg","_links":{"self":[{"href":"https:\/\/www.erresse-shop.it\/de\/wp-json\/wp\/v2\/product\/335077"}],"collection":[{"href":"https:\/\/www.erresse-shop.it\/de\/wp-json\/wp\/v2\/product"}],"about":[{"href":"https:\/\/www.erresse-shop.it\/de\/wp-json\/wp\/v2\/types\/product"}],"wp:featuredmedia":[{"embeddable":true,"href":"https:\/\/www.erresse-shop.it\/de\/wp-json\/wp\/v2\/media\/497910"}],"wp:attachment":[{"href":"https:\/\/www.erresse-shop.it\/de\/wp-json\/wp\/v2\/media?parent=335077"}],"wp:term":[{"taxonomy":"product_cat","embeddable":true,"href":"https:\/\/www.erresse-shop.it\/de\/wp-json\/wp\/v2\/product_cat?post=335077"},{"taxonomy":"product_tag","embeddable":true,"href":"https:\/\/www.erresse-shop.it\/de\/wp-json\/wp\/v2\/product_tag?post=335077"}],"curies":[{"name":"wp","href":"https:\/\/api.w.org\/{rel}","templated":true}]}}