{"id":335009,"date":"2023-10-09T08:50:44","date_gmt":"2023-10-09T08:50:45","guid":{"rendered":"https:\/\/www.erresse-shop.it\/shop\/senza-categoria\/venini-deco-vase\/"},"modified":"2025-01-22T07:57:27","modified_gmt":"2025-01-22T07:57:27","slug":"venini-deco-vase","status":"publish","type":"product","link":"https:\/\/www.erresse-shop.it\/de\/shop\/einrichtung-haus\/vasen\/venini-deco-vase\/","title":{"rendered":"VENINI Deco Vase"},"content":{"rendered":"<p>Pr\u00e4zise geometrische Formen, die durch wiederholte Verzierungen hervorgehoben werden. Dies ist die Interpretation der figurativen Erfahrung des D\u00e8co-Stils durch die Glasmachertechniken von <strong>Venini<\/strong>.<\/p>\n<p>Rhythmus: Das ist das Wort, das die Form der Vasen aus der <strong>D\u00e8co<\/strong>-Serie von Venini definiert. Die Ringe wiederholen sich, einer nach dem anderen. Sie nehmen zu, nehmen ab und nehmen dann wieder zu. Sie scheinen sich zu bewegen wie Kreise im Wasser mit Wellen und Spiegelungen. Eine Bewegung, die ein Tanz ist.<\/p>\n<p><strong>GEBLASENES OPALIN<\/strong><br \/>\nOpalines Glas ist mundgeblasen und handbearbeitet und entsteht durch \u00dcberlagerung von Lattimo mit anderem Glas. Die Technik hei\u00dft so, weil die Handwerker das Glas durch Einblasen von Luft in einen langen Metallstab, der mit dem Glas verbunden ist, ausdehnen und formen, wie es der tausendj\u00e4hrigen Tradition der Glasherstellung entspricht. Dieser uralte Vorgang, kombiniert mit der Erfahrung und dem K\u00f6nnen der Glasmacher, verwandelt einfaches Glas in wahre k\u00fcnstlerische Meisterwerke, die einzigartig sind.<\/p>\n","protected":false},"excerpt":{"rendered":"<p>Pr\u00e4zise geometrische Formen, die durch wiederholte Verzierungen hervorgehoben werden. Dies ist die Interpretation der figurativen Erfahrung des D\u00e8co-Stils durch die<\/p>\n","protected":false},"featured_media":248173,"template":"","meta":{"_acf_changed":false,"inline_featured_image":false},"product_cat":[6817,14421],"product_tag":[25182,17496,14411,14425,24681,11718,17497,25022,11847],"acf":[],"yoast_head":"<!-- This site is optimized with the Yoast SEO Premium plugin v18.6 (Yoast SEO v19.13) - https:\/\/yoast.com\/wordpress\/plugins\/seo\/ -->\n<title>VENINI Deco Vase<\/title>\n<meta name=\"description\" content=\"Entdecken Sie VENINI Deco Vase bei ErresseShop. Qualit\u00e4t, Stil und Funktionalit\u00e4t \u2013 jetzt online bestellen!\" \/>\n<meta name=\"robots\" content=\"index, follow, max-snippet:-1, max-image-preview:large, max-video-preview:-1\" \/>\n<link rel=\"canonical\" href=\"https:\/\/www.erresse-shop.it\/de\/shop\/einrichtung-haus\/vasen\/venini-deco-vase\/\" \/>\n<meta property=\"og:locale\" content=\"de_DE\" \/>\n<meta property=\"og:type\" content=\"article\" \/>\n<meta property=\"og:title\" content=\"VENINI Deco Vase\" \/>\n<meta property=\"og:description\" content=\"Entdecken Sie VENINI Deco Vase bei ErresseShop. Qualit\u00e4t, Stil und Funktionalit\u00e4t \u2013 jetzt online bestellen!\" \/>\n<meta property=\"og:url\" content=\"https:\/\/www.erresse-shop.it\/de\/shop\/einrichtung-haus\/vasen\/venini-deco-vase\/\" \/>\n<meta property=\"og:site_name\" content=\"Erresse Shop\" \/>\n<meta property=\"article:modified_time\" content=\"2025-01-22T07:57:27+00:00\" \/>\n<meta property=\"og:image\" content=\"https:\/\/www.erresse-shop.it\/wp-content\/uploads\/2023\/03\/VENINI-Vaso-Deco-Zaffiro-H18.jpg\" \/>\n\t<meta property=\"og:image:width\" content=\"800\" \/>\n\t<meta property=\"og:image:height\" content=\"800\" \/>\n\t<meta property=\"og:image:type\" content=\"image\/jpeg\" \/>\n<meta name=\"twitter:card\" content=\"summary_large_image\" \/>\n<script type=\"application\/ld+json\" class=\"yoast-schema-graph\">{\"@context\":\"https:\/\/schema.org\",\"@graph\":[{\"@type\":\"WebPage\",\"@id\":\"https:\/\/www.erresse-shop.it\/de\/shop\/einrichtung-haus\/vasen\/venini-deco-vase\/\",\"url\":\"https:\/\/www.erresse-shop.it\/de\/shop\/einrichtung-haus\/vasen\/venini-deco-vase\/\",\"name\":\"VENINI Deco Vase\",\"isPartOf\":{\"@id\":\"https:\/\/www.erresse-shop.it\/de\/#website\"},\"datePublished\":\"2023-10-09T08:50:45+00:00\",\"dateModified\":\"2025-01-22T07:57:27+00:00\",\"description\":\"Entdecken Sie VENINI Deco Vase bei ErresseShop. Qualit\u00e4t, Stil und Funktionalit\u00e4t \u2013 jetzt online bestellen!\",\"breadcrumb\":{\"@id\":\"https:\/\/www.erresse-shop.it\/de\/shop\/einrichtung-haus\/vasen\/venini-deco-vase\/#breadcrumb\"},\"inLanguage\":\"de-DE\",\"potentialAction\":[{\"@type\":\"ReadAction\",\"target\":[\"https:\/\/www.erresse-shop.it\/de\/shop\/einrichtung-haus\/vasen\/venini-deco-vase\/\"]}]},{\"@type\":\"BreadcrumbList\",\"@id\":\"https:\/\/www.erresse-shop.it\/de\/shop\/einrichtung-haus\/vasen\/venini-deco-vase\/#breadcrumb\",\"itemListElement\":[{\"@type\":\"ListItem\",\"position\":1,\"name\":\"Home\",\"item\":\"https:\/\/www.erresse-shop.it\/de\/\"},{\"@type\":\"ListItem\",\"position\":2,\"name\":\"Shop\",\"item\":\"https:\/\/www.erresse-shop.it\/de\/shop\/\"},{\"@type\":\"ListItem\",\"position\":3,\"name\":\"VENINI Deco Vase\"}]},{\"@type\":\"WebSite\",\"@id\":\"https:\/\/www.erresse-shop.it\/de\/#website\",\"url\":\"https:\/\/www.erresse-shop.it\/de\/\",\"name\":\"Erresse Shop\",\"description\":\"Articoli di qualit\u00e0 per la casa\",\"potentialAction\":[{\"@type\":\"SearchAction\",\"target\":{\"@type\":\"EntryPoint\",\"urlTemplate\":\"https:\/\/www.erresse-shop.it\/de\/?s={search_term_string}\"},\"query-input\":\"required name=search_term_string\"}],\"inLanguage\":\"de-DE\"}]}<\/script>\n<!-- \/ Yoast SEO Premium plugin. -->","yoast_head_json":{"title":"VENINI Deco Vase","description":"Entdecken Sie VENINI Deco Vase bei ErresseShop. Qualit\u00e4t, Stil und Funktionalit\u00e4t \u2013 jetzt online bestellen!","robots":{"index":"index","follow":"follow","max-snippet":"max-snippet:-1","max-image-preview":"max-image-preview:large","max-video-preview":"max-video-preview:-1"},"canonical":"https:\/\/www.erresse-shop.it\/de\/shop\/einrichtung-haus\/vasen\/venini-deco-vase\/","og_locale":"de_DE","og_type":"article","og_title":"VENINI Deco Vase","og_description":"Entdecken Sie VENINI Deco Vase bei ErresseShop. Qualit\u00e4t, Stil und Funktionalit\u00e4t \u2013 jetzt online bestellen!","og_url":"https:\/\/www.erresse-shop.it\/de\/shop\/einrichtung-haus\/vasen\/venini-deco-vase\/","og_site_name":"Erresse Shop","article_modified_time":"2025-01-22T07:57:27+00:00","og_image":[{"width":800,"height":800,"url":"https:\/\/www.erresse-shop.it\/wp-content\/uploads\/2023\/03\/VENINI-Vaso-Deco-Zaffiro-H18.jpg","type":"image\/jpeg"}],"twitter_card":"summary_large_image","schema":{"@context":"https:\/\/schema.org","@graph":[{"@type":"WebPage","@id":"https:\/\/www.erresse-shop.it\/de\/shop\/einrichtung-haus\/vasen\/venini-deco-vase\/","url":"https:\/\/www.erresse-shop.it\/de\/shop\/einrichtung-haus\/vasen\/venini-deco-vase\/","name":"VENINI Deco Vase","isPartOf":{"@id":"https:\/\/www.erresse-shop.it\/de\/#website"},"datePublished":"2023-10-09T08:50:45+00:00","dateModified":"2025-01-22T07:57:27+00:00","description":"Entdecken Sie VENINI Deco Vase bei ErresseShop. Qualit\u00e4t, Stil und Funktionalit\u00e4t \u2013 jetzt online bestellen!","breadcrumb":{"@id":"https:\/\/www.erresse-shop.it\/de\/shop\/einrichtung-haus\/vasen\/venini-deco-vase\/#breadcrumb"},"inLanguage":"de-DE","potentialAction":[{"@type":"ReadAction","target":["https:\/\/www.erresse-shop.it\/de\/shop\/einrichtung-haus\/vasen\/venini-deco-vase\/"]}]},{"@type":"BreadcrumbList","@id":"https:\/\/www.erresse-shop.it\/de\/shop\/einrichtung-haus\/vasen\/venini-deco-vase\/#breadcrumb","itemListElement":[{"@type":"ListItem","position":1,"name":"Home","item":"https:\/\/www.erresse-shop.it\/de\/"},{"@type":"ListItem","position":2,"name":"Shop","item":"https:\/\/www.erresse-shop.it\/de\/shop\/"},{"@type":"ListItem","position":3,"name":"VENINI Deco Vase"}]},{"@type":"WebSite","@id":"https:\/\/www.erresse-shop.it\/de\/#website","url":"https:\/\/www.erresse-shop.it\/de\/","name":"Erresse Shop","description":"Articoli di qualit\u00e0 per la casa","potentialAction":[{"@type":"SearchAction","target":{"@type":"EntryPoint","urlTemplate":"https:\/\/www.erresse-shop.it\/de\/?s={search_term_string}"},"query-input":"required name=search_term_string"}],"inLanguage":"de-DE"}]}},"df_price":545,"df_sale_price":"","df_regular_price":545,"df_image_link":"https:\/\/www.erresse-shop.it\/wp-content\/uploads\/2023\/03\/VENINI-Vaso-Deco-Zaffiro-H18-300x300.jpg","_links":{"self":[{"href":"https:\/\/www.erresse-shop.it\/de\/wp-json\/wp\/v2\/product\/335009"}],"collection":[{"href":"https:\/\/www.erresse-shop.it\/de\/wp-json\/wp\/v2\/product"}],"about":[{"href":"https:\/\/www.erresse-shop.it\/de\/wp-json\/wp\/v2\/types\/product"}],"wp:featuredmedia":[{"embeddable":true,"href":"https:\/\/www.erresse-shop.it\/de\/wp-json\/wp\/v2\/media\/248173"}],"wp:attachment":[{"href":"https:\/\/www.erresse-shop.it\/de\/wp-json\/wp\/v2\/media?parent=335009"}],"wp:term":[{"taxonomy":"product_cat","embeddable":true,"href":"https:\/\/www.erresse-shop.it\/de\/wp-json\/wp\/v2\/product_cat?post=335009"},{"taxonomy":"product_tag","embeddable":true,"href":"https:\/\/www.erresse-shop.it\/de\/wp-json\/wp\/v2\/product_tag?post=335009"}],"curies":[{"name":"wp","href":"https:\/\/api.w.org\/{rel}","templated":true}]}}