{"id":334925,"date":"2023-10-09T07:53:58","date_gmt":"2023-10-09T07:53:59","guid":{"rendered":"https:\/\/www.erresse-shop.it\/shop\/senza-categoria\/smeg-zitruspresse\/"},"modified":"2025-01-17T14:58:48","modified_gmt":"2025-01-17T14:58:48","slug":"smeg-zitruspresse","status":"publish","type":"product","link":"https:\/\/www.erresse-shop.it\/de\/shop\/kleine-elektrogeraete\/zitruspressen\/smeg-zitruspresse\/","title":{"rendered":"SMEG Zitruspresse"},"content":{"rendered":"<p><strong>SMEG<\/strong> Serie 50 Jahre<\/p>\n<p>Ein symbolisches Treffen, Symbole, die den Raum, den sie einnehmen, die neue kleine Linie von 50 Jahren drehen, die in Zusammenarbeit mit Matthew Bazzicalupo und Raffaella Mangiarotti von deepdesign, die Vergangenheit evozieren und die Orte, an jedem Tag zu gestalten, auf eine neue Weise zu investieren, was bereits existiert oder existiert hat, wie es in der Kunst und Ged\u00e4chtnis geschieht.<br \/>\nProduziert von abgerundeten und kompakten Formen, sind die Protagonisten der K\u00fcche, f\u00fcr diejenigen, die eine Erfahrung Koch leben wollen aber nicht nur. F\u00fcr diejenigen, die sich mit Objekten mit einer starken \u00e4sthetischen Charakter zu umgeben, wie ohne den Blick f\u00fcr die qualitativ hochwertige Leistung zu verlieren.<\/p>\n<p><strong>\u00c4STHETIK<\/strong>:<br \/>\n50&#8217;s Retro Style<br \/>\n3D Smeg-Logo<\/p>\n<p><strong>AUSSTATTUNG\/BEDIENUNG<\/strong>:<br \/>\nGeh\u00e4sue aus Aluminium-Druckguss lackiert<br \/>\nSchutzabdeckung aus Tritan TM (BPA-frei), auch als Universal-Sch\u00fcssel verwendbar<br \/>\nPremium-Fruchtpresse und Filtersieb aus Edelstahl f\u00fcr alle Arten von Zitrusfr\u00fcchten (sp\u00fclmaschinengeeignet)<br \/>\nEntsaftungsschale aus Tritan TM (BPA-frei)<br \/>\nAnti-Tropf-Auslauf aus Edelstahl mit Klappverschluss, verhindert ein Nachtropfen<br \/>\nLeistungsstarker Motor, Entsaftungsvorgang startet automatisch bei Druck auf die Zitruspresse<\/p>\n<p><strong>ALLGEMEINE DATEN<\/strong>:<br \/>\nAbmessungen HxBxT: 281 x 166 x 166 mm<br \/>\nNettogewicht: 2,6 kg<br \/>\nKabell\u00e4nge: 1,0 m<\/p>\n<p><strong>TECHNISCHE DATEN<\/strong>:<br \/>\nSpannung: 220-240V 1N<br \/>\nFrequenz: 50-60 Hz<br \/>\nLeistungsaufnahme: 70 W<br \/>\nTyp Netzstecker: Schuko<\/p>\n<p><u style=\"font-size: 13px;line-height: 20.8px\"><strong>Not for sale outside from Europe<\/strong><\/u><\/p>\n","protected":false},"excerpt":{"rendered":"<p>SMEG Serie 50 Jahre Ein symbolisches Treffen, Symbole, die den Raum, den sie einnehmen, die neue kleine Linie von 50<\/p>\n","protected":false},"featured_media":184271,"template":"","meta":{"_acf_changed":false,"inline_featured_image":false},"product_cat":[6703,6889],"product_tag":[25182,23911,11718,19954,19955,12357],"acf":[],"yoast_head":"<!-- This site is optimized with the Yoast SEO Premium plugin v18.6 (Yoast SEO v19.13) - https:\/\/yoast.com\/wordpress\/plugins\/seo\/ -->\n<title>SMEG Zitruspresse<\/title>\n<meta name=\"description\" content=\"Entdecken Sie SMEG Zitruspresse bei ErresseShop. Qualit\u00e4t, Stil und Funktionalit\u00e4t \u2013 jetzt online bestellen!\" \/>\n<meta name=\"robots\" content=\"index, follow, max-snippet:-1, max-image-preview:large, max-video-preview:-1\" \/>\n<link rel=\"canonical\" href=\"https:\/\/www.erresse-shop.it\/de\/shop\/kleine-elektrogeraete\/zitruspressen\/smeg-zitruspresse\/\" \/>\n<meta property=\"og:locale\" content=\"de_DE\" \/>\n<meta property=\"og:type\" content=\"article\" \/>\n<meta property=\"og:title\" content=\"SMEG Zitruspresse\" \/>\n<meta property=\"og:description\" content=\"Entdecken Sie SMEG Zitruspresse bei ErresseShop. Qualit\u00e4t, Stil und Funktionalit\u00e4t \u2013 jetzt online bestellen!\" \/>\n<meta property=\"og:url\" content=\"https:\/\/www.erresse-shop.it\/de\/shop\/kleine-elektrogeraete\/zitruspressen\/smeg-zitruspresse\/\" \/>\n<meta property=\"og:site_name\" content=\"Erresse Shop\" \/>\n<meta property=\"article:modified_time\" content=\"2025-01-17T14:58:48+00:00\" \/>\n<meta property=\"og:image\" content=\"https:\/\/www.erresse-shop.it\/wp-content\/uploads\/2018\/09\/SMEG-Spremiagrumi-Nero-3-1.jpg\" \/>\n\t<meta property=\"og:image:width\" content=\"800\" \/>\n\t<meta property=\"og:image:height\" content=\"800\" \/>\n\t<meta property=\"og:image:type\" content=\"image\/jpeg\" \/>\n<meta name=\"twitter:card\" content=\"summary_large_image\" \/>\n<script type=\"application\/ld+json\" class=\"yoast-schema-graph\">{\"@context\":\"https:\/\/schema.org\",\"@graph\":[{\"@type\":\"WebPage\",\"@id\":\"https:\/\/www.erresse-shop.it\/de\/shop\/kleine-elektrogeraete\/zitruspressen\/smeg-zitruspresse\/\",\"url\":\"https:\/\/www.erresse-shop.it\/de\/shop\/kleine-elektrogeraete\/zitruspressen\/smeg-zitruspresse\/\",\"name\":\"SMEG Zitruspresse\",\"isPartOf\":{\"@id\":\"https:\/\/www.erresse-shop.it\/de\/#website\"},\"datePublished\":\"2023-10-09T07:53:59+00:00\",\"dateModified\":\"2025-01-17T14:58:48+00:00\",\"description\":\"Entdecken Sie SMEG Zitruspresse bei ErresseShop. Qualit\u00e4t, Stil und Funktionalit\u00e4t \u2013 jetzt online bestellen!\",\"breadcrumb\":{\"@id\":\"https:\/\/www.erresse-shop.it\/de\/shop\/kleine-elektrogeraete\/zitruspressen\/smeg-zitruspresse\/#breadcrumb\"},\"inLanguage\":\"de-DE\",\"potentialAction\":[{\"@type\":\"ReadAction\",\"target\":[\"https:\/\/www.erresse-shop.it\/de\/shop\/kleine-elektrogeraete\/zitruspressen\/smeg-zitruspresse\/\"]}]},{\"@type\":\"BreadcrumbList\",\"@id\":\"https:\/\/www.erresse-shop.it\/de\/shop\/kleine-elektrogeraete\/zitruspressen\/smeg-zitruspresse\/#breadcrumb\",\"itemListElement\":[{\"@type\":\"ListItem\",\"position\":1,\"name\":\"Home\",\"item\":\"https:\/\/www.erresse-shop.it\/de\/\"},{\"@type\":\"ListItem\",\"position\":2,\"name\":\"Shop\",\"item\":\"https:\/\/www.erresse-shop.it\/de\/shop\/\"},{\"@type\":\"ListItem\",\"position\":3,\"name\":\"SMEG Zitruspresse\"}]},{\"@type\":\"WebSite\",\"@id\":\"https:\/\/www.erresse-shop.it\/de\/#website\",\"url\":\"https:\/\/www.erresse-shop.it\/de\/\",\"name\":\"Erresse Shop\",\"description\":\"Articoli di qualit\u00e0 per la casa\",\"potentialAction\":[{\"@type\":\"SearchAction\",\"target\":{\"@type\":\"EntryPoint\",\"urlTemplate\":\"https:\/\/www.erresse-shop.it\/de\/?s={search_term_string}\"},\"query-input\":\"required name=search_term_string\"}],\"inLanguage\":\"de-DE\"}]}<\/script>\n<!-- \/ Yoast SEO Premium plugin. -->","yoast_head_json":{"title":"SMEG Zitruspresse","description":"Entdecken Sie SMEG Zitruspresse bei ErresseShop. Qualit\u00e4t, Stil und Funktionalit\u00e4t \u2013 jetzt online bestellen!","robots":{"index":"index","follow":"follow","max-snippet":"max-snippet:-1","max-image-preview":"max-image-preview:large","max-video-preview":"max-video-preview:-1"},"canonical":"https:\/\/www.erresse-shop.it\/de\/shop\/kleine-elektrogeraete\/zitruspressen\/smeg-zitruspresse\/","og_locale":"de_DE","og_type":"article","og_title":"SMEG Zitruspresse","og_description":"Entdecken Sie SMEG Zitruspresse bei ErresseShop. Qualit\u00e4t, Stil und Funktionalit\u00e4t \u2013 jetzt online bestellen!","og_url":"https:\/\/www.erresse-shop.it\/de\/shop\/kleine-elektrogeraete\/zitruspressen\/smeg-zitruspresse\/","og_site_name":"Erresse Shop","article_modified_time":"2025-01-17T14:58:48+00:00","og_image":[{"width":800,"height":800,"url":"https:\/\/www.erresse-shop.it\/wp-content\/uploads\/2018\/09\/SMEG-Spremiagrumi-Nero-3-1.jpg","type":"image\/jpeg"}],"twitter_card":"summary_large_image","schema":{"@context":"https:\/\/schema.org","@graph":[{"@type":"WebPage","@id":"https:\/\/www.erresse-shop.it\/de\/shop\/kleine-elektrogeraete\/zitruspressen\/smeg-zitruspresse\/","url":"https:\/\/www.erresse-shop.it\/de\/shop\/kleine-elektrogeraete\/zitruspressen\/smeg-zitruspresse\/","name":"SMEG Zitruspresse","isPartOf":{"@id":"https:\/\/www.erresse-shop.it\/de\/#website"},"datePublished":"2023-10-09T07:53:59+00:00","dateModified":"2025-01-17T14:58:48+00:00","description":"Entdecken Sie SMEG Zitruspresse bei ErresseShop. Qualit\u00e4t, Stil und Funktionalit\u00e4t \u2013 jetzt online bestellen!","breadcrumb":{"@id":"https:\/\/www.erresse-shop.it\/de\/shop\/kleine-elektrogeraete\/zitruspressen\/smeg-zitruspresse\/#breadcrumb"},"inLanguage":"de-DE","potentialAction":[{"@type":"ReadAction","target":["https:\/\/www.erresse-shop.it\/de\/shop\/kleine-elektrogeraete\/zitruspressen\/smeg-zitruspresse\/"]}]},{"@type":"BreadcrumbList","@id":"https:\/\/www.erresse-shop.it\/de\/shop\/kleine-elektrogeraete\/zitruspressen\/smeg-zitruspresse\/#breadcrumb","itemListElement":[{"@type":"ListItem","position":1,"name":"Home","item":"https:\/\/www.erresse-shop.it\/de\/"},{"@type":"ListItem","position":2,"name":"Shop","item":"https:\/\/www.erresse-shop.it\/de\/shop\/"},{"@type":"ListItem","position":3,"name":"SMEG Zitruspresse"}]},{"@type":"WebSite","@id":"https:\/\/www.erresse-shop.it\/de\/#website","url":"https:\/\/www.erresse-shop.it\/de\/","name":"Erresse Shop","description":"Articoli di qualit\u00e0 per la casa","potentialAction":[{"@type":"SearchAction","target":{"@type":"EntryPoint","urlTemplate":"https:\/\/www.erresse-shop.it\/de\/?s={search_term_string}"},"query-input":"required name=search_term_string"}],"inLanguage":"de-DE"}]}},"df_price":179,"df_sale_price":"","df_regular_price":179,"df_image_link":"https:\/\/www.erresse-shop.it\/wp-content\/uploads\/2018\/09\/SMEG-Spremiagrumi-Nero-3-1-300x300.jpg","_links":{"self":[{"href":"https:\/\/www.erresse-shop.it\/de\/wp-json\/wp\/v2\/product\/334925"}],"collection":[{"href":"https:\/\/www.erresse-shop.it\/de\/wp-json\/wp\/v2\/product"}],"about":[{"href":"https:\/\/www.erresse-shop.it\/de\/wp-json\/wp\/v2\/types\/product"}],"wp:featuredmedia":[{"embeddable":true,"href":"https:\/\/www.erresse-shop.it\/de\/wp-json\/wp\/v2\/media\/184271"}],"wp:attachment":[{"href":"https:\/\/www.erresse-shop.it\/de\/wp-json\/wp\/v2\/media?parent=334925"}],"wp:term":[{"taxonomy":"product_cat","embeddable":true,"href":"https:\/\/www.erresse-shop.it\/de\/wp-json\/wp\/v2\/product_cat?post=334925"},{"taxonomy":"product_tag","embeddable":true,"href":"https:\/\/www.erresse-shop.it\/de\/wp-json\/wp\/v2\/product_tag?post=334925"}],"curies":[{"name":"wp","href":"https:\/\/api.w.org\/{rel}","templated":true}]}}