{"id":334884,"date":"2023-10-09T07:53:23","date_gmt":"2023-10-09T07:53:25","guid":{"rendered":"https:\/\/www.erresse-shop.it\/shop\/senza-categoria\/smeg-stabmixer-set\/"},"modified":"2025-05-15T16:38:15","modified_gmt":"2025-05-15T16:38:15","slug":"smeg-stabmixer-set-2","status":"publish","type":"product","link":"https:\/\/www.erresse-shop.it\/de\/shop\/kleine-elektrogeraete\/mixer\/smeg-stabmixer-set-2\/","title":{"rendered":"SMEG Stabmixer-set"},"content":{"rendered":"<p><strong>SMEG<\/strong> Serie 50 Jahre<\/p>\n<p>Ein symbolisches Treffen, Symbole, die den Raum, den sie einnehmen, die neue kleine Linie von 50 Jahren drehen, die in Zusammenarbeit mit Matthew Bazzicalupo und Raffaella Mangiarotti von deepdesign, die Vergangenheit evozieren und die Orte, an jedem Tag zu gestalten, auf eine neue Weise zu investieren, was bereits existiert oder existiert hat, wie es in der Kunst und Ged\u00e4chtnis geschieht.<br \/>\nProduziert von abgerundeten und kompakten Formen, sind die Protagonisten der K\u00fcche, f\u00fcr diejenigen, die eine Erfahrung Koch leben wollen aber nicht nur. F\u00fcr diejenigen, die sich mit Objekten mit einer starken \u00e4sthetischen Charakter zu umgeben, wie ohne den Blick f\u00fcr die qualitativ hochwertige Leistung zu verlieren.<\/p>\n<ul style=\"font-size: 13px;line-height: 20.8px\">\n<li>Product awarded by the&nbsp;<strong>Good Design Awards<\/strong>&nbsp;2017<\/li>\n<\/ul>\n<p><strong>\u00c4sthetik&nbsp;<\/strong><br \/>\n&#8211; 50`s Retro-Style&nbsp;<br \/>\n&#8211; 3D Smeg-Logo&nbsp;<br \/>\n&#8211; Geh\u00e4use aus Kunststoff, lackiert&nbsp;<br \/>\n&#8211; hochwertige Verpackung in der jeweiligen Ger\u00e4tefarbe<\/p>\n<p><strong>Ausstattung\/Bedienung&nbsp;<\/strong><br \/>\n&#8211; Ergonomischer Handgriff mit rutschfester Soft-Touch-Einlage f\u00fcr sicheres und erm\u00fcdungsfreies Arbeiten&nbsp;<br \/>\n&#8211; Edelstahl-Mixfu\u00df, abnehmbar&nbsp;<br \/>\n&#8211; Edelstahlklingen mit FlowBlend\u2122-Technologie&nbsp;<br \/>\n&#8211; Beste Verarbeitungsergebnisse, dank leistungsstarkem 700 Watt-Motor und hochwertigen Materialien&nbsp;<br \/>\n&#8211; Taste Speed-Control f\u00fcr einfachste Bedienung der variablen Geschwindigkeit&nbsp;<br \/>\n&#8211; EIN\/AUS-Schalter, leicht zu erreichen&nbsp;<br \/>\n&#8211; Turbo-Funktion f\u00fcr besonders schnelle Ergebnisse<\/p>\n<p><strong>Allgemeine Daten&nbsp;<\/strong><br \/>\n&#8211; Stabmixer HxBxT: 414x65x65 mm&nbsp;<br \/>\n&#8211; Nettogewicht: 1,9 kg&nbsp;<br \/>\n&#8211; Kabell\u00e4nge: 1,0 m Technische Daten&nbsp;<br \/>\n&#8211; Spannung: 230-240 V 1N&nbsp;<br \/>\n&#8211; Frequenz: 50\/60 Hz&nbsp;<br \/>\n&#8211; Leistungsaufnahme: 700 W&nbsp;<br \/>\n&#8211; Typ Netzstecker: Schuko<\/p>\n<p>Schau das video:&nbsp;<a href=\"https:\/\/youtu.be\/GC823Pdwpfw\" target=\"_blank\">https:\/\/youtu.be\/GC823Pdwpfw<\/a><\/p>\n","protected":false},"excerpt":{"rendered":"<p>SMEG Serie 50 Jahre Ein symbolisches Treffen, Symbole, die den Raum, den sie einnehmen, die neue kleine Linie von 50<\/p>\n","protected":false},"featured_media":494239,"template":"","meta":{"_acf_changed":false,"inline_featured_image":false},"product_cat":[6703,6886],"product_tag":[25182,23911,23312,11415,11925,11718,24762,12357,25022,21330],"acf":[],"yoast_head":"<!-- This site is optimized with the Yoast SEO Premium plugin v18.6 (Yoast SEO v19.13) - https:\/\/yoast.com\/wordpress\/plugins\/seo\/ -->\n<title>SMEG Stabmixer-set<\/title>\n<meta name=\"description\" content=\"Entdecken Sie SMEG Stabmixer-set bei ErresseShop. Qualit\u00e4t, Stil und Funktionalit\u00e4t \u2013 jetzt online bestellen!\" \/>\n<meta name=\"robots\" content=\"index, follow, max-snippet:-1, max-image-preview:large, max-video-preview:-1\" \/>\n<link rel=\"canonical\" href=\"https:\/\/www.erresse-shop.it\/de\/shop\/kleine-elektrogeraete\/mixer\/smeg-stabmixer-set-2\/\" \/>\n<meta property=\"og:locale\" content=\"de_DE\" \/>\n<meta property=\"og:type\" content=\"article\" \/>\n<meta property=\"og:title\" content=\"SMEG Stabmixer-set\" \/>\n<meta property=\"og:description\" content=\"Entdecken Sie SMEG Stabmixer-set bei ErresseShop. Qualit\u00e4t, Stil und Funktionalit\u00e4t \u2013 jetzt online bestellen!\" \/>\n<meta property=\"og:url\" content=\"https:\/\/www.erresse-shop.it\/de\/shop\/kleine-elektrogeraete\/mixer\/smeg-stabmixer-set-2\/\" \/>\n<meta property=\"og:site_name\" content=\"Erresse Shop\" \/>\n<meta property=\"article:modified_time\" content=\"2025-05-15T16:38:15+00:00\" \/>\n<meta property=\"og:image\" content=\"https:\/\/www.erresse-shop.it\/wp-content\/uploads\/2023\/10\/SMEG-Estetica-Anni-50-Frullatore-a-Immersione-Rosso.png\" \/>\n\t<meta property=\"og:image:width\" content=\"800\" \/>\n\t<meta property=\"og:image:height\" content=\"800\" \/>\n\t<meta property=\"og:image:type\" content=\"image\/png\" \/>\n<meta name=\"twitter:card\" content=\"summary_large_image\" \/>\n<script type=\"application\/ld+json\" class=\"yoast-schema-graph\">{\"@context\":\"https:\/\/schema.org\",\"@graph\":[{\"@type\":\"WebPage\",\"@id\":\"https:\/\/www.erresse-shop.it\/de\/shop\/kleine-elektrogeraete\/mixer\/smeg-stabmixer-set-2\/\",\"url\":\"https:\/\/www.erresse-shop.it\/de\/shop\/kleine-elektrogeraete\/mixer\/smeg-stabmixer-set-2\/\",\"name\":\"SMEG Stabmixer-set\",\"isPartOf\":{\"@id\":\"https:\/\/www.erresse-shop.it\/de\/#website\"},\"datePublished\":\"2023-10-09T07:53:25+00:00\",\"dateModified\":\"2025-05-15T16:38:15+00:00\",\"description\":\"Entdecken Sie SMEG Stabmixer-set bei ErresseShop. Qualit\u00e4t, Stil und Funktionalit\u00e4t \u2013 jetzt online bestellen!\",\"breadcrumb\":{\"@id\":\"https:\/\/www.erresse-shop.it\/de\/shop\/kleine-elektrogeraete\/mixer\/smeg-stabmixer-set-2\/#breadcrumb\"},\"inLanguage\":\"de-DE\",\"potentialAction\":[{\"@type\":\"ReadAction\",\"target\":[\"https:\/\/www.erresse-shop.it\/de\/shop\/kleine-elektrogeraete\/mixer\/smeg-stabmixer-set-2\/\"]}]},{\"@type\":\"BreadcrumbList\",\"@id\":\"https:\/\/www.erresse-shop.it\/de\/shop\/kleine-elektrogeraete\/mixer\/smeg-stabmixer-set-2\/#breadcrumb\",\"itemListElement\":[{\"@type\":\"ListItem\",\"position\":1,\"name\":\"Home\",\"item\":\"https:\/\/www.erresse-shop.it\/de\/\"},{\"@type\":\"ListItem\",\"position\":2,\"name\":\"Shop\",\"item\":\"https:\/\/www.erresse-shop.it\/de\/shop\/\"},{\"@type\":\"ListItem\",\"position\":3,\"name\":\"SMEG Stabmixer-set\"}]},{\"@type\":\"WebSite\",\"@id\":\"https:\/\/www.erresse-shop.it\/de\/#website\",\"url\":\"https:\/\/www.erresse-shop.it\/de\/\",\"name\":\"Erresse Shop\",\"description\":\"Articoli di qualit\u00e0 per la casa\",\"potentialAction\":[{\"@type\":\"SearchAction\",\"target\":{\"@type\":\"EntryPoint\",\"urlTemplate\":\"https:\/\/www.erresse-shop.it\/de\/?s={search_term_string}\"},\"query-input\":\"required name=search_term_string\"}],\"inLanguage\":\"de-DE\"}]}<\/script>\n<!-- \/ Yoast SEO Premium plugin. -->","yoast_head_json":{"title":"SMEG Stabmixer-set","description":"Entdecken Sie SMEG Stabmixer-set bei ErresseShop. Qualit\u00e4t, Stil und Funktionalit\u00e4t \u2013 jetzt online bestellen!","robots":{"index":"index","follow":"follow","max-snippet":"max-snippet:-1","max-image-preview":"max-image-preview:large","max-video-preview":"max-video-preview:-1"},"canonical":"https:\/\/www.erresse-shop.it\/de\/shop\/kleine-elektrogeraete\/mixer\/smeg-stabmixer-set-2\/","og_locale":"de_DE","og_type":"article","og_title":"SMEG Stabmixer-set","og_description":"Entdecken Sie SMEG Stabmixer-set bei ErresseShop. Qualit\u00e4t, Stil und Funktionalit\u00e4t \u2013 jetzt online bestellen!","og_url":"https:\/\/www.erresse-shop.it\/de\/shop\/kleine-elektrogeraete\/mixer\/smeg-stabmixer-set-2\/","og_site_name":"Erresse Shop","article_modified_time":"2025-05-15T16:38:15+00:00","og_image":[{"width":800,"height":800,"url":"https:\/\/www.erresse-shop.it\/wp-content\/uploads\/2023\/10\/SMEG-Estetica-Anni-50-Frullatore-a-Immersione-Rosso.png","type":"image\/png"}],"twitter_card":"summary_large_image","schema":{"@context":"https:\/\/schema.org","@graph":[{"@type":"WebPage","@id":"https:\/\/www.erresse-shop.it\/de\/shop\/kleine-elektrogeraete\/mixer\/smeg-stabmixer-set-2\/","url":"https:\/\/www.erresse-shop.it\/de\/shop\/kleine-elektrogeraete\/mixer\/smeg-stabmixer-set-2\/","name":"SMEG Stabmixer-set","isPartOf":{"@id":"https:\/\/www.erresse-shop.it\/de\/#website"},"datePublished":"2023-10-09T07:53:25+00:00","dateModified":"2025-05-15T16:38:15+00:00","description":"Entdecken Sie SMEG Stabmixer-set bei ErresseShop. Qualit\u00e4t, Stil und Funktionalit\u00e4t \u2013 jetzt online bestellen!","breadcrumb":{"@id":"https:\/\/www.erresse-shop.it\/de\/shop\/kleine-elektrogeraete\/mixer\/smeg-stabmixer-set-2\/#breadcrumb"},"inLanguage":"de-DE","potentialAction":[{"@type":"ReadAction","target":["https:\/\/www.erresse-shop.it\/de\/shop\/kleine-elektrogeraete\/mixer\/smeg-stabmixer-set-2\/"]}]},{"@type":"BreadcrumbList","@id":"https:\/\/www.erresse-shop.it\/de\/shop\/kleine-elektrogeraete\/mixer\/smeg-stabmixer-set-2\/#breadcrumb","itemListElement":[{"@type":"ListItem","position":1,"name":"Home","item":"https:\/\/www.erresse-shop.it\/de\/"},{"@type":"ListItem","position":2,"name":"Shop","item":"https:\/\/www.erresse-shop.it\/de\/shop\/"},{"@type":"ListItem","position":3,"name":"SMEG Stabmixer-set"}]},{"@type":"WebSite","@id":"https:\/\/www.erresse-shop.it\/de\/#website","url":"https:\/\/www.erresse-shop.it\/de\/","name":"Erresse Shop","description":"Articoli di qualit\u00e0 per la casa","potentialAction":[{"@type":"SearchAction","target":{"@type":"EntryPoint","urlTemplate":"https:\/\/www.erresse-shop.it\/de\/?s={search_term_string}"},"query-input":"required name=search_term_string"}],"inLanguage":"de-DE"}]}},"df_price":99,"df_sale_price":"","df_regular_price":99,"df_image_link":"https:\/\/www.erresse-shop.it\/wp-content\/uploads\/2023\/10\/SMEG-Estetica-Anni-50-Frullatore-a-Immersione-Rosso-300x300.jpg","_links":{"self":[{"href":"https:\/\/www.erresse-shop.it\/de\/wp-json\/wp\/v2\/product\/334884"}],"collection":[{"href":"https:\/\/www.erresse-shop.it\/de\/wp-json\/wp\/v2\/product"}],"about":[{"href":"https:\/\/www.erresse-shop.it\/de\/wp-json\/wp\/v2\/types\/product"}],"wp:featuredmedia":[{"embeddable":true,"href":"https:\/\/www.erresse-shop.it\/de\/wp-json\/wp\/v2\/media\/494239"}],"wp:attachment":[{"href":"https:\/\/www.erresse-shop.it\/de\/wp-json\/wp\/v2\/media?parent=334884"}],"wp:term":[{"taxonomy":"product_cat","embeddable":true,"href":"https:\/\/www.erresse-shop.it\/de\/wp-json\/wp\/v2\/product_cat?post=334884"},{"taxonomy":"product_tag","embeddable":true,"href":"https:\/\/www.erresse-shop.it\/de\/wp-json\/wp\/v2\/product_tag?post=334884"}],"curies":[{"name":"wp","href":"https:\/\/api.w.org\/{rel}","templated":true}]}}