{"id":333519,"date":"2023-10-04T07:25:06","date_gmt":"2023-10-04T07:25:08","guid":{"rendered":"https:\/\/www.erresse-shop.it\/?post_type=product&#038;p=333519"},"modified":"2025-01-21T16:45:30","modified_gmt":"2025-01-21T16:45:30","slug":"villeroy-boch-winter-bakery-delight-grose-rechteckige-tortenplatte","status":"publish","type":"product","link":"https:\/\/www.erresse-shop.it\/de\/shop\/tisch\/serviertablette\/villeroy-boch-winter-bakery-delight-grose-rechteckige-tortenplatte\/","title":{"rendered":"VILLEROY &#038; BOCH Winter Bakery Delight Gro\u00dfe Rechteckige Tortenplatte"},"content":{"rendered":"<p><strong>Geb\u00e4ck- und Kuchenteller<\/strong><\/p>\n<p>Winter Bakery Delight macht Lust auf Zimtsterne, Eierlik\u00f6r und Brat\u00e4pfel. Das festlich dekorierte Porzellan passt zum Lichterschmuck der Advents- und Winterzeit. Selbstgemachte K\u00f6stlichkeiten zum Fr\u00fchst\u00fcck oder zum Nachmittagskaffee lassen sich in dem gro\u00dfen Eckteller platzieren. Machen Sie Ihren Liebsten eine Freude.<\/p>\n<p>Material: Hochwertiges Porzellan<br \/>\nSp\u00fclmaschinenfest: Nein<br \/>\nMikrowellengeeignet: Ja<\/p>\n","protected":false},"excerpt":{"rendered":"<p>Geb\u00e4ck- und Kuchenteller Winter Bakery Delight macht Lust auf Zimtsterne, Eierlik\u00f6r und Brat\u00e4pfel. Das festlich dekorierte Porzellan passt zum Lichterschmuck<\/p>\n","protected":false},"featured_media":444008,"template":"","meta":{"_acf_changed":false,"inline_featured_image":false},"product_cat":[6853,6787],"product_tag":[23911,20502,21330,20504,20503],"acf":[],"yoast_head":"<!-- This site is optimized with the Yoast SEO Premium plugin v18.6 (Yoast SEO v19.13) - https:\/\/yoast.com\/wordpress\/plugins\/seo\/ -->\n<title>VILLEROY &amp; BOCH Winter Bakery Delight Gro\u00dfe Rechteckige Tortenplatte<\/title>\n<meta name=\"description\" content=\"Entdecken Sie VILLEROY &amp; BOCH Winter Bakery Delight Gro\u00dfe Rechteckige Tortenplatte bei ErresseShop. Qualit\u00e4t, Stil und Funktionalit\u00e4t \u2013 jetzt online bestellen!\" \/>\n<meta name=\"robots\" content=\"index, follow, max-snippet:-1, max-image-preview:large, max-video-preview:-1\" \/>\n<link rel=\"canonical\" href=\"https:\/\/www.erresse-shop.it\/de\/shop\/tisch\/serviertablette\/villeroy-boch-winter-bakery-delight-grose-rechteckige-tortenplatte\/\" \/>\n<meta property=\"og:locale\" content=\"de_DE\" \/>\n<meta property=\"og:type\" content=\"article\" \/>\n<meta property=\"og:title\" content=\"VILLEROY &amp; BOCH Winter Bakery Delight Gro\u00dfe Rechteckige Tortenplatte\" \/>\n<meta property=\"og:description\" content=\"Entdecken Sie VILLEROY &amp; BOCH Winter Bakery Delight Gro\u00dfe Rechteckige Tortenplatte bei ErresseShop. Qualit\u00e4t, Stil und Funktionalit\u00e4t \u2013 jetzt online bestellen!\" \/>\n<meta property=\"og:url\" content=\"https:\/\/www.erresse-shop.it\/de\/shop\/tisch\/serviertablette\/villeroy-boch-winter-bakery-delight-grose-rechteckige-tortenplatte\/\" \/>\n<meta property=\"og:site_name\" content=\"Erresse Shop\" \/>\n<meta property=\"article:modified_time\" content=\"2025-01-21T16:45:30+00:00\" \/>\n<meta property=\"og:image\" content=\"https:\/\/www.erresse-shop.it\/wp-content\/uploads\/2023\/10\/VILLEROY-BOCH-Winter-Bakery-Delight-Piatto-Pasticcini-Rettangolare-Grande-1.jpg\" \/>\n\t<meta property=\"og:image:width\" content=\"1200\" \/>\n\t<meta property=\"og:image:height\" content=\"1200\" \/>\n\t<meta property=\"og:image:type\" content=\"image\/jpeg\" \/>\n<meta name=\"twitter:card\" content=\"summary_large_image\" \/>\n<script type=\"application\/ld+json\" class=\"yoast-schema-graph\">{\"@context\":\"https:\/\/schema.org\",\"@graph\":[{\"@type\":\"WebPage\",\"@id\":\"https:\/\/www.erresse-shop.it\/de\/shop\/tisch\/serviertablette\/villeroy-boch-winter-bakery-delight-grose-rechteckige-tortenplatte\/\",\"url\":\"https:\/\/www.erresse-shop.it\/de\/shop\/tisch\/serviertablette\/villeroy-boch-winter-bakery-delight-grose-rechteckige-tortenplatte\/\",\"name\":\"VILLEROY & BOCH Winter Bakery Delight Gro\u00dfe Rechteckige Tortenplatte\",\"isPartOf\":{\"@id\":\"https:\/\/www.erresse-shop.it\/de\/#website\"},\"datePublished\":\"2023-10-04T07:25:08+00:00\",\"dateModified\":\"2025-01-21T16:45:30+00:00\",\"description\":\"Entdecken Sie VILLEROY & BOCH Winter Bakery Delight Gro\u00dfe Rechteckige Tortenplatte bei ErresseShop. Qualit\u00e4t, Stil und Funktionalit\u00e4t \u2013 jetzt online bestellen!\",\"breadcrumb\":{\"@id\":\"https:\/\/www.erresse-shop.it\/de\/shop\/tisch\/serviertablette\/villeroy-boch-winter-bakery-delight-grose-rechteckige-tortenplatte\/#breadcrumb\"},\"inLanguage\":\"de-DE\",\"potentialAction\":[{\"@type\":\"ReadAction\",\"target\":[\"https:\/\/www.erresse-shop.it\/de\/shop\/tisch\/serviertablette\/villeroy-boch-winter-bakery-delight-grose-rechteckige-tortenplatte\/\"]}]},{\"@type\":\"BreadcrumbList\",\"@id\":\"https:\/\/www.erresse-shop.it\/de\/shop\/tisch\/serviertablette\/villeroy-boch-winter-bakery-delight-grose-rechteckige-tortenplatte\/#breadcrumb\",\"itemListElement\":[{\"@type\":\"ListItem\",\"position\":1,\"name\":\"Home\",\"item\":\"https:\/\/www.erresse-shop.it\/de\/\"},{\"@type\":\"ListItem\",\"position\":2,\"name\":\"Shop\",\"item\":\"https:\/\/www.erresse-shop.it\/de\/shop\/\"},{\"@type\":\"ListItem\",\"position\":3,\"name\":\"VILLEROY &#038; BOCH Winter Bakery Delight Gro\u00dfe Rechteckige Tortenplatte\"}]},{\"@type\":\"WebSite\",\"@id\":\"https:\/\/www.erresse-shop.it\/de\/#website\",\"url\":\"https:\/\/www.erresse-shop.it\/de\/\",\"name\":\"Erresse Shop\",\"description\":\"Articoli di qualit\u00e0 per la casa\",\"potentialAction\":[{\"@type\":\"SearchAction\",\"target\":{\"@type\":\"EntryPoint\",\"urlTemplate\":\"https:\/\/www.erresse-shop.it\/de\/?s={search_term_string}\"},\"query-input\":\"required name=search_term_string\"}],\"inLanguage\":\"de-DE\"}]}<\/script>\n<!-- \/ Yoast SEO Premium plugin. -->","yoast_head_json":{"title":"VILLEROY & BOCH Winter Bakery Delight Gro\u00dfe Rechteckige Tortenplatte","description":"Entdecken Sie VILLEROY & BOCH Winter Bakery Delight Gro\u00dfe Rechteckige Tortenplatte bei ErresseShop. Qualit\u00e4t, Stil und Funktionalit\u00e4t \u2013 jetzt online bestellen!","robots":{"index":"index","follow":"follow","max-snippet":"max-snippet:-1","max-image-preview":"max-image-preview:large","max-video-preview":"max-video-preview:-1"},"canonical":"https:\/\/www.erresse-shop.it\/de\/shop\/tisch\/serviertablette\/villeroy-boch-winter-bakery-delight-grose-rechteckige-tortenplatte\/","og_locale":"de_DE","og_type":"article","og_title":"VILLEROY & BOCH Winter Bakery Delight Gro\u00dfe Rechteckige Tortenplatte","og_description":"Entdecken Sie VILLEROY & BOCH Winter Bakery Delight Gro\u00dfe Rechteckige Tortenplatte bei ErresseShop. Qualit\u00e4t, Stil und Funktionalit\u00e4t \u2013 jetzt online bestellen!","og_url":"https:\/\/www.erresse-shop.it\/de\/shop\/tisch\/serviertablette\/villeroy-boch-winter-bakery-delight-grose-rechteckige-tortenplatte\/","og_site_name":"Erresse Shop","article_modified_time":"2025-01-21T16:45:30+00:00","og_image":[{"width":1200,"height":1200,"url":"https:\/\/www.erresse-shop.it\/wp-content\/uploads\/2023\/10\/VILLEROY-BOCH-Winter-Bakery-Delight-Piatto-Pasticcini-Rettangolare-Grande-1.jpg","type":"image\/jpeg"}],"twitter_card":"summary_large_image","schema":{"@context":"https:\/\/schema.org","@graph":[{"@type":"WebPage","@id":"https:\/\/www.erresse-shop.it\/de\/shop\/tisch\/serviertablette\/villeroy-boch-winter-bakery-delight-grose-rechteckige-tortenplatte\/","url":"https:\/\/www.erresse-shop.it\/de\/shop\/tisch\/serviertablette\/villeroy-boch-winter-bakery-delight-grose-rechteckige-tortenplatte\/","name":"VILLEROY & BOCH Winter Bakery Delight Gro\u00dfe Rechteckige Tortenplatte","isPartOf":{"@id":"https:\/\/www.erresse-shop.it\/de\/#website"},"datePublished":"2023-10-04T07:25:08+00:00","dateModified":"2025-01-21T16:45:30+00:00","description":"Entdecken Sie VILLEROY & BOCH Winter Bakery Delight Gro\u00dfe Rechteckige Tortenplatte bei ErresseShop. Qualit\u00e4t, Stil und Funktionalit\u00e4t \u2013 jetzt online bestellen!","breadcrumb":{"@id":"https:\/\/www.erresse-shop.it\/de\/shop\/tisch\/serviertablette\/villeroy-boch-winter-bakery-delight-grose-rechteckige-tortenplatte\/#breadcrumb"},"inLanguage":"de-DE","potentialAction":[{"@type":"ReadAction","target":["https:\/\/www.erresse-shop.it\/de\/shop\/tisch\/serviertablette\/villeroy-boch-winter-bakery-delight-grose-rechteckige-tortenplatte\/"]}]},{"@type":"BreadcrumbList","@id":"https:\/\/www.erresse-shop.it\/de\/shop\/tisch\/serviertablette\/villeroy-boch-winter-bakery-delight-grose-rechteckige-tortenplatte\/#breadcrumb","itemListElement":[{"@type":"ListItem","position":1,"name":"Home","item":"https:\/\/www.erresse-shop.it\/de\/"},{"@type":"ListItem","position":2,"name":"Shop","item":"https:\/\/www.erresse-shop.it\/de\/shop\/"},{"@type":"ListItem","position":3,"name":"VILLEROY &#038; BOCH Winter Bakery Delight Gro\u00dfe Rechteckige Tortenplatte"}]},{"@type":"WebSite","@id":"https:\/\/www.erresse-shop.it\/de\/#website","url":"https:\/\/www.erresse-shop.it\/de\/","name":"Erresse Shop","description":"Articoli di qualit\u00e0 per la casa","potentialAction":[{"@type":"SearchAction","target":{"@type":"EntryPoint","urlTemplate":"https:\/\/www.erresse-shop.it\/de\/?s={search_term_string}"},"query-input":"required name=search_term_string"}],"inLanguage":"de-DE"}]}},"df_price":34.95,"df_sale_price":34.95,"df_regular_price":69.9,"df_image_link":"https:\/\/www.erresse-shop.it\/wp-content\/uploads\/2023\/10\/VILLEROY-BOCH-Winter-Bakery-Delight-Piatto-Pasticcini-Rettangolare-Grande-1-300x300.jpg","_links":{"self":[{"href":"https:\/\/www.erresse-shop.it\/de\/wp-json\/wp\/v2\/product\/333519"}],"collection":[{"href":"https:\/\/www.erresse-shop.it\/de\/wp-json\/wp\/v2\/product"}],"about":[{"href":"https:\/\/www.erresse-shop.it\/de\/wp-json\/wp\/v2\/types\/product"}],"wp:featuredmedia":[{"embeddable":true,"href":"https:\/\/www.erresse-shop.it\/de\/wp-json\/wp\/v2\/media\/444008"}],"wp:attachment":[{"href":"https:\/\/www.erresse-shop.it\/de\/wp-json\/wp\/v2\/media?parent=333519"}],"wp:term":[{"taxonomy":"product_cat","embeddable":true,"href":"https:\/\/www.erresse-shop.it\/de\/wp-json\/wp\/v2\/product_cat?post=333519"},{"taxonomy":"product_tag","embeddable":true,"href":"https:\/\/www.erresse-shop.it\/de\/wp-json\/wp\/v2\/product_tag?post=333519"}],"curies":[{"name":"wp","href":"https:\/\/api.w.org\/{rel}","templated":true}]}}