{"id":333211,"date":"2023-10-03T13:25:53","date_gmt":"2023-10-03T13:25:55","guid":{"rendered":"https:\/\/www.erresse-shop.it\/?post_type=product&#038;p=333211"},"modified":"2025-01-21T16:45:26","modified_gmt":"2025-01-21T16:45:26","slug":"villeroy-boch-christmas-toys-lebkuchenhaus-mit-glockenspiel","status":"publish","type":"product","link":"https:\/\/www.erresse-shop.it\/de\/shop\/einrichtung-haus\/dekoartikel\/villeroy-boch-christmas-toys-lebkuchenhaus-mit-glockenspiel\/","title":{"rendered":"VILLEROY &#038; BOCH Christmas Toys Lebkuchenhaus mit Glockenspiel"},"content":{"rendered":"<p><strong>Glockenspiel mit Kerze spielt &#8220;Let it snow&#8221;<\/strong><\/p>\n<p>Die Kollektion Christmas Toys vereint nostalgische Momente und modernes Design in einer wunderbaren, festlichen Welt mit Weihnachtsm\u00e4rkten, Schneem\u00e4nnern und Weihnachtsm\u00e4nnern. Die teilweise handbemalte Spieluhr in Form eines Lebkuchenhauses sorgt f\u00fcr weihnachtliche Stimmung. Die Spieluhr spielt den Klassiker &#8220;Let It Snow&#8221; und die Kerze sorgt f\u00fcr einen festlichen Glanz. Vervollst\u00e4ndigen Sie Ihre Weihnachtsdekoration mit viel Liebe zum Stil.<\/p>\n<p>Material: Porzellan<\/p>\n","protected":false},"excerpt":{"rendered":"<p>Glockenspiel mit Kerze spielt &#8220;Let it snow&#8221; Die Kollektion Christmas Toys vereint nostalgische Momente und modernes Design in einer wunderbaren,<\/p>\n","protected":false},"featured_media":333234,"template":"","meta":{"_acf_changed":false,"inline_featured_image":false},"product_cat":[6817,14442],"product_tag":[23911,20502,21330,20504,20503],"acf":[],"yoast_head":"<!-- This site is optimized with the Yoast SEO Premium plugin v18.6 (Yoast SEO v19.13) - https:\/\/yoast.com\/wordpress\/plugins\/seo\/ -->\n<title>VILLEROY &amp; BOCH Christmas Toys Lebkuchenhaus mit Glockenspiel<\/title>\n<meta name=\"description\" content=\"Entdecken Sie VILLEROY &amp; BOCH Christmas Toys Lebkuchenhaus mit Glockenspiel bei ErresseShop. Qualit\u00e4t, Stil und Funktionalit\u00e4t \u2013 jetzt online bestellen!\" \/>\n<meta name=\"robots\" content=\"index, follow, max-snippet:-1, max-image-preview:large, max-video-preview:-1\" \/>\n<link rel=\"canonical\" href=\"https:\/\/www.erresse-shop.it\/de\/shop\/einrichtung-haus\/dekoartikel\/villeroy-boch-christmas-toys-lebkuchenhaus-mit-glockenspiel\/\" \/>\n<meta property=\"og:locale\" content=\"de_DE\" \/>\n<meta property=\"og:type\" content=\"article\" \/>\n<meta property=\"og:title\" content=\"VILLEROY &amp; BOCH Christmas Toys Lebkuchenhaus mit Glockenspiel\" \/>\n<meta property=\"og:description\" content=\"Entdecken Sie VILLEROY &amp; BOCH Christmas Toys Lebkuchenhaus mit Glockenspiel bei ErresseShop. Qualit\u00e4t, Stil und Funktionalit\u00e4t \u2013 jetzt online bestellen!\" \/>\n<meta property=\"og:url\" content=\"https:\/\/www.erresse-shop.it\/de\/shop\/einrichtung-haus\/dekoartikel\/villeroy-boch-christmas-toys-lebkuchenhaus-mit-glockenspiel\/\" \/>\n<meta property=\"og:site_name\" content=\"Erresse Shop\" \/>\n<meta property=\"article:modified_time\" content=\"2025-01-21T16:45:26+00:00\" \/>\n<meta property=\"og:image\" content=\"https:\/\/www.erresse-shop.it\/wp-content\/uploads\/2023\/10\/VILLEROY-BOCH-Christmas-Toys-Casa-di-Panpepato-con-Carillon.jpg\" \/>\n\t<meta property=\"og:image:width\" content=\"800\" \/>\n\t<meta property=\"og:image:height\" content=\"800\" \/>\n\t<meta property=\"og:image:type\" content=\"image\/jpeg\" \/>\n<meta name=\"twitter:card\" content=\"summary_large_image\" \/>\n<script type=\"application\/ld+json\" class=\"yoast-schema-graph\">{\"@context\":\"https:\/\/schema.org\",\"@graph\":[{\"@type\":\"WebPage\",\"@id\":\"https:\/\/www.erresse-shop.it\/de\/shop\/einrichtung-haus\/dekoartikel\/villeroy-boch-christmas-toys-lebkuchenhaus-mit-glockenspiel\/\",\"url\":\"https:\/\/www.erresse-shop.it\/de\/shop\/einrichtung-haus\/dekoartikel\/villeroy-boch-christmas-toys-lebkuchenhaus-mit-glockenspiel\/\",\"name\":\"VILLEROY & BOCH Christmas Toys Lebkuchenhaus mit Glockenspiel\",\"isPartOf\":{\"@id\":\"https:\/\/www.erresse-shop.it\/de\/#website\"},\"datePublished\":\"2023-10-03T13:25:55+00:00\",\"dateModified\":\"2025-01-21T16:45:26+00:00\",\"description\":\"Entdecken Sie VILLEROY & BOCH Christmas Toys Lebkuchenhaus mit Glockenspiel bei ErresseShop. Qualit\u00e4t, Stil und Funktionalit\u00e4t \u2013 jetzt online bestellen!\",\"breadcrumb\":{\"@id\":\"https:\/\/www.erresse-shop.it\/de\/shop\/einrichtung-haus\/dekoartikel\/villeroy-boch-christmas-toys-lebkuchenhaus-mit-glockenspiel\/#breadcrumb\"},\"inLanguage\":\"de-DE\",\"potentialAction\":[{\"@type\":\"ReadAction\",\"target\":[\"https:\/\/www.erresse-shop.it\/de\/shop\/einrichtung-haus\/dekoartikel\/villeroy-boch-christmas-toys-lebkuchenhaus-mit-glockenspiel\/\"]}]},{\"@type\":\"BreadcrumbList\",\"@id\":\"https:\/\/www.erresse-shop.it\/de\/shop\/einrichtung-haus\/dekoartikel\/villeroy-boch-christmas-toys-lebkuchenhaus-mit-glockenspiel\/#breadcrumb\",\"itemListElement\":[{\"@type\":\"ListItem\",\"position\":1,\"name\":\"Home\",\"item\":\"https:\/\/www.erresse-shop.it\/de\/\"},{\"@type\":\"ListItem\",\"position\":2,\"name\":\"Shop\",\"item\":\"https:\/\/www.erresse-shop.it\/de\/shop\/\"},{\"@type\":\"ListItem\",\"position\":3,\"name\":\"VILLEROY &#038; BOCH Christmas Toys Lebkuchenhaus mit Glockenspiel\"}]},{\"@type\":\"WebSite\",\"@id\":\"https:\/\/www.erresse-shop.it\/de\/#website\",\"url\":\"https:\/\/www.erresse-shop.it\/de\/\",\"name\":\"Erresse Shop\",\"description\":\"Articoli di qualit\u00e0 per la casa\",\"potentialAction\":[{\"@type\":\"SearchAction\",\"target\":{\"@type\":\"EntryPoint\",\"urlTemplate\":\"https:\/\/www.erresse-shop.it\/de\/?s={search_term_string}\"},\"query-input\":\"required name=search_term_string\"}],\"inLanguage\":\"de-DE\"}]}<\/script>\n<!-- \/ Yoast SEO Premium plugin. -->","yoast_head_json":{"title":"VILLEROY & BOCH Christmas Toys Lebkuchenhaus mit Glockenspiel","description":"Entdecken Sie VILLEROY & BOCH Christmas Toys Lebkuchenhaus mit Glockenspiel bei ErresseShop. Qualit\u00e4t, Stil und Funktionalit\u00e4t \u2013 jetzt online bestellen!","robots":{"index":"index","follow":"follow","max-snippet":"max-snippet:-1","max-image-preview":"max-image-preview:large","max-video-preview":"max-video-preview:-1"},"canonical":"https:\/\/www.erresse-shop.it\/de\/shop\/einrichtung-haus\/dekoartikel\/villeroy-boch-christmas-toys-lebkuchenhaus-mit-glockenspiel\/","og_locale":"de_DE","og_type":"article","og_title":"VILLEROY & BOCH Christmas Toys Lebkuchenhaus mit Glockenspiel","og_description":"Entdecken Sie VILLEROY & BOCH Christmas Toys Lebkuchenhaus mit Glockenspiel bei ErresseShop. Qualit\u00e4t, Stil und Funktionalit\u00e4t \u2013 jetzt online bestellen!","og_url":"https:\/\/www.erresse-shop.it\/de\/shop\/einrichtung-haus\/dekoartikel\/villeroy-boch-christmas-toys-lebkuchenhaus-mit-glockenspiel\/","og_site_name":"Erresse Shop","article_modified_time":"2025-01-21T16:45:26+00:00","og_image":[{"width":800,"height":800,"url":"https:\/\/www.erresse-shop.it\/wp-content\/uploads\/2023\/10\/VILLEROY-BOCH-Christmas-Toys-Casa-di-Panpepato-con-Carillon.jpg","type":"image\/jpeg"}],"twitter_card":"summary_large_image","schema":{"@context":"https:\/\/schema.org","@graph":[{"@type":"WebPage","@id":"https:\/\/www.erresse-shop.it\/de\/shop\/einrichtung-haus\/dekoartikel\/villeroy-boch-christmas-toys-lebkuchenhaus-mit-glockenspiel\/","url":"https:\/\/www.erresse-shop.it\/de\/shop\/einrichtung-haus\/dekoartikel\/villeroy-boch-christmas-toys-lebkuchenhaus-mit-glockenspiel\/","name":"VILLEROY & BOCH Christmas Toys Lebkuchenhaus mit Glockenspiel","isPartOf":{"@id":"https:\/\/www.erresse-shop.it\/de\/#website"},"datePublished":"2023-10-03T13:25:55+00:00","dateModified":"2025-01-21T16:45:26+00:00","description":"Entdecken Sie VILLEROY & BOCH Christmas Toys Lebkuchenhaus mit Glockenspiel bei ErresseShop. Qualit\u00e4t, Stil und Funktionalit\u00e4t \u2013 jetzt online bestellen!","breadcrumb":{"@id":"https:\/\/www.erresse-shop.it\/de\/shop\/einrichtung-haus\/dekoartikel\/villeroy-boch-christmas-toys-lebkuchenhaus-mit-glockenspiel\/#breadcrumb"},"inLanguage":"de-DE","potentialAction":[{"@type":"ReadAction","target":["https:\/\/www.erresse-shop.it\/de\/shop\/einrichtung-haus\/dekoartikel\/villeroy-boch-christmas-toys-lebkuchenhaus-mit-glockenspiel\/"]}]},{"@type":"BreadcrumbList","@id":"https:\/\/www.erresse-shop.it\/de\/shop\/einrichtung-haus\/dekoartikel\/villeroy-boch-christmas-toys-lebkuchenhaus-mit-glockenspiel\/#breadcrumb","itemListElement":[{"@type":"ListItem","position":1,"name":"Home","item":"https:\/\/www.erresse-shop.it\/de\/"},{"@type":"ListItem","position":2,"name":"Shop","item":"https:\/\/www.erresse-shop.it\/de\/shop\/"},{"@type":"ListItem","position":3,"name":"VILLEROY &#038; BOCH Christmas Toys Lebkuchenhaus mit Glockenspiel"}]},{"@type":"WebSite","@id":"https:\/\/www.erresse-shop.it\/de\/#website","url":"https:\/\/www.erresse-shop.it\/de\/","name":"Erresse Shop","description":"Articoli di qualit\u00e0 per la casa","potentialAction":[{"@type":"SearchAction","target":{"@type":"EntryPoint","urlTemplate":"https:\/\/www.erresse-shop.it\/de\/?s={search_term_string}"},"query-input":"required name=search_term_string"}],"inLanguage":"de-DE"}]}},"df_price":49.95,"df_sale_price":49.95,"df_regular_price":99.9,"df_image_link":"https:\/\/www.erresse-shop.it\/wp-content\/uploads\/2023\/10\/VILLEROY-BOCH-Christmas-Toys-Casa-di-Panpepato-con-Carillon-300x300.jpg","_links":{"self":[{"href":"https:\/\/www.erresse-shop.it\/de\/wp-json\/wp\/v2\/product\/333211"}],"collection":[{"href":"https:\/\/www.erresse-shop.it\/de\/wp-json\/wp\/v2\/product"}],"about":[{"href":"https:\/\/www.erresse-shop.it\/de\/wp-json\/wp\/v2\/types\/product"}],"wp:featuredmedia":[{"embeddable":true,"href":"https:\/\/www.erresse-shop.it\/de\/wp-json\/wp\/v2\/media\/333234"}],"wp:attachment":[{"href":"https:\/\/www.erresse-shop.it\/de\/wp-json\/wp\/v2\/media?parent=333211"}],"wp:term":[{"taxonomy":"product_cat","embeddable":true,"href":"https:\/\/www.erresse-shop.it\/de\/wp-json\/wp\/v2\/product_cat?post=333211"},{"taxonomy":"product_tag","embeddable":true,"href":"https:\/\/www.erresse-shop.it\/de\/wp-json\/wp\/v2\/product_tag?post=333211"}],"curies":[{"name":"wp","href":"https:\/\/api.w.org\/{rel}","templated":true}]}}