{"id":333176,"date":"2023-10-03T13:09:47","date_gmt":"2023-10-03T13:09:49","guid":{"rendered":"https:\/\/www.erresse-shop.it\/?post_type=product&#038;p=333176"},"modified":"2025-01-21T16:45:25","modified_gmt":"2025-01-21T16:45:25","slug":"villeroy-boch-toys-delight-rechteckige-servierplatte","status":"publish","type":"product","link":"https:\/\/www.erresse-shop.it\/de\/shop\/tisch\/serviertablette\/villeroy-boch-toys-delight-rechteckige-servierplatte\/","title":{"rendered":"VILLEROY &#038; BOCH Toy&#8217;s Delight Rechteckige Servierplatte"},"content":{"rendered":"<p><strong>Perfekt f\u00fcr Ihre Weihnachtsb\u00e4ckerei<\/strong><\/p>\n<p>Mit der Toy&#8217;s Delight-Kollektion holen Sie sich eine nostalgische Weihnachtsatmosph\u00e4re in Ihr Zuhause. Das passende Geschirr und die dekorativen Accessoires sind mit h\u00fcbschen Motiven verziert, die sch\u00f6ne Kindheitserinnerungen wachrufen. Ideal zum Kombinieren, Sammeln und Verschenken. Servieren Sie Ihren leckeren Weihnachtskuchen oder eine bunte Auswahl Ihrer Lieblingskekse auf dieser sch\u00f6nen, gro\u00dfen Kuchenplatte. Bringen Sie die festliche Weihnachtsstimmung auf den Tisch.<\/p>\n<p>Material: Hochwertiges Porzellan<br \/>\nSp\u00fclmaschinenfest: Nein<br \/>\nMikrowellengeeignet: Ja<\/p>\n","protected":false},"excerpt":{"rendered":"<p>Perfekt f\u00fcr Ihre Weihnachtsb\u00e4ckerei Mit der Toy&#8217;s Delight-Kollektion holen Sie sich eine nostalgische Weihnachtsatmosph\u00e4re in Ihr Zuhause. Das passende Geschirr<\/p>\n","protected":false},"featured_media":333200,"template":"","meta":{"_acf_changed":false,"inline_featured_image":false},"product_cat":[6853,6787],"product_tag":[23911,20502,22620,22621,22622,22623,11587,21330,20504,20503],"acf":[],"yoast_head":"<!-- This site is optimized with the Yoast SEO Premium plugin v18.6 (Yoast SEO v19.13) - https:\/\/yoast.com\/wordpress\/plugins\/seo\/ -->\n<title>VILLEROY &amp; BOCH Toy&#039;s Delight Rechteckige Servierplatte<\/title>\n<meta name=\"description\" content=\"Entdecken Sie VILLEROY &amp; BOCH Toy&#039;s Delight Rechteckige Servierplatte bei ErresseShop. Qualit\u00e4t, Stil und Funktionalit\u00e4t \u2013 jetzt online bestellen!\" \/>\n<meta name=\"robots\" content=\"index, follow, max-snippet:-1, max-image-preview:large, max-video-preview:-1\" \/>\n<link rel=\"canonical\" href=\"https:\/\/www.erresse-shop.it\/de\/shop\/tisch\/serviertablette\/villeroy-boch-toys-delight-rechteckige-servierplatte\/\" \/>\n<meta property=\"og:locale\" content=\"de_DE\" \/>\n<meta property=\"og:type\" content=\"article\" \/>\n<meta property=\"og:title\" content=\"VILLEROY &amp; BOCH Toy&#039;s Delight Rechteckige Servierplatte\" \/>\n<meta property=\"og:description\" content=\"Entdecken Sie VILLEROY &amp; BOCH Toy&#039;s Delight Rechteckige Servierplatte bei ErresseShop. Qualit\u00e4t, Stil und Funktionalit\u00e4t \u2013 jetzt online bestellen!\" \/>\n<meta property=\"og:url\" content=\"https:\/\/www.erresse-shop.it\/de\/shop\/tisch\/serviertablette\/villeroy-boch-toys-delight-rechteckige-servierplatte\/\" \/>\n<meta property=\"og:site_name\" content=\"Erresse Shop\" \/>\n<meta property=\"article:modified_time\" content=\"2025-01-21T16:45:25+00:00\" \/>\n<meta property=\"og:image\" content=\"https:\/\/www.erresse-shop.it\/wp-content\/uploads\/2023\/10\/VILLEROY-BOCH-Toys-Delight-Piatto-Torta-Rettangolare.jpg\" \/>\n\t<meta property=\"og:image:width\" content=\"800\" \/>\n\t<meta property=\"og:image:height\" content=\"800\" \/>\n\t<meta property=\"og:image:type\" content=\"image\/jpeg\" \/>\n<meta name=\"twitter:card\" content=\"summary_large_image\" \/>\n<script type=\"application\/ld+json\" class=\"yoast-schema-graph\">{\"@context\":\"https:\/\/schema.org\",\"@graph\":[{\"@type\":\"WebPage\",\"@id\":\"https:\/\/www.erresse-shop.it\/de\/shop\/tisch\/serviertablette\/villeroy-boch-toys-delight-rechteckige-servierplatte\/\",\"url\":\"https:\/\/www.erresse-shop.it\/de\/shop\/tisch\/serviertablette\/villeroy-boch-toys-delight-rechteckige-servierplatte\/\",\"name\":\"VILLEROY & BOCH Toy's Delight Rechteckige Servierplatte\",\"isPartOf\":{\"@id\":\"https:\/\/www.erresse-shop.it\/de\/#website\"},\"datePublished\":\"2023-10-03T13:09:49+00:00\",\"dateModified\":\"2025-01-21T16:45:25+00:00\",\"description\":\"Entdecken Sie VILLEROY & BOCH Toy's Delight Rechteckige Servierplatte bei ErresseShop. Qualit\u00e4t, Stil und Funktionalit\u00e4t \u2013 jetzt online bestellen!\",\"breadcrumb\":{\"@id\":\"https:\/\/www.erresse-shop.it\/de\/shop\/tisch\/serviertablette\/villeroy-boch-toys-delight-rechteckige-servierplatte\/#breadcrumb\"},\"inLanguage\":\"de-DE\",\"potentialAction\":[{\"@type\":\"ReadAction\",\"target\":[\"https:\/\/www.erresse-shop.it\/de\/shop\/tisch\/serviertablette\/villeroy-boch-toys-delight-rechteckige-servierplatte\/\"]}]},{\"@type\":\"BreadcrumbList\",\"@id\":\"https:\/\/www.erresse-shop.it\/de\/shop\/tisch\/serviertablette\/villeroy-boch-toys-delight-rechteckige-servierplatte\/#breadcrumb\",\"itemListElement\":[{\"@type\":\"ListItem\",\"position\":1,\"name\":\"Home\",\"item\":\"https:\/\/www.erresse-shop.it\/de\/\"},{\"@type\":\"ListItem\",\"position\":2,\"name\":\"Shop\",\"item\":\"https:\/\/www.erresse-shop.it\/de\/shop\/\"},{\"@type\":\"ListItem\",\"position\":3,\"name\":\"VILLEROY &#038; BOCH Toy&#8217;s Delight Rechteckige Servierplatte\"}]},{\"@type\":\"WebSite\",\"@id\":\"https:\/\/www.erresse-shop.it\/de\/#website\",\"url\":\"https:\/\/www.erresse-shop.it\/de\/\",\"name\":\"Erresse Shop\",\"description\":\"Articoli di qualit\u00e0 per la casa\",\"potentialAction\":[{\"@type\":\"SearchAction\",\"target\":{\"@type\":\"EntryPoint\",\"urlTemplate\":\"https:\/\/www.erresse-shop.it\/de\/?s={search_term_string}\"},\"query-input\":\"required name=search_term_string\"}],\"inLanguage\":\"de-DE\"}]}<\/script>\n<!-- \/ Yoast SEO Premium plugin. -->","yoast_head_json":{"title":"VILLEROY & BOCH Toy's Delight Rechteckige Servierplatte","description":"Entdecken Sie VILLEROY & BOCH Toy's Delight Rechteckige Servierplatte bei ErresseShop. Qualit\u00e4t, Stil und Funktionalit\u00e4t \u2013 jetzt online bestellen!","robots":{"index":"index","follow":"follow","max-snippet":"max-snippet:-1","max-image-preview":"max-image-preview:large","max-video-preview":"max-video-preview:-1"},"canonical":"https:\/\/www.erresse-shop.it\/de\/shop\/tisch\/serviertablette\/villeroy-boch-toys-delight-rechteckige-servierplatte\/","og_locale":"de_DE","og_type":"article","og_title":"VILLEROY & BOCH Toy's Delight Rechteckige Servierplatte","og_description":"Entdecken Sie VILLEROY & BOCH Toy's Delight Rechteckige Servierplatte bei ErresseShop. Qualit\u00e4t, Stil und Funktionalit\u00e4t \u2013 jetzt online bestellen!","og_url":"https:\/\/www.erresse-shop.it\/de\/shop\/tisch\/serviertablette\/villeroy-boch-toys-delight-rechteckige-servierplatte\/","og_site_name":"Erresse Shop","article_modified_time":"2025-01-21T16:45:25+00:00","og_image":[{"width":800,"height":800,"url":"https:\/\/www.erresse-shop.it\/wp-content\/uploads\/2023\/10\/VILLEROY-BOCH-Toys-Delight-Piatto-Torta-Rettangolare.jpg","type":"image\/jpeg"}],"twitter_card":"summary_large_image","schema":{"@context":"https:\/\/schema.org","@graph":[{"@type":"WebPage","@id":"https:\/\/www.erresse-shop.it\/de\/shop\/tisch\/serviertablette\/villeroy-boch-toys-delight-rechteckige-servierplatte\/","url":"https:\/\/www.erresse-shop.it\/de\/shop\/tisch\/serviertablette\/villeroy-boch-toys-delight-rechteckige-servierplatte\/","name":"VILLEROY & BOCH Toy's Delight Rechteckige Servierplatte","isPartOf":{"@id":"https:\/\/www.erresse-shop.it\/de\/#website"},"datePublished":"2023-10-03T13:09:49+00:00","dateModified":"2025-01-21T16:45:25+00:00","description":"Entdecken Sie VILLEROY & BOCH Toy's Delight Rechteckige Servierplatte bei ErresseShop. Qualit\u00e4t, Stil und Funktionalit\u00e4t \u2013 jetzt online bestellen!","breadcrumb":{"@id":"https:\/\/www.erresse-shop.it\/de\/shop\/tisch\/serviertablette\/villeroy-boch-toys-delight-rechteckige-servierplatte\/#breadcrumb"},"inLanguage":"de-DE","potentialAction":[{"@type":"ReadAction","target":["https:\/\/www.erresse-shop.it\/de\/shop\/tisch\/serviertablette\/villeroy-boch-toys-delight-rechteckige-servierplatte\/"]}]},{"@type":"BreadcrumbList","@id":"https:\/\/www.erresse-shop.it\/de\/shop\/tisch\/serviertablette\/villeroy-boch-toys-delight-rechteckige-servierplatte\/#breadcrumb","itemListElement":[{"@type":"ListItem","position":1,"name":"Home","item":"https:\/\/www.erresse-shop.it\/de\/"},{"@type":"ListItem","position":2,"name":"Shop","item":"https:\/\/www.erresse-shop.it\/de\/shop\/"},{"@type":"ListItem","position":3,"name":"VILLEROY &#038; BOCH Toy&#8217;s Delight Rechteckige Servierplatte"}]},{"@type":"WebSite","@id":"https:\/\/www.erresse-shop.it\/de\/#website","url":"https:\/\/www.erresse-shop.it\/de\/","name":"Erresse Shop","description":"Articoli di qualit\u00e0 per la casa","potentialAction":[{"@type":"SearchAction","target":{"@type":"EntryPoint","urlTemplate":"https:\/\/www.erresse-shop.it\/de\/?s={search_term_string}"},"query-input":"required name=search_term_string"}],"inLanguage":"de-DE"}]}},"df_price":28.45,"df_sale_price":28.45,"df_regular_price":56.9,"df_image_link":"https:\/\/www.erresse-shop.it\/wp-content\/uploads\/2023\/10\/VILLEROY-BOCH-Toys-Delight-Piatto-Torta-Rettangolare-300x300.jpg","_links":{"self":[{"href":"https:\/\/www.erresse-shop.it\/de\/wp-json\/wp\/v2\/product\/333176"}],"collection":[{"href":"https:\/\/www.erresse-shop.it\/de\/wp-json\/wp\/v2\/product"}],"about":[{"href":"https:\/\/www.erresse-shop.it\/de\/wp-json\/wp\/v2\/types\/product"}],"wp:featuredmedia":[{"embeddable":true,"href":"https:\/\/www.erresse-shop.it\/de\/wp-json\/wp\/v2\/media\/333200"}],"wp:attachment":[{"href":"https:\/\/www.erresse-shop.it\/de\/wp-json\/wp\/v2\/media?parent=333176"}],"wp:term":[{"taxonomy":"product_cat","embeddable":true,"href":"https:\/\/www.erresse-shop.it\/de\/wp-json\/wp\/v2\/product_cat?post=333176"},{"taxonomy":"product_tag","embeddable":true,"href":"https:\/\/www.erresse-shop.it\/de\/wp-json\/wp\/v2\/product_tag?post=333176"}],"curies":[{"name":"wp","href":"https:\/\/api.w.org\/{rel}","templated":true}]}}