{"id":332277,"date":"2023-10-02T08:28:36","date_gmt":"2023-10-02T08:28:38","guid":{"rendered":"https:\/\/www.erresse-shop.it\/?post_type=product&#038;p=332277"},"modified":"2025-01-22T07:20:38","modified_gmt":"2025-01-22T07:20:38","slug":"zwilling-wurfelbox-vakuum-set-5-teilig-m-kunststoff","status":"publish","type":"product","link":"https:\/\/www.erresse-shop.it\/de\/shop\/kuche\/vakuum\/zwilling-wurfelbox-vakuum-set-5-teilig-m-kunststoff\/","title":{"rendered":"ZWILLING W\u00fcrfelbox-Vakuum-Set 5-teilig M Kunststoff"},"content":{"rendered":"<p><strong>KLEINE BEH\u00c4LTER, GROSSE FRISCHE<\/strong><\/p>\n<ul>\n<li>Modular, stapelbar und platzsparend<\/li>\n<li>L\u00e4nger frische Lebensmittel dank der Vakuumfunktion<\/li>\n<li>Kompatibel mit der ZWILLING FRESH &amp; SAVE Vakuumpumpe<\/li>\n<li>Hermetischer Deckel sch\u00fctzt vor Sch\u00e4dlingen<\/li>\n<li>Behalten Sie den \u00dcberblick \u00fcber Ihre Lebensmittel mit der ZWILLING-App<\/li>\n<\/ul>\n<p>Eine neue Art, die K\u00fcche zu organisieren. Auf Wiedersehen Chaos in der K\u00fcche. Willkommen frischeres Essen! Mit dem ZWILLING FRESH &amp; SAVE CUBE sind verdorbene Lebensmittel und Unordnung in der K\u00fcche nur noch eine ferne Erinnerung. Das revolution\u00e4re Frischhaltesystem, mit dem Sie Ihre K\u00fcche mit mehr Design, mehr Kontrolle und vor allem mehr Frische aufwerten k\u00f6nnen. Erster Vorteil: der luftdichte Deckel. Der sch\u00fctzt die Lebensmittel vor Feuchtigkeit und Sch\u00e4dlingen. Au\u00dferdem sind alle Beh\u00e4lter mit der ZWILLING FRESH&amp;SAVE Vakuumpumpe kompatibel. Das bedeutet, dass Sie die Luft auf Knopfdruck ablassen k\u00f6nnen, damit Ihre Lebensmittel l\u00e4nger frisch bleiben und ihren Geschmack und ihre Knusprigkeit bewahren. Jetzt m\u00fcssen Sie nur noch den \u00dcberblick \u00fcber diese Frische behalten. Dank des glas\u00e4hnlichen Designs k\u00f6nnen Sie den Inhalt und die Menge in Ihren Beh\u00e4ltern immer sehen. Und wenn Sie viele Vorr\u00e4te haben, helfen Ihnen wiederbeschreibbare NFC-Etiketten dabei, den \u00dcberblick \u00fcber F\u00fcllstand und Haltbarkeit der Lebensmittel zu behalten. Einfach das Etikett auf den Beh\u00e4lter kleben oder mit dem Etiketten-Positionierer auf das Ventil setzen und mit dem Smartphone scannen: So \u00f6ffnet sich die ZWILLING-App und Sie behalten den \u00dcberblick \u00fcber Ihre Zutaten.<\/p>\n<ul>\n<li>Ein innovatives und platzsparendes K\u00fcchenorganisationssystem mit modularen, stabilen und stapelbaren Beh\u00e4ltern<\/li>\n<li>Die ZWILLING FRESH &amp; SAVE Vakuumpumpe h\u00e4lt Ihre Vorr\u00e4te l\u00e4nger frisch und reduziert so die Lebensmittelverschwendung.<\/li>\n<li>Der luftdichte Deckel sch\u00fctzt die Lebensmittel vor Feuchtigkeit und Sch\u00e4dlingen<\/li>\n<li>Hochwertiges, minimalistisches Design aus transparentem, glas\u00e4hnlichem Material<\/li>\n<li>Die Beh\u00e4lter aus glas\u00e4hnlichem Material sind langlebig und sp\u00fclmaschinenfest, so dass sie leicht zu reinigen sind.<\/li>\n<li>Optimale Organisation der gelagerten Lebensmittel f\u00fcr eine bessere R\u00fcckverfolgbarkeit und zur Reduzierung von Lebensmittelabf\u00e4llen. Einfach die NFC-Etiketten an den Beh\u00e4ltern anbringen, mit dem Smartphone scannen und mit der ZWILLING-App verbinden.<\/li>\n<li>Mit 4-in-1-Einsatz zum perfekten Abmessen von Lebensmitteln. Inklusive Messl\u00f6ffel mit 3 Gr\u00f6\u00dfen: Teel\u00f6ffel (15 ml), Teel\u00f6ffel (5 ml) und Messerspitze.<\/li>\n<li>Abmessungen: Beh\u00e4lter M: 7,6 x 21,4 x 10,7 cm\/Fassungsverm\u00f6gen: 700 ml, Beh\u00e4lter 2M: 15,2 x 21,4 x 10,7 cm\/Fassungsverm\u00f6gen: 1,8 l<\/li>\n<\/ul>\n<p><strong>MERKMALE<\/strong><\/p>\n<ul>\n<li>Farbe: transparent-wei\u00df<\/li>\n<li>Hitzebest\u00e4ndigkeit: 90.00 \u00baC<\/li>\n<li>K\u00e4ltebest\u00e4ndigkeit: -10.00 \u00baC<\/li>\n<li>Material: Kunststoff<\/li>\n<li>Anzahl der Teile: 5<\/li>\n<\/ul>\n","protected":false},"excerpt":{"rendered":"<p>KLEINE BEH\u00c4LTER, GROSSE FRISCHE Modular, stapelbar und platzsparend L\u00e4nger frische Lebensmittel dank der Vakuumfunktion Kompatibel mit der ZWILLING FRESH &amp;<\/p>\n","protected":false},"featured_media":332311,"template":"","meta":{"_acf_changed":false,"inline_featured_image":false},"product_cat":[6742,26043],"product_tag":[25038,16875,23911,11905,25022,16876,21822],"acf":[],"yoast_head":"<!-- This site is optimized with the Yoast SEO Premium plugin v18.6 (Yoast SEO v19.13) - https:\/\/yoast.com\/wordpress\/plugins\/seo\/ -->\n<title>ZWILLING W\u00fcrfelbox-Vakuum-Set 5-teilig M Kunststoff<\/title>\n<meta name=\"description\" content=\"Entdecken Sie ZWILLING W\u00fcrfelbox-Vakuum-Set 5-teilig M Kunststoff bei ErresseShop. Qualit\u00e4t, Stil und Funktionalit\u00e4t \u2013 jetzt online bestellen!\" \/>\n<meta name=\"robots\" content=\"index, follow, max-snippet:-1, max-image-preview:large, max-video-preview:-1\" \/>\n<link rel=\"canonical\" href=\"https:\/\/www.erresse-shop.it\/de\/shop\/kuche\/vakuum\/zwilling-wurfelbox-vakuum-set-5-teilig-m-kunststoff\/\" \/>\n<meta property=\"og:locale\" content=\"de_DE\" \/>\n<meta property=\"og:type\" content=\"article\" \/>\n<meta property=\"og:title\" content=\"ZWILLING W\u00fcrfelbox-Vakuum-Set 5-teilig M Kunststoff\" \/>\n<meta property=\"og:description\" content=\"Entdecken Sie ZWILLING W\u00fcrfelbox-Vakuum-Set 5-teilig M Kunststoff bei ErresseShop. Qualit\u00e4t, Stil und Funktionalit\u00e4t \u2013 jetzt online bestellen!\" \/>\n<meta property=\"og:url\" content=\"https:\/\/www.erresse-shop.it\/de\/shop\/kuche\/vakuum\/zwilling-wurfelbox-vakuum-set-5-teilig-m-kunststoff\/\" \/>\n<meta property=\"og:site_name\" content=\"Erresse Shop\" \/>\n<meta property=\"article:modified_time\" content=\"2025-01-22T07:20:38+00:00\" \/>\n<meta property=\"og:image\" content=\"https:\/\/www.erresse-shop.it\/wp-content\/uploads\/2023\/10\/ZWILLING-Cube-Box-Sottovuoto-Set-5-pezzi-M-Plastica.jpg\" \/>\n\t<meta property=\"og:image:width\" content=\"800\" \/>\n\t<meta property=\"og:image:height\" content=\"800\" \/>\n\t<meta property=\"og:image:type\" content=\"image\/jpeg\" \/>\n<meta name=\"twitter:card\" content=\"summary_large_image\" \/>\n<script type=\"application\/ld+json\" class=\"yoast-schema-graph\">{\"@context\":\"https:\/\/schema.org\",\"@graph\":[{\"@type\":\"WebPage\",\"@id\":\"https:\/\/www.erresse-shop.it\/de\/shop\/kuche\/vakuum\/zwilling-wurfelbox-vakuum-set-5-teilig-m-kunststoff\/\",\"url\":\"https:\/\/www.erresse-shop.it\/de\/shop\/kuche\/vakuum\/zwilling-wurfelbox-vakuum-set-5-teilig-m-kunststoff\/\",\"name\":\"ZWILLING W\u00fcrfelbox-Vakuum-Set 5-teilig M Kunststoff\",\"isPartOf\":{\"@id\":\"https:\/\/www.erresse-shop.it\/de\/#website\"},\"datePublished\":\"2023-10-02T08:28:38+00:00\",\"dateModified\":\"2025-01-22T07:20:38+00:00\",\"description\":\"Entdecken Sie ZWILLING W\u00fcrfelbox-Vakuum-Set 5-teilig M Kunststoff bei ErresseShop. Qualit\u00e4t, Stil und Funktionalit\u00e4t \u2013 jetzt online bestellen!\",\"breadcrumb\":{\"@id\":\"https:\/\/www.erresse-shop.it\/de\/shop\/kuche\/vakuum\/zwilling-wurfelbox-vakuum-set-5-teilig-m-kunststoff\/#breadcrumb\"},\"inLanguage\":\"de-DE\",\"potentialAction\":[{\"@type\":\"ReadAction\",\"target\":[\"https:\/\/www.erresse-shop.it\/de\/shop\/kuche\/vakuum\/zwilling-wurfelbox-vakuum-set-5-teilig-m-kunststoff\/\"]}]},{\"@type\":\"BreadcrumbList\",\"@id\":\"https:\/\/www.erresse-shop.it\/de\/shop\/kuche\/vakuum\/zwilling-wurfelbox-vakuum-set-5-teilig-m-kunststoff\/#breadcrumb\",\"itemListElement\":[{\"@type\":\"ListItem\",\"position\":1,\"name\":\"Home\",\"item\":\"https:\/\/www.erresse-shop.it\/de\/\"},{\"@type\":\"ListItem\",\"position\":2,\"name\":\"Shop\",\"item\":\"https:\/\/www.erresse-shop.it\/de\/shop\/\"},{\"@type\":\"ListItem\",\"position\":3,\"name\":\"ZWILLING W\u00fcrfelbox-Vakuum-Set 5-teilig M Kunststoff\"}]},{\"@type\":\"WebSite\",\"@id\":\"https:\/\/www.erresse-shop.it\/de\/#website\",\"url\":\"https:\/\/www.erresse-shop.it\/de\/\",\"name\":\"Erresse Shop\",\"description\":\"Articoli di qualit\u00e0 per la casa\",\"potentialAction\":[{\"@type\":\"SearchAction\",\"target\":{\"@type\":\"EntryPoint\",\"urlTemplate\":\"https:\/\/www.erresse-shop.it\/de\/?s={search_term_string}\"},\"query-input\":\"required name=search_term_string\"}],\"inLanguage\":\"de-DE\"}]}<\/script>\n<!-- \/ Yoast SEO Premium plugin. -->","yoast_head_json":{"title":"ZWILLING W\u00fcrfelbox-Vakuum-Set 5-teilig M Kunststoff","description":"Entdecken Sie ZWILLING W\u00fcrfelbox-Vakuum-Set 5-teilig M Kunststoff bei ErresseShop. Qualit\u00e4t, Stil und Funktionalit\u00e4t \u2013 jetzt online bestellen!","robots":{"index":"index","follow":"follow","max-snippet":"max-snippet:-1","max-image-preview":"max-image-preview:large","max-video-preview":"max-video-preview:-1"},"canonical":"https:\/\/www.erresse-shop.it\/de\/shop\/kuche\/vakuum\/zwilling-wurfelbox-vakuum-set-5-teilig-m-kunststoff\/","og_locale":"de_DE","og_type":"article","og_title":"ZWILLING W\u00fcrfelbox-Vakuum-Set 5-teilig M Kunststoff","og_description":"Entdecken Sie ZWILLING W\u00fcrfelbox-Vakuum-Set 5-teilig M Kunststoff bei ErresseShop. Qualit\u00e4t, Stil und Funktionalit\u00e4t \u2013 jetzt online bestellen!","og_url":"https:\/\/www.erresse-shop.it\/de\/shop\/kuche\/vakuum\/zwilling-wurfelbox-vakuum-set-5-teilig-m-kunststoff\/","og_site_name":"Erresse Shop","article_modified_time":"2025-01-22T07:20:38+00:00","og_image":[{"width":800,"height":800,"url":"https:\/\/www.erresse-shop.it\/wp-content\/uploads\/2023\/10\/ZWILLING-Cube-Box-Sottovuoto-Set-5-pezzi-M-Plastica.jpg","type":"image\/jpeg"}],"twitter_card":"summary_large_image","schema":{"@context":"https:\/\/schema.org","@graph":[{"@type":"WebPage","@id":"https:\/\/www.erresse-shop.it\/de\/shop\/kuche\/vakuum\/zwilling-wurfelbox-vakuum-set-5-teilig-m-kunststoff\/","url":"https:\/\/www.erresse-shop.it\/de\/shop\/kuche\/vakuum\/zwilling-wurfelbox-vakuum-set-5-teilig-m-kunststoff\/","name":"ZWILLING W\u00fcrfelbox-Vakuum-Set 5-teilig M Kunststoff","isPartOf":{"@id":"https:\/\/www.erresse-shop.it\/de\/#website"},"datePublished":"2023-10-02T08:28:38+00:00","dateModified":"2025-01-22T07:20:38+00:00","description":"Entdecken Sie ZWILLING W\u00fcrfelbox-Vakuum-Set 5-teilig M Kunststoff bei ErresseShop. Qualit\u00e4t, Stil und Funktionalit\u00e4t \u2013 jetzt online bestellen!","breadcrumb":{"@id":"https:\/\/www.erresse-shop.it\/de\/shop\/kuche\/vakuum\/zwilling-wurfelbox-vakuum-set-5-teilig-m-kunststoff\/#breadcrumb"},"inLanguage":"de-DE","potentialAction":[{"@type":"ReadAction","target":["https:\/\/www.erresse-shop.it\/de\/shop\/kuche\/vakuum\/zwilling-wurfelbox-vakuum-set-5-teilig-m-kunststoff\/"]}]},{"@type":"BreadcrumbList","@id":"https:\/\/www.erresse-shop.it\/de\/shop\/kuche\/vakuum\/zwilling-wurfelbox-vakuum-set-5-teilig-m-kunststoff\/#breadcrumb","itemListElement":[{"@type":"ListItem","position":1,"name":"Home","item":"https:\/\/www.erresse-shop.it\/de\/"},{"@type":"ListItem","position":2,"name":"Shop","item":"https:\/\/www.erresse-shop.it\/de\/shop\/"},{"@type":"ListItem","position":3,"name":"ZWILLING W\u00fcrfelbox-Vakuum-Set 5-teilig M Kunststoff"}]},{"@type":"WebSite","@id":"https:\/\/www.erresse-shop.it\/de\/#website","url":"https:\/\/www.erresse-shop.it\/de\/","name":"Erresse Shop","description":"Articoli di qualit\u00e0 per la casa","potentialAction":[{"@type":"SearchAction","target":{"@type":"EntryPoint","urlTemplate":"https:\/\/www.erresse-shop.it\/de\/?s={search_term_string}"},"query-input":"required name=search_term_string"}],"inLanguage":"de-DE"}]}},"df_price":41,"df_sale_price":41,"df_regular_price":99.9,"df_image_link":"https:\/\/www.erresse-shop.it\/wp-content\/uploads\/2023\/10\/ZWILLING-Cube-Box-Sottovuoto-Set-5-pezzi-M-Plastica-300x300.jpg","_links":{"self":[{"href":"https:\/\/www.erresse-shop.it\/de\/wp-json\/wp\/v2\/product\/332277"}],"collection":[{"href":"https:\/\/www.erresse-shop.it\/de\/wp-json\/wp\/v2\/product"}],"about":[{"href":"https:\/\/www.erresse-shop.it\/de\/wp-json\/wp\/v2\/types\/product"}],"wp:featuredmedia":[{"embeddable":true,"href":"https:\/\/www.erresse-shop.it\/de\/wp-json\/wp\/v2\/media\/332311"}],"wp:attachment":[{"href":"https:\/\/www.erresse-shop.it\/de\/wp-json\/wp\/v2\/media?parent=332277"}],"wp:term":[{"taxonomy":"product_cat","embeddable":true,"href":"https:\/\/www.erresse-shop.it\/de\/wp-json\/wp\/v2\/product_cat?post=332277"},{"taxonomy":"product_tag","embeddable":true,"href":"https:\/\/www.erresse-shop.it\/de\/wp-json\/wp\/v2\/product_tag?post=332277"}],"curies":[{"name":"wp","href":"https:\/\/api.w.org\/{rel}","templated":true}]}}