{"id":332088,"date":"2023-10-02T06:40:33","date_gmt":"2023-10-02T06:40:34","guid":{"rendered":"https:\/\/www.erresse-shop.it\/?post_type=product&#038;p=332088"},"modified":"2024-06-08T00:02:34","modified_gmt":"2024-06-08T00:02:34","slug":"sage-the-barista-touch-impress","status":"publish","type":"product","link":"https:\/\/www.erresse-shop.it\/de\/shop\/kleine-elektrogeraete\/kaffeemaschinen-espresso\/automatisch\/sage-the-barista-touch-impress\/","title":{"rendered":"SAGE The Barista Touch Impress"},"content":{"rendered":"<p><strong>SCROLLEN. AUSW\u00c4HLEN. \u00dcBERRASCHEN.<\/strong><\/p>\n<p>Genie\u00dfen Sie die Schritt-f\u00fcr-Schritt-Barista-Anleitung mit nur einem Tastendruck. Mit der Echtzeit-Feedback-Funktion f\u00fchrt Sie der Barista Touch\u2122 Impress durch das Impress\u2122 Puck System, die pr\u00e4zise Extraktion und das automatische Aufsch\u00e4umen mit Mikrobl\u00e4schen. Dank des ThermoJet\u00ae-Heizsystems, das in 3 Sekunden einsatzbereit ist, wird der Kaffee schneller als je zuvor von der Bohne zur Tasse gebracht.<\/p>\n<p><strong>DAS IMPRESS\u2122 PUCK-SYSTEM<\/strong><\/p>\n<p>Intelligente Dosierung mit zentraler Zuf\u00fchrung des gemahlenen Kaffees, unterst\u00fctztes Pressen, professioneller 7\u00b0-Drehung und pr\u00e4zisem Druck von 10 kg: die perfekte Mischung f\u00fcr die ideale Dosis.<\/p>\n<ul>\n<li><strong>Intelligente Dosierung:<\/strong> Die innovative L\u00f6sung f\u00fcr das Dosieren und Pressen lernt mit der Zeit, indem sie die Kaffeedosis automatisch auf der Grundlage der Ergebnisse des letzten Mahlens und Pressens berechnet und anpasst.<\/li>\n<li><strong>Pr\u00e4zise Dosierung:<\/strong> Wenn Sie Ihrer Dosis Kaffee hinzuf\u00fcgen oder entfernen m\u00fcssen, korrigiert die Pr\u00e4zisionsdosierung automatisch die n\u00e4chste Dosis auf der Grundlage des vorherigen Ergebnisses, damit Sie immer eine perfekte Dosis erhalten.<\/li>\n<li><strong>Unterst\u00fctztes Pressen:<\/strong> Das unterst\u00fctzte Pressen bietet eine professionelle 7\u00b0-Drehung und 10 kg Druck, um eine perfekt saubere Scheibe zu erhalten, genau wie es ein echter Barista tun w\u00fcrde.<\/li>\n<\/ul>\n<p><strong>Barista-Anleitung<\/strong><\/p>\n<p>Mit einer Schritt-f\u00fcr-Schritt-Anleitung mit Echtzeit-Feedback unterst\u00fctzt Sie die Maschine bei jedem Schritt: Mahlen, Pressen, Extraktion, bis hin zum Aufschlagen von seidigem, samtigem Milchschaum. Optimale Ergebnisse, jedes Mal.<br \/>\nW\u00e4hlen Sie einfach mit einem Fingerstreich aus 8 bevorzugten Kaffeevoreinstellungen oder stellen Sie bis zu 8 Getr\u00e4nke individuell zusammen.<\/p>\n<p><strong>Auto MilQ\u2122 f\u00fcr Kuhmilch und andere Pflanzenmilchsorten<\/strong><\/p>\n<p>Auto MilQ\u2122 ist jetzt noch intelligenter, mit kalibrierten Einstellungen zum Aufsch\u00e4umen von Hafer-, Mandel-, Soja- und Kuhmilch und zum Erzielen des seidigen, samtigen Mikrobl\u00e4schenschaums, der f\u00fcr Latte Art unerl\u00e4sslich ist.<br \/>\nKalibrierung von Einblaszeit und Temperatur je nach gew\u00e4hlter Milchsorte.<\/p>\n<p><strong>Pr\u00e4zises Mahlen<\/strong><\/p>\n<p>Die Barista Touch\u2122 Impress bietet einen gro\u00dfen Auswahlbereich mit 30 Mahlgradeinstellungen. So k\u00f6nnen Sie den Mahlgrad pr\u00e4zise einstellen, um die gew\u00fcnschte Extraktion und den gew\u00fcnschten Geschmack zu erzielen.<\/p>\n<p><strong>Pr\u00e4zises Heizsystem<\/strong><\/p>\n<p>Das ThermoJet\u00ae-Heizsystem mit PID-Regelung sorgt mit einer pr\u00e4zisen digitalen Steuerung von Temperatur, Br\u00fchgeschwindigkeit und Kontaktzeit f\u00fcr einen hervorragenden Kaffeegeschmack.<\/p>\n<p><strong>Zubeh\u00f6r:<\/strong><\/p>\n<ul>\n<li>54-mm-Edelstahl-Filterhalter<\/li>\n<li>480-ml-Edelstahl-Milchk\u00e4nnchen<\/li>\n<li>Einfach- und Doppelwandfilterk\u00f6rbe f\u00fcr 1 und 2 Tassen<\/li>\n<li>Wasserfilter mit Halterung<\/li>\n<li>Wasserh\u00e4rtetest<\/li>\n<li>Pr\u00e4zisions-Dosierger\u00e4t Razor\u2122<\/li>\n<li>Reinigungstabletten<\/li>\n<li>Dampfreinigungsstab als Zubeh\u00f6r<\/li>\n<li>Reinigungsscheibe<\/li>\n<li>Reinigungsb\u00fcrste<\/li>\n<li>Entkalkungspulver<\/li>\n<\/ul>\n<p><strong>Einstellungen:<\/strong><\/p>\n<ul>\n<li>Automatische\/manuelle Dosierung<\/li>\n<li>Extraktionen f\u00fcr 1 und 2 Tassen<\/li>\n<li>8 Voreinstellungen f\u00fcr Lieblingskaffee: Wei\u00dfbrot, Caffellatte, Cappuccino, Espresso, Long Black, Babyccino, hei\u00dfe Schokolade und Tee<\/li>\n<li>Erstellen, Speichern und Umbenennen von bis zu 8 anpassbaren Getr\u00e4nken<\/li>\n<\/ul>\n<p><strong>Abmessungen (BxTxH):<\/strong> 41,7 cm x 35,8 cm (einschlie\u00dflich Pressgriff) \/ 33,3 cm (Hauptk\u00f6rper) x 34,3 cm<\/p>\n<p><strong>Fassungsverm\u00f6gen:<\/strong> 340 g Becherhalter, 2 Liter Wassertank<\/p>\n<p><strong>Konstruktionsmaterial:<\/strong> Edelstahl<\/p>\n<p><strong>Spannung:<\/strong> 220-240 V<\/p>\n<p><strong>Leistungsaufnahme:<\/strong> 1430-1700 W<\/p>\n<p><strong>Heizsystem:<\/strong> ThermoJet\u00ae-Heizsystem<\/p>\n<p><strong>Milchaufsch\u00e4umung:<\/strong> Automatische Milchaufsch\u00e4umung mit Auto MilQ\u2122Einstellungen f\u00fcr Milchalternativen: Kuhmilch, Mandel, Hafer und Soja<\/p>\n<p><strong>Integrierte Kaffeem\u00fchle:<\/strong> Baratza\u00ae Europ\u00e4ische Pr\u00e4zisionsm\u00fchlen<\/p>\n<p><strong>Schnittstelle:<\/strong> Touchscreen<\/p>\n<p><strong>Pressung:<\/strong> Impress\u2122 Puck System Unterst\u00fctzte Pressung mit professioneller 7-Grad-Drehung<\/p>\n<p><strong>Mahlgradeinstellungen:<\/strong> 30 Pr\u00e4zisionsmahlgradeinstellungen<\/p>\n<p>&nbsp;<\/p>\n<p><span style=\"text-decoration: underline;\"><strong>Nicht zum Verkauf au\u00dferhalb Europas<\/strong><\/span><\/p>\n","protected":false},"excerpt":{"rendered":"<p><br data-mce-bogus=\"1\"><\/p>\n","protected":false},"featured_media":332157,"template":"","meta":{"_acf_changed":false,"inline_featured_image":false},"product_cat":[6733,6703,25361],"product_tag":[23569,23564,13966],"acf":[],"yoast_head":"<!-- This site is optimized with the Yoast SEO Premium plugin v18.6 (Yoast SEO v19.13) - https:\/\/yoast.com\/wordpress\/plugins\/seo\/ -->\n<title>SAGE The Barista Touch Impress - Erresse Shop<\/title>\n<meta name=\"robots\" content=\"index, follow, max-snippet:-1, max-image-preview:large, max-video-preview:-1\" \/>\n<link rel=\"canonical\" href=\"https:\/\/www.erresse-shop.it\/de\/shop\/kleine-elektrogeraete\/kaffeemaschinen-espresso\/automatisch\/sage-the-barista-touch-impress\/\" \/>\n<meta property=\"og:locale\" content=\"de_DE\" \/>\n<meta property=\"og:type\" content=\"article\" \/>\n<meta property=\"og:title\" content=\"SAGE The Barista Touch Impress\" \/>\n<meta property=\"og:url\" content=\"https:\/\/www.erresse-shop.it\/de\/shop\/kleine-elektrogeraete\/kaffeemaschinen-espresso\/automatisch\/sage-the-barista-touch-impress\/\" \/>\n<meta property=\"og:site_name\" content=\"Erresse Shop\" \/>\n<meta property=\"article:modified_time\" content=\"2024-06-08T00:02:34+00:00\" \/>\n<meta property=\"og:image\" content=\"https:\/\/www.erresse-shop.it\/wp-content\/uploads\/2023\/10\/SAGE-The-Barista-Touch-Impress.jpg\" \/>\n\t<meta property=\"og:image:width\" content=\"800\" \/>\n\t<meta property=\"og:image:height\" content=\"800\" \/>\n\t<meta property=\"og:image:type\" content=\"image\/jpeg\" \/>\n<meta name=\"twitter:card\" content=\"summary_large_image\" \/>\n<script type=\"application\/ld+json\" class=\"yoast-schema-graph\">{\"@context\":\"https:\/\/schema.org\",\"@graph\":[{\"@type\":\"WebPage\",\"@id\":\"https:\/\/www.erresse-shop.it\/de\/shop\/kleine-elektrogeraete\/kaffeemaschinen-espresso\/automatisch\/sage-the-barista-touch-impress\/\",\"url\":\"https:\/\/www.erresse-shop.it\/de\/shop\/kleine-elektrogeraete\/kaffeemaschinen-espresso\/automatisch\/sage-the-barista-touch-impress\/\",\"name\":\"SAGE The Barista Touch Impress - Erresse Shop\",\"isPartOf\":{\"@id\":\"https:\/\/www.erresse-shop.it\/de\/#website\"},\"datePublished\":\"2023-10-02T06:40:34+00:00\",\"dateModified\":\"2024-06-08T00:02:34+00:00\",\"breadcrumb\":{\"@id\":\"https:\/\/www.erresse-shop.it\/de\/shop\/kleine-elektrogeraete\/kaffeemaschinen-espresso\/automatisch\/sage-the-barista-touch-impress\/#breadcrumb\"},\"inLanguage\":\"de-DE\",\"potentialAction\":[{\"@type\":\"ReadAction\",\"target\":[\"https:\/\/www.erresse-shop.it\/de\/shop\/kleine-elektrogeraete\/kaffeemaschinen-espresso\/automatisch\/sage-the-barista-touch-impress\/\"]}]},{\"@type\":\"BreadcrumbList\",\"@id\":\"https:\/\/www.erresse-shop.it\/de\/shop\/kleine-elektrogeraete\/kaffeemaschinen-espresso\/automatisch\/sage-the-barista-touch-impress\/#breadcrumb\",\"itemListElement\":[{\"@type\":\"ListItem\",\"position\":1,\"name\":\"Home\",\"item\":\"https:\/\/www.erresse-shop.it\/de\/\"},{\"@type\":\"ListItem\",\"position\":2,\"name\":\"Shop\",\"item\":\"https:\/\/www.erresse-shop.it\/de\/shop\/\"},{\"@type\":\"ListItem\",\"position\":3,\"name\":\"SAGE The Barista Touch Impress\"}]},{\"@type\":\"WebSite\",\"@id\":\"https:\/\/www.erresse-shop.it\/de\/#website\",\"url\":\"https:\/\/www.erresse-shop.it\/de\/\",\"name\":\"Erresse Shop\",\"description\":\"Articoli di qualit\u00e0 per la casa\",\"potentialAction\":[{\"@type\":\"SearchAction\",\"target\":{\"@type\":\"EntryPoint\",\"urlTemplate\":\"https:\/\/www.erresse-shop.it\/de\/?s={search_term_string}\"},\"query-input\":\"required name=search_term_string\"}],\"inLanguage\":\"de-DE\"}]}<\/script>\n<!-- \/ Yoast SEO Premium plugin. -->","yoast_head_json":{"title":"SAGE The Barista Touch Impress - Erresse Shop","robots":{"index":"index","follow":"follow","max-snippet":"max-snippet:-1","max-image-preview":"max-image-preview:large","max-video-preview":"max-video-preview:-1"},"canonical":"https:\/\/www.erresse-shop.it\/de\/shop\/kleine-elektrogeraete\/kaffeemaschinen-espresso\/automatisch\/sage-the-barista-touch-impress\/","og_locale":"de_DE","og_type":"article","og_title":"SAGE The Barista Touch Impress","og_url":"https:\/\/www.erresse-shop.it\/de\/shop\/kleine-elektrogeraete\/kaffeemaschinen-espresso\/automatisch\/sage-the-barista-touch-impress\/","og_site_name":"Erresse Shop","article_modified_time":"2024-06-08T00:02:34+00:00","og_image":[{"width":800,"height":800,"url":"https:\/\/www.erresse-shop.it\/wp-content\/uploads\/2023\/10\/SAGE-The-Barista-Touch-Impress.jpg","type":"image\/jpeg"}],"twitter_card":"summary_large_image","schema":{"@context":"https:\/\/schema.org","@graph":[{"@type":"WebPage","@id":"https:\/\/www.erresse-shop.it\/de\/shop\/kleine-elektrogeraete\/kaffeemaschinen-espresso\/automatisch\/sage-the-barista-touch-impress\/","url":"https:\/\/www.erresse-shop.it\/de\/shop\/kleine-elektrogeraete\/kaffeemaschinen-espresso\/automatisch\/sage-the-barista-touch-impress\/","name":"SAGE The Barista Touch Impress - Erresse Shop","isPartOf":{"@id":"https:\/\/www.erresse-shop.it\/de\/#website"},"datePublished":"2023-10-02T06:40:34+00:00","dateModified":"2024-06-08T00:02:34+00:00","breadcrumb":{"@id":"https:\/\/www.erresse-shop.it\/de\/shop\/kleine-elektrogeraete\/kaffeemaschinen-espresso\/automatisch\/sage-the-barista-touch-impress\/#breadcrumb"},"inLanguage":"de-DE","potentialAction":[{"@type":"ReadAction","target":["https:\/\/www.erresse-shop.it\/de\/shop\/kleine-elektrogeraete\/kaffeemaschinen-espresso\/automatisch\/sage-the-barista-touch-impress\/"]}]},{"@type":"BreadcrumbList","@id":"https:\/\/www.erresse-shop.it\/de\/shop\/kleine-elektrogeraete\/kaffeemaschinen-espresso\/automatisch\/sage-the-barista-touch-impress\/#breadcrumb","itemListElement":[{"@type":"ListItem","position":1,"name":"Home","item":"https:\/\/www.erresse-shop.it\/de\/"},{"@type":"ListItem","position":2,"name":"Shop","item":"https:\/\/www.erresse-shop.it\/de\/shop\/"},{"@type":"ListItem","position":3,"name":"SAGE The Barista Touch Impress"}]},{"@type":"WebSite","@id":"https:\/\/www.erresse-shop.it\/de\/#website","url":"https:\/\/www.erresse-shop.it\/de\/","name":"Erresse Shop","description":"Articoli di qualit\u00e0 per la casa","potentialAction":[{"@type":"SearchAction","target":{"@type":"EntryPoint","urlTemplate":"https:\/\/www.erresse-shop.it\/de\/?s={search_term_string}"},"query-input":"required name=search_term_string"}],"inLanguage":"de-DE"}]}},"df_price":1299.9,"df_sale_price":1299.9,"df_regular_price":1299.9,"df_image_link":"https:\/\/www.erresse-shop.it\/wp-content\/uploads\/2023\/10\/SAGE-The-Barista-Touch-Impress-300x300.jpg","_links":{"self":[{"href":"https:\/\/www.erresse-shop.it\/de\/wp-json\/wp\/v2\/product\/332088"}],"collection":[{"href":"https:\/\/www.erresse-shop.it\/de\/wp-json\/wp\/v2\/product"}],"about":[{"href":"https:\/\/www.erresse-shop.it\/de\/wp-json\/wp\/v2\/types\/product"}],"wp:featuredmedia":[{"embeddable":true,"href":"https:\/\/www.erresse-shop.it\/de\/wp-json\/wp\/v2\/media\/332157"}],"wp:attachment":[{"href":"https:\/\/www.erresse-shop.it\/de\/wp-json\/wp\/v2\/media?parent=332088"}],"wp:term":[{"taxonomy":"product_cat","embeddable":true,"href":"https:\/\/www.erresse-shop.it\/de\/wp-json\/wp\/v2\/product_cat?post=332088"},{"taxonomy":"product_tag","embeddable":true,"href":"https:\/\/www.erresse-shop.it\/de\/wp-json\/wp\/v2\/product_tag?post=332088"}],"curies":[{"name":"wp","href":"https:\/\/api.w.org\/{rel}","templated":true}]}}