{"id":327096,"date":"2023-09-13T10:04:04","date_gmt":"2023-09-13T10:04:07","guid":{"rendered":"https:\/\/www.erresse-shop.it\/?post_type=product&#038;p=327096"},"modified":"2025-01-22T06:40:10","modified_gmt":"2025-01-22T06:40:10","slug":"weber-gas-grillgerate-q-2200","status":"publish","type":"product","link":"https:\/\/www.erresse-shop.it\/de\/shop\/kleine-elektrogeraete\/grills-und-barbecues\/weber-gas-grillgerate-q-2200\/","title":{"rendered":"WEBER Gas-Grillger\u00e4te Q 2200"},"content":{"rendered":"<p>Es sind die kleinen Dinge, die den Unterschied machen. Kochen Sie ein schnelles Mittagessen mit Hamburgern und Hot Dogs oder ein Fischfilet zum Abendessen f\u00fcr die Familie. Der Q 2200 Gasgrill ist eine einfache L\u00f6sung f\u00fcr jede Mahlzeit.<br \/>\nKompaktes Design<br \/>\nKlein genug, um unterwegs zu grillen, mit gen\u00fcgend Platz, um eine ganze Mahlzeit zuzubereiten.<\/p>\n<p><strong>Emaillierte Grillroste aus Gusseisen<\/strong><br \/>\nDie porzellanemaillierten Gussroste bieten eine gleichm\u00e4\u00dfige W\u00e4rmeverteilung \u00fcber die gesamte Grillfl\u00e4che und eine hervorragende W\u00e4rmespeicherung.<\/p>\n<p><strong>Abnehmbare Fettpfanne<\/strong><br \/>\nDas Fett wird zur einfachen Reinigung in die Auffangschale geleitet.<\/p>\n<p><strong>Klappbare Seitenablagen<\/strong><br \/>\nAuf der Ablage k\u00f6nnen Sie kleine Gerichte, Gew\u00fcrze und Utensilien griffbereit aufbewahren. Sie kann zur einfachen Aufbewahrung auch heruntergeklappt werden.<\/p>\n<p><strong>Thermometer am Deckel<\/strong><br \/>\nEinfaches \u00dcberpr\u00fcfen der Temperatur im Inneren des Grills.<\/p>\n<p><strong>Elektronische Z\u00fcndung<\/strong><br \/>\nDr\u00fccken und halten Sie die Einschalttaste, um den Brenner zu z\u00fcnden.<\/p>\n<p><strong>TECHNISCHE DATEN<\/strong><\/p>\n<ul>\n<li>BRENNERLEISTUNG: (KW)3,52<\/li>\n<li>Abmessungen &#8211; Deckel und Einlegeb\u00f6den offen (Zentimeter): 66,1 cm H x 130,6 cm B x 63,8 cm T<\/li>\n<li>Abmessungen &#8211; Deckel geschlossen und Einlegeb\u00f6den offen (Zentimeter)39,4 cm H x 130,6 cm B x 49,6 cm T<\/li>\n<li>Kochfl\u00e4che (Zentimeter)54 x 39<\/li>\n<li>Gewicht (kg)19.731<\/li>\n<li>Brenner aus rostfreiem Stahl1<\/li>\n<li>Brennstoffart: LPG GAS (nachf\u00fcllbare Flasche separat erh\u00e4ltlich)<\/li>\n<\/ul>\n","protected":false},"excerpt":{"rendered":"<p>Es sind die kleinen Dinge, die den Unterschied machen. Kochen Sie ein schnelles Mittagessen mit Hamburgern und Hot Dogs oder<\/p>\n","protected":false},"featured_media":327129,"template":"","meta":{"_acf_changed":false,"inline_featured_image":false},"product_cat":[6703,13378],"product_tag":[25182,13379,24604,23632,12210,12211,25022,22516],"acf":[],"yoast_head":"<!-- This site is optimized with the Yoast SEO Premium plugin v18.6 (Yoast SEO v19.13) - https:\/\/yoast.com\/wordpress\/plugins\/seo\/ -->\n<title>WEBER Gas-Grillger\u00e4te Q 2200<\/title>\n<meta name=\"description\" content=\"Entdecken Sie WEBER Gas-Grillger\u00e4te Q 2200 bei ErresseShop. Qualit\u00e4t, Stil und Funktionalit\u00e4t \u2013 jetzt online bestellen!\" \/>\n<meta name=\"robots\" content=\"index, follow, max-snippet:-1, max-image-preview:large, max-video-preview:-1\" \/>\n<link rel=\"canonical\" href=\"https:\/\/www.erresse-shop.it\/de\/shop\/kleine-elektrogeraete\/grills-und-barbecues\/weber-gas-grillgerate-q-2200\/\" \/>\n<meta property=\"og:locale\" content=\"de_DE\" \/>\n<meta property=\"og:type\" content=\"article\" \/>\n<meta property=\"og:title\" content=\"WEBER Gas-Grillger\u00e4te Q 2200\" \/>\n<meta property=\"og:description\" content=\"Entdecken Sie WEBER Gas-Grillger\u00e4te Q 2200 bei ErresseShop. Qualit\u00e4t, Stil und Funktionalit\u00e4t \u2013 jetzt online bestellen!\" \/>\n<meta property=\"og:url\" content=\"https:\/\/www.erresse-shop.it\/de\/shop\/kleine-elektrogeraete\/grills-und-barbecues\/weber-gas-grillgerate-q-2200\/\" \/>\n<meta property=\"og:site_name\" content=\"Erresse Shop\" \/>\n<meta property=\"article:modified_time\" content=\"2025-01-22T06:40:10+00:00\" \/>\n<meta property=\"og:image\" content=\"https:\/\/www.erresse-shop.it\/wp-content\/uploads\/2023\/09\/WEBER-Barbecue-a-Gas-Q-2200.jpg\" \/>\n\t<meta property=\"og:image:width\" content=\"800\" \/>\n\t<meta property=\"og:image:height\" content=\"800\" \/>\n\t<meta property=\"og:image:type\" content=\"image\/jpeg\" \/>\n<meta name=\"twitter:card\" content=\"summary_large_image\" \/>\n<script type=\"application\/ld+json\" class=\"yoast-schema-graph\">{\"@context\":\"https:\/\/schema.org\",\"@graph\":[{\"@type\":\"WebPage\",\"@id\":\"https:\/\/www.erresse-shop.it\/de\/shop\/kleine-elektrogeraete\/grills-und-barbecues\/weber-gas-grillgerate-q-2200\/\",\"url\":\"https:\/\/www.erresse-shop.it\/de\/shop\/kleine-elektrogeraete\/grills-und-barbecues\/weber-gas-grillgerate-q-2200\/\",\"name\":\"WEBER Gas-Grillger\u00e4te Q 2200\",\"isPartOf\":{\"@id\":\"https:\/\/www.erresse-shop.it\/de\/#website\"},\"datePublished\":\"2023-09-13T10:04:07+00:00\",\"dateModified\":\"2025-01-22T06:40:10+00:00\",\"description\":\"Entdecken Sie WEBER Gas-Grillger\u00e4te Q 2200 bei ErresseShop. Qualit\u00e4t, Stil und Funktionalit\u00e4t \u2013 jetzt online bestellen!\",\"breadcrumb\":{\"@id\":\"https:\/\/www.erresse-shop.it\/de\/shop\/kleine-elektrogeraete\/grills-und-barbecues\/weber-gas-grillgerate-q-2200\/#breadcrumb\"},\"inLanguage\":\"de-DE\",\"potentialAction\":[{\"@type\":\"ReadAction\",\"target\":[\"https:\/\/www.erresse-shop.it\/de\/shop\/kleine-elektrogeraete\/grills-und-barbecues\/weber-gas-grillgerate-q-2200\/\"]}]},{\"@type\":\"BreadcrumbList\",\"@id\":\"https:\/\/www.erresse-shop.it\/de\/shop\/kleine-elektrogeraete\/grills-und-barbecues\/weber-gas-grillgerate-q-2200\/#breadcrumb\",\"itemListElement\":[{\"@type\":\"ListItem\",\"position\":1,\"name\":\"Home\",\"item\":\"https:\/\/www.erresse-shop.it\/de\/\"},{\"@type\":\"ListItem\",\"position\":2,\"name\":\"Shop\",\"item\":\"https:\/\/www.erresse-shop.it\/de\/shop\/\"},{\"@type\":\"ListItem\",\"position\":3,\"name\":\"WEBER Gas-Grillger\u00e4te Q 2200\"}]},{\"@type\":\"WebSite\",\"@id\":\"https:\/\/www.erresse-shop.it\/de\/#website\",\"url\":\"https:\/\/www.erresse-shop.it\/de\/\",\"name\":\"Erresse Shop\",\"description\":\"Articoli di qualit\u00e0 per la casa\",\"potentialAction\":[{\"@type\":\"SearchAction\",\"target\":{\"@type\":\"EntryPoint\",\"urlTemplate\":\"https:\/\/www.erresse-shop.it\/de\/?s={search_term_string}\"},\"query-input\":\"required name=search_term_string\"}],\"inLanguage\":\"de-DE\"}]}<\/script>\n<!-- \/ Yoast SEO Premium plugin. -->","yoast_head_json":{"title":"WEBER Gas-Grillger\u00e4te Q 2200","description":"Entdecken Sie WEBER Gas-Grillger\u00e4te Q 2200 bei ErresseShop. Qualit\u00e4t, Stil und Funktionalit\u00e4t \u2013 jetzt online bestellen!","robots":{"index":"index","follow":"follow","max-snippet":"max-snippet:-1","max-image-preview":"max-image-preview:large","max-video-preview":"max-video-preview:-1"},"canonical":"https:\/\/www.erresse-shop.it\/de\/shop\/kleine-elektrogeraete\/grills-und-barbecues\/weber-gas-grillgerate-q-2200\/","og_locale":"de_DE","og_type":"article","og_title":"WEBER Gas-Grillger\u00e4te Q 2200","og_description":"Entdecken Sie WEBER Gas-Grillger\u00e4te Q 2200 bei ErresseShop. Qualit\u00e4t, Stil und Funktionalit\u00e4t \u2013 jetzt online bestellen!","og_url":"https:\/\/www.erresse-shop.it\/de\/shop\/kleine-elektrogeraete\/grills-und-barbecues\/weber-gas-grillgerate-q-2200\/","og_site_name":"Erresse Shop","article_modified_time":"2025-01-22T06:40:10+00:00","og_image":[{"width":800,"height":800,"url":"https:\/\/www.erresse-shop.it\/wp-content\/uploads\/2023\/09\/WEBER-Barbecue-a-Gas-Q-2200.jpg","type":"image\/jpeg"}],"twitter_card":"summary_large_image","schema":{"@context":"https:\/\/schema.org","@graph":[{"@type":"WebPage","@id":"https:\/\/www.erresse-shop.it\/de\/shop\/kleine-elektrogeraete\/grills-und-barbecues\/weber-gas-grillgerate-q-2200\/","url":"https:\/\/www.erresse-shop.it\/de\/shop\/kleine-elektrogeraete\/grills-und-barbecues\/weber-gas-grillgerate-q-2200\/","name":"WEBER Gas-Grillger\u00e4te Q 2200","isPartOf":{"@id":"https:\/\/www.erresse-shop.it\/de\/#website"},"datePublished":"2023-09-13T10:04:07+00:00","dateModified":"2025-01-22T06:40:10+00:00","description":"Entdecken Sie WEBER Gas-Grillger\u00e4te Q 2200 bei ErresseShop. Qualit\u00e4t, Stil und Funktionalit\u00e4t \u2013 jetzt online bestellen!","breadcrumb":{"@id":"https:\/\/www.erresse-shop.it\/de\/shop\/kleine-elektrogeraete\/grills-und-barbecues\/weber-gas-grillgerate-q-2200\/#breadcrumb"},"inLanguage":"de-DE","potentialAction":[{"@type":"ReadAction","target":["https:\/\/www.erresse-shop.it\/de\/shop\/kleine-elektrogeraete\/grills-und-barbecues\/weber-gas-grillgerate-q-2200\/"]}]},{"@type":"BreadcrumbList","@id":"https:\/\/www.erresse-shop.it\/de\/shop\/kleine-elektrogeraete\/grills-und-barbecues\/weber-gas-grillgerate-q-2200\/#breadcrumb","itemListElement":[{"@type":"ListItem","position":1,"name":"Home","item":"https:\/\/www.erresse-shop.it\/de\/"},{"@type":"ListItem","position":2,"name":"Shop","item":"https:\/\/www.erresse-shop.it\/de\/shop\/"},{"@type":"ListItem","position":3,"name":"WEBER Gas-Grillger\u00e4te Q 2200"}]},{"@type":"WebSite","@id":"https:\/\/www.erresse-shop.it\/de\/#website","url":"https:\/\/www.erresse-shop.it\/de\/","name":"Erresse Shop","description":"Articoli di qualit\u00e0 per la casa","potentialAction":[{"@type":"SearchAction","target":{"@type":"EntryPoint","urlTemplate":"https:\/\/www.erresse-shop.it\/de\/?s={search_term_string}"},"query-input":"required name=search_term_string"}],"inLanguage":"de-DE"}]}},"df_price":439,"df_sale_price":439,"df_regular_price":549,"df_image_link":"https:\/\/www.erresse-shop.it\/wp-content\/uploads\/2023\/09\/WEBER-Barbecue-a-Gas-Q-2200-300x300.jpg","_links":{"self":[{"href":"https:\/\/www.erresse-shop.it\/de\/wp-json\/wp\/v2\/product\/327096"}],"collection":[{"href":"https:\/\/www.erresse-shop.it\/de\/wp-json\/wp\/v2\/product"}],"about":[{"href":"https:\/\/www.erresse-shop.it\/de\/wp-json\/wp\/v2\/types\/product"}],"wp:featuredmedia":[{"embeddable":true,"href":"https:\/\/www.erresse-shop.it\/de\/wp-json\/wp\/v2\/media\/327129"}],"wp:attachment":[{"href":"https:\/\/www.erresse-shop.it\/de\/wp-json\/wp\/v2\/media?parent=327096"}],"wp:term":[{"taxonomy":"product_cat","embeddable":true,"href":"https:\/\/www.erresse-shop.it\/de\/wp-json\/wp\/v2\/product_cat?post=327096"},{"taxonomy":"product_tag","embeddable":true,"href":"https:\/\/www.erresse-shop.it\/de\/wp-json\/wp\/v2\/product_tag?post=327096"}],"curies":[{"name":"wp","href":"https:\/\/api.w.org\/{rel}","templated":true}]}}