{"id":31362,"date":"2019-06-21T12:43:39","date_gmt":"2019-06-21T12:43:39","guid":{"rendered":"https:\/\/www.erresse-shop.it\/?post_type=product&#038;p=31362"},"modified":"2025-01-22T06:40:19","modified_gmt":"2025-01-22T06:40:19","slug":"wmf-set-denver-besteck-60-stk","status":"publish","type":"product","link":"https:\/\/www.erresse-shop.it\/de\/shop\/tisch\/besteck\/wmf-set-denver-besteck-60-stk\/","title":{"rendered":"WMF Set Denver Besteck 60 stk"},"content":{"rendered":"<p><strong>Besteckserie Denver: energiegeladen und zeitgem\u00e4\u00df<\/strong><\/p>\n<p>Machen Sie aus jedem Tafelerlebnis ein fesselndes. Beim WMF-Besteck Denver treffen polierte Oberfl\u00e4chen auf breite Spitzen und spitz zulaufende Linien. Das kraftvolle und doch zeitlose Design aus hochwertigem Cromargan\u00ae-Edelstahl 18\/10 sorgt f\u00fcr au\u00dfergew\u00f6hnliche Langlebigkeit und eine exquisite \u00c4sthetik, die immer wieder beeindruckt. Das ergonomisch geformte Besteck liegt perfekt in der Hand und wird mit dem f\u00fcr die Marke WMF bekannten Know-how gefertigt. Die Messer werden aus einem einzigen St\u00fcck Stahl geschmiedet und anschlie\u00dfend geh\u00e4rtet. Au\u00dferdem sind sie mit einem speziell entwickelten Wellenschliff ausgestattet, der eine lang anhaltende Sch\u00e4rfe und einen perfekten Schnitt garantiert. Das Set ist sp\u00fclmaschinenfest f\u00fcr eine schnelle und einfache Reinigung und wird in einer attraktiven Verpackung f\u00fcr eine sichere und bequeme Aufbewahrung geliefert.<\/p>\n<p><strong>Schwungvoll und zeitgem\u00e4\u00df<\/strong><br \/>\nDenver-Bestecke von WMF sind zeitlos sch\u00f6n und haben eine starke Pr\u00e4senz durch polierte Oberfl\u00e4chen, breite Enden und verj\u00fcngte Linien. Das Ergebnis ist ein au\u00dfergew\u00f6hnliches Besteck, das jeden Tisch zu einem fesselnden Erlebnis macht.<\/p>\n<p><strong>Hochwertige Optik und Haptik<\/strong><br \/>\nWMF Besteck ist ein Genuss f\u00fcr den t\u00e4glichen Gebrauch und verbindet einzigartiges Design mit h\u00f6chster Qualit\u00e4t. Jedes St\u00fcck bietet eine angenehme, ergonomische Haptik, die perfekt in jeder Hand liegt.<\/p>\n<p><strong>Cromargan\u00ae.<\/strong><br \/>\nAus Cromargan\u00ae Edelstahl 18\/10, einem robusten und eleganten Material f\u00fcr au\u00dfergew\u00f6hnliche Haltbarkeit und Hygiene, sp\u00fclmaschinenfest, farbecht, pflegeleicht, geschmacksneutral und resistent gegen Speises\u00e4uren.<\/p>\n<p><strong>Sp\u00fclmaschinenfest<\/strong><br \/>\nAlle Artikel werden in h\u00f6chster Qualit\u00e4t hergestellt und sind sorgf\u00e4ltig verarbeitet, um sp\u00fclmaschinenfest zu sein, ohne sich zu verdrehen.<\/p>\n<p><strong>Geschmiedete Messer<\/strong><br \/>\nDie Messer werden aus einem einzigen St\u00fcck Edelstahl geschmiedet und anschlie\u00dfend geh\u00e4rtet. Sie haben einen speziellen Wellenschliff, der optimale Sch\u00e4rfe und lange Lebensdauer garantiert.<\/p>\n<p><strong>Inhalt:<\/strong><\/p>\n<ul>\n<li>12 Tafelmesser<\/li>\n<li>12 Tafelgabeln<\/li>\n<li>12 Tafell\u00f6ffel<\/li>\n<li>12 L\u00f6ffel<\/li>\n<li>12 Obstgabeln<\/li>\n<\/ul>\n","protected":false},"excerpt":{"rendered":"<p>Besteckserie Denver: energiegeladen und zeitgem\u00e4\u00df Machen Sie aus jedem Tafelerlebnis ein fesselndes. Beim WMF-Besteck Denver treffen polierte Oberfl\u00e4chen auf breite<\/p>\n","protected":false},"featured_media":310357,"template":"","meta":{"_acf_changed":false,"inline_featured_image":false},"product_cat":[6790,6787],"product_tag":[24424],"acf":[],"yoast_head":"<!-- This site is optimized with the Yoast SEO Premium plugin v18.6 (Yoast SEO v19.13) - https:\/\/yoast.com\/wordpress\/plugins\/seo\/ -->\n<title>WMF Set Denver Besteck 60 stk<\/title>\n<meta name=\"description\" content=\"Entdecken Sie WMF Set Denver Besteck 60 stk bei ErresseShop. Qualit\u00e4t, Stil und Funktionalit\u00e4t \u2013 jetzt online bestellen!\" \/>\n<meta name=\"robots\" content=\"index, follow, max-snippet:-1, max-image-preview:large, max-video-preview:-1\" \/>\n<link rel=\"canonical\" href=\"https:\/\/www.erresse-shop.it\/de\/shop\/tisch\/besteck\/wmf-set-denver-besteck-60-stk\/\" \/>\n<meta property=\"og:locale\" content=\"de_DE\" \/>\n<meta property=\"og:type\" content=\"article\" \/>\n<meta property=\"og:title\" content=\"WMF Set Denver Besteck 60 stk\" \/>\n<meta property=\"og:description\" content=\"Entdecken Sie WMF Set Denver Besteck 60 stk bei ErresseShop. Qualit\u00e4t, Stil und Funktionalit\u00e4t \u2013 jetzt online bestellen!\" \/>\n<meta property=\"og:url\" content=\"https:\/\/www.erresse-shop.it\/de\/shop\/tisch\/besteck\/wmf-set-denver-besteck-60-stk\/\" \/>\n<meta property=\"og:site_name\" content=\"Erresse Shop\" \/>\n<meta property=\"article:modified_time\" content=\"2025-01-22T06:40:19+00:00\" \/>\n<meta property=\"og:image\" content=\"https:\/\/www.erresse-shop.it\/wp-content\/uploads\/2019\/06\/WMF-Set-Posate-Denver-60-Pezzi.jpg\" \/>\n\t<meta property=\"og:image:width\" content=\"800\" \/>\n\t<meta property=\"og:image:height\" content=\"800\" \/>\n\t<meta property=\"og:image:type\" content=\"image\/jpeg\" \/>\n<meta name=\"twitter:card\" content=\"summary_large_image\" \/>\n<script type=\"application\/ld+json\" class=\"yoast-schema-graph\">{\"@context\":\"https:\/\/schema.org\",\"@graph\":[{\"@type\":\"WebPage\",\"@id\":\"https:\/\/www.erresse-shop.it\/de\/shop\/tisch\/besteck\/wmf-set-denver-besteck-60-stk\/\",\"url\":\"https:\/\/www.erresse-shop.it\/de\/shop\/tisch\/besteck\/wmf-set-denver-besteck-60-stk\/\",\"name\":\"WMF Set Denver Besteck 60 stk\",\"isPartOf\":{\"@id\":\"https:\/\/www.erresse-shop.it\/de\/#website\"},\"datePublished\":\"2019-06-21T12:43:39+00:00\",\"dateModified\":\"2025-01-22T06:40:19+00:00\",\"description\":\"Entdecken Sie WMF Set Denver Besteck 60 stk bei ErresseShop. Qualit\u00e4t, Stil und Funktionalit\u00e4t \u2013 jetzt online bestellen!\",\"breadcrumb\":{\"@id\":\"https:\/\/www.erresse-shop.it\/de\/shop\/tisch\/besteck\/wmf-set-denver-besteck-60-stk\/#breadcrumb\"},\"inLanguage\":\"de-DE\",\"potentialAction\":[{\"@type\":\"ReadAction\",\"target\":[\"https:\/\/www.erresse-shop.it\/de\/shop\/tisch\/besteck\/wmf-set-denver-besteck-60-stk\/\"]}]},{\"@type\":\"BreadcrumbList\",\"@id\":\"https:\/\/www.erresse-shop.it\/de\/shop\/tisch\/besteck\/wmf-set-denver-besteck-60-stk\/#breadcrumb\",\"itemListElement\":[{\"@type\":\"ListItem\",\"position\":1,\"name\":\"Home\",\"item\":\"https:\/\/www.erresse-shop.it\/de\/\"},{\"@type\":\"ListItem\",\"position\":2,\"name\":\"Shop\",\"item\":\"https:\/\/www.erresse-shop.it\/de\/shop\/\"},{\"@type\":\"ListItem\",\"position\":3,\"name\":\"WMF Set Denver Besteck 60 stk\"}]},{\"@type\":\"WebSite\",\"@id\":\"https:\/\/www.erresse-shop.it\/de\/#website\",\"url\":\"https:\/\/www.erresse-shop.it\/de\/\",\"name\":\"Erresse Shop\",\"description\":\"Articoli di qualit\u00e0 per la casa\",\"potentialAction\":[{\"@type\":\"SearchAction\",\"target\":{\"@type\":\"EntryPoint\",\"urlTemplate\":\"https:\/\/www.erresse-shop.it\/de\/?s={search_term_string}\"},\"query-input\":\"required name=search_term_string\"}],\"inLanguage\":\"de-DE\"}]}<\/script>\n<!-- \/ Yoast SEO Premium plugin. -->","yoast_head_json":{"title":"WMF Set Denver Besteck 60 stk","description":"Entdecken Sie WMF Set Denver Besteck 60 stk bei ErresseShop. Qualit\u00e4t, Stil und Funktionalit\u00e4t \u2013 jetzt online bestellen!","robots":{"index":"index","follow":"follow","max-snippet":"max-snippet:-1","max-image-preview":"max-image-preview:large","max-video-preview":"max-video-preview:-1"},"canonical":"https:\/\/www.erresse-shop.it\/de\/shop\/tisch\/besteck\/wmf-set-denver-besteck-60-stk\/","og_locale":"de_DE","og_type":"article","og_title":"WMF Set Denver Besteck 60 stk","og_description":"Entdecken Sie WMF Set Denver Besteck 60 stk bei ErresseShop. Qualit\u00e4t, Stil und Funktionalit\u00e4t \u2013 jetzt online bestellen!","og_url":"https:\/\/www.erresse-shop.it\/de\/shop\/tisch\/besteck\/wmf-set-denver-besteck-60-stk\/","og_site_name":"Erresse Shop","article_modified_time":"2025-01-22T06:40:19+00:00","og_image":[{"width":800,"height":800,"url":"https:\/\/www.erresse-shop.it\/wp-content\/uploads\/2019\/06\/WMF-Set-Posate-Denver-60-Pezzi.jpg","type":"image\/jpeg"}],"twitter_card":"summary_large_image","schema":{"@context":"https:\/\/schema.org","@graph":[{"@type":"WebPage","@id":"https:\/\/www.erresse-shop.it\/de\/shop\/tisch\/besteck\/wmf-set-denver-besteck-60-stk\/","url":"https:\/\/www.erresse-shop.it\/de\/shop\/tisch\/besteck\/wmf-set-denver-besteck-60-stk\/","name":"WMF Set Denver Besteck 60 stk","isPartOf":{"@id":"https:\/\/www.erresse-shop.it\/de\/#website"},"datePublished":"2019-06-21T12:43:39+00:00","dateModified":"2025-01-22T06:40:19+00:00","description":"Entdecken Sie WMF Set Denver Besteck 60 stk bei ErresseShop. Qualit\u00e4t, Stil und Funktionalit\u00e4t \u2013 jetzt online bestellen!","breadcrumb":{"@id":"https:\/\/www.erresse-shop.it\/de\/shop\/tisch\/besteck\/wmf-set-denver-besteck-60-stk\/#breadcrumb"},"inLanguage":"de-DE","potentialAction":[{"@type":"ReadAction","target":["https:\/\/www.erresse-shop.it\/de\/shop\/tisch\/besteck\/wmf-set-denver-besteck-60-stk\/"]}]},{"@type":"BreadcrumbList","@id":"https:\/\/www.erresse-shop.it\/de\/shop\/tisch\/besteck\/wmf-set-denver-besteck-60-stk\/#breadcrumb","itemListElement":[{"@type":"ListItem","position":1,"name":"Home","item":"https:\/\/www.erresse-shop.it\/de\/"},{"@type":"ListItem","position":2,"name":"Shop","item":"https:\/\/www.erresse-shop.it\/de\/shop\/"},{"@type":"ListItem","position":3,"name":"WMF Set Denver Besteck 60 stk"}]},{"@type":"WebSite","@id":"https:\/\/www.erresse-shop.it\/de\/#website","url":"https:\/\/www.erresse-shop.it\/de\/","name":"Erresse Shop","description":"Articoli di qualit\u00e0 per la casa","potentialAction":[{"@type":"SearchAction","target":{"@type":"EntryPoint","urlTemplate":"https:\/\/www.erresse-shop.it\/de\/?s={search_term_string}"},"query-input":"required name=search_term_string"}],"inLanguage":"de-DE"}]}},"df_price":182.7,"df_sale_price":182.7,"df_regular_price":290,"df_image_link":"https:\/\/www.erresse-shop.it\/wp-content\/uploads\/2019\/06\/WMF-Set-Posate-Denver-60-Pezzi-300x300.jpg","_links":{"self":[{"href":"https:\/\/www.erresse-shop.it\/de\/wp-json\/wp\/v2\/product\/31362"}],"collection":[{"href":"https:\/\/www.erresse-shop.it\/de\/wp-json\/wp\/v2\/product"}],"about":[{"href":"https:\/\/www.erresse-shop.it\/de\/wp-json\/wp\/v2\/types\/product"}],"wp:featuredmedia":[{"embeddable":true,"href":"https:\/\/www.erresse-shop.it\/de\/wp-json\/wp\/v2\/media\/310357"}],"wp:attachment":[{"href":"https:\/\/www.erresse-shop.it\/de\/wp-json\/wp\/v2\/media?parent=31362"}],"wp:term":[{"taxonomy":"product_cat","embeddable":true,"href":"https:\/\/www.erresse-shop.it\/de\/wp-json\/wp\/v2\/product_cat?post=31362"},{"taxonomy":"product_tag","embeddable":true,"href":"https:\/\/www.erresse-shop.it\/de\/wp-json\/wp\/v2\/product_tag?post=31362"}],"curies":[{"name":"wp","href":"https:\/\/api.w.org\/{rel}","templated":true}]}}