{"id":31157,"date":"2019-04-16T16:42:27","date_gmt":"2019-04-16T16:42:27","guid":{"rendered":"https:\/\/www.erresse-shop.it\/?post_type=product&#038;p=31157"},"modified":"2026-03-12T17:10:42","modified_gmt":"2026-03-12T17:10:42","slug":"seletti-wunderkrammer-bone-de","status":"publish","type":"product","link":"https:\/\/www.erresse-shop.it\/de\/shop\/einrichtung-haus\/dekoartikel\/seletti-wunderkrammer-bone-de\/","title":{"rendered":"SELETTI Diesel Wunderkrammer Bone"},"content":{"rendered":"<div><strong>Seletti<\/strong> ist eine Geschichte des Sehens und der Evolution. Gegr\u00fcndet im Jahr 1964, in Cicognara, Mantova. &#8220;Heute ist Seletti mit jungen italienischen und internationalen Designer, die schnell ihre eigenen Marke arbeiten, ist der Wunsch, eine Gruppe, die zusammen wachsen und sich entwickeln, eine Herausforderung, dass, so weit, macht tolle Ergebnisse zu schaffen.&#8221; I arbeite auch mit Leuten au\u00dferhalb der Designwelt, K\u00fcnstler, Vision\u00e4re, mit denen ich m\u00f6chte einige Barrieren abzubauen. Meine unkonventionellen nicht-akademischen Ausbildung f\u00fchrt mich nat\u00fcrlich auf &#8220;Crossover&#8221;, eine Reise auf die Idee, eine &#8220;neue Sch\u00f6nheit&#8221;. F\u00fcr uns ist diese (r) evolution &#8220;.<\/div>\n<div>&nbsp;<\/div>\n<div>Wolfssch\u00e4del, Schlangen aufwerfend, Knochen aus geheimnisvollen Tieren &#8230; alles in edlem goldfarbenem Metall. Wunderkammer ist eine Sammlung seltener und ungew\u00f6hnlicher Gegenst\u00e4nde, die aus einem Renaissance-Raum der Wunder in die Gegenwart reisen.<\/div>\n<div>&nbsp;<\/div>\n<div>Material: Aluminium<br \/>\nSize:&nbsp;Cm 37\u00d712,5\u00d712,5<\/div>\n","protected":false},"excerpt":{"rendered":"<p>Seletti ist eine Geschichte des Sehens und der Evolution. Gegr\u00fcndet im Jahr 1964, in Cicognara, Mantova. &#8220;Heute ist Seletti mit<\/p>\n","protected":false},"featured_media":31158,"template":"","meta":{"_acf_changed":false,"inline_featured_image":false},"product_cat":[6817,14442],"product_tag":[11593,25022],"acf":[],"yoast_head":"<!-- This site is optimized with the Yoast SEO Premium plugin v18.6 (Yoast SEO v19.13) - https:\/\/yoast.com\/wordpress\/plugins\/seo\/ -->\n<title>SELETTI Diesel Wunderkrammer Bone - Erresse Shop<\/title>\n<meta name=\"description\" content=\"Seletti ist eine Geschichte des Sehens und der Evolution. Gegr\u00fcndet im Jahr 1964, in Cicognara, Mantova. &quot;Heute ist Seletti mit jungen italienischen und\" \/>\n<meta name=\"robots\" content=\"index, follow, max-snippet:-1, max-image-preview:large, max-video-preview:-1\" \/>\n<link rel=\"canonical\" href=\"https:\/\/www.erresse-shop.it\/de\/shop\/einrichtung-haus\/dekoartikel\/seletti-wunderkrammer-bone-de\/\" \/>\n<meta property=\"og:locale\" content=\"de_DE\" \/>\n<meta property=\"og:type\" content=\"article\" \/>\n<meta property=\"og:title\" content=\"SELETTI Diesel Wunderkrammer Bone\" \/>\n<meta property=\"og:description\" content=\"Seletti ist eine Geschichte des Sehens und der Evolution. Gegr\u00fcndet im Jahr 1964, in Cicognara, Mantova. &quot;Heute ist Seletti mit jungen italienischen und\" \/>\n<meta property=\"og:url\" content=\"https:\/\/www.erresse-shop.it\/de\/shop\/einrichtung-haus\/dekoartikel\/seletti-wunderkrammer-bone-de\/\" \/>\n<meta property=\"og:site_name\" content=\"Erresse Shop\" \/>\n<meta property=\"article:modified_time\" content=\"2026-03-12T17:10:42+00:00\" \/>\n<meta property=\"og:image\" content=\"https:\/\/www.erresse-shop.it\/wp-content\/uploads\/2019\/04\/products-10890-2.jpg\" \/>\n\t<meta property=\"og:image:width\" content=\"2000\" \/>\n\t<meta property=\"og:image:height\" content=\"2000\" \/>\n\t<meta property=\"og:image:type\" content=\"image\/jpeg\" \/>\n<meta name=\"twitter:card\" content=\"summary_large_image\" \/>\n<script type=\"application\/ld+json\" class=\"yoast-schema-graph\">{\"@context\":\"https:\/\/schema.org\",\"@graph\":[{\"@type\":\"WebPage\",\"@id\":\"https:\/\/www.erresse-shop.it\/de\/shop\/einrichtung-haus\/dekoartikel\/seletti-wunderkrammer-bone-de\/\",\"url\":\"https:\/\/www.erresse-shop.it\/de\/shop\/einrichtung-haus\/dekoartikel\/seletti-wunderkrammer-bone-de\/\",\"name\":\"SELETTI Diesel Wunderkrammer Bone - Erresse Shop\",\"isPartOf\":{\"@id\":\"https:\/\/www.erresse-shop.it\/de\/#website\"},\"datePublished\":\"2019-04-16T16:42:27+00:00\",\"dateModified\":\"2026-03-12T17:10:42+00:00\",\"description\":\"Seletti ist eine Geschichte des Sehens und der Evolution. Gegr\u00fcndet im Jahr 1964, in Cicognara, Mantova. \\\"Heute ist Seletti mit jungen italienischen und\",\"breadcrumb\":{\"@id\":\"https:\/\/www.erresse-shop.it\/de\/shop\/einrichtung-haus\/dekoartikel\/seletti-wunderkrammer-bone-de\/#breadcrumb\"},\"inLanguage\":\"de-DE\",\"potentialAction\":[{\"@type\":\"ReadAction\",\"target\":[\"https:\/\/www.erresse-shop.it\/de\/shop\/einrichtung-haus\/dekoartikel\/seletti-wunderkrammer-bone-de\/\"]}]},{\"@type\":\"BreadcrumbList\",\"@id\":\"https:\/\/www.erresse-shop.it\/de\/shop\/einrichtung-haus\/dekoartikel\/seletti-wunderkrammer-bone-de\/#breadcrumb\",\"itemListElement\":[{\"@type\":\"ListItem\",\"position\":1,\"name\":\"Home\",\"item\":\"https:\/\/www.erresse-shop.it\/de\/\"},{\"@type\":\"ListItem\",\"position\":2,\"name\":\"Shop\",\"item\":\"https:\/\/www.erresse-shop.it\/de\/shop\/\"},{\"@type\":\"ListItem\",\"position\":3,\"name\":\"SELETTI Diesel Wunderkrammer Bone\"}]},{\"@type\":\"WebSite\",\"@id\":\"https:\/\/www.erresse-shop.it\/de\/#website\",\"url\":\"https:\/\/www.erresse-shop.it\/de\/\",\"name\":\"Erresse Shop\",\"description\":\"Articoli di qualit\u00e0 per la casa\",\"potentialAction\":[{\"@type\":\"SearchAction\",\"target\":{\"@type\":\"EntryPoint\",\"urlTemplate\":\"https:\/\/www.erresse-shop.it\/de\/?s={search_term_string}\"},\"query-input\":\"required name=search_term_string\"}],\"inLanguage\":\"de-DE\"}]}<\/script>\n<!-- \/ Yoast SEO Premium plugin. -->","yoast_head_json":{"title":"SELETTI Diesel Wunderkrammer Bone - Erresse Shop","description":"Seletti ist eine Geschichte des Sehens und der Evolution. Gegr\u00fcndet im Jahr 1964, in Cicognara, Mantova. \"Heute ist Seletti mit jungen italienischen und","robots":{"index":"index","follow":"follow","max-snippet":"max-snippet:-1","max-image-preview":"max-image-preview:large","max-video-preview":"max-video-preview:-1"},"canonical":"https:\/\/www.erresse-shop.it\/de\/shop\/einrichtung-haus\/dekoartikel\/seletti-wunderkrammer-bone-de\/","og_locale":"de_DE","og_type":"article","og_title":"SELETTI Diesel Wunderkrammer Bone","og_description":"Seletti ist eine Geschichte des Sehens und der Evolution. Gegr\u00fcndet im Jahr 1964, in Cicognara, Mantova. \"Heute ist Seletti mit jungen italienischen und","og_url":"https:\/\/www.erresse-shop.it\/de\/shop\/einrichtung-haus\/dekoartikel\/seletti-wunderkrammer-bone-de\/","og_site_name":"Erresse Shop","article_modified_time":"2026-03-12T17:10:42+00:00","og_image":[{"width":"2000","height":"2000","url":"https:\/\/www.erresse-shop.it\/wp-content\/uploads\/2019\/04\/products-10890-2.jpg","type":"image\/jpeg"}],"twitter_card":"summary_large_image","schema":{"@context":"https:\/\/schema.org","@graph":[{"@type":"WebPage","@id":"https:\/\/www.erresse-shop.it\/de\/shop\/einrichtung-haus\/dekoartikel\/seletti-wunderkrammer-bone-de\/","url":"https:\/\/www.erresse-shop.it\/de\/shop\/einrichtung-haus\/dekoartikel\/seletti-wunderkrammer-bone-de\/","name":"SELETTI Diesel Wunderkrammer Bone - Erresse Shop","isPartOf":{"@id":"https:\/\/www.erresse-shop.it\/de\/#website"},"datePublished":"2019-04-16T16:42:27+00:00","dateModified":"2026-03-12T17:10:42+00:00","description":"Seletti ist eine Geschichte des Sehens und der Evolution. Gegr\u00fcndet im Jahr 1964, in Cicognara, Mantova. \"Heute ist Seletti mit jungen italienischen und","breadcrumb":{"@id":"https:\/\/www.erresse-shop.it\/de\/shop\/einrichtung-haus\/dekoartikel\/seletti-wunderkrammer-bone-de\/#breadcrumb"},"inLanguage":"de-DE","potentialAction":[{"@type":"ReadAction","target":["https:\/\/www.erresse-shop.it\/de\/shop\/einrichtung-haus\/dekoartikel\/seletti-wunderkrammer-bone-de\/"]}]},{"@type":"BreadcrumbList","@id":"https:\/\/www.erresse-shop.it\/de\/shop\/einrichtung-haus\/dekoartikel\/seletti-wunderkrammer-bone-de\/#breadcrumb","itemListElement":[{"@type":"ListItem","position":1,"name":"Home","item":"https:\/\/www.erresse-shop.it\/de\/"},{"@type":"ListItem","position":2,"name":"Shop","item":"https:\/\/www.erresse-shop.it\/de\/shop\/"},{"@type":"ListItem","position":3,"name":"SELETTI Diesel Wunderkrammer Bone"}]},{"@type":"WebSite","@id":"https:\/\/www.erresse-shop.it\/de\/#website","url":"https:\/\/www.erresse-shop.it\/de\/","name":"Erresse Shop","description":"Articoli di qualit\u00e0 per la casa","potentialAction":[{"@type":"SearchAction","target":{"@type":"EntryPoint","urlTemplate":"https:\/\/www.erresse-shop.it\/de\/?s={search_term_string}"},"query-input":"required name=search_term_string"}],"inLanguage":"de-DE"}]}},"df_price":99,"df_sale_price":99,"df_regular_price":188,"df_image_link":"https:\/\/www.erresse-shop.it\/wp-content\/uploads\/2019\/04\/products-10890-2.jpg","_links":{"self":[{"href":"https:\/\/www.erresse-shop.it\/de\/wp-json\/wp\/v2\/product\/31157"}],"collection":[{"href":"https:\/\/www.erresse-shop.it\/de\/wp-json\/wp\/v2\/product"}],"about":[{"href":"https:\/\/www.erresse-shop.it\/de\/wp-json\/wp\/v2\/types\/product"}],"wp:featuredmedia":[{"embeddable":true,"href":"https:\/\/www.erresse-shop.it\/de\/wp-json\/wp\/v2\/media\/31158"}],"wp:attachment":[{"href":"https:\/\/www.erresse-shop.it\/de\/wp-json\/wp\/v2\/media?parent=31157"}],"wp:term":[{"taxonomy":"product_cat","embeddable":true,"href":"https:\/\/www.erresse-shop.it\/de\/wp-json\/wp\/v2\/product_cat?post=31157"},{"taxonomy":"product_tag","embeddable":true,"href":"https:\/\/www.erresse-shop.it\/de\/wp-json\/wp\/v2\/product_tag?post=31157"}],"curies":[{"name":"wp","href":"https:\/\/api.w.org\/{rel}","templated":true}]}}