{"id":30863,"date":"2019-04-02T10:25:29","date_gmt":"2019-04-02T10:25:29","guid":{"rendered":"https:\/\/www.erresse-shop.it\/?post_type=product&#038;p=30863"},"modified":"2025-09-11T10:35:21","modified_gmt":"2025-09-11T10:35:21","slug":"zafferano-petoni-6-glaser-mix","status":"publish","type":"product","link":"https:\/\/www.erresse-shop.it\/de\/shop\/tisch\/trinkglaeser\/zafferano-petoni-6-glaser-mix\/","title":{"rendered":"ZAFFERANO Petoni 6 Gl\u00e4ser Mix"},"content":{"rendered":"<p><strong>Zafferano<\/strong>. Ein Weinglas deklamiert, entwickelt und vollst\u00e4ndig erg\u00e4nzt die Fl\u00fcssigkeit h\u00e4lt &#8211; und es ist auch ein Kunstwerk.&nbsp;<\/p>\n<div>Die Arbeit von Federico de Majo inspiriert von der visuellen und traditionsreichsten der Zeilen, die andere mit einem einzigartig technischen Inhalt, was die Begeisterung f\u00fcr Innovation und Forschung.&nbsp;<\/div>\n<div>&nbsp;<\/div>\n<div>Zafferano bringt die Kunst der Glasmacher und die Kultur des Weines.&nbsp;<\/div>\n<div>Die Geschichte von Federico de Majo hat seine Anf\u00e4nge in den Familienbetrieb auf der Insel Murano (Venedig). Es war hier, in der Mitte der 1970er Jahre, dass Federico de Majo begann, und k\u00fcnstlerische Glas Allgemeinen. Danach wird ein Gef\u00fchl f\u00fcr die Bedeutung und den Genuss von gutem Wein f\u00fchrte ihn eine Firma auf die Entwicklung und Herstellung von Verkostungsgl\u00e4ser gewidmet.&nbsp;<\/div>\n<div>&nbsp;<\/div>\n<div><strong>Zafferano<\/strong> Sammlungen sind <strong>mundgeblasen<\/strong> und von <strong>Handwerksmeistern<\/strong>, die noch arbeiten, wie vor handgefertigt. Diese Handwerkskunst macht jedes St\u00fcck einzigartig und unterscheidet sich von anderen, und aus diesem Grund umso wertvoller. Das markante Logo, mit dem Kelch und der Z von Zafferano innerhalb bescheinigt, dass das Produkt ist handgefertigt.&nbsp;<\/div>\n","protected":false},"excerpt":{"rendered":"<p>Zafferano. Ein Weinglas deklamiert, entwickelt und vollst\u00e4ndig erg\u00e4nzt die Fl\u00fcssigkeit h\u00e4lt &#8211; und es ist auch ein Kunstwerk.&nbsp; Die Arbeit<\/p>\n","protected":false},"featured_media":512132,"template":"","meta":{"_acf_changed":false,"inline_featured_image":false},"product_cat":[6787,6811],"product_tag":[23705,11483,11487,11489],"acf":[],"yoast_head":"<!-- This site is optimized with the Yoast SEO Premium plugin v18.6 (Yoast SEO v19.13) - https:\/\/yoast.com\/wordpress\/plugins\/seo\/ -->\n<title>ZAFFERANO Petoni 6 Gl\u00e4ser Mix - Erresse Shop<\/title>\n<meta name=\"description\" content=\"Zafferano. Ein Weinglas deklamiert, entwickelt und vollst\u00e4ndig erg\u00e4nzt die Fl\u00fcssigkeit h\u00e4lt - und es ist auch ein Kunstwerk.&nbsp; Die Arbeit von Federico\" \/>\n<meta name=\"robots\" content=\"index, follow, max-snippet:-1, max-image-preview:large, max-video-preview:-1\" \/>\n<link rel=\"canonical\" href=\"https:\/\/www.erresse-shop.it\/de\/shop\/tisch\/trinkglaeser\/zafferano-petoni-6-glaser-mix\/\" \/>\n<meta property=\"og:locale\" content=\"de_DE\" \/>\n<meta property=\"og:type\" content=\"article\" \/>\n<meta property=\"og:title\" content=\"ZAFFERANO Petoni 6 Gl\u00e4ser Mix\" \/>\n<meta property=\"og:description\" content=\"Zafferano. Ein Weinglas deklamiert, entwickelt und vollst\u00e4ndig erg\u00e4nzt die Fl\u00fcssigkeit h\u00e4lt - und es ist auch ein Kunstwerk.&nbsp; Die Arbeit von Federico\" \/>\n<meta property=\"og:url\" content=\"https:\/\/www.erresse-shop.it\/de\/shop\/tisch\/trinkglaeser\/zafferano-petoni-6-glaser-mix\/\" \/>\n<meta property=\"og:site_name\" content=\"Erresse Shop\" \/>\n<meta property=\"article:modified_time\" content=\"2025-09-11T10:35:21+00:00\" \/>\n<meta property=\"og:image\" content=\"https:\/\/www.erresse-shop.it\/wp-content\/uploads\/2019\/04\/ZAFFERANO-Petoni-6-Bicchieri-Mix.jpg\" \/>\n\t<meta property=\"og:image:width\" content=\"1200\" \/>\n\t<meta property=\"og:image:height\" content=\"1200\" \/>\n\t<meta property=\"og:image:type\" content=\"image\/jpeg\" \/>\n<meta name=\"twitter:card\" content=\"summary_large_image\" \/>\n<script type=\"application\/ld+json\" class=\"yoast-schema-graph\">{\"@context\":\"https:\/\/schema.org\",\"@graph\":[{\"@type\":\"WebPage\",\"@id\":\"https:\/\/www.erresse-shop.it\/de\/shop\/tisch\/trinkglaeser\/zafferano-petoni-6-glaser-mix\/\",\"url\":\"https:\/\/www.erresse-shop.it\/de\/shop\/tisch\/trinkglaeser\/zafferano-petoni-6-glaser-mix\/\",\"name\":\"ZAFFERANO Petoni 6 Gl\u00e4ser Mix - Erresse Shop\",\"isPartOf\":{\"@id\":\"https:\/\/www.erresse-shop.it\/de\/#website\"},\"datePublished\":\"2019-04-02T10:25:29+00:00\",\"dateModified\":\"2025-09-11T10:35:21+00:00\",\"description\":\"Zafferano. Ein Weinglas deklamiert, entwickelt und vollst\u00e4ndig erg\u00e4nzt die Fl\u00fcssigkeit h\u00e4lt - und es ist auch ein Kunstwerk.&nbsp; Die Arbeit von Federico\",\"breadcrumb\":{\"@id\":\"https:\/\/www.erresse-shop.it\/de\/shop\/tisch\/trinkglaeser\/zafferano-petoni-6-glaser-mix\/#breadcrumb\"},\"inLanguage\":\"de-DE\",\"potentialAction\":[{\"@type\":\"ReadAction\",\"target\":[\"https:\/\/www.erresse-shop.it\/de\/shop\/tisch\/trinkglaeser\/zafferano-petoni-6-glaser-mix\/\"]}]},{\"@type\":\"BreadcrumbList\",\"@id\":\"https:\/\/www.erresse-shop.it\/de\/shop\/tisch\/trinkglaeser\/zafferano-petoni-6-glaser-mix\/#breadcrumb\",\"itemListElement\":[{\"@type\":\"ListItem\",\"position\":1,\"name\":\"Home\",\"item\":\"https:\/\/www.erresse-shop.it\/de\/\"},{\"@type\":\"ListItem\",\"position\":2,\"name\":\"Shop\",\"item\":\"https:\/\/www.erresse-shop.it\/de\/shop\/\"},{\"@type\":\"ListItem\",\"position\":3,\"name\":\"ZAFFERANO Petoni 6 Gl\u00e4ser Mix\"}]},{\"@type\":\"WebSite\",\"@id\":\"https:\/\/www.erresse-shop.it\/de\/#website\",\"url\":\"https:\/\/www.erresse-shop.it\/de\/\",\"name\":\"Erresse Shop\",\"description\":\"Articoli di qualit\u00e0 per la casa\",\"potentialAction\":[{\"@type\":\"SearchAction\",\"target\":{\"@type\":\"EntryPoint\",\"urlTemplate\":\"https:\/\/www.erresse-shop.it\/de\/?s={search_term_string}\"},\"query-input\":\"required name=search_term_string\"}],\"inLanguage\":\"de-DE\"}]}<\/script>\n<!-- \/ Yoast SEO Premium plugin. -->","yoast_head_json":{"title":"ZAFFERANO Petoni 6 Gl\u00e4ser Mix - Erresse Shop","description":"Zafferano. Ein Weinglas deklamiert, entwickelt und vollst\u00e4ndig erg\u00e4nzt die Fl\u00fcssigkeit h\u00e4lt - und es ist auch ein Kunstwerk.&nbsp; Die Arbeit von Federico","robots":{"index":"index","follow":"follow","max-snippet":"max-snippet:-1","max-image-preview":"max-image-preview:large","max-video-preview":"max-video-preview:-1"},"canonical":"https:\/\/www.erresse-shop.it\/de\/shop\/tisch\/trinkglaeser\/zafferano-petoni-6-glaser-mix\/","og_locale":"de_DE","og_type":"article","og_title":"ZAFFERANO Petoni 6 Gl\u00e4ser Mix","og_description":"Zafferano. Ein Weinglas deklamiert, entwickelt und vollst\u00e4ndig erg\u00e4nzt die Fl\u00fcssigkeit h\u00e4lt - und es ist auch ein Kunstwerk.&nbsp; Die Arbeit von Federico","og_url":"https:\/\/www.erresse-shop.it\/de\/shop\/tisch\/trinkglaeser\/zafferano-petoni-6-glaser-mix\/","og_site_name":"Erresse Shop","article_modified_time":"2025-09-11T10:35:21+00:00","og_image":[{"width":1200,"height":1200,"url":"https:\/\/www.erresse-shop.it\/wp-content\/uploads\/2019\/04\/ZAFFERANO-Petoni-6-Bicchieri-Mix.jpg","type":"image\/jpeg"}],"twitter_card":"summary_large_image","schema":{"@context":"https:\/\/schema.org","@graph":[{"@type":"WebPage","@id":"https:\/\/www.erresse-shop.it\/de\/shop\/tisch\/trinkglaeser\/zafferano-petoni-6-glaser-mix\/","url":"https:\/\/www.erresse-shop.it\/de\/shop\/tisch\/trinkglaeser\/zafferano-petoni-6-glaser-mix\/","name":"ZAFFERANO Petoni 6 Gl\u00e4ser Mix - Erresse Shop","isPartOf":{"@id":"https:\/\/www.erresse-shop.it\/de\/#website"},"datePublished":"2019-04-02T10:25:29+00:00","dateModified":"2025-09-11T10:35:21+00:00","description":"Zafferano. Ein Weinglas deklamiert, entwickelt und vollst\u00e4ndig erg\u00e4nzt die Fl\u00fcssigkeit h\u00e4lt - und es ist auch ein Kunstwerk.&nbsp; Die Arbeit von Federico","breadcrumb":{"@id":"https:\/\/www.erresse-shop.it\/de\/shop\/tisch\/trinkglaeser\/zafferano-petoni-6-glaser-mix\/#breadcrumb"},"inLanguage":"de-DE","potentialAction":[{"@type":"ReadAction","target":["https:\/\/www.erresse-shop.it\/de\/shop\/tisch\/trinkglaeser\/zafferano-petoni-6-glaser-mix\/"]}]},{"@type":"BreadcrumbList","@id":"https:\/\/www.erresse-shop.it\/de\/shop\/tisch\/trinkglaeser\/zafferano-petoni-6-glaser-mix\/#breadcrumb","itemListElement":[{"@type":"ListItem","position":1,"name":"Home","item":"https:\/\/www.erresse-shop.it\/de\/"},{"@type":"ListItem","position":2,"name":"Shop","item":"https:\/\/www.erresse-shop.it\/de\/shop\/"},{"@type":"ListItem","position":3,"name":"ZAFFERANO Petoni 6 Gl\u00e4ser Mix"}]},{"@type":"WebSite","@id":"https:\/\/www.erresse-shop.it\/de\/#website","url":"https:\/\/www.erresse-shop.it\/de\/","name":"Erresse Shop","description":"Articoli di qualit\u00e0 per la casa","potentialAction":[{"@type":"SearchAction","target":{"@type":"EntryPoint","urlTemplate":"https:\/\/www.erresse-shop.it\/de\/?s={search_term_string}"},"query-input":"required name=search_term_string"}],"inLanguage":"de-DE"}]}},"df_price":54.95,"df_sale_price":54.95,"df_regular_price":102,"df_image_link":"https:\/\/www.erresse-shop.it\/wp-content\/uploads\/2019\/04\/ZAFFERANO-Petoni-6-Bicchieri-Mix-300x300.jpg","_links":{"self":[{"href":"https:\/\/www.erresse-shop.it\/de\/wp-json\/wp\/v2\/product\/30863"}],"collection":[{"href":"https:\/\/www.erresse-shop.it\/de\/wp-json\/wp\/v2\/product"}],"about":[{"href":"https:\/\/www.erresse-shop.it\/de\/wp-json\/wp\/v2\/types\/product"}],"wp:featuredmedia":[{"embeddable":true,"href":"https:\/\/www.erresse-shop.it\/de\/wp-json\/wp\/v2\/media\/512132"}],"wp:attachment":[{"href":"https:\/\/www.erresse-shop.it\/de\/wp-json\/wp\/v2\/media?parent=30863"}],"wp:term":[{"taxonomy":"product_cat","embeddable":true,"href":"https:\/\/www.erresse-shop.it\/de\/wp-json\/wp\/v2\/product_cat?post=30863"},{"taxonomy":"product_tag","embeddable":true,"href":"https:\/\/www.erresse-shop.it\/de\/wp-json\/wp\/v2\/product_tag?post=30863"}],"curies":[{"name":"wp","href":"https:\/\/api.w.org\/{rel}","templated":true}]}}