{"id":30710,"date":"2019-03-20T15:46:37","date_gmt":"2019-03-20T15:46:37","guid":{"rendered":"https:\/\/www.erresse-shop.it\/?post_type=product&#038;p=30710"},"modified":"2021-12-20T17:16:27","modified_gmt":"2021-12-20T17:16:27","slug":"seletti-bird-lamp-white-waiting-de","status":"publish","type":"product","link":"https:\/\/www.erresse-shop.it\/de\/shop\/einrichtung-haus\/lampen\/seletti-bird-lamp-white-waiting-de\/","title":{"rendered":"SELETTI Bird Lamp White Waiting"},"content":{"rendered":"<div>Wie in einem M\u00e4rchen geben drei clevere Raben etwas Licht f\u00fcr Sie, um Ihren eigenen Weg zu finden. Diese freundlichen und originellen V\u00f6gel werden aus Harz in zwei Farbvarianten hergestellt und von Marcantonio in drei verschiedenen Posen entworfen.<\/div>\n<div>\n<p>Versch\u00f6nern Sie Ihr Zimmer mit Hilfe eines gefiederten Freundes.<\/p>\n<p>Material: resin<br \/>\nSize: cm 29,5 x 12 h. 18,5<br \/>\nFor indoor use only \u2013 LED Light bulb included<br \/>\nLED E14 \u2013 2W \u2013 120 Lumen \u2013 2200K \u2013 Warm led light<br \/>\nEU\/UK Version: input 230V \u2013 50 Hz<\/p>\n<\/div>\n","protected":false},"excerpt":{"rendered":"<p>Wie in einem M\u00e4rchen geben drei clevere Raben etwas Licht f\u00fcr Sie, um Ihren eigenen Weg zu finden. Diese freundlichen<\/p>\n","protected":false},"featured_media":30711,"template":"","meta":{"_acf_changed":false,"inline_featured_image":false},"product_cat":[6817,6862],"product_tag":[12260,12261,12240,12259,12181],"acf":[],"yoast_head":"<!-- This site is optimized with the Yoast SEO Premium plugin v18.6 (Yoast SEO v19.13) - https:\/\/yoast.com\/wordpress\/plugins\/seo\/ -->\n<title>SELETTI Bird Lamp White Waiting - Erresse Shop<\/title>\n<meta name=\"description\" content=\"Wie in einem M\u00e4rchen geben drei clevere Raben etwas Licht f\u00fcr Sie, um Ihren eigenen Weg zu finden. Diese freundlichen und originellen V\u00f6gel werden aus\" \/>\n<meta name=\"robots\" content=\"index, follow, max-snippet:-1, max-image-preview:large, max-video-preview:-1\" \/>\n<link rel=\"canonical\" href=\"https:\/\/www.erresse-shop.it\/de\/shop\/einrichtung-haus\/lampen\/seletti-bird-lamp-white-waiting-de\/\" \/>\n<meta property=\"og:locale\" content=\"de_DE\" \/>\n<meta property=\"og:type\" content=\"article\" \/>\n<meta property=\"og:title\" content=\"SELETTI Bird Lamp White Waiting\" \/>\n<meta property=\"og:description\" content=\"Wie in einem M\u00e4rchen geben drei clevere Raben etwas Licht f\u00fcr Sie, um Ihren eigenen Weg zu finden. Diese freundlichen und originellen V\u00f6gel werden aus\" \/>\n<meta property=\"og:url\" content=\"https:\/\/www.erresse-shop.it\/de\/shop\/einrichtung-haus\/lampen\/seletti-bird-lamp-white-waiting-de\/\" \/>\n<meta property=\"og:site_name\" content=\"Erresse Shop\" \/>\n<meta property=\"article:modified_time\" content=\"2021-12-20T17:16:27+00:00\" \/>\n<meta property=\"og:image\" content=\"https:\/\/www.erresse-shop.it\/wp-content\/uploads\/2019\/03\/products-14732_1-2.jpg\" \/>\n\t<meta property=\"og:image:width\" content=\"2000\" \/>\n\t<meta property=\"og:image:height\" content=\"2000\" \/>\n\t<meta property=\"og:image:type\" content=\"image\/jpeg\" \/>\n<meta name=\"twitter:card\" content=\"summary_large_image\" \/>\n<script type=\"application\/ld+json\" class=\"yoast-schema-graph\">{\"@context\":\"https:\/\/schema.org\",\"@graph\":[{\"@type\":\"WebPage\",\"@id\":\"https:\/\/www.erresse-shop.it\/de\/shop\/einrichtung-haus\/lampen\/seletti-bird-lamp-white-waiting-de\/\",\"url\":\"https:\/\/www.erresse-shop.it\/de\/shop\/einrichtung-haus\/lampen\/seletti-bird-lamp-white-waiting-de\/\",\"name\":\"SELETTI Bird Lamp White Waiting - Erresse Shop\",\"isPartOf\":{\"@id\":\"https:\/\/www.erresse-shop.it\/de\/#website\"},\"datePublished\":\"2019-03-20T15:46:37+00:00\",\"dateModified\":\"2021-12-20T17:16:27+00:00\",\"description\":\"Wie in einem M\u00e4rchen geben drei clevere Raben etwas Licht f\u00fcr Sie, um Ihren eigenen Weg zu finden. Diese freundlichen und originellen V\u00f6gel werden aus\",\"breadcrumb\":{\"@id\":\"https:\/\/www.erresse-shop.it\/de\/shop\/einrichtung-haus\/lampen\/seletti-bird-lamp-white-waiting-de\/#breadcrumb\"},\"inLanguage\":\"de-DE\",\"potentialAction\":[{\"@type\":\"ReadAction\",\"target\":[\"https:\/\/www.erresse-shop.it\/de\/shop\/einrichtung-haus\/lampen\/seletti-bird-lamp-white-waiting-de\/\"]}]},{\"@type\":\"BreadcrumbList\",\"@id\":\"https:\/\/www.erresse-shop.it\/de\/shop\/einrichtung-haus\/lampen\/seletti-bird-lamp-white-waiting-de\/#breadcrumb\",\"itemListElement\":[{\"@type\":\"ListItem\",\"position\":1,\"name\":\"Home\",\"item\":\"https:\/\/www.erresse-shop.it\/de\/\"},{\"@type\":\"ListItem\",\"position\":2,\"name\":\"Shop\",\"item\":\"https:\/\/www.erresse-shop.it\/de\/shop\/\"},{\"@type\":\"ListItem\",\"position\":3,\"name\":\"SELETTI Bird Lamp White Waiting\"}]},{\"@type\":\"WebSite\",\"@id\":\"https:\/\/www.erresse-shop.it\/de\/#website\",\"url\":\"https:\/\/www.erresse-shop.it\/de\/\",\"name\":\"Erresse Shop\",\"description\":\"Articoli di qualit\u00e0 per la casa\",\"potentialAction\":[{\"@type\":\"SearchAction\",\"target\":{\"@type\":\"EntryPoint\",\"urlTemplate\":\"https:\/\/www.erresse-shop.it\/de\/?s={search_term_string}\"},\"query-input\":\"required name=search_term_string\"}],\"inLanguage\":\"de-DE\"}]}<\/script>\n<!-- \/ Yoast SEO Premium plugin. -->","yoast_head_json":{"title":"SELETTI Bird Lamp White Waiting - Erresse Shop","description":"Wie in einem M\u00e4rchen geben drei clevere Raben etwas Licht f\u00fcr Sie, um Ihren eigenen Weg zu finden. Diese freundlichen und originellen V\u00f6gel werden aus","robots":{"index":"index","follow":"follow","max-snippet":"max-snippet:-1","max-image-preview":"max-image-preview:large","max-video-preview":"max-video-preview:-1"},"canonical":"https:\/\/www.erresse-shop.it\/de\/shop\/einrichtung-haus\/lampen\/seletti-bird-lamp-white-waiting-de\/","og_locale":"de_DE","og_type":"article","og_title":"SELETTI Bird Lamp White Waiting","og_description":"Wie in einem M\u00e4rchen geben drei clevere Raben etwas Licht f\u00fcr Sie, um Ihren eigenen Weg zu finden. Diese freundlichen und originellen V\u00f6gel werden aus","og_url":"https:\/\/www.erresse-shop.it\/de\/shop\/einrichtung-haus\/lampen\/seletti-bird-lamp-white-waiting-de\/","og_site_name":"Erresse Shop","article_modified_time":"2021-12-20T17:16:27+00:00","og_image":[{"width":"2000","height":"2000","url":"https:\/\/www.erresse-shop.it\/wp-content\/uploads\/2019\/03\/products-14732_1-2.jpg","type":"image\/jpeg"}],"twitter_card":"summary_large_image","schema":{"@context":"https:\/\/schema.org","@graph":[{"@type":"WebPage","@id":"https:\/\/www.erresse-shop.it\/de\/shop\/einrichtung-haus\/lampen\/seletti-bird-lamp-white-waiting-de\/","url":"https:\/\/www.erresse-shop.it\/de\/shop\/einrichtung-haus\/lampen\/seletti-bird-lamp-white-waiting-de\/","name":"SELETTI Bird Lamp White Waiting - Erresse Shop","isPartOf":{"@id":"https:\/\/www.erresse-shop.it\/de\/#website"},"datePublished":"2019-03-20T15:46:37+00:00","dateModified":"2021-12-20T17:16:27+00:00","description":"Wie in einem M\u00e4rchen geben drei clevere Raben etwas Licht f\u00fcr Sie, um Ihren eigenen Weg zu finden. Diese freundlichen und originellen V\u00f6gel werden aus","breadcrumb":{"@id":"https:\/\/www.erresse-shop.it\/de\/shop\/einrichtung-haus\/lampen\/seletti-bird-lamp-white-waiting-de\/#breadcrumb"},"inLanguage":"de-DE","potentialAction":[{"@type":"ReadAction","target":["https:\/\/www.erresse-shop.it\/de\/shop\/einrichtung-haus\/lampen\/seletti-bird-lamp-white-waiting-de\/"]}]},{"@type":"BreadcrumbList","@id":"https:\/\/www.erresse-shop.it\/de\/shop\/einrichtung-haus\/lampen\/seletti-bird-lamp-white-waiting-de\/#breadcrumb","itemListElement":[{"@type":"ListItem","position":1,"name":"Home","item":"https:\/\/www.erresse-shop.it\/de\/"},{"@type":"ListItem","position":2,"name":"Shop","item":"https:\/\/www.erresse-shop.it\/de\/shop\/"},{"@type":"ListItem","position":3,"name":"SELETTI Bird Lamp White Waiting"}]},{"@type":"WebSite","@id":"https:\/\/www.erresse-shop.it\/de\/#website","url":"https:\/\/www.erresse-shop.it\/de\/","name":"Erresse Shop","description":"Articoli di qualit\u00e0 per la casa","potentialAction":[{"@type":"SearchAction","target":{"@type":"EntryPoint","urlTemplate":"https:\/\/www.erresse-shop.it\/de\/?s={search_term_string}"},"query-input":"required name=search_term_string"}],"inLanguage":"de-DE"}]}},"df_price":96.95,"df_sale_price":96.95,"df_regular_price":146,"df_image_link":"https:\/\/www.erresse-shop.it\/wp-content\/uploads\/2019\/03\/products-14732_1-2.jpg","_links":{"self":[{"href":"https:\/\/www.erresse-shop.it\/de\/wp-json\/wp\/v2\/product\/30710"}],"collection":[{"href":"https:\/\/www.erresse-shop.it\/de\/wp-json\/wp\/v2\/product"}],"about":[{"href":"https:\/\/www.erresse-shop.it\/de\/wp-json\/wp\/v2\/types\/product"}],"wp:featuredmedia":[{"embeddable":true,"href":"https:\/\/www.erresse-shop.it\/de\/wp-json\/wp\/v2\/media\/30711"}],"wp:attachment":[{"href":"https:\/\/www.erresse-shop.it\/de\/wp-json\/wp\/v2\/media?parent=30710"}],"wp:term":[{"taxonomy":"product_cat","embeddable":true,"href":"https:\/\/www.erresse-shop.it\/de\/wp-json\/wp\/v2\/product_cat?post=30710"},{"taxonomy":"product_tag","embeddable":true,"href":"https:\/\/www.erresse-shop.it\/de\/wp-json\/wp\/v2\/product_tag?post=30710"}],"curies":[{"name":"wp","href":"https:\/\/api.w.org\/{rel}","templated":true}]}}