{"id":306534,"date":"2023-08-30T06:53:36","date_gmt":"2023-08-30T06:53:38","guid":{"rendered":"https:\/\/www.erresse-shop.it\/?post_type=product&#038;p=306534"},"modified":"2025-01-22T06:40:26","modified_gmt":"2025-01-22T06:40:26","slug":"wmf-alteo-besteck-set-60-stucke","status":"publish","type":"product","link":"https:\/\/www.erresse-shop.it\/de\/shop\/tisch\/besteck\/wmf-alteo-besteck-set-60-stucke\/","title":{"rendered":"WMF Alteo Besteck-Set 60 St\u00fccke"},"content":{"rendered":"<p><strong>Alteo-Besteck: einfach au\u00dfergew\u00f6hnlich<\/strong><br \/>\nMachen Sie aus jedem Tafelerlebnis ein fesselndes. Mit dem WMF Besteck Alteo vereinen sich klare Linien, pr\u00e4zise Proportionen und matte Oberfl\u00e4chen in perfekter Harmonie. Das markante, moderne Design aus hochwertigem Cromargan\u00ae-Edelstahl 18\/10 sorgt f\u00fcr au\u00dfergew\u00f6hnliche Langlebigkeit und eine exquisite \u00c4sthetik, die immer wieder beeindruckt. Das ergonomisch geformte Besteck liegt perfekt in der Hand und wird mit dem f\u00fcr die Marke WMF bekannten Know-how gefertigt. Die Messer werden aus einem einzigen St\u00fcck Edelstahl geschmiedet und anschlie\u00dfend geh\u00e4rtet. Sie verf\u00fcgen \u00fcber einen speziell entwickelten Wellenschliff, der eine lang anhaltende Sch\u00e4rfe und einen perfekten Schnitt garantiert. Das Set ist sp\u00fclmaschinenfest f\u00fcr eine schnelle und einfache Reinigung und wird in einem sch\u00f6nen Besteckkasten f\u00fcr eine sichere und praktische Aufbewahrung geliefert.<\/p>\n<p><strong>Hochwertige Optik und Haptik<\/strong><br \/>\nWMF Besteck ist ein Genuss f\u00fcr den t\u00e4glichen Gebrauch und verbindet einzigartiges Design mit h\u00f6chster Qualit\u00e4t. Jedes St\u00fcck bietet eine angenehme, ergonomische Haptik, die perfekt in jeder Hand liegt.<\/p>\n<p><strong>Cromargan<\/strong><br \/>\nAus Cromargan\u00ae Edelstahl 18\/10, einem robusten und eleganten Material f\u00fcr au\u00dfergew\u00f6hnliche Haltbarkeit und Hygiene, sp\u00fclmaschinenfest, farbecht, pflegeleicht, geschmacksneutral und resistent gegen Speises\u00e4uren.<\/p>\n<p><strong>Sp\u00fclmaschinenfest<\/strong><br \/>\nAlle Artikel sind von h\u00f6chster Qualit\u00e4t und werden sorgf\u00e4ltig verarbeitet, um sp\u00fclmaschinenfest zu sein, ohne sich zu verdrehen.<\/p>\n<p><strong>Geschmiedete Messer<\/strong><br \/>\nDie Messer werden aus einem einzigen St\u00fcck Edelstahl geschmiedet und anschlie\u00dfend geh\u00e4rtet. Sie haben einen speziellen Wellenschliff, der optimale Sch\u00e4rfe und lange Lebensdauer garantiert.<\/p>\n<p><strong>Hochwertige Verpackung<\/strong><br \/>\nDas Set wird in einer hochwertigen Verpackung f\u00fcr eine sichere und praktische Aufbewahrung verkauft.<\/p>\n<p><strong>Inhalt:<\/strong><\/p>\n<ul>\n<li>12 Tafelmesser<\/li>\n<li>12 Tafelgabeln<\/li>\n<li>12 Tafell\u00f6ffel<\/li>\n<li>12 L\u00f6ffel<\/li>\n<li>12 Obstgabeln<\/li>\n<\/ul>\n","protected":false},"excerpt":{"rendered":"<p>Alteo-Besteck: einfach au\u00dfergew\u00f6hnlich Machen Sie aus jedem Tafelerlebnis ein fesselndes. Mit dem WMF Besteck Alteo vereinen sich klare Linien, pr\u00e4zise<\/p>\n","protected":false},"featured_media":301543,"template":"","meta":{"_acf_changed":false,"inline_featured_image":false},"product_cat":[6790,6787],"product_tag":[11395,17197,11799,17196,19360],"acf":[],"yoast_head":"<!-- This site is optimized with the Yoast SEO Premium plugin v18.6 (Yoast SEO v19.13) - https:\/\/yoast.com\/wordpress\/plugins\/seo\/ -->\n<title>WMF Alteo Besteck-Set 60 St\u00fccke<\/title>\n<meta name=\"description\" content=\"Entdecken Sie WMF Alteo Besteck-Set 60 St\u00fccke bei ErresseShop. Qualit\u00e4t, Stil und Funktionalit\u00e4t \u2013 jetzt online bestellen!\" \/>\n<meta name=\"robots\" content=\"index, follow, max-snippet:-1, max-image-preview:large, max-video-preview:-1\" \/>\n<link rel=\"canonical\" href=\"https:\/\/www.erresse-shop.it\/de\/shop\/tisch\/besteck\/wmf-alteo-besteck-set-60-stucke\/\" \/>\n<meta property=\"og:locale\" content=\"de_DE\" \/>\n<meta property=\"og:type\" content=\"article\" \/>\n<meta property=\"og:title\" content=\"WMF Alteo Besteck-Set 60 St\u00fccke\" \/>\n<meta property=\"og:description\" content=\"Entdecken Sie WMF Alteo Besteck-Set 60 St\u00fccke bei ErresseShop. Qualit\u00e4t, Stil und Funktionalit\u00e4t \u2013 jetzt online bestellen!\" \/>\n<meta property=\"og:url\" content=\"https:\/\/www.erresse-shop.it\/de\/shop\/tisch\/besteck\/wmf-alteo-besteck-set-60-stucke\/\" \/>\n<meta property=\"og:site_name\" content=\"Erresse Shop\" \/>\n<meta property=\"article:modified_time\" content=\"2025-01-22T06:40:26+00:00\" \/>\n<meta property=\"og:image\" content=\"https:\/\/www.erresse-shop.it\/wp-content\/uploads\/2023\/08\/WMF-Set-Posate-Alteo-30-Pezzi.jpg\" \/>\n\t<meta property=\"og:image:width\" content=\"800\" \/>\n\t<meta property=\"og:image:height\" content=\"800\" \/>\n\t<meta property=\"og:image:type\" content=\"image\/jpeg\" \/>\n<meta name=\"twitter:card\" content=\"summary_large_image\" \/>\n<script type=\"application\/ld+json\" class=\"yoast-schema-graph\">{\"@context\":\"https:\/\/schema.org\",\"@graph\":[{\"@type\":\"WebPage\",\"@id\":\"https:\/\/www.erresse-shop.it\/de\/shop\/tisch\/besteck\/wmf-alteo-besteck-set-60-stucke\/\",\"url\":\"https:\/\/www.erresse-shop.it\/de\/shop\/tisch\/besteck\/wmf-alteo-besteck-set-60-stucke\/\",\"name\":\"WMF Alteo Besteck-Set 60 St\u00fccke\",\"isPartOf\":{\"@id\":\"https:\/\/www.erresse-shop.it\/de\/#website\"},\"datePublished\":\"2023-08-30T06:53:38+00:00\",\"dateModified\":\"2025-01-22T06:40:26+00:00\",\"description\":\"Entdecken Sie WMF Alteo Besteck-Set 60 St\u00fccke bei ErresseShop. Qualit\u00e4t, Stil und Funktionalit\u00e4t \u2013 jetzt online bestellen!\",\"breadcrumb\":{\"@id\":\"https:\/\/www.erresse-shop.it\/de\/shop\/tisch\/besteck\/wmf-alteo-besteck-set-60-stucke\/#breadcrumb\"},\"inLanguage\":\"de-DE\",\"potentialAction\":[{\"@type\":\"ReadAction\",\"target\":[\"https:\/\/www.erresse-shop.it\/de\/shop\/tisch\/besteck\/wmf-alteo-besteck-set-60-stucke\/\"]}]},{\"@type\":\"BreadcrumbList\",\"@id\":\"https:\/\/www.erresse-shop.it\/de\/shop\/tisch\/besteck\/wmf-alteo-besteck-set-60-stucke\/#breadcrumb\",\"itemListElement\":[{\"@type\":\"ListItem\",\"position\":1,\"name\":\"Home\",\"item\":\"https:\/\/www.erresse-shop.it\/de\/\"},{\"@type\":\"ListItem\",\"position\":2,\"name\":\"Shop\",\"item\":\"https:\/\/www.erresse-shop.it\/de\/shop\/\"},{\"@type\":\"ListItem\",\"position\":3,\"name\":\"WMF Alteo Besteck-Set 60 St\u00fccke\"}]},{\"@type\":\"WebSite\",\"@id\":\"https:\/\/www.erresse-shop.it\/de\/#website\",\"url\":\"https:\/\/www.erresse-shop.it\/de\/\",\"name\":\"Erresse Shop\",\"description\":\"Articoli di qualit\u00e0 per la casa\",\"potentialAction\":[{\"@type\":\"SearchAction\",\"target\":{\"@type\":\"EntryPoint\",\"urlTemplate\":\"https:\/\/www.erresse-shop.it\/de\/?s={search_term_string}\"},\"query-input\":\"required name=search_term_string\"}],\"inLanguage\":\"de-DE\"}]}<\/script>\n<!-- \/ Yoast SEO Premium plugin. -->","yoast_head_json":{"title":"WMF Alteo Besteck-Set 60 St\u00fccke","description":"Entdecken Sie WMF Alteo Besteck-Set 60 St\u00fccke bei ErresseShop. Qualit\u00e4t, Stil und Funktionalit\u00e4t \u2013 jetzt online bestellen!","robots":{"index":"index","follow":"follow","max-snippet":"max-snippet:-1","max-image-preview":"max-image-preview:large","max-video-preview":"max-video-preview:-1"},"canonical":"https:\/\/www.erresse-shop.it\/de\/shop\/tisch\/besteck\/wmf-alteo-besteck-set-60-stucke\/","og_locale":"de_DE","og_type":"article","og_title":"WMF Alteo Besteck-Set 60 St\u00fccke","og_description":"Entdecken Sie WMF Alteo Besteck-Set 60 St\u00fccke bei ErresseShop. Qualit\u00e4t, Stil und Funktionalit\u00e4t \u2013 jetzt online bestellen!","og_url":"https:\/\/www.erresse-shop.it\/de\/shop\/tisch\/besteck\/wmf-alteo-besteck-set-60-stucke\/","og_site_name":"Erresse Shop","article_modified_time":"2025-01-22T06:40:26+00:00","og_image":[{"width":800,"height":800,"url":"https:\/\/www.erresse-shop.it\/wp-content\/uploads\/2023\/08\/WMF-Set-Posate-Alteo-30-Pezzi.jpg","type":"image\/jpeg"}],"twitter_card":"summary_large_image","schema":{"@context":"https:\/\/schema.org","@graph":[{"@type":"WebPage","@id":"https:\/\/www.erresse-shop.it\/de\/shop\/tisch\/besteck\/wmf-alteo-besteck-set-60-stucke\/","url":"https:\/\/www.erresse-shop.it\/de\/shop\/tisch\/besteck\/wmf-alteo-besteck-set-60-stucke\/","name":"WMF Alteo Besteck-Set 60 St\u00fccke","isPartOf":{"@id":"https:\/\/www.erresse-shop.it\/de\/#website"},"datePublished":"2023-08-30T06:53:38+00:00","dateModified":"2025-01-22T06:40:26+00:00","description":"Entdecken Sie WMF Alteo Besteck-Set 60 St\u00fccke bei ErresseShop. Qualit\u00e4t, Stil und Funktionalit\u00e4t \u2013 jetzt online bestellen!","breadcrumb":{"@id":"https:\/\/www.erresse-shop.it\/de\/shop\/tisch\/besteck\/wmf-alteo-besteck-set-60-stucke\/#breadcrumb"},"inLanguage":"de-DE","potentialAction":[{"@type":"ReadAction","target":["https:\/\/www.erresse-shop.it\/de\/shop\/tisch\/besteck\/wmf-alteo-besteck-set-60-stucke\/"]}]},{"@type":"BreadcrumbList","@id":"https:\/\/www.erresse-shop.it\/de\/shop\/tisch\/besteck\/wmf-alteo-besteck-set-60-stucke\/#breadcrumb","itemListElement":[{"@type":"ListItem","position":1,"name":"Home","item":"https:\/\/www.erresse-shop.it\/de\/"},{"@type":"ListItem","position":2,"name":"Shop","item":"https:\/\/www.erresse-shop.it\/de\/shop\/"},{"@type":"ListItem","position":3,"name":"WMF Alteo Besteck-Set 60 St\u00fccke"}]},{"@type":"WebSite","@id":"https:\/\/www.erresse-shop.it\/de\/#website","url":"https:\/\/www.erresse-shop.it\/de\/","name":"Erresse Shop","description":"Articoli di qualit\u00e0 per la casa","potentialAction":[{"@type":"SearchAction","target":{"@type":"EntryPoint","urlTemplate":"https:\/\/www.erresse-shop.it\/de\/?s={search_term_string}"},"query-input":"required name=search_term_string"}],"inLanguage":"de-DE"}]}},"df_price":144.9,"df_sale_price":144.9,"df_regular_price":230,"df_image_link":"https:\/\/www.erresse-shop.it\/wp-content\/uploads\/2023\/08\/WMF-Set-Posate-Alteo-30-Pezzi-300x300.jpg","_links":{"self":[{"href":"https:\/\/www.erresse-shop.it\/de\/wp-json\/wp\/v2\/product\/306534"}],"collection":[{"href":"https:\/\/www.erresse-shop.it\/de\/wp-json\/wp\/v2\/product"}],"about":[{"href":"https:\/\/www.erresse-shop.it\/de\/wp-json\/wp\/v2\/types\/product"}],"wp:featuredmedia":[{"embeddable":true,"href":"https:\/\/www.erresse-shop.it\/de\/wp-json\/wp\/v2\/media\/301543"}],"wp:attachment":[{"href":"https:\/\/www.erresse-shop.it\/de\/wp-json\/wp\/v2\/media?parent=306534"}],"wp:term":[{"taxonomy":"product_cat","embeddable":true,"href":"https:\/\/www.erresse-shop.it\/de\/wp-json\/wp\/v2\/product_cat?post=306534"},{"taxonomy":"product_tag","embeddable":true,"href":"https:\/\/www.erresse-shop.it\/de\/wp-json\/wp\/v2\/product_tag?post=306534"}],"curies":[{"name":"wp","href":"https:\/\/api.w.org\/{rel}","templated":true}]}}