{"id":305907,"date":"2023-08-28T06:26:17","date_gmt":"2023-08-28T06:26:19","guid":{"rendered":"https:\/\/www.erresse-shop.it\/?post_type=product&#038;p=305907"},"modified":"2025-09-15T18:30:08","modified_gmt":"2025-09-15T18:30:08","slug":"joseph-joseph-folio-plus-8-teiliges-messer-und-schneidebrett-set-graphit","status":"publish","type":"product","link":"https:\/\/www.erresse-shop.it\/de\/shop\/kuche\/schneidebretter\/joseph-joseph-folio-plus-8-teiliges-messer-und-schneidebrett-set-graphit\/","title":{"rendered":"JOSEPH JOSEPH Folio Plus 8-teiliges Messer- und Schneidebrett-Set Graphit"},"content":{"rendered":"<p><strong>Alles, was Sie zum Schneiden brauchen, an einem Ort<\/strong><br \/>\nFolio\u2122 Plus vereint vier farbcodierte Schneidebretter mit vier entsprechenden Messern. Jedes Schneidebrett bietet eine messerfreundliche Schnittfl\u00e4che, Auswahlleisten aus Edelstahl und rutschfeste F\u00fc\u00dfe. Die vier japanischen Edelstahlmesser sind mit integrierten Werkzeugablagen ausgestattet, die die Hygiene verbessern und die Verschmutzung beim Ablegen der Messer minimieren. Sowohl die Schneidebretter als auch die Messer lassen sich in dem abgewinkelten Geh\u00e4use verstauen, so dass die Arbeitsfl\u00e4che ordentlich und aufger\u00e4umt bleibt und die wichtigsten Schneidwaren immer in Reichweite sind.<\/p>\n<p><strong>Elegantes und praktisches Design, das es Ihnen erm\u00f6glicht, alle Ihre Schneidwerkzeuge besser zu organisieren.<\/strong><\/p>\n<p>Es wird mit einem schlanken, eleganten Koffer geliefert, der vier farbcodierte Schneidebretter und vier passende Elevate\u2122-Messer enth\u00e4lt.<\/p>\n<ul>\n<li>Schlankes Etui zur geordneten Aufbewahrung.<\/li>\n<li>Mehrstufiges Design und Edelstahlstangen an den Brettern f\u00fcr eine einfache Auswahl.<\/li>\n<li>Doppelseitige Bretter mit strukturierter, messerfreundlicher Schnittfl\u00e4che und rutschfesten F\u00fc\u00dfen.<\/li>\n<li>Elevate\u2122-Messer mit Klingen aus japanischem Edelstahl und integrierten Werkzeugablagen<\/li>\n<li>Enthaltene Messer: 3,5&#8243; Sch\u00e4lmesser; 4,5&#8243; Messer mit Wellenschliff; 5,5&#8243; Santoku-Messer; 6,5&#8243; Kochmesser.<\/li>\n<\/ul>\n<p><strong>Pflege und Verwendung:<\/strong><\/p>\n<ul>\n<li>Tische: Sp\u00fclmaschinenfest.<\/li>\n<li>Geh\u00e4use: Mit einem weichen, feuchten Tuch reinigen.<\/li>\n<li>Wie bei allen Kunststoff-Schneidebrettern werden die Messeroberfl\u00e4chen w\u00e4hrend des Gebrauchs eingekerbt.<\/li>\n<li>Messer: Nicht sp\u00fclmaschinengeeignet. Nur von Hand waschen und sofort trocknen.<\/li>\n<\/ul>\n<p><strong>Entworfen von Joseph Joseph<\/strong><\/p>\n","protected":false},"excerpt":{"rendered":"<p>Alles, was Sie zum Schneiden brauchen, an einem Ort Folio\u2122 Plus vereint vier farbcodierte Schneidebretter mit vier entsprechenden Messern. Jedes<\/p>\n","protected":false},"featured_media":500135,"template":"","meta":{"_acf_changed":false,"inline_featured_image":false},"product_cat":[6742,6769],"product_tag":[25027,11397,21536,21533,23532,21265,25022,21534,21535],"acf":[],"yoast_head":"<!-- This site is optimized with the Yoast SEO Premium plugin v18.6 (Yoast SEO v19.13) - https:\/\/yoast.com\/wordpress\/plugins\/seo\/ -->\n<title>JOSEPH JOSEPH Folio\u2122 Plus 8-teiliges Messer- und Schneidebrett-Set Graphit<\/title>\n<meta name=\"description\" content=\"Entdecken Sie JOSEPH JOSEPH Folio\u2122 Plus 8-teiliges Messer- und Schneidebrett-Set Graphit bei ErresseShop. Qualit\u00e4t, Stil und Funktionalit\u00e4t \u2013 jetzt online bestellen!\" \/>\n<meta name=\"robots\" content=\"index, follow, max-snippet:-1, max-image-preview:large, max-video-preview:-1\" \/>\n<link rel=\"canonical\" href=\"https:\/\/www.erresse-shop.it\/de\/shop\/kuche\/schneidebretter\/joseph-joseph-folio-plus-8-teiliges-messer-und-schneidebrett-set-graphit\/\" \/>\n<meta property=\"og:locale\" content=\"de_DE\" \/>\n<meta property=\"og:type\" content=\"article\" \/>\n<meta property=\"og:title\" content=\"JOSEPH JOSEPH Folio Plus 8-teiliges Messer- und Schneidebrett-Set Graphit\" \/>\n<meta property=\"og:description\" content=\"Entdecken Sie JOSEPH JOSEPH Folio\u2122 Plus 8-teiliges Messer- und Schneidebrett-Set Graphit bei ErresseShop. Qualit\u00e4t, Stil und Funktionalit\u00e4t \u2013 jetzt online bestellen!\" \/>\n<meta property=\"og:url\" content=\"https:\/\/www.erresse-shop.it\/de\/shop\/kuche\/schneidebretter\/joseph-joseph-folio-plus-8-teiliges-messer-und-schneidebrett-set-graphit\/\" \/>\n<meta property=\"og:site_name\" content=\"Erresse Shop\" \/>\n<meta property=\"article:modified_time\" content=\"2025-09-15T18:30:08+00:00\" \/>\n<meta property=\"og:image\" content=\"https:\/\/www.erresse-shop.it\/wp-content\/uploads\/2023\/08\/JOSEPH-JOSEPH-Set-Coltelli-e-Taglieri-da-8-pezzi-Grafite.jpg\" \/>\n\t<meta property=\"og:image:width\" content=\"800\" \/>\n\t<meta property=\"og:image:height\" content=\"800\" \/>\n\t<meta property=\"og:image:type\" content=\"image\/jpeg\" \/>\n<meta name=\"twitter:card\" content=\"summary_large_image\" \/>\n<script type=\"application\/ld+json\" class=\"yoast-schema-graph\">{\"@context\":\"https:\/\/schema.org\",\"@graph\":[{\"@type\":\"WebPage\",\"@id\":\"https:\/\/www.erresse-shop.it\/de\/shop\/kuche\/schneidebretter\/joseph-joseph-folio-plus-8-teiliges-messer-und-schneidebrett-set-graphit\/\",\"url\":\"https:\/\/www.erresse-shop.it\/de\/shop\/kuche\/schneidebretter\/joseph-joseph-folio-plus-8-teiliges-messer-und-schneidebrett-set-graphit\/\",\"name\":\"JOSEPH JOSEPH Folio\u2122 Plus 8-teiliges Messer- und Schneidebrett-Set Graphit\",\"isPartOf\":{\"@id\":\"https:\/\/www.erresse-shop.it\/de\/#website\"},\"datePublished\":\"2023-08-28T06:26:19+00:00\",\"dateModified\":\"2025-09-15T18:30:08+00:00\",\"description\":\"Entdecken Sie JOSEPH JOSEPH Folio\u2122 Plus 8-teiliges Messer- und Schneidebrett-Set Graphit bei ErresseShop. Qualit\u00e4t, Stil und Funktionalit\u00e4t \u2013 jetzt online bestellen!\",\"breadcrumb\":{\"@id\":\"https:\/\/www.erresse-shop.it\/de\/shop\/kuche\/schneidebretter\/joseph-joseph-folio-plus-8-teiliges-messer-und-schneidebrett-set-graphit\/#breadcrumb\"},\"inLanguage\":\"de-DE\",\"potentialAction\":[{\"@type\":\"ReadAction\",\"target\":[\"https:\/\/www.erresse-shop.it\/de\/shop\/kuche\/schneidebretter\/joseph-joseph-folio-plus-8-teiliges-messer-und-schneidebrett-set-graphit\/\"]}]},{\"@type\":\"BreadcrumbList\",\"@id\":\"https:\/\/www.erresse-shop.it\/de\/shop\/kuche\/schneidebretter\/joseph-joseph-folio-plus-8-teiliges-messer-und-schneidebrett-set-graphit\/#breadcrumb\",\"itemListElement\":[{\"@type\":\"ListItem\",\"position\":1,\"name\":\"Home\",\"item\":\"https:\/\/www.erresse-shop.it\/de\/\"},{\"@type\":\"ListItem\",\"position\":2,\"name\":\"Shop\",\"item\":\"https:\/\/www.erresse-shop.it\/de\/shop\/\"},{\"@type\":\"ListItem\",\"position\":3,\"name\":\"JOSEPH JOSEPH Folio Plus 8-teiliges Messer- und Schneidebrett-Set Graphit\"}]},{\"@type\":\"WebSite\",\"@id\":\"https:\/\/www.erresse-shop.it\/de\/#website\",\"url\":\"https:\/\/www.erresse-shop.it\/de\/\",\"name\":\"Erresse Shop\",\"description\":\"Articoli di qualit\u00e0 per la casa\",\"potentialAction\":[{\"@type\":\"SearchAction\",\"target\":{\"@type\":\"EntryPoint\",\"urlTemplate\":\"https:\/\/www.erresse-shop.it\/de\/?s={search_term_string}\"},\"query-input\":\"required name=search_term_string\"}],\"inLanguage\":\"de-DE\"}]}<\/script>\n<!-- \/ Yoast SEO Premium plugin. -->","yoast_head_json":{"title":"JOSEPH JOSEPH Folio\u2122 Plus 8-teiliges Messer- und Schneidebrett-Set Graphit","description":"Entdecken Sie JOSEPH JOSEPH Folio\u2122 Plus 8-teiliges Messer- und Schneidebrett-Set Graphit bei ErresseShop. Qualit\u00e4t, Stil und Funktionalit\u00e4t \u2013 jetzt online bestellen!","robots":{"index":"index","follow":"follow","max-snippet":"max-snippet:-1","max-image-preview":"max-image-preview:large","max-video-preview":"max-video-preview:-1"},"canonical":"https:\/\/www.erresse-shop.it\/de\/shop\/kuche\/schneidebretter\/joseph-joseph-folio-plus-8-teiliges-messer-und-schneidebrett-set-graphit\/","og_locale":"de_DE","og_type":"article","og_title":"JOSEPH JOSEPH Folio Plus 8-teiliges Messer- und Schneidebrett-Set Graphit","og_description":"Entdecken Sie JOSEPH JOSEPH Folio\u2122 Plus 8-teiliges Messer- und Schneidebrett-Set Graphit bei ErresseShop. Qualit\u00e4t, Stil und Funktionalit\u00e4t \u2013 jetzt online bestellen!","og_url":"https:\/\/www.erresse-shop.it\/de\/shop\/kuche\/schneidebretter\/joseph-joseph-folio-plus-8-teiliges-messer-und-schneidebrett-set-graphit\/","og_site_name":"Erresse Shop","article_modified_time":"2025-09-15T18:30:08+00:00","og_image":[{"width":800,"height":800,"url":"https:\/\/www.erresse-shop.it\/wp-content\/uploads\/2023\/08\/JOSEPH-JOSEPH-Set-Coltelli-e-Taglieri-da-8-pezzi-Grafite.jpg","type":"image\/jpeg"}],"twitter_card":"summary_large_image","schema":{"@context":"https:\/\/schema.org","@graph":[{"@type":"WebPage","@id":"https:\/\/www.erresse-shop.it\/de\/shop\/kuche\/schneidebretter\/joseph-joseph-folio-plus-8-teiliges-messer-und-schneidebrett-set-graphit\/","url":"https:\/\/www.erresse-shop.it\/de\/shop\/kuche\/schneidebretter\/joseph-joseph-folio-plus-8-teiliges-messer-und-schneidebrett-set-graphit\/","name":"JOSEPH JOSEPH Folio\u2122 Plus 8-teiliges Messer- und Schneidebrett-Set Graphit","isPartOf":{"@id":"https:\/\/www.erresse-shop.it\/de\/#website"},"datePublished":"2023-08-28T06:26:19+00:00","dateModified":"2025-09-15T18:30:08+00:00","description":"Entdecken Sie JOSEPH JOSEPH Folio\u2122 Plus 8-teiliges Messer- und Schneidebrett-Set Graphit bei ErresseShop. Qualit\u00e4t, Stil und Funktionalit\u00e4t \u2013 jetzt online bestellen!","breadcrumb":{"@id":"https:\/\/www.erresse-shop.it\/de\/shop\/kuche\/schneidebretter\/joseph-joseph-folio-plus-8-teiliges-messer-und-schneidebrett-set-graphit\/#breadcrumb"},"inLanguage":"de-DE","potentialAction":[{"@type":"ReadAction","target":["https:\/\/www.erresse-shop.it\/de\/shop\/kuche\/schneidebretter\/joseph-joseph-folio-plus-8-teiliges-messer-und-schneidebrett-set-graphit\/"]}]},{"@type":"BreadcrumbList","@id":"https:\/\/www.erresse-shop.it\/de\/shop\/kuche\/schneidebretter\/joseph-joseph-folio-plus-8-teiliges-messer-und-schneidebrett-set-graphit\/#breadcrumb","itemListElement":[{"@type":"ListItem","position":1,"name":"Home","item":"https:\/\/www.erresse-shop.it\/de\/"},{"@type":"ListItem","position":2,"name":"Shop","item":"https:\/\/www.erresse-shop.it\/de\/shop\/"},{"@type":"ListItem","position":3,"name":"JOSEPH JOSEPH Folio Plus 8-teiliges Messer- und Schneidebrett-Set Graphit"}]},{"@type":"WebSite","@id":"https:\/\/www.erresse-shop.it\/de\/#website","url":"https:\/\/www.erresse-shop.it\/de\/","name":"Erresse Shop","description":"Articoli di qualit\u00e0 per la casa","potentialAction":[{"@type":"SearchAction","target":{"@type":"EntryPoint","urlTemplate":"https:\/\/www.erresse-shop.it\/de\/?s={search_term_string}"},"query-input":"required name=search_term_string"}],"inLanguage":"de-DE"}]}},"df_price":84.95,"df_sale_price":84.95,"df_regular_price":119.99,"df_image_link":"https:\/\/www.erresse-shop.it\/wp-content\/uploads\/2023\/08\/JOSEPH-JOSEPH-Set-Coltelli-e-Taglieri-da-8-pezzi-Grafite-300x300.jpg","_links":{"self":[{"href":"https:\/\/www.erresse-shop.it\/de\/wp-json\/wp\/v2\/product\/305907"}],"collection":[{"href":"https:\/\/www.erresse-shop.it\/de\/wp-json\/wp\/v2\/product"}],"about":[{"href":"https:\/\/www.erresse-shop.it\/de\/wp-json\/wp\/v2\/types\/product"}],"wp:featuredmedia":[{"embeddable":true,"href":"https:\/\/www.erresse-shop.it\/de\/wp-json\/wp\/v2\/media\/500135"}],"wp:attachment":[{"href":"https:\/\/www.erresse-shop.it\/de\/wp-json\/wp\/v2\/media?parent=305907"}],"wp:term":[{"taxonomy":"product_cat","embeddable":true,"href":"https:\/\/www.erresse-shop.it\/de\/wp-json\/wp\/v2\/product_cat?post=305907"},{"taxonomy":"product_tag","embeddable":true,"href":"https:\/\/www.erresse-shop.it\/de\/wp-json\/wp\/v2\/product_tag?post=305907"}],"curies":[{"name":"wp","href":"https:\/\/api.w.org\/{rel}","templated":true}]}}