{"id":30538,"date":"2019-03-15T11:12:22","date_gmt":"2019-03-15T11:12:22","guid":{"rendered":"https:\/\/www.erresse-shop.it\/?post_type=product&#038;p=30538"},"modified":"2025-01-17T13:21:11","modified_gmt":"2025-01-17T13:21:11","slug":"smeg-filter-kaffeemaschine-pastellgrun-serie-50-jahre","status":"publish","type":"product","link":"https:\/\/www.erresse-shop.it\/de\/shop\/kleine-elektrogeraete\/kaffeemaschinen-espresso\/filter-de\/smeg-filter-kaffeemaschine-pastellgrun-serie-50-jahre\/","title":{"rendered":"SMEG Filter-Kaffeemaschine Pastellgr\u00fcn Serie 50 Jahre"},"content":{"rendered":"<p><strong>SMEG<\/strong> Serie 50 Jahre<\/p>\n<p>Ein symbolisches Treffen, Symbole, die den Raum, den sie einnehmen, die neue kleine Linie von 50 Jahren drehen, die in Zusammenarbeit mit Matthew Bazzicalupo und Raffaella Mangiarotti von deepdesign, die Vergangenheit evozieren und die Orte, an jedem Tag zu gestalten, auf eine neue Weise zu investieren, was bereits existiert oder existiert hat, wie es in der Kunst und Ged\u00e4chtnis geschieht.<br \/>\nProduziert von abgerundeten und kompakten Formen, sind die Protagonisten der K\u00fcche, f\u00fcr diejenigen, die eine Erfahrung Koch leben wollen aber nicht nur. F\u00fcr diejenigen, die sich mit Objekten mit einer starken \u00e4sthetischen Charakter zu umgeben, wie ohne den Blick f\u00fcr die qualitativ hochwertige Leistung zu verlieren.<\/p>\n<p><strong>\u00c4STHETIK\/BEDIENUNG<\/strong><br \/>\n&#8211; 50`s Retro-Style<br \/>\n&#8211; 3D Smeg-Logo<br \/>\n&#8211; Metallgeh\u00e4use, lackiert<br \/>\n&#8211; EIN\/AUS-Schalter<br \/>\n&#8211; Aromawahltaste: Leicht oder intensiv<br \/>\n&#8211; Taste 1-4 Tassen-Funktion<br \/>\n&#8211; Auto-Start-Modus programmierbar<br \/>\n&#8211; Hebel f\u00fcr Timer\/Uhrzeit<\/p>\n<p><strong>AUSSTATTUNG<\/strong><br \/>\n&#8211; 10 Tassen<br \/>\n&#8211; LED-Display f\u00fcr Timer\/Uhrzeit<br \/>\n&#8211; Bedienfreundliche Tastenfeld<br \/>\n&#8211; Wiederverwendbarer Kaffeefilter mit Henkel, einfache Bedienung und Reinigung<br \/>\n&#8211; 1,4 Liter Wassertank<br \/>\n&#8211; Wasserstandsanzeige<br \/>\n&#8211; Glaskaraffe f\u00fcr 10 Tassen mit Griff und Abdeckung<br \/>\n&#8211; Anti-Tropf-System<br \/>\n&#8211; Warmhaltefunktion f\u00fcr max. 20 min.<br \/>\n&#8211; Wasserh\u00e4rte einstellbar inkl. Entkalkungsanzeige<br \/>\n&#8211; Messl\u00f6ffel f\u00fcr gemahlenen Kaffee<br \/>\n&#8211; Rutschfeste Stellf\u00fc\u00dfe<\/p>\n<p><strong>Allgemeine Daten<\/strong><br \/>\n&#8211; Abmessungen HxBxT: 361x256x245 mm<br \/>\n&#8211; Nettogewicht: 3,4 kg<br \/>\n&#8211; Kabell\u00e4nge: 1,0 m<\/p>\n<p><strong>TECHNISCHE DATEN<\/strong><br \/>\n&#8211; Spannung: 220-240 V 1N<br \/>\n&#8211; Frequenz: 50\/60 Hz<br \/>\n&#8211; Leistungsaufnahme: 1050 W<br \/>\n&#8211; Typ Netzstecker: Schuko<\/p>\n<p><u style=\"font-size: 13px;line-height: 20.8px\"><strong>Not for sale outside from Europe<\/strong><\/u><\/p>\n","protected":false},"excerpt":{"rendered":"<p>SMEG Serie 50 Jahre Ein symbolisches Treffen, Symbole, die den Raum, den sie einnehmen, die neue kleine Linie von 50<\/p>\n","protected":false},"featured_media":467161,"template":"","meta":{"_acf_changed":false,"inline_featured_image":false},"product_cat":[6733,6703,25376],"product_tag":[23564,23602,11947,13966,11718,12357],"acf":[],"yoast_head":"<!-- This site is optimized with the Yoast SEO Premium plugin v18.6 (Yoast SEO v19.13) - https:\/\/yoast.com\/wordpress\/plugins\/seo\/ -->\n<title>SMEG Filter-Kaffeemaschine Pastellgr\u00fcn Serie 50 Jahre<\/title>\n<meta name=\"description\" content=\"Entdecken Sie SMEG Filter-Kaffeemaschine Pastellgr\u00fcn Serie 50 Jahre bei ErresseShop. Qualit\u00e4t, Stil und Funktionalit\u00e4t \u2013 jetzt online bestellen!\" \/>\n<meta name=\"robots\" content=\"index, follow, max-snippet:-1, max-image-preview:large, max-video-preview:-1\" \/>\n<link rel=\"canonical\" href=\"https:\/\/www.erresse-shop.it\/de\/shop\/kleine-elektrogeraete\/kaffeemaschinen-espresso\/filter-de\/smeg-filter-kaffeemaschine-pastellgrun-serie-50-jahre\/\" \/>\n<meta property=\"og:locale\" content=\"de_DE\" \/>\n<meta property=\"og:type\" content=\"article\" \/>\n<meta property=\"og:title\" content=\"SMEG Filter-Kaffeemaschine Pastellgr\u00fcn Serie 50 Jahre\" \/>\n<meta property=\"og:description\" content=\"Entdecken Sie SMEG Filter-Kaffeemaschine Pastellgr\u00fcn Serie 50 Jahre bei ErresseShop. Qualit\u00e4t, Stil und Funktionalit\u00e4t \u2013 jetzt online bestellen!\" \/>\n<meta property=\"og:url\" content=\"https:\/\/www.erresse-shop.it\/de\/shop\/kleine-elektrogeraete\/kaffeemaschinen-espresso\/filter-de\/smeg-filter-kaffeemaschine-pastellgrun-serie-50-jahre\/\" \/>\n<meta property=\"og:site_name\" content=\"Erresse Shop\" \/>\n<meta property=\"article:modified_time\" content=\"2025-01-17T13:21:11+00:00\" \/>\n<meta property=\"og:image\" content=\"https:\/\/www.erresse-shop.it\/wp-content\/uploads\/2019\/03\/SMEG-Estetica-Anni-50-Macchina-da-caffe-Filtro-Verde-Pastello.png\" \/>\n\t<meta property=\"og:image:width\" content=\"800\" \/>\n\t<meta property=\"og:image:height\" content=\"800\" \/>\n\t<meta property=\"og:image:type\" content=\"image\/png\" \/>\n<meta name=\"twitter:card\" content=\"summary_large_image\" \/>\n<script type=\"application\/ld+json\" class=\"yoast-schema-graph\">{\"@context\":\"https:\/\/schema.org\",\"@graph\":[{\"@type\":\"WebPage\",\"@id\":\"https:\/\/www.erresse-shop.it\/de\/shop\/kleine-elektrogeraete\/kaffeemaschinen-espresso\/filter-de\/smeg-filter-kaffeemaschine-pastellgrun-serie-50-jahre\/\",\"url\":\"https:\/\/www.erresse-shop.it\/de\/shop\/kleine-elektrogeraete\/kaffeemaschinen-espresso\/filter-de\/smeg-filter-kaffeemaschine-pastellgrun-serie-50-jahre\/\",\"name\":\"SMEG Filter-Kaffeemaschine Pastellgr\u00fcn Serie 50 Jahre\",\"isPartOf\":{\"@id\":\"https:\/\/www.erresse-shop.it\/de\/#website\"},\"datePublished\":\"2019-03-15T11:12:22+00:00\",\"dateModified\":\"2025-01-17T13:21:11+00:00\",\"description\":\"Entdecken Sie SMEG Filter-Kaffeemaschine Pastellgr\u00fcn Serie 50 Jahre bei ErresseShop. Qualit\u00e4t, Stil und Funktionalit\u00e4t \u2013 jetzt online bestellen!\",\"breadcrumb\":{\"@id\":\"https:\/\/www.erresse-shop.it\/de\/shop\/kleine-elektrogeraete\/kaffeemaschinen-espresso\/filter-de\/smeg-filter-kaffeemaschine-pastellgrun-serie-50-jahre\/#breadcrumb\"},\"inLanguage\":\"de-DE\",\"potentialAction\":[{\"@type\":\"ReadAction\",\"target\":[\"https:\/\/www.erresse-shop.it\/de\/shop\/kleine-elektrogeraete\/kaffeemaschinen-espresso\/filter-de\/smeg-filter-kaffeemaschine-pastellgrun-serie-50-jahre\/\"]}]},{\"@type\":\"BreadcrumbList\",\"@id\":\"https:\/\/www.erresse-shop.it\/de\/shop\/kleine-elektrogeraete\/kaffeemaschinen-espresso\/filter-de\/smeg-filter-kaffeemaschine-pastellgrun-serie-50-jahre\/#breadcrumb\",\"itemListElement\":[{\"@type\":\"ListItem\",\"position\":1,\"name\":\"Home\",\"item\":\"https:\/\/www.erresse-shop.it\/de\/\"},{\"@type\":\"ListItem\",\"position\":2,\"name\":\"Shop\",\"item\":\"https:\/\/www.erresse-shop.it\/de\/shop\/\"},{\"@type\":\"ListItem\",\"position\":3,\"name\":\"SMEG Filter-Kaffeemaschine Pastellgr\u00fcn Serie 50 Jahre\"}]},{\"@type\":\"WebSite\",\"@id\":\"https:\/\/www.erresse-shop.it\/de\/#website\",\"url\":\"https:\/\/www.erresse-shop.it\/de\/\",\"name\":\"Erresse Shop\",\"description\":\"Articoli di qualit\u00e0 per la casa\",\"potentialAction\":[{\"@type\":\"SearchAction\",\"target\":{\"@type\":\"EntryPoint\",\"urlTemplate\":\"https:\/\/www.erresse-shop.it\/de\/?s={search_term_string}\"},\"query-input\":\"required name=search_term_string\"}],\"inLanguage\":\"de-DE\"}]}<\/script>\n<!-- \/ Yoast SEO Premium plugin. -->","yoast_head_json":{"title":"SMEG Filter-Kaffeemaschine Pastellgr\u00fcn Serie 50 Jahre","description":"Entdecken Sie SMEG Filter-Kaffeemaschine Pastellgr\u00fcn Serie 50 Jahre bei ErresseShop. Qualit\u00e4t, Stil und Funktionalit\u00e4t \u2013 jetzt online bestellen!","robots":{"index":"index","follow":"follow","max-snippet":"max-snippet:-1","max-image-preview":"max-image-preview:large","max-video-preview":"max-video-preview:-1"},"canonical":"https:\/\/www.erresse-shop.it\/de\/shop\/kleine-elektrogeraete\/kaffeemaschinen-espresso\/filter-de\/smeg-filter-kaffeemaschine-pastellgrun-serie-50-jahre\/","og_locale":"de_DE","og_type":"article","og_title":"SMEG Filter-Kaffeemaschine Pastellgr\u00fcn Serie 50 Jahre","og_description":"Entdecken Sie SMEG Filter-Kaffeemaschine Pastellgr\u00fcn Serie 50 Jahre bei ErresseShop. Qualit\u00e4t, Stil und Funktionalit\u00e4t \u2013 jetzt online bestellen!","og_url":"https:\/\/www.erresse-shop.it\/de\/shop\/kleine-elektrogeraete\/kaffeemaschinen-espresso\/filter-de\/smeg-filter-kaffeemaschine-pastellgrun-serie-50-jahre\/","og_site_name":"Erresse Shop","article_modified_time":"2025-01-17T13:21:11+00:00","og_image":[{"width":800,"height":800,"url":"https:\/\/www.erresse-shop.it\/wp-content\/uploads\/2019\/03\/SMEG-Estetica-Anni-50-Macchina-da-caffe-Filtro-Verde-Pastello.png","type":"image\/png"}],"twitter_card":"summary_large_image","schema":{"@context":"https:\/\/schema.org","@graph":[{"@type":"WebPage","@id":"https:\/\/www.erresse-shop.it\/de\/shop\/kleine-elektrogeraete\/kaffeemaschinen-espresso\/filter-de\/smeg-filter-kaffeemaschine-pastellgrun-serie-50-jahre\/","url":"https:\/\/www.erresse-shop.it\/de\/shop\/kleine-elektrogeraete\/kaffeemaschinen-espresso\/filter-de\/smeg-filter-kaffeemaschine-pastellgrun-serie-50-jahre\/","name":"SMEG Filter-Kaffeemaschine Pastellgr\u00fcn Serie 50 Jahre","isPartOf":{"@id":"https:\/\/www.erresse-shop.it\/de\/#website"},"datePublished":"2019-03-15T11:12:22+00:00","dateModified":"2025-01-17T13:21:11+00:00","description":"Entdecken Sie SMEG Filter-Kaffeemaschine Pastellgr\u00fcn Serie 50 Jahre bei ErresseShop. Qualit\u00e4t, Stil und Funktionalit\u00e4t \u2013 jetzt online bestellen!","breadcrumb":{"@id":"https:\/\/www.erresse-shop.it\/de\/shop\/kleine-elektrogeraete\/kaffeemaschinen-espresso\/filter-de\/smeg-filter-kaffeemaschine-pastellgrun-serie-50-jahre\/#breadcrumb"},"inLanguage":"de-DE","potentialAction":[{"@type":"ReadAction","target":["https:\/\/www.erresse-shop.it\/de\/shop\/kleine-elektrogeraete\/kaffeemaschinen-espresso\/filter-de\/smeg-filter-kaffeemaschine-pastellgrun-serie-50-jahre\/"]}]},{"@type":"BreadcrumbList","@id":"https:\/\/www.erresse-shop.it\/de\/shop\/kleine-elektrogeraete\/kaffeemaschinen-espresso\/filter-de\/smeg-filter-kaffeemaschine-pastellgrun-serie-50-jahre\/#breadcrumb","itemListElement":[{"@type":"ListItem","position":1,"name":"Home","item":"https:\/\/www.erresse-shop.it\/de\/"},{"@type":"ListItem","position":2,"name":"Shop","item":"https:\/\/www.erresse-shop.it\/de\/shop\/"},{"@type":"ListItem","position":3,"name":"SMEG Filter-Kaffeemaschine Pastellgr\u00fcn Serie 50 Jahre"}]},{"@type":"WebSite","@id":"https:\/\/www.erresse-shop.it\/de\/#website","url":"https:\/\/www.erresse-shop.it\/de\/","name":"Erresse Shop","description":"Articoli di qualit\u00e0 per la casa","potentialAction":[{"@type":"SearchAction","target":{"@type":"EntryPoint","urlTemplate":"https:\/\/www.erresse-shop.it\/de\/?s={search_term_string}"},"query-input":"required name=search_term_string"}],"inLanguage":"de-DE"}]}},"df_price":139.29999999999998,"df_sale_price":139.29999999999998,"df_regular_price":199,"df_image_link":"https:\/\/www.erresse-shop.it\/wp-content\/uploads\/2019\/03\/SMEG-Estetica-Anni-50-Macchina-da-caffe-Filtro-Verde-Pastello-300x300.jpg","_links":{"self":[{"href":"https:\/\/www.erresse-shop.it\/de\/wp-json\/wp\/v2\/product\/30538"}],"collection":[{"href":"https:\/\/www.erresse-shop.it\/de\/wp-json\/wp\/v2\/product"}],"about":[{"href":"https:\/\/www.erresse-shop.it\/de\/wp-json\/wp\/v2\/types\/product"}],"wp:featuredmedia":[{"embeddable":true,"href":"https:\/\/www.erresse-shop.it\/de\/wp-json\/wp\/v2\/media\/467161"}],"wp:attachment":[{"href":"https:\/\/www.erresse-shop.it\/de\/wp-json\/wp\/v2\/media?parent=30538"}],"wp:term":[{"taxonomy":"product_cat","embeddable":true,"href":"https:\/\/www.erresse-shop.it\/de\/wp-json\/wp\/v2\/product_cat?post=30538"},{"taxonomy":"product_tag","embeddable":true,"href":"https:\/\/www.erresse-shop.it\/de\/wp-json\/wp\/v2\/product_tag?post=30538"}],"curies":[{"name":"wp","href":"https:\/\/api.w.org\/{rel}","templated":true}]}}