{"id":300649,"date":"2023-08-08T08:02:10","date_gmt":"2023-08-08T08:02:12","guid":{"rendered":"https:\/\/www.erresse-shop.it\/?post_type=product&#038;p=300649"},"modified":"2025-01-17T17:55:37","modified_gmt":"2025-01-17T17:55:37","slug":"united-pets-milano-x-seletti-zwinger-und-teppich-les-alpes-2","status":"publish","type":"product","link":"https:\/\/www.erresse-shop.it\/de\/shop\/kuche\/united-pets-milano-x-seletti-zwinger-und-teppich-les-alpes-2\/","title":{"rendered":"UNITED PETS MILANO X SELETTI Zwinger und Teppich Les Alpes"},"content":{"rendered":"<p>Weicher Zwinger mit gepolstertem R\u00fccken und rutschfestem Boden. Rahmen und Kissen sind abnehmbar und bei 30\u00b0 in der Maschine waschbar.<br \/>\nUnterlegmatte mit passendem Aufdruck, wasserdicht und mit rutschfestem Boden.<\/p>\n<p>Seletti und United Pets vereinen ihre Kr\u00e4fte, um eine revolution\u00e4re Kollektion f\u00fcr Vierbeiner zu schaffen. Zwinger und Untersetzer, Napf und Untersetzer in vier originellen Mustern: Maldives, Les Alpes, New York, DoggyMood.<br \/>\nWelches ist Ihr Favorit?<\/p>\n<p>Abmessungen des Zwingers: 60 x 49 x 39 cm<br \/>\nMa\u00dfe der Untersetzer: 59 x 79 cm<\/p>\n","protected":false},"excerpt":{"rendered":"<p>Weicher Zwinger mit gepolstertem R\u00fccken und rutschfestem Boden. Rahmen und Kissen sind abnehmbar und bei 30\u00b0 in der Maschine waschbar.<\/p>\n","protected":false},"featured_media":504595,"template":"","meta":{"_acf_changed":false,"inline_featured_image":false},"product_cat":[6742],"product_tag":[23911,23691],"acf":[],"yoast_head":"<!-- This site is optimized with the Yoast SEO Premium plugin v18.6 (Yoast SEO v19.13) - https:\/\/yoast.com\/wordpress\/plugins\/seo\/ -->\n<title>UNITED PETS MILANO X SELETTI Zwinger und Teppich Les Alpes<\/title>\n<meta name=\"description\" content=\"Entdecken Sie UNITED PETS MILANO X SELETTI Zwinger und Teppich Les Alpes bei ErresseShop. Qualit\u00e4t, Stil und Funktionalit\u00e4t \u2013 jetzt online bestellen!\" \/>\n<meta name=\"robots\" content=\"index, follow, max-snippet:-1, max-image-preview:large, max-video-preview:-1\" \/>\n<link rel=\"canonical\" href=\"https:\/\/www.erresse-shop.it\/de\/shop\/kuche\/united-pets-milano-x-seletti-zwinger-und-teppich-les-alpes-2\/\" \/>\n<meta property=\"og:locale\" content=\"de_DE\" \/>\n<meta property=\"og:type\" content=\"article\" \/>\n<meta property=\"og:title\" content=\"UNITED PETS MILANO X SELETTI Zwinger und Teppich Les Alpes\" \/>\n<meta property=\"og:description\" content=\"Entdecken Sie UNITED PETS MILANO X SELETTI Zwinger und Teppich Les Alpes bei ErresseShop. Qualit\u00e4t, Stil und Funktionalit\u00e4t \u2013 jetzt online bestellen!\" \/>\n<meta property=\"og:url\" content=\"https:\/\/www.erresse-shop.it\/de\/shop\/kuche\/united-pets-milano-x-seletti-zwinger-und-teppich-les-alpes-2\/\" \/>\n<meta property=\"og:site_name\" content=\"Erresse Shop\" \/>\n<meta property=\"article:modified_time\" content=\"2025-01-17T17:55:37+00:00\" \/>\n<meta property=\"og:image\" content=\"https:\/\/www.erresse-shop.it\/wp-content\/uploads\/2023\/08\/UNITED-PETS-MILANO-X-SELETTI-Cuccia-e-Tappeto-New-York.jpg\" \/>\n\t<meta property=\"og:image:width\" content=\"800\" \/>\n\t<meta property=\"og:image:height\" content=\"800\" \/>\n\t<meta property=\"og:image:type\" content=\"image\/jpeg\" \/>\n<meta name=\"twitter:card\" content=\"summary_large_image\" \/>\n<script type=\"application\/ld+json\" class=\"yoast-schema-graph\">{\"@context\":\"https:\/\/schema.org\",\"@graph\":[{\"@type\":\"WebPage\",\"@id\":\"https:\/\/www.erresse-shop.it\/de\/shop\/kuche\/united-pets-milano-x-seletti-zwinger-und-teppich-les-alpes-2\/\",\"url\":\"https:\/\/www.erresse-shop.it\/de\/shop\/kuche\/united-pets-milano-x-seletti-zwinger-und-teppich-les-alpes-2\/\",\"name\":\"UNITED PETS MILANO X SELETTI Zwinger und Teppich Les Alpes\",\"isPartOf\":{\"@id\":\"https:\/\/www.erresse-shop.it\/de\/#website\"},\"datePublished\":\"2023-08-08T08:02:12+00:00\",\"dateModified\":\"2025-01-17T17:55:37+00:00\",\"description\":\"Entdecken Sie UNITED PETS MILANO X SELETTI Zwinger und Teppich Les Alpes bei ErresseShop. Qualit\u00e4t, Stil und Funktionalit\u00e4t \u2013 jetzt online bestellen!\",\"breadcrumb\":{\"@id\":\"https:\/\/www.erresse-shop.it\/de\/shop\/kuche\/united-pets-milano-x-seletti-zwinger-und-teppich-les-alpes-2\/#breadcrumb\"},\"inLanguage\":\"de-DE\",\"potentialAction\":[{\"@type\":\"ReadAction\",\"target\":[\"https:\/\/www.erresse-shop.it\/de\/shop\/kuche\/united-pets-milano-x-seletti-zwinger-und-teppich-les-alpes-2\/\"]}]},{\"@type\":\"BreadcrumbList\",\"@id\":\"https:\/\/www.erresse-shop.it\/de\/shop\/kuche\/united-pets-milano-x-seletti-zwinger-und-teppich-les-alpes-2\/#breadcrumb\",\"itemListElement\":[{\"@type\":\"ListItem\",\"position\":1,\"name\":\"Home\",\"item\":\"https:\/\/www.erresse-shop.it\/de\/\"},{\"@type\":\"ListItem\",\"position\":2,\"name\":\"Shop\",\"item\":\"https:\/\/www.erresse-shop.it\/de\/shop\/\"},{\"@type\":\"ListItem\",\"position\":3,\"name\":\"UNITED PETS MILANO X SELETTI Zwinger und Teppich Les Alpes\"}]},{\"@type\":\"WebSite\",\"@id\":\"https:\/\/www.erresse-shop.it\/de\/#website\",\"url\":\"https:\/\/www.erresse-shop.it\/de\/\",\"name\":\"Erresse Shop\",\"description\":\"Articoli di qualit\u00e0 per la casa\",\"potentialAction\":[{\"@type\":\"SearchAction\",\"target\":{\"@type\":\"EntryPoint\",\"urlTemplate\":\"https:\/\/www.erresse-shop.it\/de\/?s={search_term_string}\"},\"query-input\":\"required name=search_term_string\"}],\"inLanguage\":\"de-DE\"}]}<\/script>\n<!-- \/ Yoast SEO Premium plugin. -->","yoast_head_json":{"title":"UNITED PETS MILANO X SELETTI Zwinger und Teppich Les Alpes","description":"Entdecken Sie UNITED PETS MILANO X SELETTI Zwinger und Teppich Les Alpes bei ErresseShop. Qualit\u00e4t, Stil und Funktionalit\u00e4t \u2013 jetzt online bestellen!","robots":{"index":"index","follow":"follow","max-snippet":"max-snippet:-1","max-image-preview":"max-image-preview:large","max-video-preview":"max-video-preview:-1"},"canonical":"https:\/\/www.erresse-shop.it\/de\/shop\/kuche\/united-pets-milano-x-seletti-zwinger-und-teppich-les-alpes-2\/","og_locale":"de_DE","og_type":"article","og_title":"UNITED PETS MILANO X SELETTI Zwinger und Teppich Les Alpes","og_description":"Entdecken Sie UNITED PETS MILANO X SELETTI Zwinger und Teppich Les Alpes bei ErresseShop. Qualit\u00e4t, Stil und Funktionalit\u00e4t \u2013 jetzt online bestellen!","og_url":"https:\/\/www.erresse-shop.it\/de\/shop\/kuche\/united-pets-milano-x-seletti-zwinger-und-teppich-les-alpes-2\/","og_site_name":"Erresse Shop","article_modified_time":"2025-01-17T17:55:37+00:00","og_image":[{"width":800,"height":800,"url":"https:\/\/www.erresse-shop.it\/wp-content\/uploads\/2023\/08\/UNITED-PETS-MILANO-X-SELETTI-Cuccia-e-Tappeto-New-York.jpg","type":"image\/jpeg"}],"twitter_card":"summary_large_image","schema":{"@context":"https:\/\/schema.org","@graph":[{"@type":"WebPage","@id":"https:\/\/www.erresse-shop.it\/de\/shop\/kuche\/united-pets-milano-x-seletti-zwinger-und-teppich-les-alpes-2\/","url":"https:\/\/www.erresse-shop.it\/de\/shop\/kuche\/united-pets-milano-x-seletti-zwinger-und-teppich-les-alpes-2\/","name":"UNITED PETS MILANO X SELETTI Zwinger und Teppich Les Alpes","isPartOf":{"@id":"https:\/\/www.erresse-shop.it\/de\/#website"},"datePublished":"2023-08-08T08:02:12+00:00","dateModified":"2025-01-17T17:55:37+00:00","description":"Entdecken Sie UNITED PETS MILANO X SELETTI Zwinger und Teppich Les Alpes bei ErresseShop. Qualit\u00e4t, Stil und Funktionalit\u00e4t \u2013 jetzt online bestellen!","breadcrumb":{"@id":"https:\/\/www.erresse-shop.it\/de\/shop\/kuche\/united-pets-milano-x-seletti-zwinger-und-teppich-les-alpes-2\/#breadcrumb"},"inLanguage":"de-DE","potentialAction":[{"@type":"ReadAction","target":["https:\/\/www.erresse-shop.it\/de\/shop\/kuche\/united-pets-milano-x-seletti-zwinger-und-teppich-les-alpes-2\/"]}]},{"@type":"BreadcrumbList","@id":"https:\/\/www.erresse-shop.it\/de\/shop\/kuche\/united-pets-milano-x-seletti-zwinger-und-teppich-les-alpes-2\/#breadcrumb","itemListElement":[{"@type":"ListItem","position":1,"name":"Home","item":"https:\/\/www.erresse-shop.it\/de\/"},{"@type":"ListItem","position":2,"name":"Shop","item":"https:\/\/www.erresse-shop.it\/de\/shop\/"},{"@type":"ListItem","position":3,"name":"UNITED PETS MILANO X SELETTI Zwinger und Teppich Les Alpes"}]},{"@type":"WebSite","@id":"https:\/\/www.erresse-shop.it\/de\/#website","url":"https:\/\/www.erresse-shop.it\/de\/","name":"Erresse Shop","description":"Articoli di qualit\u00e0 per la casa","potentialAction":[{"@type":"SearchAction","target":{"@type":"EntryPoint","urlTemplate":"https:\/\/www.erresse-shop.it\/de\/?s={search_term_string}"},"query-input":"required name=search_term_string"}],"inLanguage":"de-DE"}]}},"df_price":69,"df_sale_price":69,"df_regular_price":224.5,"df_image_link":"https:\/\/www.erresse-shop.it\/wp-content\/uploads\/2023\/08\/UNITED-PETS-MILANO-X-SELETTI-Cuccia-e-Tappeto-New-York-1-300x300.jpg","_links":{"self":[{"href":"https:\/\/www.erresse-shop.it\/de\/wp-json\/wp\/v2\/product\/300649"}],"collection":[{"href":"https:\/\/www.erresse-shop.it\/de\/wp-json\/wp\/v2\/product"}],"about":[{"href":"https:\/\/www.erresse-shop.it\/de\/wp-json\/wp\/v2\/types\/product"}],"wp:featuredmedia":[{"embeddable":true,"href":"https:\/\/www.erresse-shop.it\/de\/wp-json\/wp\/v2\/media\/504595"}],"wp:attachment":[{"href":"https:\/\/www.erresse-shop.it\/de\/wp-json\/wp\/v2\/media?parent=300649"}],"wp:term":[{"taxonomy":"product_cat","embeddable":true,"href":"https:\/\/www.erresse-shop.it\/de\/wp-json\/wp\/v2\/product_cat?post=300649"},{"taxonomy":"product_tag","embeddable":true,"href":"https:\/\/www.erresse-shop.it\/de\/wp-json\/wp\/v2\/product_tag?post=300649"}],"curies":[{"name":"wp","href":"https:\/\/api.w.org\/{rel}","templated":true}]}}