{"id":30009,"date":"2018-11-16T19:15:34","date_gmt":"2018-11-16T19:15:34","guid":{"rendered":"https:\/\/www.erresse-shop.it\/?post_type=product&#038;p=30009"},"modified":"2024-07-08T13:05:32","modified_gmt":"2024-07-08T13:05:32","slug":"seletti-kintsugi-kaffeetasse-n1","status":"publish","type":"product","link":"https:\/\/www.erresse-shop.it\/de\/shop\/tisch\/tassen\/seletti-kintsugi-kaffeetasse-n1\/","title":{"rendered":"SELETTI Kintsugi Kaffeetasse n\u00b01"},"content":{"rendered":"<div><strong>Seletti<\/strong> ist eine Geschichte des Sehens und der Evolution. Gegr\u00fcndet im Jahr 1964, in Cicognara, Mantova. &#8220;Heute ist Seletti mit jungen italienischen und internationalen Designer, die schnell ihre eigenen Marke arbeiten, ist der Wunsch, eine Gruppe, die zusammen wachsen und sich entwickeln, eine Herausforderung, dass, so weit, macht tolle Ergebnisse zu schaffen.&#8221; I arbeite auch mit Leuten au\u00dferhalb der Designwelt, K\u00fcnstler, Vision\u00e4re, mit denen ich m\u00f6chte einige Barrieren abzubauen. Meine unkonventionellen nicht-akademischen Ausbildung f\u00fchrt mich nat\u00fcrlich auf &#8220;Crossover&#8221;, eine Reise auf die Idee, eine &#8220;neue Sch\u00f6nheit&#8221;. F\u00fcr uns ist diese (r) evolution &#8220;.<\/div>\n<div><\/div>\n<div>Die <strong>Kintugi<\/strong>-Linie, die von Marcantonio Raimondi Malerba f\u00fcr Seletti entworfen wurde, lehnt sich an die japanische Kintsugi-Technik an, bei der Edelmetalle wie 24-Karat-Gold zur Reparatur von Porzellangef\u00e4\u00dfen verwendet werden. Die Kintsugi-Technik der Porzellanreparatur kommt von der Philosophie, das Leben zu einem zerbrochenen oder gerissenen Objekt zu machen und es somit nicht mehr nutzbar zu machen. Das macht es noch wertvoller als vor der Reparatur. Eine Transformation, die zus\u00e4tzlich zum Wert des Objekts selbst ein neues Aussehen erh\u00e4lt und es wieder verwendet werden kann. Seletti mit der Porzellanlinie Kintsugi widmet dem Tisch eine ganze Kollektion, Marcantonio Raimondi Malerba bietet 6 Teller, 3 Schalen, 3 Tassen und 3 Teetassen mit Untertasse, alle Elemente mit 24 Karat Gold angereichert.<\/div>\n","protected":false},"excerpt":{"rendered":"<p>Seletti ist eine Geschichte des Sehens und der Evolution. Gegr\u00fcndet im Jahr 1964, in Cicognara, Mantova. &#8220;Heute ist Seletti mit<\/p>\n","protected":false},"featured_media":30010,"template":"","meta":{"_acf_changed":false,"inline_featured_image":false},"product_cat":[6847,6787],"product_tag":[23564,12347,12286,25022,14277,15854,11642],"acf":[],"yoast_head":"<!-- This site is optimized with the Yoast SEO Premium plugin v18.6 (Yoast SEO v19.13) - https:\/\/yoast.com\/wordpress\/plugins\/seo\/ -->\n<title>SELETTI Kintsugi Kaffeetasse n\u00b01 - Erresse Shop<\/title>\n<meta name=\"description\" content=\"Seletti ist eine Geschichte des Sehens und der Evolution. Gegr\u00fcndet im Jahr 1964, in Cicognara, Mantova. &quot;Heute ist Seletti mit jungen italienischen und\" \/>\n<meta name=\"robots\" content=\"index, follow, max-snippet:-1, max-image-preview:large, max-video-preview:-1\" \/>\n<link rel=\"canonical\" href=\"https:\/\/www.erresse-shop.it\/de\/shop\/tisch\/tassen\/seletti-kintsugi-kaffeetasse-n1\/\" \/>\n<meta property=\"og:locale\" content=\"de_DE\" \/>\n<meta property=\"og:type\" content=\"article\" \/>\n<meta property=\"og:title\" content=\"SELETTI Kintsugi Kaffeetasse n\u00b01\" \/>\n<meta property=\"og:description\" content=\"Seletti ist eine Geschichte des Sehens und der Evolution. Gegr\u00fcndet im Jahr 1964, in Cicognara, Mantova. &quot;Heute ist Seletti mit jungen italienischen und\" \/>\n<meta property=\"og:url\" content=\"https:\/\/www.erresse-shop.it\/de\/shop\/tisch\/tassen\/seletti-kintsugi-kaffeetasse-n1\/\" \/>\n<meta property=\"og:site_name\" content=\"Erresse Shop\" \/>\n<meta property=\"article:modified_time\" content=\"2024-07-08T13:05:32+00:00\" \/>\n<meta property=\"og:image\" content=\"https:\/\/www.erresse-shop.it\/wp-content\/uploads\/2018\/11\/products-09641-2.jpg\" \/>\n\t<meta property=\"og:image:width\" content=\"1200\" \/>\n\t<meta property=\"og:image:height\" content=\"1200\" \/>\n\t<meta property=\"og:image:type\" content=\"image\/jpeg\" \/>\n<meta name=\"twitter:card\" content=\"summary_large_image\" \/>\n<script type=\"application\/ld+json\" class=\"yoast-schema-graph\">{\"@context\":\"https:\/\/schema.org\",\"@graph\":[{\"@type\":\"WebPage\",\"@id\":\"https:\/\/www.erresse-shop.it\/de\/shop\/tisch\/tassen\/seletti-kintsugi-kaffeetasse-n1\/\",\"url\":\"https:\/\/www.erresse-shop.it\/de\/shop\/tisch\/tassen\/seletti-kintsugi-kaffeetasse-n1\/\",\"name\":\"SELETTI Kintsugi Kaffeetasse n\u00b01 - Erresse Shop\",\"isPartOf\":{\"@id\":\"https:\/\/www.erresse-shop.it\/de\/#website\"},\"datePublished\":\"2018-11-16T19:15:34+00:00\",\"dateModified\":\"2024-07-08T13:05:32+00:00\",\"description\":\"Seletti ist eine Geschichte des Sehens und der Evolution. Gegr\u00fcndet im Jahr 1964, in Cicognara, Mantova. \\\"Heute ist Seletti mit jungen italienischen und\",\"breadcrumb\":{\"@id\":\"https:\/\/www.erresse-shop.it\/de\/shop\/tisch\/tassen\/seletti-kintsugi-kaffeetasse-n1\/#breadcrumb\"},\"inLanguage\":\"de-DE\",\"potentialAction\":[{\"@type\":\"ReadAction\",\"target\":[\"https:\/\/www.erresse-shop.it\/de\/shop\/tisch\/tassen\/seletti-kintsugi-kaffeetasse-n1\/\"]}]},{\"@type\":\"BreadcrumbList\",\"@id\":\"https:\/\/www.erresse-shop.it\/de\/shop\/tisch\/tassen\/seletti-kintsugi-kaffeetasse-n1\/#breadcrumb\",\"itemListElement\":[{\"@type\":\"ListItem\",\"position\":1,\"name\":\"Home\",\"item\":\"https:\/\/www.erresse-shop.it\/de\/\"},{\"@type\":\"ListItem\",\"position\":2,\"name\":\"Shop\",\"item\":\"https:\/\/www.erresse-shop.it\/de\/shop\/\"},{\"@type\":\"ListItem\",\"position\":3,\"name\":\"SELETTI Kintsugi Kaffeetasse n\u00b01\"}]},{\"@type\":\"WebSite\",\"@id\":\"https:\/\/www.erresse-shop.it\/de\/#website\",\"url\":\"https:\/\/www.erresse-shop.it\/de\/\",\"name\":\"Erresse Shop\",\"description\":\"Articoli di qualit\u00e0 per la casa\",\"potentialAction\":[{\"@type\":\"SearchAction\",\"target\":{\"@type\":\"EntryPoint\",\"urlTemplate\":\"https:\/\/www.erresse-shop.it\/de\/?s={search_term_string}\"},\"query-input\":\"required name=search_term_string\"}],\"inLanguage\":\"de-DE\"}]}<\/script>\n<!-- \/ Yoast SEO Premium plugin. -->","yoast_head_json":{"title":"SELETTI Kintsugi Kaffeetasse n\u00b01 - Erresse Shop","description":"Seletti ist eine Geschichte des Sehens und der Evolution. Gegr\u00fcndet im Jahr 1964, in Cicognara, Mantova. \"Heute ist Seletti mit jungen italienischen und","robots":{"index":"index","follow":"follow","max-snippet":"max-snippet:-1","max-image-preview":"max-image-preview:large","max-video-preview":"max-video-preview:-1"},"canonical":"https:\/\/www.erresse-shop.it\/de\/shop\/tisch\/tassen\/seletti-kintsugi-kaffeetasse-n1\/","og_locale":"de_DE","og_type":"article","og_title":"SELETTI Kintsugi Kaffeetasse n\u00b01","og_description":"Seletti ist eine Geschichte des Sehens und der Evolution. Gegr\u00fcndet im Jahr 1964, in Cicognara, Mantova. \"Heute ist Seletti mit jungen italienischen und","og_url":"https:\/\/www.erresse-shop.it\/de\/shop\/tisch\/tassen\/seletti-kintsugi-kaffeetasse-n1\/","og_site_name":"Erresse Shop","article_modified_time":"2024-07-08T13:05:32+00:00","og_image":[{"width":"1200","height":"1200","url":"https:\/\/www.erresse-shop.it\/wp-content\/uploads\/2018\/11\/products-09641-2.jpg","type":"image\/jpeg"}],"twitter_card":"summary_large_image","schema":{"@context":"https:\/\/schema.org","@graph":[{"@type":"WebPage","@id":"https:\/\/www.erresse-shop.it\/de\/shop\/tisch\/tassen\/seletti-kintsugi-kaffeetasse-n1\/","url":"https:\/\/www.erresse-shop.it\/de\/shop\/tisch\/tassen\/seletti-kintsugi-kaffeetasse-n1\/","name":"SELETTI Kintsugi Kaffeetasse n\u00b01 - Erresse Shop","isPartOf":{"@id":"https:\/\/www.erresse-shop.it\/de\/#website"},"datePublished":"2018-11-16T19:15:34+00:00","dateModified":"2024-07-08T13:05:32+00:00","description":"Seletti ist eine Geschichte des Sehens und der Evolution. Gegr\u00fcndet im Jahr 1964, in Cicognara, Mantova. \"Heute ist Seletti mit jungen italienischen und","breadcrumb":{"@id":"https:\/\/www.erresse-shop.it\/de\/shop\/tisch\/tassen\/seletti-kintsugi-kaffeetasse-n1\/#breadcrumb"},"inLanguage":"de-DE","potentialAction":[{"@type":"ReadAction","target":["https:\/\/www.erresse-shop.it\/de\/shop\/tisch\/tassen\/seletti-kintsugi-kaffeetasse-n1\/"]}]},{"@type":"BreadcrumbList","@id":"https:\/\/www.erresse-shop.it\/de\/shop\/tisch\/tassen\/seletti-kintsugi-kaffeetasse-n1\/#breadcrumb","itemListElement":[{"@type":"ListItem","position":1,"name":"Home","item":"https:\/\/www.erresse-shop.it\/de\/"},{"@type":"ListItem","position":2,"name":"Shop","item":"https:\/\/www.erresse-shop.it\/de\/shop\/"},{"@type":"ListItem","position":3,"name":"SELETTI Kintsugi Kaffeetasse n\u00b01"}]},{"@type":"WebSite","@id":"https:\/\/www.erresse-shop.it\/de\/#website","url":"https:\/\/www.erresse-shop.it\/de\/","name":"Erresse Shop","description":"Articoli di qualit\u00e0 per la casa","potentialAction":[{"@type":"SearchAction","target":{"@type":"EntryPoint","urlTemplate":"https:\/\/www.erresse-shop.it\/de\/?s={search_term_string}"},"query-input":"required name=search_term_string"}],"inLanguage":"de-DE"}]}},"df_price":24.75,"df_sale_price":24.75,"df_regular_price":55,"df_image_link":"https:\/\/www.erresse-shop.it\/wp-content\/uploads\/2018\/11\/products-09641-2.jpg","_links":{"self":[{"href":"https:\/\/www.erresse-shop.it\/de\/wp-json\/wp\/v2\/product\/30009"}],"collection":[{"href":"https:\/\/www.erresse-shop.it\/de\/wp-json\/wp\/v2\/product"}],"about":[{"href":"https:\/\/www.erresse-shop.it\/de\/wp-json\/wp\/v2\/types\/product"}],"wp:featuredmedia":[{"embeddable":true,"href":"https:\/\/www.erresse-shop.it\/de\/wp-json\/wp\/v2\/media\/30010"}],"wp:attachment":[{"href":"https:\/\/www.erresse-shop.it\/de\/wp-json\/wp\/v2\/media?parent=30009"}],"wp:term":[{"taxonomy":"product_cat","embeddable":true,"href":"https:\/\/www.erresse-shop.it\/de\/wp-json\/wp\/v2\/product_cat?post=30009"},{"taxonomy":"product_tag","embeddable":true,"href":"https:\/\/www.erresse-shop.it\/de\/wp-json\/wp\/v2\/product_tag?post=30009"}],"curies":[{"name":"wp","href":"https:\/\/api.w.org\/{rel}","templated":true}]}}