{"id":295584,"date":"2023-07-26T14:21:44","date_gmt":"2023-07-26T14:21:47","guid":{"rendered":"https:\/\/www.erresse-shop.it\/?post_type=product&#038;p=295584"},"modified":"2025-05-20T19:38:12","modified_gmt":"2025-05-20T19:38:12","slug":"mario-luca-giusti-krug-sister-rosetta-konigsblau","status":"publish","type":"product","link":"https:\/\/www.erresse-shop.it\/de\/shop\/tisch\/karaffen-flaschen-kruege\/mario-luca-giusti-krug-sister-rosetta-konigsblau\/","title":{"rendered":"MARIO LUCA GIUSTI Krug Sister Rosetta K\u00f6nigsblau"},"content":{"rendered":"<p>H\u00f6he 22 cm<br \/>\nDurchmesser 19 cm<br \/>\nFassungsverm\u00f6gen 2400 ml<br \/>\nGewicht 745 gr<\/p>\n<p>Gebrauchsanweisung f\u00fcr Acrylprodukte<br \/>\n&#8211; gepr\u00fcft durch T\u00dcV, SGS, Intertek<br \/>\n&#8211; absolut geschmacksneutral und geruchsneutral<br \/>\n&#8211; BPA-frei<br \/>\n&#8211; Nicht unzerst\u00f6rbar<br \/>\n&#8211; widerstandsf\u00e4hig von -10\u00b0C bis 50\u00b0C<br \/>\n&#8211; einfrierbar<br \/>\n&#8211; Handw\u00e4sche empfohlen, um die Lebensdauer des Produkts zu verl\u00e4ngern<br \/>\n&#8211; nicht f\u00fcr den W\u00e4schetrockner geeignet<br \/>\n&#8211; nicht f\u00fcr Mikrowellen geeignet<br \/>\n&#8211; alkoholbest\u00e4ndig, &lt; 2 Stunden<br \/>\n&#8211; nicht f\u00fcr Anisgetr\u00e4nke<br \/>\n&#8211; nicht f\u00fcr starken Alkohol, wie z.B. Whisky &#8230; .etc.<br \/>\n&#8211; nur ein Reinigungsmittel mit einem pH-Wert von 3 &lt; pH &lt; 7 verwenden, nicht f\u00fcr stark alkalische Reinigungsmittel<br \/>\n&#8211; Verwenden Sie keine Benzol, Alkohol, Ester oder organische L\u00f6sungsmittel f\u00fcr Reinigungsprodukte<br \/>\n&#8211; Keine Scheuermittel f\u00fcr die Reinigung verwenden<\/p>\n<p>Folgendes kann das Produkt verf\u00e4rben oder auf Dauer undurchsichtig machen:<br \/>\n&#8211; Lagerung der Gl\u00e4ser \u00fcber einen l\u00e4ngeren Zeitraum bei hohen Temperaturen und hoher Luftfeuchtigkeit<br \/>\n&#8211; Falsche Dosierung des Reinigungsmittels<br \/>\n&#8211; Verwendung eines Reinigungsmittels mit Aluminium- oder Metallschutz.<br \/>\n&#8211; Milchprodukte, Kaffee, Kakao, Tee und andere Getr\u00e4nke k\u00f6nnen einen Rand auf dem Glas hinterlassen, wenn sie \u00fcber Nacht stehen. Waschen Sie das Glas sofort nach dem Gebrauch mit warmem Seifenwasser, waschen Sie es von Hand oder verwenden Sie unser Reinigungsmittel. Regelm\u00e4\u00dfig abstauben.<br \/>\n&#8211; Die Verwendung von Getr\u00e4nken auf Anisbasis (wie Pernod, Ricard, Raki oder Ouzo).<br \/>\n&#8211; Die Verwendung von Getr\u00e4nken mit einem hohen Estergehalt. Ester sind ein nat\u00fcrliches Produkt, das z. B. in Kr\u00e4utertees enthalten ist.<\/p>\n","protected":false},"excerpt":{"rendered":"<p>H\u00f6he 22 cm Durchmesser 19 cm Fassungsverm\u00f6gen 2400 ml Gewicht 745 gr Gebrauchsanweisung f\u00fcr Acrylprodukte &#8211; gepr\u00fcft durch T\u00dcV, SGS,<\/p>\n","protected":false},"featured_media":434066,"template":"","meta":{"_acf_changed":false,"inline_featured_image":false},"product_cat":[6859,6787],"product_tag":[25027,11843,11849,24398,24604,25872,25022,11847,21822],"acf":[],"yoast_head":"<!-- This site is optimized with the Yoast SEO Premium plugin v18.6 (Yoast SEO v19.13) - https:\/\/yoast.com\/wordpress\/plugins\/seo\/ -->\n<title>MARIO LUCA GIUSTI Krug Sister Rosetta K\u00f6nigsblau - Erresse Shop<\/title>\n<meta name=\"description\" content=\"H\u00f6he 22 cm Durchmesser 19 cm Fassungsverm\u00f6gen 2400 ml Gewicht 745 gr Gebrauchsanweisung f\u00fcr Acrylprodukte - gepr\u00fcft durch T\u00dcV, SGS, Intertek - absolut\" \/>\n<meta name=\"robots\" content=\"index, follow, max-snippet:-1, max-image-preview:large, max-video-preview:-1\" \/>\n<link rel=\"canonical\" href=\"https:\/\/www.erresse-shop.it\/de\/shop\/tisch\/karaffen-flaschen-kruege\/mario-luca-giusti-krug-sister-rosetta-konigsblau\/\" \/>\n<meta property=\"og:locale\" content=\"de_DE\" \/>\n<meta property=\"og:type\" content=\"article\" \/>\n<meta property=\"og:title\" content=\"MARIO LUCA GIUSTI Krug Sister Rosetta K\u00f6nigsblau\" \/>\n<meta property=\"og:description\" content=\"H\u00f6he 22 cm Durchmesser 19 cm Fassungsverm\u00f6gen 2400 ml Gewicht 745 gr Gebrauchsanweisung f\u00fcr Acrylprodukte - gepr\u00fcft durch T\u00dcV, SGS, Intertek - absolut\" \/>\n<meta property=\"og:url\" content=\"https:\/\/www.erresse-shop.it\/de\/shop\/tisch\/karaffen-flaschen-kruege\/mario-luca-giusti-krug-sister-rosetta-konigsblau\/\" \/>\n<meta property=\"og:site_name\" content=\"Erresse Shop\" \/>\n<meta property=\"article:modified_time\" content=\"2025-05-20T19:38:12+00:00\" \/>\n<meta property=\"og:image\" content=\"https:\/\/www.erresse-shop.it\/wp-content\/uploads\/2023\/07\/MARIO-LUCA-GIUSTI-Brocca-Sister-Rosetta-Blu-Reale-1.jpg\" \/>\n\t<meta property=\"og:image:width\" content=\"1200\" \/>\n\t<meta property=\"og:image:height\" content=\"1200\" \/>\n\t<meta property=\"og:image:type\" content=\"image\/jpeg\" \/>\n<meta name=\"twitter:card\" content=\"summary_large_image\" \/>\n<script type=\"application\/ld+json\" class=\"yoast-schema-graph\">{\"@context\":\"https:\/\/schema.org\",\"@graph\":[{\"@type\":\"WebPage\",\"@id\":\"https:\/\/www.erresse-shop.it\/de\/shop\/tisch\/karaffen-flaschen-kruege\/mario-luca-giusti-krug-sister-rosetta-konigsblau\/\",\"url\":\"https:\/\/www.erresse-shop.it\/de\/shop\/tisch\/karaffen-flaschen-kruege\/mario-luca-giusti-krug-sister-rosetta-konigsblau\/\",\"name\":\"MARIO LUCA GIUSTI Krug Sister Rosetta K\u00f6nigsblau - Erresse Shop\",\"isPartOf\":{\"@id\":\"https:\/\/www.erresse-shop.it\/de\/#website\"},\"datePublished\":\"2023-07-26T14:21:47+00:00\",\"dateModified\":\"2025-05-20T19:38:12+00:00\",\"description\":\"H\u00f6he 22 cm Durchmesser 19 cm Fassungsverm\u00f6gen 2400 ml Gewicht 745 gr Gebrauchsanweisung f\u00fcr Acrylprodukte - gepr\u00fcft durch T\u00dcV, SGS, Intertek - absolut\",\"breadcrumb\":{\"@id\":\"https:\/\/www.erresse-shop.it\/de\/shop\/tisch\/karaffen-flaschen-kruege\/mario-luca-giusti-krug-sister-rosetta-konigsblau\/#breadcrumb\"},\"inLanguage\":\"de-DE\",\"potentialAction\":[{\"@type\":\"ReadAction\",\"target\":[\"https:\/\/www.erresse-shop.it\/de\/shop\/tisch\/karaffen-flaschen-kruege\/mario-luca-giusti-krug-sister-rosetta-konigsblau\/\"]}]},{\"@type\":\"BreadcrumbList\",\"@id\":\"https:\/\/www.erresse-shop.it\/de\/shop\/tisch\/karaffen-flaschen-kruege\/mario-luca-giusti-krug-sister-rosetta-konigsblau\/#breadcrumb\",\"itemListElement\":[{\"@type\":\"ListItem\",\"position\":1,\"name\":\"Home\",\"item\":\"https:\/\/www.erresse-shop.it\/de\/\"},{\"@type\":\"ListItem\",\"position\":2,\"name\":\"Shop\",\"item\":\"https:\/\/www.erresse-shop.it\/de\/shop\/\"},{\"@type\":\"ListItem\",\"position\":3,\"name\":\"MARIO LUCA GIUSTI Krug Sister Rosetta K\u00f6nigsblau\"}]},{\"@type\":\"WebSite\",\"@id\":\"https:\/\/www.erresse-shop.it\/de\/#website\",\"url\":\"https:\/\/www.erresse-shop.it\/de\/\",\"name\":\"Erresse Shop\",\"description\":\"Articoli di qualit\u00e0 per la casa\",\"potentialAction\":[{\"@type\":\"SearchAction\",\"target\":{\"@type\":\"EntryPoint\",\"urlTemplate\":\"https:\/\/www.erresse-shop.it\/de\/?s={search_term_string}\"},\"query-input\":\"required name=search_term_string\"}],\"inLanguage\":\"de-DE\"}]}<\/script>\n<!-- \/ Yoast SEO Premium plugin. -->","yoast_head_json":{"title":"MARIO LUCA GIUSTI Krug Sister Rosetta K\u00f6nigsblau - Erresse Shop","description":"H\u00f6he 22 cm Durchmesser 19 cm Fassungsverm\u00f6gen 2400 ml Gewicht 745 gr Gebrauchsanweisung f\u00fcr Acrylprodukte - gepr\u00fcft durch T\u00dcV, SGS, Intertek - absolut","robots":{"index":"index","follow":"follow","max-snippet":"max-snippet:-1","max-image-preview":"max-image-preview:large","max-video-preview":"max-video-preview:-1"},"canonical":"https:\/\/www.erresse-shop.it\/de\/shop\/tisch\/karaffen-flaschen-kruege\/mario-luca-giusti-krug-sister-rosetta-konigsblau\/","og_locale":"de_DE","og_type":"article","og_title":"MARIO LUCA GIUSTI Krug Sister Rosetta K\u00f6nigsblau","og_description":"H\u00f6he 22 cm Durchmesser 19 cm Fassungsverm\u00f6gen 2400 ml Gewicht 745 gr Gebrauchsanweisung f\u00fcr Acrylprodukte - gepr\u00fcft durch T\u00dcV, SGS, Intertek - absolut","og_url":"https:\/\/www.erresse-shop.it\/de\/shop\/tisch\/karaffen-flaschen-kruege\/mario-luca-giusti-krug-sister-rosetta-konigsblau\/","og_site_name":"Erresse Shop","article_modified_time":"2025-05-20T19:38:12+00:00","og_image":[{"width":1200,"height":1200,"url":"https:\/\/www.erresse-shop.it\/wp-content\/uploads\/2023\/07\/MARIO-LUCA-GIUSTI-Brocca-Sister-Rosetta-Blu-Reale-1.jpg","type":"image\/jpeg"}],"twitter_card":"summary_large_image","schema":{"@context":"https:\/\/schema.org","@graph":[{"@type":"WebPage","@id":"https:\/\/www.erresse-shop.it\/de\/shop\/tisch\/karaffen-flaschen-kruege\/mario-luca-giusti-krug-sister-rosetta-konigsblau\/","url":"https:\/\/www.erresse-shop.it\/de\/shop\/tisch\/karaffen-flaschen-kruege\/mario-luca-giusti-krug-sister-rosetta-konigsblau\/","name":"MARIO LUCA GIUSTI Krug Sister Rosetta K\u00f6nigsblau - Erresse Shop","isPartOf":{"@id":"https:\/\/www.erresse-shop.it\/de\/#website"},"datePublished":"2023-07-26T14:21:47+00:00","dateModified":"2025-05-20T19:38:12+00:00","description":"H\u00f6he 22 cm Durchmesser 19 cm Fassungsverm\u00f6gen 2400 ml Gewicht 745 gr Gebrauchsanweisung f\u00fcr Acrylprodukte - gepr\u00fcft durch T\u00dcV, SGS, Intertek - absolut","breadcrumb":{"@id":"https:\/\/www.erresse-shop.it\/de\/shop\/tisch\/karaffen-flaschen-kruege\/mario-luca-giusti-krug-sister-rosetta-konigsblau\/#breadcrumb"},"inLanguage":"de-DE","potentialAction":[{"@type":"ReadAction","target":["https:\/\/www.erresse-shop.it\/de\/shop\/tisch\/karaffen-flaschen-kruege\/mario-luca-giusti-krug-sister-rosetta-konigsblau\/"]}]},{"@type":"BreadcrumbList","@id":"https:\/\/www.erresse-shop.it\/de\/shop\/tisch\/karaffen-flaschen-kruege\/mario-luca-giusti-krug-sister-rosetta-konigsblau\/#breadcrumb","itemListElement":[{"@type":"ListItem","position":1,"name":"Home","item":"https:\/\/www.erresse-shop.it\/de\/"},{"@type":"ListItem","position":2,"name":"Shop","item":"https:\/\/www.erresse-shop.it\/de\/shop\/"},{"@type":"ListItem","position":3,"name":"MARIO LUCA GIUSTI Krug Sister Rosetta K\u00f6nigsblau"}]},{"@type":"WebSite","@id":"https:\/\/www.erresse-shop.it\/de\/#website","url":"https:\/\/www.erresse-shop.it\/de\/","name":"Erresse Shop","description":"Articoli di qualit\u00e0 per la casa","potentialAction":[{"@type":"SearchAction","target":{"@type":"EntryPoint","urlTemplate":"https:\/\/www.erresse-shop.it\/de\/?s={search_term_string}"},"query-input":"required name=search_term_string"}],"inLanguage":"de-DE"}]}},"df_price":79,"df_sale_price":79,"df_regular_price":124,"df_image_link":"https:\/\/www.erresse-shop.it\/wp-content\/uploads\/2023\/07\/MARIO-LUCA-GIUSTI-Brocca-Sister-Rosetta-Blu-Reale-1-300x300.jpg","_links":{"self":[{"href":"https:\/\/www.erresse-shop.it\/de\/wp-json\/wp\/v2\/product\/295584"}],"collection":[{"href":"https:\/\/www.erresse-shop.it\/de\/wp-json\/wp\/v2\/product"}],"about":[{"href":"https:\/\/www.erresse-shop.it\/de\/wp-json\/wp\/v2\/types\/product"}],"wp:featuredmedia":[{"embeddable":true,"href":"https:\/\/www.erresse-shop.it\/de\/wp-json\/wp\/v2\/media\/434066"}],"wp:attachment":[{"href":"https:\/\/www.erresse-shop.it\/de\/wp-json\/wp\/v2\/media?parent=295584"}],"wp:term":[{"taxonomy":"product_cat","embeddable":true,"href":"https:\/\/www.erresse-shop.it\/de\/wp-json\/wp\/v2\/product_cat?post=295584"},{"taxonomy":"product_tag","embeddable":true,"href":"https:\/\/www.erresse-shop.it\/de\/wp-json\/wp\/v2\/product_tag?post=295584"}],"curies":[{"name":"wp","href":"https:\/\/api.w.org\/{rel}","templated":true}]}}