{"id":293949,"date":"2023-07-21T13:22:08","date_gmt":"2023-07-21T13:22:09","guid":{"rendered":"https:\/\/www.erresse-shop.it\/?post_type=product&#038;p=293949"},"modified":"2025-01-17T07:54:56","modified_gmt":"2025-01-17T07:54:56","slug":"kitchenaid-elektrischer-schneebesen-9-geschwindigkeiten-versilbert","status":"publish","type":"product","link":"https:\/\/www.erresse-shop.it\/de\/shop\/kleine-elektrogeraete\/mischer\/kitchenaid-elektrischer-schneebesen-9-geschwindigkeiten-versilbert\/","title":{"rendered":"KITCHENAID Elektrischer Schneebesen 9 Geschwindigkeiten Versilbert"},"content":{"rendered":"<p><strong>Der elektrische Schneebesen f\u00fcr vielbesch\u00e4ftigte K\u00f6che<\/strong><\/p>\n<p>Der KitchenAid 5KHM9212 9-Gang-Schneebesen ist kompakt und liefert dennoch gro\u00dfartige Ergebnisse. Er wurde von der weltweit f\u00fchrenden Marke f\u00fcr K\u00fcchenmaschinen \u207d\u00b9\u207e entwickelt und ist so vielseitig wie ein Planetenr\u00fchrer. Mit ihm k\u00f6nnen Sie alles zubereiten, von k\u00f6stlichen Alltagsgerichten bis hin zu aufwendigen Men\u00fcs, wenn Sie G\u00e4ste haben.<\/p>\n<p><strong>Schnelles, problemloses Mixen<\/strong><\/p>\n<p>Mit dem elektrischen Mixer von KitchenAid entscheiden Sie selbst, ob Sie langsam oder kr\u00e4ftig mixen m\u00f6chten &#8211; dank der 9 Geschwindigkeitsstufen, die Sie per Tastendruck einstellen k\u00f6nnen. Von Stufe 1 zum langsamen Mischen dicker Zutaten \u00fcber Stufe 5 zum R\u00fchren von Kuchenteig oder Kartoffelp\u00fcree bis hin zu Stufe 9 zum Aufschlagen von Baiser.<\/p>\n<p>Die Soft-Start-Funktion ist ideal f\u00fcr elektrische R\u00fchrger\u00e4te, da sie verhindert, dass Puderzucker \u00fcberall hinflie\u00dft und Butterklumpen aus der Sch\u00fcssel laufen.<\/p>\n<p><strong>Die perfekte Mischung aus Leistung und Pr\u00e4zision<\/strong><\/p>\n<p>Der leistungsstarke 85-Watt-Gleichstrommotor verarbeitet die Zutaten mit Leichtigkeit, ohne dabei laut zu sein. Stellen Sie die Geschwindigkeit mit den Tasten UP und DOWN auf Ihre Vorlieben ein und erhalten Sie die perfekte Mischung mit pr\u00e4ziser, leicht zu kontrollierender Leistung.<\/p>\n<p>Die digitale LED-Geschwindigkeitsanzeige zeigt die Geschwindigkeitsstufe von 1 bis 9 an, so dass Sie die aktuelle Geschwindigkeit deutlich sehen und mit dem Daumen (\u00fcber die Pfeile) entscheiden k\u00f6nnen, ob Sie sie erh\u00f6hen oder verringern m\u00f6chten.<\/p>\n<p><strong>Viel mehr als nur ein elektrischer R\u00fchrbesen<\/strong><\/p>\n<p>Der 9-stufige Schneebesen von KitchenAid verf\u00fcgt nicht nur \u00fcber 2 Turbobesen, sondern auch \u00fcber einen Schneebesen, 2 Knethaken und einen Schneebesenschaft (Immersionsmixer), alles aus hochwertigem Edelstahl und komplett mit einem Baumwollbeutel.<\/p>\n<p>Mit all diesem zus\u00e4tzlichen Zubeh\u00f6r k\u00f6nnen Sie Gerichte aller Art zubereiten. Mit diesem praktischen Ger\u00e4t k\u00f6nnen Sie nicht nur schnell mixen, sondern auch schlagen, kneten und emulgieren, von Kuchen und Keksen bis hin zu Mousse, Smoothies und Salatdressings. Er ist wie ein Planetenmischer, den Sie in der Hand halten k\u00f6nnen.<\/p>\n<p><strong>Praktischer elektrischer Schneebesen f\u00fcr den Genuss in der K\u00fcche<\/strong><\/p>\n<p>Dank seines Softgrip-Griffs liegt der KitchenAid-Schneebesen mit 9 Geschwindigkeiten gut in der Hand, sodass Sie beim Mixen die volle Kontrolle \u00fcber die Bewegungen haben.<\/p>\n<p>Dank des langen Kabels k\u00f6nnen Sie auch abseits einer Steckdose arbeiten, w\u00e4hrend das innovative Drehkabel Ihnen mehr Flexibilit\u00e4t bietet, da Sie es auf beiden Seiten arretieren k\u00f6nnen, je nachdem, welche Hand Sie lieber benutzen. Finden Sie den richtigen Winkel, w\u00e4hrend Sie nach den Zutaten greifen, und erledigen Sie mehrere Aufgaben in der K\u00fcche. Sie werden nicht mehr aufzuhalten sein.<\/p>\n<p><strong>Technische Daten:<\/strong><\/p>\n<ul>\n<li>Spannung: 220-240 V<\/li>\n<li>Leistung: 85 W<\/li>\n<li>Frequenz: 50\/60 Hz<\/li>\n<li>Kabell\u00e4nge: 153 cm<\/li>\n<\/ul>\n<p><strong>In der Packung enthalten:<\/strong><\/p>\n<ul>\n<li>Elektrischer Quirlfu\u00df<\/li>\n<li>2 Edelstahl-Schlagbesen<\/li>\n<li>Schneebesen mit 16 Dr\u00e4hten<\/li>\n<li>2 Knethaken<\/li>\n<li>R\u00fchrstab<\/li>\n<li>Aufbewahrungsetui aus Baumwolle<\/li>\n<\/ul>\n","protected":false},"excerpt":{"rendered":"<p>Der elektrische Schneebesen f\u00fcr vielbesch\u00e4ftigte K\u00f6che Der KitchenAid 5KHM9212 9-Gang-Schneebesen ist kompakt und liefert dennoch gro\u00dfartige Ergebnisse. Er wurde von<\/p>\n","protected":false},"featured_media":508580,"template":"","meta":{"_acf_changed":false,"inline_featured_image":false},"product_cat":[6703,20053],"product_tag":[20046,20045,15614],"acf":[],"yoast_head":"<!-- This site is optimized with the Yoast SEO Premium plugin v18.6 (Yoast SEO v19.13) - https:\/\/yoast.com\/wordpress\/plugins\/seo\/ -->\n<title>KITCHENAID Elektrischer Schneebesen 9 Geschwindigkeiten Versilbert<\/title>\n<meta name=\"description\" content=\"Entdecken Sie KITCHENAID Elektrischer Schneebesen 9 Geschwindigkeiten Versilbert bei ErresseShop. Qualit\u00e4t, Stil und Funktionalit\u00e4t \u2013 jetzt online bestellen!\" \/>\n<meta name=\"robots\" content=\"index, follow, max-snippet:-1, max-image-preview:large, max-video-preview:-1\" \/>\n<link rel=\"canonical\" href=\"https:\/\/www.erresse-shop.it\/de\/shop\/kleine-elektrogeraete\/mischer\/kitchenaid-elektrischer-schneebesen-9-geschwindigkeiten-versilbert\/\" \/>\n<meta property=\"og:locale\" content=\"de_DE\" \/>\n<meta property=\"og:type\" content=\"article\" \/>\n<meta property=\"og:title\" content=\"KITCHENAID Elektrischer Schneebesen 9 Geschwindigkeiten Versilbert\" \/>\n<meta property=\"og:description\" content=\"Entdecken Sie KITCHENAID Elektrischer Schneebesen 9 Geschwindigkeiten Versilbert bei ErresseShop. Qualit\u00e4t, Stil und Funktionalit\u00e4t \u2013 jetzt online bestellen!\" \/>\n<meta property=\"og:url\" content=\"https:\/\/www.erresse-shop.it\/de\/shop\/kleine-elektrogeraete\/mischer\/kitchenaid-elektrischer-schneebesen-9-geschwindigkeiten-versilbert\/\" \/>\n<meta property=\"og:site_name\" content=\"Erresse Shop\" \/>\n<meta property=\"article:modified_time\" content=\"2025-01-17T07:54:56+00:00\" \/>\n<meta property=\"og:image\" content=\"https:\/\/www.erresse-shop.it\/wp-content\/uploads\/2023\/07\/KITCHENAID-Sbattitore-Elettrico-9-Velocita\u0300-Argento-Placcato.jpg\" \/>\n\t<meta property=\"og:image:width\" content=\"800\" \/>\n\t<meta property=\"og:image:height\" content=\"800\" \/>\n\t<meta property=\"og:image:type\" content=\"image\/jpeg\" \/>\n<meta name=\"twitter:card\" content=\"summary_large_image\" \/>\n<script type=\"application\/ld+json\" class=\"yoast-schema-graph\">{\"@context\":\"https:\/\/schema.org\",\"@graph\":[{\"@type\":\"WebPage\",\"@id\":\"https:\/\/www.erresse-shop.it\/de\/shop\/kleine-elektrogeraete\/mischer\/kitchenaid-elektrischer-schneebesen-9-geschwindigkeiten-versilbert\/\",\"url\":\"https:\/\/www.erresse-shop.it\/de\/shop\/kleine-elektrogeraete\/mischer\/kitchenaid-elektrischer-schneebesen-9-geschwindigkeiten-versilbert\/\",\"name\":\"KITCHENAID Elektrischer Schneebesen 9 Geschwindigkeiten Versilbert\",\"isPartOf\":{\"@id\":\"https:\/\/www.erresse-shop.it\/de\/#website\"},\"datePublished\":\"2023-07-21T13:22:09+00:00\",\"dateModified\":\"2025-01-17T07:54:56+00:00\",\"description\":\"Entdecken Sie KITCHENAID Elektrischer Schneebesen 9 Geschwindigkeiten Versilbert bei ErresseShop. Qualit\u00e4t, Stil und Funktionalit\u00e4t \u2013 jetzt online bestellen!\",\"breadcrumb\":{\"@id\":\"https:\/\/www.erresse-shop.it\/de\/shop\/kleine-elektrogeraete\/mischer\/kitchenaid-elektrischer-schneebesen-9-geschwindigkeiten-versilbert\/#breadcrumb\"},\"inLanguage\":\"de-DE\",\"potentialAction\":[{\"@type\":\"ReadAction\",\"target\":[\"https:\/\/www.erresse-shop.it\/de\/shop\/kleine-elektrogeraete\/mischer\/kitchenaid-elektrischer-schneebesen-9-geschwindigkeiten-versilbert\/\"]}]},{\"@type\":\"BreadcrumbList\",\"@id\":\"https:\/\/www.erresse-shop.it\/de\/shop\/kleine-elektrogeraete\/mischer\/kitchenaid-elektrischer-schneebesen-9-geschwindigkeiten-versilbert\/#breadcrumb\",\"itemListElement\":[{\"@type\":\"ListItem\",\"position\":1,\"name\":\"Home\",\"item\":\"https:\/\/www.erresse-shop.it\/de\/\"},{\"@type\":\"ListItem\",\"position\":2,\"name\":\"Shop\",\"item\":\"https:\/\/www.erresse-shop.it\/de\/shop\/\"},{\"@type\":\"ListItem\",\"position\":3,\"name\":\"KITCHENAID Elektrischer Schneebesen 9 Geschwindigkeiten Versilbert\"}]},{\"@type\":\"WebSite\",\"@id\":\"https:\/\/www.erresse-shop.it\/de\/#website\",\"url\":\"https:\/\/www.erresse-shop.it\/de\/\",\"name\":\"Erresse Shop\",\"description\":\"Articoli di qualit\u00e0 per la casa\",\"potentialAction\":[{\"@type\":\"SearchAction\",\"target\":{\"@type\":\"EntryPoint\",\"urlTemplate\":\"https:\/\/www.erresse-shop.it\/de\/?s={search_term_string}\"},\"query-input\":\"required name=search_term_string\"}],\"inLanguage\":\"de-DE\"}]}<\/script>\n<!-- \/ Yoast SEO Premium plugin. -->","yoast_head_json":{"title":"KITCHENAID Elektrischer Schneebesen 9 Geschwindigkeiten Versilbert","description":"Entdecken Sie KITCHENAID Elektrischer Schneebesen 9 Geschwindigkeiten Versilbert bei ErresseShop. Qualit\u00e4t, Stil und Funktionalit\u00e4t \u2013 jetzt online bestellen!","robots":{"index":"index","follow":"follow","max-snippet":"max-snippet:-1","max-image-preview":"max-image-preview:large","max-video-preview":"max-video-preview:-1"},"canonical":"https:\/\/www.erresse-shop.it\/de\/shop\/kleine-elektrogeraete\/mischer\/kitchenaid-elektrischer-schneebesen-9-geschwindigkeiten-versilbert\/","og_locale":"de_DE","og_type":"article","og_title":"KITCHENAID Elektrischer Schneebesen 9 Geschwindigkeiten Versilbert","og_description":"Entdecken Sie KITCHENAID Elektrischer Schneebesen 9 Geschwindigkeiten Versilbert bei ErresseShop. Qualit\u00e4t, Stil und Funktionalit\u00e4t \u2013 jetzt online bestellen!","og_url":"https:\/\/www.erresse-shop.it\/de\/shop\/kleine-elektrogeraete\/mischer\/kitchenaid-elektrischer-schneebesen-9-geschwindigkeiten-versilbert\/","og_site_name":"Erresse Shop","article_modified_time":"2025-01-17T07:54:56+00:00","og_image":[{"width":800,"height":800,"url":"https:\/\/www.erresse-shop.it\/wp-content\/uploads\/2023\/07\/KITCHENAID-Sbattitore-Elettrico-9-Velocita\u0300-Argento-Placcato.jpg","type":"image\/jpeg"}],"twitter_card":"summary_large_image","schema":{"@context":"https:\/\/schema.org","@graph":[{"@type":"WebPage","@id":"https:\/\/www.erresse-shop.it\/de\/shop\/kleine-elektrogeraete\/mischer\/kitchenaid-elektrischer-schneebesen-9-geschwindigkeiten-versilbert\/","url":"https:\/\/www.erresse-shop.it\/de\/shop\/kleine-elektrogeraete\/mischer\/kitchenaid-elektrischer-schneebesen-9-geschwindigkeiten-versilbert\/","name":"KITCHENAID Elektrischer Schneebesen 9 Geschwindigkeiten Versilbert","isPartOf":{"@id":"https:\/\/www.erresse-shop.it\/de\/#website"},"datePublished":"2023-07-21T13:22:09+00:00","dateModified":"2025-01-17T07:54:56+00:00","description":"Entdecken Sie KITCHENAID Elektrischer Schneebesen 9 Geschwindigkeiten Versilbert bei ErresseShop. Qualit\u00e4t, Stil und Funktionalit\u00e4t \u2013 jetzt online bestellen!","breadcrumb":{"@id":"https:\/\/www.erresse-shop.it\/de\/shop\/kleine-elektrogeraete\/mischer\/kitchenaid-elektrischer-schneebesen-9-geschwindigkeiten-versilbert\/#breadcrumb"},"inLanguage":"de-DE","potentialAction":[{"@type":"ReadAction","target":["https:\/\/www.erresse-shop.it\/de\/shop\/kleine-elektrogeraete\/mischer\/kitchenaid-elektrischer-schneebesen-9-geschwindigkeiten-versilbert\/"]}]},{"@type":"BreadcrumbList","@id":"https:\/\/www.erresse-shop.it\/de\/shop\/kleine-elektrogeraete\/mischer\/kitchenaid-elektrischer-schneebesen-9-geschwindigkeiten-versilbert\/#breadcrumb","itemListElement":[{"@type":"ListItem","position":1,"name":"Home","item":"https:\/\/www.erresse-shop.it\/de\/"},{"@type":"ListItem","position":2,"name":"Shop","item":"https:\/\/www.erresse-shop.it\/de\/shop\/"},{"@type":"ListItem","position":3,"name":"KITCHENAID Elektrischer Schneebesen 9 Geschwindigkeiten Versilbert"}]},{"@type":"WebSite","@id":"https:\/\/www.erresse-shop.it\/de\/#website","url":"https:\/\/www.erresse-shop.it\/de\/","name":"Erresse Shop","description":"Articoli di qualit\u00e0 per la casa","potentialAction":[{"@type":"SearchAction","target":{"@type":"EntryPoint","urlTemplate":"https:\/\/www.erresse-shop.it\/de\/?s={search_term_string}"},"query-input":"required name=search_term_string"}],"inLanguage":"de-DE"}]}},"df_price":143.65,"df_sale_price":143.65,"df_regular_price":169,"df_image_link":"https:\/\/www.erresse-shop.it\/wp-content\/uploads\/2023\/07\/KITCHENAID-Sbattitore-Elettrico-9-Velocita-Argento-Placcato-300x300.jpg","_links":{"self":[{"href":"https:\/\/www.erresse-shop.it\/de\/wp-json\/wp\/v2\/product\/293949"}],"collection":[{"href":"https:\/\/www.erresse-shop.it\/de\/wp-json\/wp\/v2\/product"}],"about":[{"href":"https:\/\/www.erresse-shop.it\/de\/wp-json\/wp\/v2\/types\/product"}],"wp:featuredmedia":[{"embeddable":true,"href":"https:\/\/www.erresse-shop.it\/de\/wp-json\/wp\/v2\/media\/508580"}],"wp:attachment":[{"href":"https:\/\/www.erresse-shop.it\/de\/wp-json\/wp\/v2\/media?parent=293949"}],"wp:term":[{"taxonomy":"product_cat","embeddable":true,"href":"https:\/\/www.erresse-shop.it\/de\/wp-json\/wp\/v2\/product_cat?post=293949"},{"taxonomy":"product_tag","embeddable":true,"href":"https:\/\/www.erresse-shop.it\/de\/wp-json\/wp\/v2\/product_tag?post=293949"}],"curies":[{"name":"wp","href":"https:\/\/api.w.org\/{rel}","templated":true}]}}