{"id":292964,"date":"2023-07-18T07:18:09","date_gmt":"2023-07-18T07:18:10","guid":{"rendered":"https:\/\/www.erresse-shop.it\/?post_type=product&#038;p=292964"},"modified":"2025-01-17T07:41:56","modified_gmt":"2025-01-17T07:41:56","slug":"illy-iperespresso-experience-kit-2er-set-tassen-mit-untertasse-und-loffel","status":"publish","type":"product","link":"https:\/\/www.erresse-shop.it\/de\/shop\/tisch\/tassen\/illy-iperespresso-experience-kit-2er-set-tassen-mit-untertasse-und-loffel\/","title":{"rendered":"ILLY  Iperespresso Experience Kit 2er-Set Tassen mit Untertasse und L\u00f6ffel"},"content":{"rendered":"<p>Die Box &#8220;Iperespresso experience kit&#8221; soll das Kaffeetrinken zu Hause zu einem besonderen Erlebnis machen. Das Set enth\u00e4lt zwei Tassen und zwei Espressotassen aus Luxion\u00ae, die von Matteo Thun entworfen wurden und die Crema des Espressos durch ein Spiel mit der Transparenz optimal zur Geltung bringen und zusammen mit den 2 Designer-Edelstahll\u00f6ffeln zu einem einzigartigen Geschmackserlebnis beitragen.<\/p>\n","protected":false},"excerpt":{"rendered":"<p>Die Box &#8220;Iperespresso experience kit&#8221; soll das Kaffeetrinken zu Hause zu einem besonderen Erlebnis machen. Das Set enth\u00e4lt zwei Tassen<\/p>\n","protected":false},"featured_media":292973,"template":"","meta":{"_acf_changed":false,"inline_featured_image":false},"product_cat":[6847,6787],"product_tag":[23911,23564,21937,14561,16474,11619,21938,21645,21822],"acf":[],"yoast_head":"<!-- This site is optimized with the Yoast SEO Premium plugin v18.6 (Yoast SEO v19.13) - https:\/\/yoast.com\/wordpress\/plugins\/seo\/ -->\n<title>ILLY Iperespresso Experience Kit 2er-Set Tassen mit Untertasse und L\u00f6ffel<\/title>\n<meta name=\"description\" content=\"Entdecken Sie ILLY\u00a0 Iperespresso Experience Kit 2er-Set Tassen mit Untertasse und L\u00f6ffel bei ErresseShop. Qualit\u00e4t, Stil und Funktionalit\u00e4t \u2013 jetzt online bestellen!\" \/>\n<meta name=\"robots\" content=\"index, follow, max-snippet:-1, max-image-preview:large, max-video-preview:-1\" \/>\n<link rel=\"canonical\" href=\"https:\/\/www.erresse-shop.it\/de\/shop\/tisch\/tassen\/illy-iperespresso-experience-kit-2er-set-tassen-mit-untertasse-und-loffel\/\" \/>\n<meta property=\"og:locale\" content=\"de_DE\" \/>\n<meta property=\"og:type\" content=\"article\" \/>\n<meta property=\"og:title\" content=\"ILLY Iperespresso Experience Kit 2er-Set Tassen mit Untertasse und L\u00f6ffel\" \/>\n<meta property=\"og:description\" content=\"Entdecken Sie ILLY\u00a0 Iperespresso Experience Kit 2er-Set Tassen mit Untertasse und L\u00f6ffel bei ErresseShop. Qualit\u00e4t, Stil und Funktionalit\u00e4t \u2013 jetzt online bestellen!\" \/>\n<meta property=\"og:url\" content=\"https:\/\/www.erresse-shop.it\/de\/shop\/tisch\/tassen\/illy-iperespresso-experience-kit-2er-set-tassen-mit-untertasse-und-loffel\/\" \/>\n<meta property=\"og:site_name\" content=\"Erresse Shop\" \/>\n<meta property=\"article:modified_time\" content=\"2025-01-17T07:41:56+00:00\" \/>\n<meta property=\"og:image\" content=\"https:\/\/www.erresse-shop.it\/wp-content\/uploads\/2023\/07\/ILLY-Iperespresso-Experience-Kit-Set-2-Tazzine-con-Piattino-e-Cucchiaini.jpg\" \/>\n\t<meta property=\"og:image:width\" content=\"800\" \/>\n\t<meta property=\"og:image:height\" content=\"800\" \/>\n\t<meta property=\"og:image:type\" content=\"image\/jpeg\" \/>\n<meta name=\"twitter:card\" content=\"summary_large_image\" \/>\n<script type=\"application\/ld+json\" class=\"yoast-schema-graph\">{\"@context\":\"https:\/\/schema.org\",\"@graph\":[{\"@type\":\"WebPage\",\"@id\":\"https:\/\/www.erresse-shop.it\/de\/shop\/tisch\/tassen\/illy-iperespresso-experience-kit-2er-set-tassen-mit-untertasse-und-loffel\/\",\"url\":\"https:\/\/www.erresse-shop.it\/de\/shop\/tisch\/tassen\/illy-iperespresso-experience-kit-2er-set-tassen-mit-untertasse-und-loffel\/\",\"name\":\"ILLY Iperespresso Experience Kit 2er-Set Tassen mit Untertasse und L\u00f6ffel\",\"isPartOf\":{\"@id\":\"https:\/\/www.erresse-shop.it\/de\/#website\"},\"datePublished\":\"2023-07-18T07:18:10+00:00\",\"dateModified\":\"2025-01-17T07:41:56+00:00\",\"description\":\"Entdecken Sie ILLY\u00a0 Iperespresso Experience Kit 2er-Set Tassen mit Untertasse und L\u00f6ffel bei ErresseShop. Qualit\u00e4t, Stil und Funktionalit\u00e4t \u2013 jetzt online bestellen!\",\"breadcrumb\":{\"@id\":\"https:\/\/www.erresse-shop.it\/de\/shop\/tisch\/tassen\/illy-iperespresso-experience-kit-2er-set-tassen-mit-untertasse-und-loffel\/#breadcrumb\"},\"inLanguage\":\"de-DE\",\"potentialAction\":[{\"@type\":\"ReadAction\",\"target\":[\"https:\/\/www.erresse-shop.it\/de\/shop\/tisch\/tassen\/illy-iperespresso-experience-kit-2er-set-tassen-mit-untertasse-und-loffel\/\"]}]},{\"@type\":\"BreadcrumbList\",\"@id\":\"https:\/\/www.erresse-shop.it\/de\/shop\/tisch\/tassen\/illy-iperespresso-experience-kit-2er-set-tassen-mit-untertasse-und-loffel\/#breadcrumb\",\"itemListElement\":[{\"@type\":\"ListItem\",\"position\":1,\"name\":\"Home\",\"item\":\"https:\/\/www.erresse-shop.it\/de\/\"},{\"@type\":\"ListItem\",\"position\":2,\"name\":\"Shop\",\"item\":\"https:\/\/www.erresse-shop.it\/de\/shop\/\"},{\"@type\":\"ListItem\",\"position\":3,\"name\":\"ILLY Iperespresso Experience Kit 2er-Set Tassen mit Untertasse und L\u00f6ffel\"}]},{\"@type\":\"WebSite\",\"@id\":\"https:\/\/www.erresse-shop.it\/de\/#website\",\"url\":\"https:\/\/www.erresse-shop.it\/de\/\",\"name\":\"Erresse Shop\",\"description\":\"Articoli di qualit\u00e0 per la casa\",\"potentialAction\":[{\"@type\":\"SearchAction\",\"target\":{\"@type\":\"EntryPoint\",\"urlTemplate\":\"https:\/\/www.erresse-shop.it\/de\/?s={search_term_string}\"},\"query-input\":\"required name=search_term_string\"}],\"inLanguage\":\"de-DE\"}]}<\/script>\n<!-- \/ Yoast SEO Premium plugin. -->","yoast_head_json":{"title":"ILLY Iperespresso Experience Kit 2er-Set Tassen mit Untertasse und L\u00f6ffel","description":"Entdecken Sie ILLY\u00a0 Iperespresso Experience Kit 2er-Set Tassen mit Untertasse und L\u00f6ffel bei ErresseShop. Qualit\u00e4t, Stil und Funktionalit\u00e4t \u2013 jetzt online bestellen!","robots":{"index":"index","follow":"follow","max-snippet":"max-snippet:-1","max-image-preview":"max-image-preview:large","max-video-preview":"max-video-preview:-1"},"canonical":"https:\/\/www.erresse-shop.it\/de\/shop\/tisch\/tassen\/illy-iperespresso-experience-kit-2er-set-tassen-mit-untertasse-und-loffel\/","og_locale":"de_DE","og_type":"article","og_title":"ILLY Iperespresso Experience Kit 2er-Set Tassen mit Untertasse und L\u00f6ffel","og_description":"Entdecken Sie ILLY\u00a0 Iperespresso Experience Kit 2er-Set Tassen mit Untertasse und L\u00f6ffel bei ErresseShop. Qualit\u00e4t, Stil und Funktionalit\u00e4t \u2013 jetzt online bestellen!","og_url":"https:\/\/www.erresse-shop.it\/de\/shop\/tisch\/tassen\/illy-iperespresso-experience-kit-2er-set-tassen-mit-untertasse-und-loffel\/","og_site_name":"Erresse Shop","article_modified_time":"2025-01-17T07:41:56+00:00","og_image":[{"width":800,"height":800,"url":"https:\/\/www.erresse-shop.it\/wp-content\/uploads\/2023\/07\/ILLY-Iperespresso-Experience-Kit-Set-2-Tazzine-con-Piattino-e-Cucchiaini.jpg","type":"image\/jpeg"}],"twitter_card":"summary_large_image","schema":{"@context":"https:\/\/schema.org","@graph":[{"@type":"WebPage","@id":"https:\/\/www.erresse-shop.it\/de\/shop\/tisch\/tassen\/illy-iperespresso-experience-kit-2er-set-tassen-mit-untertasse-und-loffel\/","url":"https:\/\/www.erresse-shop.it\/de\/shop\/tisch\/tassen\/illy-iperespresso-experience-kit-2er-set-tassen-mit-untertasse-und-loffel\/","name":"ILLY Iperespresso Experience Kit 2er-Set Tassen mit Untertasse und L\u00f6ffel","isPartOf":{"@id":"https:\/\/www.erresse-shop.it\/de\/#website"},"datePublished":"2023-07-18T07:18:10+00:00","dateModified":"2025-01-17T07:41:56+00:00","description":"Entdecken Sie ILLY\u00a0 Iperespresso Experience Kit 2er-Set Tassen mit Untertasse und L\u00f6ffel bei ErresseShop. Qualit\u00e4t, Stil und Funktionalit\u00e4t \u2013 jetzt online bestellen!","breadcrumb":{"@id":"https:\/\/www.erresse-shop.it\/de\/shop\/tisch\/tassen\/illy-iperespresso-experience-kit-2er-set-tassen-mit-untertasse-und-loffel\/#breadcrumb"},"inLanguage":"de-DE","potentialAction":[{"@type":"ReadAction","target":["https:\/\/www.erresse-shop.it\/de\/shop\/tisch\/tassen\/illy-iperespresso-experience-kit-2er-set-tassen-mit-untertasse-und-loffel\/"]}]},{"@type":"BreadcrumbList","@id":"https:\/\/www.erresse-shop.it\/de\/shop\/tisch\/tassen\/illy-iperespresso-experience-kit-2er-set-tassen-mit-untertasse-und-loffel\/#breadcrumb","itemListElement":[{"@type":"ListItem","position":1,"name":"Home","item":"https:\/\/www.erresse-shop.it\/de\/"},{"@type":"ListItem","position":2,"name":"Shop","item":"https:\/\/www.erresse-shop.it\/de\/shop\/"},{"@type":"ListItem","position":3,"name":"ILLY Iperespresso Experience Kit 2er-Set Tassen mit Untertasse und L\u00f6ffel"}]},{"@type":"WebSite","@id":"https:\/\/www.erresse-shop.it\/de\/#website","url":"https:\/\/www.erresse-shop.it\/de\/","name":"Erresse Shop","description":"Articoli di qualit\u00e0 per la casa","potentialAction":[{"@type":"SearchAction","target":{"@type":"EntryPoint","urlTemplate":"https:\/\/www.erresse-shop.it\/de\/?s={search_term_string}"},"query-input":"required name=search_term_string"}],"inLanguage":"de-DE"}]}},"df_price":34.9,"df_sale_price":34.9,"df_regular_price":34.9,"df_image_link":"https:\/\/www.erresse-shop.it\/wp-content\/uploads\/2023\/07\/ILLY-Iperespresso-Experience-Kit-Set-2-Tazzine-con-Piattino-e-Cucchiaini-300x300.jpg","_links":{"self":[{"href":"https:\/\/www.erresse-shop.it\/de\/wp-json\/wp\/v2\/product\/292964"}],"collection":[{"href":"https:\/\/www.erresse-shop.it\/de\/wp-json\/wp\/v2\/product"}],"about":[{"href":"https:\/\/www.erresse-shop.it\/de\/wp-json\/wp\/v2\/types\/product"}],"wp:featuredmedia":[{"embeddable":true,"href":"https:\/\/www.erresse-shop.it\/de\/wp-json\/wp\/v2\/media\/292973"}],"wp:attachment":[{"href":"https:\/\/www.erresse-shop.it\/de\/wp-json\/wp\/v2\/media?parent=292964"}],"wp:term":[{"taxonomy":"product_cat","embeddable":true,"href":"https:\/\/www.erresse-shop.it\/de\/wp-json\/wp\/v2\/product_cat?post=292964"},{"taxonomy":"product_tag","embeddable":true,"href":"https:\/\/www.erresse-shop.it\/de\/wp-json\/wp\/v2\/product_tag?post=292964"}],"curies":[{"name":"wp","href":"https:\/\/api.w.org\/{rel}","templated":true}]}}