{"id":292825,"date":"2023-07-17T14:46:45","date_gmt":"2023-07-17T14:46:46","guid":{"rendered":"https:\/\/www.erresse-shop.it\/?post_type=product&#038;p=292825"},"modified":"2025-05-22T10:59:51","modified_gmt":"2025-05-22T10:59:51","slug":"illy-6-packungen-mit-10-kompatible-kapseln-nespresso-entkoffeiniert","status":"publish","type":"product","link":"https:\/\/www.erresse-shop.it\/de\/shop\/kaffe\/kaffeepads-und-kapseln\/illy-6-packungen-mit-10-kompatible-kapseln-nespresso-entkoffeiniert\/","title":{"rendered":"ILLY 10 Packungen mit 10 Kompatible Kapseln Nespresso Entkoffeiniert"},"content":{"rendered":"<p><strong>Packung mit 10 Kapseln, insgesamt 100 Kapseln (10 Packungen).<\/strong><\/p>\n<p>*mit Nespresso\u00ae-Kaffeemaschinen** Original.<br \/>\n**Drittmarke ohne Verbindung zu illycaff\u00e8 S.p.A.<\/p>\n<p><strong>AROMATISCHE MERKMALE<\/strong><br \/>\nDie CLASSICO-Geschmacksnuance der einzigartigen illy-Mischung aus 100% Arabica bringt eine s\u00fc\u00dfe und blumige Note zum Ausdruck, die sich mit Ankl\u00e4ngen von Toast, Karamell und Schokolade verbindet. F\u00fcr diejenigen, die eine Tasse Kaffee mit einem weichen und samtigen Geschmack bevorzugen. Um ihn optimal genie\u00dfen zu k\u00f6nnen, empfehlen wir f\u00fcr die Espresso-Variante ein Tassenvolumen zwischen 25 und 40 ml.<\/p>\n","protected":false},"excerpt":{"rendered":"<p>Packung mit 10 Kapseln, insgesamt 100 Kapseln (10 Packungen). *mit Nespresso\u00ae-Kaffeemaschinen** Original. **Drittmarke ohne Verbindung zu illycaff\u00e8 S.p.A. AROMATISCHE MERKMALE<\/p>\n","protected":false},"featured_media":292834,"template":"","meta":{"_acf_changed":false,"inline_featured_image":false},"product_cat":[25351,25392],"product_tag":[11638,23564,23230],"acf":[],"yoast_head":"<!-- This site is optimized with the Yoast SEO Premium plugin v18.6 (Yoast SEO v19.13) - https:\/\/yoast.com\/wordpress\/plugins\/seo\/ -->\n<title>ILLY 6 Packungen mit 10 Kompatible Kapseln Nespresso\u00ae Entkoffeiniert<\/title>\n<meta name=\"description\" content=\"Entdecken Sie ILLY 6 Packungen mit 10 Kompatible Kapseln Nespresso\u00ae Entkoffeiniert bei ErresseShop. Qualit\u00e4t, Stil und Funktionalit\u00e4t \u2013 jetzt online bestellen!\" \/>\n<meta name=\"robots\" content=\"index, follow, max-snippet:-1, max-image-preview:large, max-video-preview:-1\" \/>\n<link rel=\"canonical\" href=\"https:\/\/www.erresse-shop.it\/de\/shop\/kaffe\/kaffeepads-und-kapseln\/illy-6-packungen-mit-10-kompatible-kapseln-nespresso-entkoffeiniert\/\" \/>\n<meta property=\"og:locale\" content=\"de_DE\" \/>\n<meta property=\"og:type\" content=\"article\" \/>\n<meta property=\"og:title\" content=\"ILLY 10 Packungen mit 10 Kompatible Kapseln Nespresso Entkoffeiniert\" \/>\n<meta property=\"og:description\" content=\"Entdecken Sie ILLY 6 Packungen mit 10 Kompatible Kapseln Nespresso\u00ae Entkoffeiniert bei ErresseShop. Qualit\u00e4t, Stil und Funktionalit\u00e4t \u2013 jetzt online bestellen!\" \/>\n<meta property=\"og:url\" content=\"https:\/\/www.erresse-shop.it\/de\/shop\/kaffe\/kaffeepads-und-kapseln\/illy-6-packungen-mit-10-kompatible-kapseln-nespresso-entkoffeiniert\/\" \/>\n<meta property=\"og:site_name\" content=\"Erresse Shop\" \/>\n<meta property=\"article:modified_time\" content=\"2025-05-22T10:59:51+00:00\" \/>\n<meta property=\"og:image\" content=\"https:\/\/www.erresse-shop.it\/wp-content\/uploads\/2023\/07\/ILLY-6-Confezioni-da-10-Capsule-Compatibili-Espresso-Decaffeinato.jpg\" \/>\n\t<meta property=\"og:image:width\" content=\"800\" \/>\n\t<meta property=\"og:image:height\" content=\"800\" \/>\n\t<meta property=\"og:image:type\" content=\"image\/jpeg\" \/>\n<meta name=\"twitter:card\" content=\"summary_large_image\" \/>\n<script type=\"application\/ld+json\" class=\"yoast-schema-graph\">{\"@context\":\"https:\/\/schema.org\",\"@graph\":[{\"@type\":\"WebPage\",\"@id\":\"https:\/\/www.erresse-shop.it\/de\/shop\/kaffe\/kaffeepads-und-kapseln\/illy-6-packungen-mit-10-kompatible-kapseln-nespresso-entkoffeiniert\/\",\"url\":\"https:\/\/www.erresse-shop.it\/de\/shop\/kaffe\/kaffeepads-und-kapseln\/illy-6-packungen-mit-10-kompatible-kapseln-nespresso-entkoffeiniert\/\",\"name\":\"ILLY 6 Packungen mit 10 Kompatible Kapseln Nespresso\u00ae Entkoffeiniert\",\"isPartOf\":{\"@id\":\"https:\/\/www.erresse-shop.it\/de\/#website\"},\"datePublished\":\"2023-07-17T14:46:46+00:00\",\"dateModified\":\"2025-05-22T10:59:51+00:00\",\"description\":\"Entdecken Sie ILLY 6 Packungen mit 10 Kompatible Kapseln Nespresso\u00ae Entkoffeiniert bei ErresseShop. Qualit\u00e4t, Stil und Funktionalit\u00e4t \u2013 jetzt online bestellen!\",\"breadcrumb\":{\"@id\":\"https:\/\/www.erresse-shop.it\/de\/shop\/kaffe\/kaffeepads-und-kapseln\/illy-6-packungen-mit-10-kompatible-kapseln-nespresso-entkoffeiniert\/#breadcrumb\"},\"inLanguage\":\"de-DE\",\"potentialAction\":[{\"@type\":\"ReadAction\",\"target\":[\"https:\/\/www.erresse-shop.it\/de\/shop\/kaffe\/kaffeepads-und-kapseln\/illy-6-packungen-mit-10-kompatible-kapseln-nespresso-entkoffeiniert\/\"]}]},{\"@type\":\"BreadcrumbList\",\"@id\":\"https:\/\/www.erresse-shop.it\/de\/shop\/kaffe\/kaffeepads-und-kapseln\/illy-6-packungen-mit-10-kompatible-kapseln-nespresso-entkoffeiniert\/#breadcrumb\",\"itemListElement\":[{\"@type\":\"ListItem\",\"position\":1,\"name\":\"Home\",\"item\":\"https:\/\/www.erresse-shop.it\/de\/\"},{\"@type\":\"ListItem\",\"position\":2,\"name\":\"Shop\",\"item\":\"https:\/\/www.erresse-shop.it\/de\/shop\/\"},{\"@type\":\"ListItem\",\"position\":3,\"name\":\"ILLY 10 Packungen mit 10 Kompatible Kapseln Nespresso Entkoffeiniert\"}]},{\"@type\":\"WebSite\",\"@id\":\"https:\/\/www.erresse-shop.it\/de\/#website\",\"url\":\"https:\/\/www.erresse-shop.it\/de\/\",\"name\":\"Erresse Shop\",\"description\":\"Articoli di qualit\u00e0 per la casa\",\"potentialAction\":[{\"@type\":\"SearchAction\",\"target\":{\"@type\":\"EntryPoint\",\"urlTemplate\":\"https:\/\/www.erresse-shop.it\/de\/?s={search_term_string}\"},\"query-input\":\"required name=search_term_string\"}],\"inLanguage\":\"de-DE\"}]}<\/script>\n<!-- \/ Yoast SEO Premium plugin. -->","yoast_head_json":{"title":"ILLY 6 Packungen mit 10 Kompatible Kapseln Nespresso\u00ae Entkoffeiniert","description":"Entdecken Sie ILLY 6 Packungen mit 10 Kompatible Kapseln Nespresso\u00ae Entkoffeiniert bei ErresseShop. Qualit\u00e4t, Stil und Funktionalit\u00e4t \u2013 jetzt online bestellen!","robots":{"index":"index","follow":"follow","max-snippet":"max-snippet:-1","max-image-preview":"max-image-preview:large","max-video-preview":"max-video-preview:-1"},"canonical":"https:\/\/www.erresse-shop.it\/de\/shop\/kaffe\/kaffeepads-und-kapseln\/illy-6-packungen-mit-10-kompatible-kapseln-nespresso-entkoffeiniert\/","og_locale":"de_DE","og_type":"article","og_title":"ILLY 10 Packungen mit 10 Kompatible Kapseln Nespresso Entkoffeiniert","og_description":"Entdecken Sie ILLY 6 Packungen mit 10 Kompatible Kapseln Nespresso\u00ae Entkoffeiniert bei ErresseShop. Qualit\u00e4t, Stil und Funktionalit\u00e4t \u2013 jetzt online bestellen!","og_url":"https:\/\/www.erresse-shop.it\/de\/shop\/kaffe\/kaffeepads-und-kapseln\/illy-6-packungen-mit-10-kompatible-kapseln-nespresso-entkoffeiniert\/","og_site_name":"Erresse Shop","article_modified_time":"2025-05-22T10:59:51+00:00","og_image":[{"width":800,"height":800,"url":"https:\/\/www.erresse-shop.it\/wp-content\/uploads\/2023\/07\/ILLY-6-Confezioni-da-10-Capsule-Compatibili-Espresso-Decaffeinato.jpg","type":"image\/jpeg"}],"twitter_card":"summary_large_image","schema":{"@context":"https:\/\/schema.org","@graph":[{"@type":"WebPage","@id":"https:\/\/www.erresse-shop.it\/de\/shop\/kaffe\/kaffeepads-und-kapseln\/illy-6-packungen-mit-10-kompatible-kapseln-nespresso-entkoffeiniert\/","url":"https:\/\/www.erresse-shop.it\/de\/shop\/kaffe\/kaffeepads-und-kapseln\/illy-6-packungen-mit-10-kompatible-kapseln-nespresso-entkoffeiniert\/","name":"ILLY 6 Packungen mit 10 Kompatible Kapseln Nespresso\u00ae Entkoffeiniert","isPartOf":{"@id":"https:\/\/www.erresse-shop.it\/de\/#website"},"datePublished":"2023-07-17T14:46:46+00:00","dateModified":"2025-05-22T10:59:51+00:00","description":"Entdecken Sie ILLY 6 Packungen mit 10 Kompatible Kapseln Nespresso\u00ae Entkoffeiniert bei ErresseShop. Qualit\u00e4t, Stil und Funktionalit\u00e4t \u2013 jetzt online bestellen!","breadcrumb":{"@id":"https:\/\/www.erresse-shop.it\/de\/shop\/kaffe\/kaffeepads-und-kapseln\/illy-6-packungen-mit-10-kompatible-kapseln-nespresso-entkoffeiniert\/#breadcrumb"},"inLanguage":"de-DE","potentialAction":[{"@type":"ReadAction","target":["https:\/\/www.erresse-shop.it\/de\/shop\/kaffe\/kaffeepads-und-kapseln\/illy-6-packungen-mit-10-kompatible-kapseln-nespresso-entkoffeiniert\/"]}]},{"@type":"BreadcrumbList","@id":"https:\/\/www.erresse-shop.it\/de\/shop\/kaffe\/kaffeepads-und-kapseln\/illy-6-packungen-mit-10-kompatible-kapseln-nespresso-entkoffeiniert\/#breadcrumb","itemListElement":[{"@type":"ListItem","position":1,"name":"Home","item":"https:\/\/www.erresse-shop.it\/de\/"},{"@type":"ListItem","position":2,"name":"Shop","item":"https:\/\/www.erresse-shop.it\/de\/shop\/"},{"@type":"ListItem","position":3,"name":"ILLY 10 Packungen mit 10 Kompatible Kapseln Nespresso Entkoffeiniert"}]},{"@type":"WebSite","@id":"https:\/\/www.erresse-shop.it\/de\/#website","url":"https:\/\/www.erresse-shop.it\/de\/","name":"Erresse Shop","description":"Articoli di qualit\u00e0 per la casa","potentialAction":[{"@type":"SearchAction","target":{"@type":"EntryPoint","urlTemplate":"https:\/\/www.erresse-shop.it\/de\/?s={search_term_string}"},"query-input":"required name=search_term_string"}],"inLanguage":"de-DE"}]}},"df_price":46,"df_sale_price":46,"df_regular_price":46,"df_image_link":"https:\/\/www.erresse-shop.it\/wp-content\/uploads\/2023\/07\/ILLY-6-Confezioni-da-10-Capsule-Compatibili-Espresso-Decaffeinato-300x300.jpg","_links":{"self":[{"href":"https:\/\/www.erresse-shop.it\/de\/wp-json\/wp\/v2\/product\/292825"}],"collection":[{"href":"https:\/\/www.erresse-shop.it\/de\/wp-json\/wp\/v2\/product"}],"about":[{"href":"https:\/\/www.erresse-shop.it\/de\/wp-json\/wp\/v2\/types\/product"}],"wp:featuredmedia":[{"embeddable":true,"href":"https:\/\/www.erresse-shop.it\/de\/wp-json\/wp\/v2\/media\/292834"}],"wp:attachment":[{"href":"https:\/\/www.erresse-shop.it\/de\/wp-json\/wp\/v2\/media?parent=292825"}],"wp:term":[{"taxonomy":"product_cat","embeddable":true,"href":"https:\/\/www.erresse-shop.it\/de\/wp-json\/wp\/v2\/product_cat?post=292825"},{"taxonomy":"product_tag","embeddable":true,"href":"https:\/\/www.erresse-shop.it\/de\/wp-json\/wp\/v2\/product_tag?post=292825"}],"curies":[{"name":"wp","href":"https:\/\/api.w.org\/{rel}","templated":true}]}}