{"id":292727,"date":"2023-07-17T13:25:01","date_gmt":"2023-07-17T13:25:04","guid":{"rendered":"https:\/\/www.erresse-shop.it\/?post_type=product&#038;p=292727"},"modified":"2025-01-17T07:40:43","modified_gmt":"2025-01-17T07:40:43","slug":"illy-6-packungen-mit-18-kapseln-iperespresso-arabica-auswahl-brasilien","status":"publish","type":"product","link":"https:\/\/www.erresse-shop.it\/de\/shop\/kaffe\/kaffeepads-und-kapseln\/illy-6-packungen-mit-18-kapseln-iperespresso-arabica-auswahl-brasilien\/","title":{"rendered":"ILLY 6 Packungen mit 18 Kapseln IperEspresso Arabica-Auswahl Brasilien"},"content":{"rendered":"<p><strong>Verpackung mit 18 Kapseln, insgesamt 108 Kapseln (6 Verpackungen).<\/strong><\/p>\n<p>Inspiriert von den Anbaufl\u00e4chen im Hochland von S\u00fcdostbrasilien, wo ein Arabica-Kaffee mit einem intensiven, umh\u00fcllenden Aroma gewonnen wird, werden die Arabica Selection Brazil-Kapseln durch besondere Noten von Karamell und Trockenfr\u00fcchten bereichert, die dank eines neuen R\u00f6stprofils wahrnehmbar sind. Die idealen Kapseln f\u00fcr alle, die auf der Suche nach einem stimmungsvollen Aroma sind. Entworfen und hergestellt von Illy.<\/p>\n","protected":false},"excerpt":{"rendered":"<p>Verpackung mit 18 Kapseln, insgesamt 108 Kapseln (6 Verpackungen). Inspiriert von den Anbaufl\u00e4chen im Hochland von S\u00fcdostbrasilien, wo ein Arabica-Kaffee<\/p>\n","protected":false},"featured_media":292735,"template":"","meta":{"_acf_changed":false,"inline_featured_image":false},"product_cat":[25351,25392],"product_tag":[11638,23564,23230],"acf":[],"yoast_head":"<!-- This site is optimized with the Yoast SEO Premium plugin v18.6 (Yoast SEO v19.13) - https:\/\/yoast.com\/wordpress\/plugins\/seo\/ -->\n<title>ILLY 6 Packungen mit 18 Kapseln IperEspresso Arabica-Auswahl Brasilien<\/title>\n<meta name=\"description\" content=\"Entdecken Sie ILLY 6 Packungen mit 18 Kapseln IperEspresso Arabica-Auswahl Brasilien bei ErresseShop. Qualit\u00e4t, Stil und Funktionalit\u00e4t \u2013 jetzt online bestellen!\" \/>\n<meta name=\"robots\" content=\"index, follow, max-snippet:-1, max-image-preview:large, max-video-preview:-1\" \/>\n<link rel=\"canonical\" href=\"https:\/\/www.erresse-shop.it\/de\/shop\/kaffe\/kaffeepads-und-kapseln\/illy-6-packungen-mit-18-kapseln-iperespresso-arabica-auswahl-brasilien\/\" \/>\n<meta property=\"og:locale\" content=\"de_DE\" \/>\n<meta property=\"og:type\" content=\"article\" \/>\n<meta property=\"og:title\" content=\"ILLY 6 Packungen mit 18 Kapseln IperEspresso Arabica-Auswahl Brasilien\" \/>\n<meta property=\"og:description\" content=\"Entdecken Sie ILLY 6 Packungen mit 18 Kapseln IperEspresso Arabica-Auswahl Brasilien bei ErresseShop. Qualit\u00e4t, Stil und Funktionalit\u00e4t \u2013 jetzt online bestellen!\" \/>\n<meta property=\"og:url\" content=\"https:\/\/www.erresse-shop.it\/de\/shop\/kaffe\/kaffeepads-und-kapseln\/illy-6-packungen-mit-18-kapseln-iperespresso-arabica-auswahl-brasilien\/\" \/>\n<meta property=\"og:site_name\" content=\"Erresse Shop\" \/>\n<meta property=\"article:modified_time\" content=\"2025-01-17T07:40:43+00:00\" \/>\n<meta property=\"og:image\" content=\"https:\/\/www.erresse-shop.it\/wp-content\/uploads\/2023\/07\/ILLY-6-Confezioni-da-18-Capsule-IperEspresso-Arabica-Selection-Brasile.jpg\" \/>\n\t<meta property=\"og:image:width\" content=\"800\" \/>\n\t<meta property=\"og:image:height\" content=\"800\" \/>\n\t<meta property=\"og:image:type\" content=\"image\/jpeg\" \/>\n<meta name=\"twitter:card\" content=\"summary_large_image\" \/>\n<script type=\"application\/ld+json\" class=\"yoast-schema-graph\">{\"@context\":\"https:\/\/schema.org\",\"@graph\":[{\"@type\":\"WebPage\",\"@id\":\"https:\/\/www.erresse-shop.it\/de\/shop\/kaffe\/kaffeepads-und-kapseln\/illy-6-packungen-mit-18-kapseln-iperespresso-arabica-auswahl-brasilien\/\",\"url\":\"https:\/\/www.erresse-shop.it\/de\/shop\/kaffe\/kaffeepads-und-kapseln\/illy-6-packungen-mit-18-kapseln-iperespresso-arabica-auswahl-brasilien\/\",\"name\":\"ILLY 6 Packungen mit 18 Kapseln IperEspresso Arabica-Auswahl Brasilien\",\"isPartOf\":{\"@id\":\"https:\/\/www.erresse-shop.it\/de\/#website\"},\"datePublished\":\"2023-07-17T13:25:04+00:00\",\"dateModified\":\"2025-01-17T07:40:43+00:00\",\"description\":\"Entdecken Sie ILLY 6 Packungen mit 18 Kapseln IperEspresso Arabica-Auswahl Brasilien bei ErresseShop. Qualit\u00e4t, Stil und Funktionalit\u00e4t \u2013 jetzt online bestellen!\",\"breadcrumb\":{\"@id\":\"https:\/\/www.erresse-shop.it\/de\/shop\/kaffe\/kaffeepads-und-kapseln\/illy-6-packungen-mit-18-kapseln-iperespresso-arabica-auswahl-brasilien\/#breadcrumb\"},\"inLanguage\":\"de-DE\",\"potentialAction\":[{\"@type\":\"ReadAction\",\"target\":[\"https:\/\/www.erresse-shop.it\/de\/shop\/kaffe\/kaffeepads-und-kapseln\/illy-6-packungen-mit-18-kapseln-iperespresso-arabica-auswahl-brasilien\/\"]}]},{\"@type\":\"BreadcrumbList\",\"@id\":\"https:\/\/www.erresse-shop.it\/de\/shop\/kaffe\/kaffeepads-und-kapseln\/illy-6-packungen-mit-18-kapseln-iperespresso-arabica-auswahl-brasilien\/#breadcrumb\",\"itemListElement\":[{\"@type\":\"ListItem\",\"position\":1,\"name\":\"Home\",\"item\":\"https:\/\/www.erresse-shop.it\/de\/\"},{\"@type\":\"ListItem\",\"position\":2,\"name\":\"Shop\",\"item\":\"https:\/\/www.erresse-shop.it\/de\/shop\/\"},{\"@type\":\"ListItem\",\"position\":3,\"name\":\"ILLY 6 Packungen mit 18 Kapseln IperEspresso Arabica-Auswahl Brasilien\"}]},{\"@type\":\"WebSite\",\"@id\":\"https:\/\/www.erresse-shop.it\/de\/#website\",\"url\":\"https:\/\/www.erresse-shop.it\/de\/\",\"name\":\"Erresse Shop\",\"description\":\"Articoli di qualit\u00e0 per la casa\",\"potentialAction\":[{\"@type\":\"SearchAction\",\"target\":{\"@type\":\"EntryPoint\",\"urlTemplate\":\"https:\/\/www.erresse-shop.it\/de\/?s={search_term_string}\"},\"query-input\":\"required name=search_term_string\"}],\"inLanguage\":\"de-DE\"}]}<\/script>\n<!-- \/ Yoast SEO Premium plugin. -->","yoast_head_json":{"title":"ILLY 6 Packungen mit 18 Kapseln IperEspresso Arabica-Auswahl Brasilien","description":"Entdecken Sie ILLY 6 Packungen mit 18 Kapseln IperEspresso Arabica-Auswahl Brasilien bei ErresseShop. Qualit\u00e4t, Stil und Funktionalit\u00e4t \u2013 jetzt online bestellen!","robots":{"index":"index","follow":"follow","max-snippet":"max-snippet:-1","max-image-preview":"max-image-preview:large","max-video-preview":"max-video-preview:-1"},"canonical":"https:\/\/www.erresse-shop.it\/de\/shop\/kaffe\/kaffeepads-und-kapseln\/illy-6-packungen-mit-18-kapseln-iperespresso-arabica-auswahl-brasilien\/","og_locale":"de_DE","og_type":"article","og_title":"ILLY 6 Packungen mit 18 Kapseln IperEspresso Arabica-Auswahl Brasilien","og_description":"Entdecken Sie ILLY 6 Packungen mit 18 Kapseln IperEspresso Arabica-Auswahl Brasilien bei ErresseShop. Qualit\u00e4t, Stil und Funktionalit\u00e4t \u2013 jetzt online bestellen!","og_url":"https:\/\/www.erresse-shop.it\/de\/shop\/kaffe\/kaffeepads-und-kapseln\/illy-6-packungen-mit-18-kapseln-iperespresso-arabica-auswahl-brasilien\/","og_site_name":"Erresse Shop","article_modified_time":"2025-01-17T07:40:43+00:00","og_image":[{"width":800,"height":800,"url":"https:\/\/www.erresse-shop.it\/wp-content\/uploads\/2023\/07\/ILLY-6-Confezioni-da-18-Capsule-IperEspresso-Arabica-Selection-Brasile.jpg","type":"image\/jpeg"}],"twitter_card":"summary_large_image","schema":{"@context":"https:\/\/schema.org","@graph":[{"@type":"WebPage","@id":"https:\/\/www.erresse-shop.it\/de\/shop\/kaffe\/kaffeepads-und-kapseln\/illy-6-packungen-mit-18-kapseln-iperespresso-arabica-auswahl-brasilien\/","url":"https:\/\/www.erresse-shop.it\/de\/shop\/kaffe\/kaffeepads-und-kapseln\/illy-6-packungen-mit-18-kapseln-iperespresso-arabica-auswahl-brasilien\/","name":"ILLY 6 Packungen mit 18 Kapseln IperEspresso Arabica-Auswahl Brasilien","isPartOf":{"@id":"https:\/\/www.erresse-shop.it\/de\/#website"},"datePublished":"2023-07-17T13:25:04+00:00","dateModified":"2025-01-17T07:40:43+00:00","description":"Entdecken Sie ILLY 6 Packungen mit 18 Kapseln IperEspresso Arabica-Auswahl Brasilien bei ErresseShop. Qualit\u00e4t, Stil und Funktionalit\u00e4t \u2013 jetzt online bestellen!","breadcrumb":{"@id":"https:\/\/www.erresse-shop.it\/de\/shop\/kaffe\/kaffeepads-und-kapseln\/illy-6-packungen-mit-18-kapseln-iperespresso-arabica-auswahl-brasilien\/#breadcrumb"},"inLanguage":"de-DE","potentialAction":[{"@type":"ReadAction","target":["https:\/\/www.erresse-shop.it\/de\/shop\/kaffe\/kaffeepads-und-kapseln\/illy-6-packungen-mit-18-kapseln-iperespresso-arabica-auswahl-brasilien\/"]}]},{"@type":"BreadcrumbList","@id":"https:\/\/www.erresse-shop.it\/de\/shop\/kaffe\/kaffeepads-und-kapseln\/illy-6-packungen-mit-18-kapseln-iperespresso-arabica-auswahl-brasilien\/#breadcrumb","itemListElement":[{"@type":"ListItem","position":1,"name":"Home","item":"https:\/\/www.erresse-shop.it\/de\/"},{"@type":"ListItem","position":2,"name":"Shop","item":"https:\/\/www.erresse-shop.it\/de\/shop\/"},{"@type":"ListItem","position":3,"name":"ILLY 6 Packungen mit 18 Kapseln IperEspresso Arabica-Auswahl Brasilien"}]},{"@type":"WebSite","@id":"https:\/\/www.erresse-shop.it\/de\/#website","url":"https:\/\/www.erresse-shop.it\/de\/","name":"Erresse Shop","description":"Articoli di qualit\u00e0 per la casa","potentialAction":[{"@type":"SearchAction","target":{"@type":"EntryPoint","urlTemplate":"https:\/\/www.erresse-shop.it\/de\/?s={search_term_string}"},"query-input":"required name=search_term_string"}],"inLanguage":"de-DE"}]}},"df_price":59.4,"df_sale_price":59.4,"df_regular_price":59.4,"df_image_link":"https:\/\/www.erresse-shop.it\/wp-content\/uploads\/2023\/07\/ILLY-6-Confezioni-da-18-Capsule-IperEspresso-Arabica-Selection-Brasile-300x300.jpg","_links":{"self":[{"href":"https:\/\/www.erresse-shop.it\/de\/wp-json\/wp\/v2\/product\/292727"}],"collection":[{"href":"https:\/\/www.erresse-shop.it\/de\/wp-json\/wp\/v2\/product"}],"about":[{"href":"https:\/\/www.erresse-shop.it\/de\/wp-json\/wp\/v2\/types\/product"}],"wp:featuredmedia":[{"embeddable":true,"href":"https:\/\/www.erresse-shop.it\/de\/wp-json\/wp\/v2\/media\/292735"}],"wp:attachment":[{"href":"https:\/\/www.erresse-shop.it\/de\/wp-json\/wp\/v2\/media?parent=292727"}],"wp:term":[{"taxonomy":"product_cat","embeddable":true,"href":"https:\/\/www.erresse-shop.it\/de\/wp-json\/wp\/v2\/product_cat?post=292727"},{"taxonomy":"product_tag","embeddable":true,"href":"https:\/\/www.erresse-shop.it\/de\/wp-json\/wp\/v2\/product_tag?post=292727"}],"curies":[{"name":"wp","href":"https:\/\/api.w.org\/{rel}","templated":true}]}}