{"id":292708,"date":"2023-07-17T13:08:54","date_gmt":"2023-07-17T13:08:55","guid":{"rendered":"https:\/\/www.erresse-shop.it\/?post_type=product&#038;p=292708"},"modified":"2025-01-17T07:54:40","modified_gmt":"2025-01-17T07:54:40","slug":"jura-claris-smart-filterpatrone","status":"publish","type":"product","link":"https:\/\/www.erresse-shop.it\/de\/shop\/kaffe\/zubehoer\/jura-claris-smart-filterpatrone\/","title":{"rendered":"JURA Claris Smart+ Filterpatrone"},"content":{"rendered":"<p>Der intelligente Wasserfilter des PlusCoffee besteht zu 98% aus Wasser. Seine perfekte Qualit\u00e4t ist daher entscheidend f\u00fcr ein vollendetes Kaffeeresultat. Mit CLARIS smart+ revolutioniert JURA die Wasserfiltration noch weiter. Die Wasserfiltertechnologie sorgt f\u00fcr ein h\u00f6heres Mass an Hygiene in der Kaffeemaschine, bereits im Wassertank. Mit CLARIS smart+ erh\u00f6hen Sie den Schutz, die Produktsicherheit und die Lebensdauer Ihrer Kaffeemaschine. Die CLARIS-Filterpatrone verf\u00fcgt zus\u00e4tzlich am unteren Ende \u00fcber ein Depot mit nat\u00fcrlichen Wirkstoffen, die das Wasser im Beh\u00e4lter stabilisieren und so Kalkablagerungen im unteren Bereich des Beh\u00e4lters reduzieren. Dies funktioniert ohne zus\u00e4tzliche Energie oder Belastung, nur dank der nat\u00fcrlichen Bewegung des Wassers im Tank, durch die das Depot immer leicht hindurchflie\u00dft. Der obere Teil der CLARIS Filterpatrone f\u00fcr die Kaffeezubereitung mittels Ionenaustausch und Aktivkohle im Stromprinzip filtert genau die Wassermenge, die f\u00fcr eine perfekte Tasse Kaffee ben\u00f6tigt wird.Der Vorteil von Hygiene und SauberkeitCLARIS smart+ integriert das bew\u00e4hrte professionelle Versorgungsprinzip, das genau die Wassermenge filtert, die f\u00fcr jede Kaffeezubereitung ben\u00f6tigt wird, mit einem Depot mit nat\u00fcrlichen Wirkstoffen.<br \/>\nDas Plus: Dank seiner nat\u00fcrlichen Bewegung flie\u00dft das Wasser immer leicht und wird durch Kontakt stabilisiert. Das reduziert Kalkablagerungen und sorgt f\u00fcr maximale Sauberkeit im Wassertank.F\u00fcr jedes Leitungswasser geeignetDank der innovativen Rezeptur sind die Filterpatronen f\u00fcr alle Leitungswasserarten weltweit geeignet. Das effektive Granulat filtert Kalk immer in der optimalen Menge (auch bei geringer Wasserh\u00e4rte) und reduziert geschmacksst\u00f6rende Stoffe wie Chlor so effizient wie nie zuvor. Mineralien und Fluoride, die als wichtige Geschmackselemente wirken, bleiben erhalten. Die optimale Stabilisierung von Kalk bereits im Wassertank und die effiziente Filterung w\u00e4hrend der Kaffeezubereitung garantieren beste Hygiene und optimale Wasserqualit\u00e4t f\u00fcr einen perfekten Kaffeegeschmack.<\/p>\n","protected":false},"excerpt":{"rendered":"<p>Der intelligente Wasserfilter des PlusCoffee besteht zu 98% aus Wasser. Seine perfekte Qualit\u00e4t ist daher entscheidend f\u00fcr ein vollendetes Kaffeeresultat.<\/p>\n","protected":false},"featured_media":292722,"template":"","meta":{"_acf_changed":false,"inline_featured_image":false},"product_cat":[6733,6703,25351,25356],"product_tag":[23564,11947,20766,23609],"acf":[],"yoast_head":"<!-- This site is optimized with the Yoast SEO Premium plugin v18.6 (Yoast SEO v19.13) - https:\/\/yoast.com\/wordpress\/plugins\/seo\/ -->\n<title>JURA Claris Smart+ Filterpatrone<\/title>\n<meta name=\"description\" content=\"Entdecken Sie JURA Claris Smart+ Filterpatrone bei ErresseShop. Qualit\u00e4t, Stil und Funktionalit\u00e4t \u2013 jetzt online bestellen!\" \/>\n<meta name=\"robots\" content=\"index, follow, max-snippet:-1, max-image-preview:large, max-video-preview:-1\" \/>\n<link rel=\"canonical\" href=\"https:\/\/www.erresse-shop.it\/de\/shop\/kaffe\/zubehoer\/jura-claris-smart-filterpatrone\/\" \/>\n<meta property=\"og:locale\" content=\"de_DE\" \/>\n<meta property=\"og:type\" content=\"article\" \/>\n<meta property=\"og:title\" content=\"JURA Claris Smart+ Filterpatrone\" \/>\n<meta property=\"og:description\" content=\"Entdecken Sie JURA Claris Smart+ Filterpatrone bei ErresseShop. Qualit\u00e4t, Stil und Funktionalit\u00e4t \u2013 jetzt online bestellen!\" \/>\n<meta property=\"og:url\" content=\"https:\/\/www.erresse-shop.it\/de\/shop\/kaffe\/zubehoer\/jura-claris-smart-filterpatrone\/\" \/>\n<meta property=\"og:site_name\" content=\"Erresse Shop\" \/>\n<meta property=\"article:modified_time\" content=\"2025-01-17T07:54:40+00:00\" \/>\n<meta property=\"og:image\" content=\"https:\/\/www.erresse-shop.it\/wp-content\/uploads\/2023\/07\/JURA-Claris-Smart-Cartuccia-Filtro.jpg\" \/>\n\t<meta property=\"og:image:width\" content=\"800\" \/>\n\t<meta property=\"og:image:height\" content=\"800\" \/>\n\t<meta property=\"og:image:type\" content=\"image\/jpeg\" \/>\n<meta name=\"twitter:card\" content=\"summary_large_image\" \/>\n<script type=\"application\/ld+json\" class=\"yoast-schema-graph\">{\"@context\":\"https:\/\/schema.org\",\"@graph\":[{\"@type\":\"WebPage\",\"@id\":\"https:\/\/www.erresse-shop.it\/de\/shop\/kaffe\/zubehoer\/jura-claris-smart-filterpatrone\/\",\"url\":\"https:\/\/www.erresse-shop.it\/de\/shop\/kaffe\/zubehoer\/jura-claris-smart-filterpatrone\/\",\"name\":\"JURA Claris Smart+ Filterpatrone\",\"isPartOf\":{\"@id\":\"https:\/\/www.erresse-shop.it\/de\/#website\"},\"datePublished\":\"2023-07-17T13:08:55+00:00\",\"dateModified\":\"2025-01-17T07:54:40+00:00\",\"description\":\"Entdecken Sie JURA Claris Smart+ Filterpatrone bei ErresseShop. Qualit\u00e4t, Stil und Funktionalit\u00e4t \u2013 jetzt online bestellen!\",\"breadcrumb\":{\"@id\":\"https:\/\/www.erresse-shop.it\/de\/shop\/kaffe\/zubehoer\/jura-claris-smart-filterpatrone\/#breadcrumb\"},\"inLanguage\":\"de-DE\",\"potentialAction\":[{\"@type\":\"ReadAction\",\"target\":[\"https:\/\/www.erresse-shop.it\/de\/shop\/kaffe\/zubehoer\/jura-claris-smart-filterpatrone\/\"]}]},{\"@type\":\"BreadcrumbList\",\"@id\":\"https:\/\/www.erresse-shop.it\/de\/shop\/kaffe\/zubehoer\/jura-claris-smart-filterpatrone\/#breadcrumb\",\"itemListElement\":[{\"@type\":\"ListItem\",\"position\":1,\"name\":\"Home\",\"item\":\"https:\/\/www.erresse-shop.it\/de\/\"},{\"@type\":\"ListItem\",\"position\":2,\"name\":\"Shop\",\"item\":\"https:\/\/www.erresse-shop.it\/de\/shop\/\"},{\"@type\":\"ListItem\",\"position\":3,\"name\":\"JURA Claris Smart+ Filterpatrone\"}]},{\"@type\":\"WebSite\",\"@id\":\"https:\/\/www.erresse-shop.it\/de\/#website\",\"url\":\"https:\/\/www.erresse-shop.it\/de\/\",\"name\":\"Erresse Shop\",\"description\":\"Articoli di qualit\u00e0 per la casa\",\"potentialAction\":[{\"@type\":\"SearchAction\",\"target\":{\"@type\":\"EntryPoint\",\"urlTemplate\":\"https:\/\/www.erresse-shop.it\/de\/?s={search_term_string}\"},\"query-input\":\"required name=search_term_string\"}],\"inLanguage\":\"de-DE\"}]}<\/script>\n<!-- \/ Yoast SEO Premium plugin. -->","yoast_head_json":{"title":"JURA Claris Smart+ Filterpatrone","description":"Entdecken Sie JURA Claris Smart+ Filterpatrone bei ErresseShop. Qualit\u00e4t, Stil und Funktionalit\u00e4t \u2013 jetzt online bestellen!","robots":{"index":"index","follow":"follow","max-snippet":"max-snippet:-1","max-image-preview":"max-image-preview:large","max-video-preview":"max-video-preview:-1"},"canonical":"https:\/\/www.erresse-shop.it\/de\/shop\/kaffe\/zubehoer\/jura-claris-smart-filterpatrone\/","og_locale":"de_DE","og_type":"article","og_title":"JURA Claris Smart+ Filterpatrone","og_description":"Entdecken Sie JURA Claris Smart+ Filterpatrone bei ErresseShop. Qualit\u00e4t, Stil und Funktionalit\u00e4t \u2013 jetzt online bestellen!","og_url":"https:\/\/www.erresse-shop.it\/de\/shop\/kaffe\/zubehoer\/jura-claris-smart-filterpatrone\/","og_site_name":"Erresse Shop","article_modified_time":"2025-01-17T07:54:40+00:00","og_image":[{"width":800,"height":800,"url":"https:\/\/www.erresse-shop.it\/wp-content\/uploads\/2023\/07\/JURA-Claris-Smart-Cartuccia-Filtro.jpg","type":"image\/jpeg"}],"twitter_card":"summary_large_image","schema":{"@context":"https:\/\/schema.org","@graph":[{"@type":"WebPage","@id":"https:\/\/www.erresse-shop.it\/de\/shop\/kaffe\/zubehoer\/jura-claris-smart-filterpatrone\/","url":"https:\/\/www.erresse-shop.it\/de\/shop\/kaffe\/zubehoer\/jura-claris-smart-filterpatrone\/","name":"JURA Claris Smart+ Filterpatrone","isPartOf":{"@id":"https:\/\/www.erresse-shop.it\/de\/#website"},"datePublished":"2023-07-17T13:08:55+00:00","dateModified":"2025-01-17T07:54:40+00:00","description":"Entdecken Sie JURA Claris Smart+ Filterpatrone bei ErresseShop. Qualit\u00e4t, Stil und Funktionalit\u00e4t \u2013 jetzt online bestellen!","breadcrumb":{"@id":"https:\/\/www.erresse-shop.it\/de\/shop\/kaffe\/zubehoer\/jura-claris-smart-filterpatrone\/#breadcrumb"},"inLanguage":"de-DE","potentialAction":[{"@type":"ReadAction","target":["https:\/\/www.erresse-shop.it\/de\/shop\/kaffe\/zubehoer\/jura-claris-smart-filterpatrone\/"]}]},{"@type":"BreadcrumbList","@id":"https:\/\/www.erresse-shop.it\/de\/shop\/kaffe\/zubehoer\/jura-claris-smart-filterpatrone\/#breadcrumb","itemListElement":[{"@type":"ListItem","position":1,"name":"Home","item":"https:\/\/www.erresse-shop.it\/de\/"},{"@type":"ListItem","position":2,"name":"Shop","item":"https:\/\/www.erresse-shop.it\/de\/shop\/"},{"@type":"ListItem","position":3,"name":"JURA Claris Smart+ Filterpatrone"}]},{"@type":"WebSite","@id":"https:\/\/www.erresse-shop.it\/de\/#website","url":"https:\/\/www.erresse-shop.it\/de\/","name":"Erresse Shop","description":"Articoli di qualit\u00e0 per la casa","potentialAction":[{"@type":"SearchAction","target":{"@type":"EntryPoint","urlTemplate":"https:\/\/www.erresse-shop.it\/de\/?s={search_term_string}"},"query-input":"required name=search_term_string"}],"inLanguage":"de-DE"}]}},"df_price":17.91,"df_sale_price":17.91,"df_regular_price":19.9,"df_image_link":"https:\/\/www.erresse-shop.it\/wp-content\/uploads\/2023\/07\/JURA-Claris-Smart-Cartuccia-Filtro-300x300.jpg","_links":{"self":[{"href":"https:\/\/www.erresse-shop.it\/de\/wp-json\/wp\/v2\/product\/292708"}],"collection":[{"href":"https:\/\/www.erresse-shop.it\/de\/wp-json\/wp\/v2\/product"}],"about":[{"href":"https:\/\/www.erresse-shop.it\/de\/wp-json\/wp\/v2\/types\/product"}],"wp:featuredmedia":[{"embeddable":true,"href":"https:\/\/www.erresse-shop.it\/de\/wp-json\/wp\/v2\/media\/292722"}],"wp:attachment":[{"href":"https:\/\/www.erresse-shop.it\/de\/wp-json\/wp\/v2\/media?parent=292708"}],"wp:term":[{"taxonomy":"product_cat","embeddable":true,"href":"https:\/\/www.erresse-shop.it\/de\/wp-json\/wp\/v2\/product_cat?post=292708"},{"taxonomy":"product_tag","embeddable":true,"href":"https:\/\/www.erresse-shop.it\/de\/wp-json\/wp\/v2\/product_tag?post=292708"}],"curies":[{"name":"wp","href":"https:\/\/api.w.org\/{rel}","templated":true}]}}