{"id":29124,"date":"2018-10-17T10:35:52","date_gmt":"2018-10-17T10:35:52","guid":{"rendered":"https:\/\/www.erresse-shop.it\/?post_type=product&#038;p=29124"},"modified":"2025-01-17T06:24:50","modified_gmt":"2025-01-17T06:24:50","slug":"giannini-kaffeekanne-giannina-9-6-tasse","status":"publish","type":"product","link":"https:\/\/www.erresse-shop.it\/de\/shop\/kuche\/mokkas-kaffeemaschinen-espresso\/giannini-kaffeekanne-giannina-9-6-tasse\/","title":{"rendered":"GIANNINI Giannina Kaffeekanne 9\/6 Tasse"},"content":{"rendered":"<p>Das erste Produkt unseres Unternehmens wurde 1968 von Carlo Giannini entwickelt, der jedes Teil konzipierte und die Komponenten und den Produktionsprozess pers\u00f6nlich verfeinerte. Giannina beh\u00e4lt immer noch ein effektives und attraktives Design und eine sehr hohe Leistungsqualit\u00e4t bei. Vollst\u00e4ndig aus hochglanzpoliertem Edelstahl gefertigt. Originaldesign seit 1968. Schnappverschluss dank Drehung des Griffs, der direkt am unteren Teil der Kaffeemaschine einhakt. Dank des mitgelieferten Reduktionsfilters k\u00f6nnen zwei verschiedene Kaffeemengen abgegeben werden. Verwendbar auf der Induktionsplatte, au\u00dfer beim 1-Tassen-Modell. Made in Italy handwerkliche Produktion. Kessel mit nicht verschraubtem Verschluss, mit Giannini-Patent. Kapazit\u00e4t neun Tassen (komplett mit Sechs-Tassen-Reduzierst\u00fcck).<\/p>\n","protected":false},"excerpt":{"rendered":"<p>Das erste Produkt unseres Unternehmens wurde 1968 von Carlo Giannini entwickelt, der jedes Teil konzipierte und die Komponenten und den<\/p>\n","protected":false},"featured_media":374321,"template":"","meta":{"_acf_changed":false,"inline_featured_image":false},"product_cat":[6742,6835],"product_tag":[25027,11577,11573,23564,24398,24416,11569,11493,11385,11718,11571,25022],"acf":[],"yoast_head":"<!-- This site is optimized with the Yoast SEO Premium plugin v18.6 (Yoast SEO v19.13) - https:\/\/yoast.com\/wordpress\/plugins\/seo\/ -->\n<title>GIANNINI Giannina Kaffeekanne 9\/6 Tasse<\/title>\n<meta name=\"description\" content=\"Entdecken Sie GIANNINI Giannina Kaffeekanne 9\/6 Tasse bei ErresseShop. Qualit\u00e4t, Stil und Funktionalit\u00e4t \u2013 jetzt online bestellen!\" \/>\n<meta name=\"robots\" content=\"index, follow, max-snippet:-1, max-image-preview:large, max-video-preview:-1\" \/>\n<link rel=\"canonical\" href=\"https:\/\/www.erresse-shop.it\/de\/shop\/kuche\/mokkas-kaffeemaschinen-espresso\/giannini-kaffeekanne-giannina-9-6-tasse\/\" \/>\n<meta property=\"og:locale\" content=\"de_DE\" \/>\n<meta property=\"og:type\" content=\"article\" \/>\n<meta property=\"og:title\" content=\"GIANNINI Giannina Kaffeekanne 9\/6 Tasse\" \/>\n<meta property=\"og:description\" content=\"Entdecken Sie GIANNINI Giannina Kaffeekanne 9\/6 Tasse bei ErresseShop. Qualit\u00e4t, Stil und Funktionalit\u00e4t \u2013 jetzt online bestellen!\" \/>\n<meta property=\"og:url\" content=\"https:\/\/www.erresse-shop.it\/de\/shop\/kuche\/mokkas-kaffeemaschinen-espresso\/giannini-kaffeekanne-giannina-9-6-tasse\/\" \/>\n<meta property=\"og:site_name\" content=\"Erresse Shop\" \/>\n<meta property=\"article:modified_time\" content=\"2025-01-17T06:24:50+00:00\" \/>\n<meta property=\"og:image\" content=\"https:\/\/www.erresse-shop.it\/wp-content\/uploads\/2018\/10\/GIANNINI-Caffettiera-Giannina-9-6-tazze.jpg\" \/>\n\t<meta property=\"og:image:width\" content=\"800\" \/>\n\t<meta property=\"og:image:height\" content=\"800\" \/>\n\t<meta property=\"og:image:type\" content=\"image\/jpeg\" \/>\n<meta name=\"twitter:card\" content=\"summary_large_image\" \/>\n<script type=\"application\/ld+json\" class=\"yoast-schema-graph\">{\"@context\":\"https:\/\/schema.org\",\"@graph\":[{\"@type\":\"WebPage\",\"@id\":\"https:\/\/www.erresse-shop.it\/de\/shop\/kuche\/mokkas-kaffeemaschinen-espresso\/giannini-kaffeekanne-giannina-9-6-tasse\/\",\"url\":\"https:\/\/www.erresse-shop.it\/de\/shop\/kuche\/mokkas-kaffeemaschinen-espresso\/giannini-kaffeekanne-giannina-9-6-tasse\/\",\"name\":\"GIANNINI Giannina Kaffeekanne 9\/6 Tasse\",\"isPartOf\":{\"@id\":\"https:\/\/www.erresse-shop.it\/de\/#website\"},\"datePublished\":\"2018-10-17T10:35:52+00:00\",\"dateModified\":\"2025-01-17T06:24:50+00:00\",\"description\":\"Entdecken Sie GIANNINI Giannina Kaffeekanne 9\/6 Tasse bei ErresseShop. Qualit\u00e4t, Stil und Funktionalit\u00e4t \u2013 jetzt online bestellen!\",\"breadcrumb\":{\"@id\":\"https:\/\/www.erresse-shop.it\/de\/shop\/kuche\/mokkas-kaffeemaschinen-espresso\/giannini-kaffeekanne-giannina-9-6-tasse\/#breadcrumb\"},\"inLanguage\":\"de-DE\",\"potentialAction\":[{\"@type\":\"ReadAction\",\"target\":[\"https:\/\/www.erresse-shop.it\/de\/shop\/kuche\/mokkas-kaffeemaschinen-espresso\/giannini-kaffeekanne-giannina-9-6-tasse\/\"]}]},{\"@type\":\"BreadcrumbList\",\"@id\":\"https:\/\/www.erresse-shop.it\/de\/shop\/kuche\/mokkas-kaffeemaschinen-espresso\/giannini-kaffeekanne-giannina-9-6-tasse\/#breadcrumb\",\"itemListElement\":[{\"@type\":\"ListItem\",\"position\":1,\"name\":\"Home\",\"item\":\"https:\/\/www.erresse-shop.it\/de\/\"},{\"@type\":\"ListItem\",\"position\":2,\"name\":\"Shop\",\"item\":\"https:\/\/www.erresse-shop.it\/de\/shop\/\"},{\"@type\":\"ListItem\",\"position\":3,\"name\":\"GIANNINI Giannina Kaffeekanne 9\/6 Tasse\"}]},{\"@type\":\"WebSite\",\"@id\":\"https:\/\/www.erresse-shop.it\/de\/#website\",\"url\":\"https:\/\/www.erresse-shop.it\/de\/\",\"name\":\"Erresse Shop\",\"description\":\"Articoli di qualit\u00e0 per la casa\",\"potentialAction\":[{\"@type\":\"SearchAction\",\"target\":{\"@type\":\"EntryPoint\",\"urlTemplate\":\"https:\/\/www.erresse-shop.it\/de\/?s={search_term_string}\"},\"query-input\":\"required name=search_term_string\"}],\"inLanguage\":\"de-DE\"}]}<\/script>\n<!-- \/ Yoast SEO Premium plugin. -->","yoast_head_json":{"title":"GIANNINI Giannina Kaffeekanne 9\/6 Tasse","description":"Entdecken Sie GIANNINI Giannina Kaffeekanne 9\/6 Tasse bei ErresseShop. Qualit\u00e4t, Stil und Funktionalit\u00e4t \u2013 jetzt online bestellen!","robots":{"index":"index","follow":"follow","max-snippet":"max-snippet:-1","max-image-preview":"max-image-preview:large","max-video-preview":"max-video-preview:-1"},"canonical":"https:\/\/www.erresse-shop.it\/de\/shop\/kuche\/mokkas-kaffeemaschinen-espresso\/giannini-kaffeekanne-giannina-9-6-tasse\/","og_locale":"de_DE","og_type":"article","og_title":"GIANNINI Giannina Kaffeekanne 9\/6 Tasse","og_description":"Entdecken Sie GIANNINI Giannina Kaffeekanne 9\/6 Tasse bei ErresseShop. Qualit\u00e4t, Stil und Funktionalit\u00e4t \u2013 jetzt online bestellen!","og_url":"https:\/\/www.erresse-shop.it\/de\/shop\/kuche\/mokkas-kaffeemaschinen-espresso\/giannini-kaffeekanne-giannina-9-6-tasse\/","og_site_name":"Erresse Shop","article_modified_time":"2025-01-17T06:24:50+00:00","og_image":[{"width":800,"height":800,"url":"https:\/\/www.erresse-shop.it\/wp-content\/uploads\/2018\/10\/GIANNINI-Caffettiera-Giannina-9-6-tazze.jpg","type":"image\/jpeg"}],"twitter_card":"summary_large_image","schema":{"@context":"https:\/\/schema.org","@graph":[{"@type":"WebPage","@id":"https:\/\/www.erresse-shop.it\/de\/shop\/kuche\/mokkas-kaffeemaschinen-espresso\/giannini-kaffeekanne-giannina-9-6-tasse\/","url":"https:\/\/www.erresse-shop.it\/de\/shop\/kuche\/mokkas-kaffeemaschinen-espresso\/giannini-kaffeekanne-giannina-9-6-tasse\/","name":"GIANNINI Giannina Kaffeekanne 9\/6 Tasse","isPartOf":{"@id":"https:\/\/www.erresse-shop.it\/de\/#website"},"datePublished":"2018-10-17T10:35:52+00:00","dateModified":"2025-01-17T06:24:50+00:00","description":"Entdecken Sie GIANNINI Giannina Kaffeekanne 9\/6 Tasse bei ErresseShop. Qualit\u00e4t, Stil und Funktionalit\u00e4t \u2013 jetzt online bestellen!","breadcrumb":{"@id":"https:\/\/www.erresse-shop.it\/de\/shop\/kuche\/mokkas-kaffeemaschinen-espresso\/giannini-kaffeekanne-giannina-9-6-tasse\/#breadcrumb"},"inLanguage":"de-DE","potentialAction":[{"@type":"ReadAction","target":["https:\/\/www.erresse-shop.it\/de\/shop\/kuche\/mokkas-kaffeemaschinen-espresso\/giannini-kaffeekanne-giannina-9-6-tasse\/"]}]},{"@type":"BreadcrumbList","@id":"https:\/\/www.erresse-shop.it\/de\/shop\/kuche\/mokkas-kaffeemaschinen-espresso\/giannini-kaffeekanne-giannina-9-6-tasse\/#breadcrumb","itemListElement":[{"@type":"ListItem","position":1,"name":"Home","item":"https:\/\/www.erresse-shop.it\/de\/"},{"@type":"ListItem","position":2,"name":"Shop","item":"https:\/\/www.erresse-shop.it\/de\/shop\/"},{"@type":"ListItem","position":3,"name":"GIANNINI Giannina Kaffeekanne 9\/6 Tasse"}]},{"@type":"WebSite","@id":"https:\/\/www.erresse-shop.it\/de\/#website","url":"https:\/\/www.erresse-shop.it\/de\/","name":"Erresse Shop","description":"Articoli di qualit\u00e0 per la casa","potentialAction":[{"@type":"SearchAction","target":{"@type":"EntryPoint","urlTemplate":"https:\/\/www.erresse-shop.it\/de\/?s={search_term_string}"},"query-input":"required name=search_term_string"}],"inLanguage":"de-DE"}]}},"df_price":184,"df_sale_price":184,"df_regular_price":184,"df_image_link":"https:\/\/www.erresse-shop.it\/wp-content\/uploads\/2018\/10\/GIANNINI-Caffettiera-Giannina-9-6-tazze-300x300.jpg","_links":{"self":[{"href":"https:\/\/www.erresse-shop.it\/de\/wp-json\/wp\/v2\/product\/29124"}],"collection":[{"href":"https:\/\/www.erresse-shop.it\/de\/wp-json\/wp\/v2\/product"}],"about":[{"href":"https:\/\/www.erresse-shop.it\/de\/wp-json\/wp\/v2\/types\/product"}],"wp:featuredmedia":[{"embeddable":true,"href":"https:\/\/www.erresse-shop.it\/de\/wp-json\/wp\/v2\/media\/374321"}],"wp:attachment":[{"href":"https:\/\/www.erresse-shop.it\/de\/wp-json\/wp\/v2\/media?parent=29124"}],"wp:term":[{"taxonomy":"product_cat","embeddable":true,"href":"https:\/\/www.erresse-shop.it\/de\/wp-json\/wp\/v2\/product_cat?post=29124"},{"taxonomy":"product_tag","embeddable":true,"href":"https:\/\/www.erresse-shop.it\/de\/wp-json\/wp\/v2\/product_tag?post=29124"}],"curies":[{"name":"wp","href":"https:\/\/api.w.org\/{rel}","templated":true}]}}