{"id":291229,"date":"2023-07-13T10:51:36","date_gmt":"2023-07-13T10:51:37","guid":{"rendered":"https:\/\/www.erresse-shop.it\/?post_type=product&#038;p=291229"},"modified":"2025-01-17T14:58:12","modified_gmt":"2025-01-17T14:58:12","slug":"smeg-manuelle-espresso-kaffeemaschine-mit-kaffeemuhle-schwarz","status":"publish","type":"product","link":"https:\/\/www.erresse-shop.it\/de\/shop\/kleine-elektrogeraete\/kaffeemaschinen-espresso\/handbuecher\/smeg-manuelle-espresso-kaffeemaschine-mit-kaffeemuhle-schwarz\/","title":{"rendered":"SMEG Manuelle Espresso-Kaffeemaschine mit Kaffeem\u00fchle Schwarz"},"content":{"rendered":"<p><strong>SMEG<\/strong> 50er Jahre Serie<\/p>\n<p>Symbolische Begegnungsobjekte, Ikonen, die den Raum, den sie einnehmen, verwandeln, die neuen Kleinen der Linie Anni &#8217;50s, die in Zusammenarbeit mit Matteo Bazzicalupo und Raffaella Mangiarotti von deepdesign entworfen wurden, erinnern an andere Zeiten und gestalten allt\u00e4gliche Orte, indem sie dem, was bereits existiert oder existiert hat, eine neue Bedeutung verleihen, wie es in der Kunst und in der Erinnerung geschieht.<br \/>\nDie Produkte mit ihren runden und kompakten Formen sind Protagonisten der K\u00fcche, die f\u00fcr diejenigen gedacht sind, die die Erfahrung eines K\u00fcchenchefs machen wollen, aber nicht nur. F\u00fcr diejenigen, die sich gerne mit Objekten umgeben, die einen starken \u00e4sthetischen Charakter haben, ohne dabei die hohe Qualit\u00e4t der Leistungen aus den Augen zu verlieren.<\/p>\n<p>Manuelle Espressomaschine mit integrierter Kaffeem\u00fchle: das Erlebnis der Kaffee- und Milchzubereitung wie an der Bar.<\/p>\n<ul>\n<li>Integrierte Kaffeem\u00fchle: das echte Kaffeearoma von frisch gemahlenem Kaffee<\/li>\n<li>Heizsystem mit doppeltem Thermoblock: Kaffee- und Dampfbr\u00fchung immer ohne Wartezeit.<\/li>\n<li>Kaffeemaschine f\u00fcr die perfekte Zubereitung von echtem italienischen<\/li>\n<li>Espresso, mit einfacher und doppelter Espressofunktion<br \/>\n20 bar Pumpenleistung: f\u00fcr eine stets korrekte Espressoextraktion<\/li>\n<\/ul>\n<p><strong>Barista Ritual<\/strong><\/p>\n<p>Mit der Smeg EGF03 Maschine k\u00f6nnen Sie die Barista Experience erleben: ein Konzentrat von Technologien, die zur Zubereitung eines optimalen Kaffees beitragen.<br \/>\nF\u00fcr ein gleichm\u00e4\u00dfiges Mahlen ist die integrierte Kaffeem\u00fchle mit konischen Edelstahlmahlwerken ausgestattet, die es Ihnen erm\u00f6glichen, den Mahlgrad auf eine superfeine Stufe einzustellen. Dank des Filterhalters mit 58 mm Durchmesser und der professionellen Dampfd\u00fcse mit zwei Dampfstufen k\u00f6nnen Sie Kaffee- und Milchzubereitungen wie ein echter Barista zubereiten. Mit dem Manometer k\u00f6nnen Sie \u00fcberpr\u00fcfen, ob die Extraktion entsprechend den Espresso-Parametern optimal erfolgt ist.<\/p>\n<p><strong>Thermoblock<\/strong><\/p>\n<p>Das doppelte Thermoblock-Heizsystem, eines f\u00fcr den Kaffeekreislauf und eines f\u00fcr den Milchkreislauf, sorgt daf\u00fcr, dass die Dampffunktion immer bereit ist, nachdem der Kaffee gebr\u00fcht wurde, und vermeidet so Wartezeiten beim Aufsch\u00e4umen der Milch.<\/p>\n<p><strong>Einstellungen<\/strong><\/p>\n<p>Die neue Espressomaschine erm\u00f6glicht es Ihnen, Ihre Getr\u00e4nke ganz nach Ihrem Geschmack zuzubereiten: Mit dem dualen Men\u00fc k\u00f6nnen Sie zwischen zwei voreingestellten Mahlgradoptionen f\u00fcr die Zubereitung eines einfachen oder doppelten Espressos und zwei Br\u00fchoptionen f\u00fcr die Zubereitung von einer oder zwei Tassen Kaffee w\u00e4hlen.<\/p>\n<p>Im Einstellungsmen\u00fc k\u00f6nnen Sie Ihr bevorzugtes Pre-Infusion-Profil aus 4 verschiedenen Profilen (kurze, Standard-, lange, progressive Pre-Infusion) und aus 4 Extraktions-Temperaturstufen w\u00e4hlen, um den Kaffeemoment zu einem wahren Ritual zu machen.<\/p>\n<p><strong>Professionelles Zubeh\u00f6r<\/strong><\/p>\n<p>Das mitgelieferte Zubeh\u00f6r vervollst\u00e4ndigt das Kaffeeerlebnis f\u00fcr Genie\u00dfer: die drucklosen und druckbeaufschlagten Filter, die Milchkaraffe und diverses Zubeh\u00f6r f\u00fcr die Reinigung und Pflege der Maschine.<\/p>\n<p><strong>AESTHETICS<\/strong><br \/>\n<strong>Farbe:<\/strong> Schwarz<br \/>\n<strong>Ausf\u00fchrung:<\/strong> poliert<br \/>\n<strong>\u00c4sthetik:<\/strong> 50er Jahre Stil<br \/>\n<strong>Material des Geh\u00e4uses:<\/strong> Aluminium-Druckguss<br \/>\n<strong>Bodenmaterial:<\/strong> Kunststoff<br \/>\n<strong>Tank-Material:<\/strong> SAN<br \/>\n<strong>Material Mahlwerk:<\/strong> Rostfreier Stahl<br \/>\n<strong>Material des Bohnenbeh\u00e4lters:<\/strong> SAN<br \/>\n<strong>Material Bohnenbeh\u00e4lterdeckel:<\/strong> SAN und TPE<br \/>\n<strong>Material Tassenw\u00e4rmer:<\/strong> Rostfreier Stahl<br \/>\n<strong>Material Dampf-\/Hei\u00dfwasserhebel:<\/strong> Zinklegierung<br \/>\n<strong>Material der Br\u00fcheinheit:<\/strong> Edelstahl<br \/>\n<strong>Material Filterhalter<\/strong>: Edelstahl<br \/>\n<strong>Farbe des Filterhalterarms:<\/strong> Grau<br \/>\n<strong>Material Filterhalterarm:<\/strong> Kunststoff<br \/>\n<strong>Material des Filterhaltergitters:<\/strong> Rostfreier Stahl<br \/>\n<strong>Material Milchpresse:<\/strong> Edelstahl<br \/>\n<strong>Material Milchk\u00e4nnchen:<\/strong> Rostfreier Stahl<br \/>\n<strong>Material Dampf-\/Hei\u00dfwasserd\u00fcse:<\/strong> Rostfreier Stahl<br \/>\n<strong>Material Tropfschale:<\/strong> Aluminium-Druckguss<\/p>\n<p><strong>FUNKTIONEN<\/strong><br \/>\n<strong>Einzelkaffeefunktion:<\/strong> Ja<br \/>\n<strong>Funktion f\u00fcr doppelten Kaffee:<\/strong> Ja<br \/>\n<strong>Einstellbare Kaffeel\u00e4nge:<\/strong> Ja<br \/>\n<strong>Programmierbare Wassereinstellung:<\/strong> mild\/mittel\/hart\/sehr hart<br \/>\n<strong>Entkalkungswarnung:<\/strong> Ja<br \/>\n<strong>Warnung bei leerem\/ fehlendem Wassertank:<\/strong> Ja<br \/>\n<strong>Einstellbare Stand-by-Funktion:<\/strong> Ja<br \/>\n<strong>Programmierbare Bereitschaftszeit:<\/strong> 10 min\/30 min\/40 min\/60 min<br \/>\n<strong>Einstellung des Vorbr\u00fchprofils:<\/strong> Kurz \/ Standard \/ Lang \/ Progressive Vorbr\u00fchung<br \/>\n<strong>Dampfintensit\u00e4t:<\/strong> 2 Stufen<br \/>\n<strong>Einstellung der Kaffee-Extraktionstemperatur:<\/strong> niedrig \/ mittel \/ optimal \/ hoch<br \/>\n<strong>Mahlgrad:<\/strong> Superfine \/ Fein \/ Mittel<br \/>\n<strong>Mahlgrad f\u00fcr Einzelkaffee:<\/strong> Ja<br \/>\n<strong>Doppelter Kaffeemahlgrad:<\/strong> Ja<br \/>\n<strong>Einstellbare Mahlmenge:<\/strong> Ja<\/p>\n<p><strong>KOMMANDOS<\/strong><br \/>\n<strong>Bedienelemente:<\/strong> Kn\u00f6pfe, Hebel<br \/>\n<strong>Tastenmaterial:<\/strong> Kunststoff<br \/>\n<strong>Farbe der Tasten:<\/strong> Silber<br \/>\n<strong>Anzahl der Tasten:<\/strong> 4<br \/>\n<strong>Einstellung des Mahlgrads:<\/strong> Drehung des Bohnenbeh\u00e4lters<br \/>\n<strong>Dampfaktivierungsmodus:<\/strong> Hebel<br \/>\n<strong>Material des Filterhalters:<\/strong> Kunststoff<\/p>\n<p><strong>TECHNISCHE MERKMALE<\/strong><br \/>\n<strong>Heizsystem:<\/strong> Doppelter Thermoblock<br \/>\n<strong>Pumpendruck:<\/strong> 15 bar<br \/>\n<strong>Kaffeeauslauf:<\/strong> Doppelt<br \/>\n<strong>Mahlsteintyp:<\/strong> Konisch<br \/>\n<strong>Abnehmbares oberes Mahlwerk:<\/strong> Ja<br \/>\n<strong>Fassungsverm\u00f6gen Wassertank:<\/strong> 2,4 l<br \/>\n<strong>Abnehmbarer Wassertank:<\/strong> Ja<br \/>\n<strong>Abnehmbare Abtropfschale:<\/strong> Ja<br \/>\n<strong>Manometer:<\/strong> Ja<br \/>\n<strong>Tassenw\u00e4rmer:<\/strong> Passiv<br \/>\n<strong>Durchmesser des Filterhalters:<\/strong> 58 mm<br \/>\n<strong>Pumpendruck des Kaffeekreislaufs:<\/strong> 20 bar<br \/>\n<strong>Bohnenbeh\u00e4lter mit Twist &amp; Lock-System:<\/strong> Ja<br \/>\n<strong>Abnehmbarer Bohnenbeh\u00e4lter:<\/strong> Ja<br \/>\n<strong>Professionelle Dampfd\u00fcse:<\/strong> Ja<br \/>\n<strong>Fassungsverm\u00f6gen des Bohnenbeh\u00e4lters:<\/strong> 250 g<br \/>\n<strong>Rutschfester Boden:<\/strong> Ja<\/p>\n<p><strong>ELEKTRISCHE DATEN<\/strong><br \/>\n<strong>Spannung:<\/strong> 220-240V<br \/>\n<strong>Frequenz:<\/strong> 50\/60 Hz<br \/>\n<strong>Kabell\u00e4nge:<\/strong> 1 m<\/p>\n<p><strong>Nicht zum Verkauf au\u00dferhalb Europas<\/strong><\/p>\n","protected":false},"excerpt":{"rendered":"<p>SMEG 50er Jahre Serie Symbolische Begegnungsobjekte, Ikonen, die den Raum, den sie einnehmen, verwandeln, die neuen Kleinen der Linie Anni<\/p>\n","protected":false},"featured_media":508921,"template":"","meta":{"_acf_changed":false,"inline_featured_image":false},"product_cat":[6733,6703,25366],"product_tag":[25182,23564,13966,23232,11619,23582,12357,25022],"acf":[],"yoast_head":"<!-- This site is optimized with the Yoast SEO Premium plugin v18.6 (Yoast SEO v19.13) - https:\/\/yoast.com\/wordpress\/plugins\/seo\/ -->\n<title>SMEG Manuelle Espresso-Kaffeemaschine mit Kaffeem\u00fchle Schwarz<\/title>\n<meta name=\"description\" content=\"Entdecken Sie SMEG Manuelle Espresso-Kaffeemaschine mit Kaffeem\u00fchle Schwarz bei ErresseShop. Qualit\u00e4t, Stil und Funktionalit\u00e4t \u2013 jetzt online bestellen!\" \/>\n<meta name=\"robots\" content=\"index, follow, max-snippet:-1, max-image-preview:large, max-video-preview:-1\" \/>\n<link rel=\"canonical\" href=\"https:\/\/www.erresse-shop.it\/de\/shop\/kleine-elektrogeraete\/kaffeemaschinen-espresso\/handbuecher\/smeg-manuelle-espresso-kaffeemaschine-mit-kaffeemuhle-schwarz\/\" \/>\n<meta property=\"og:locale\" content=\"de_DE\" \/>\n<meta property=\"og:type\" content=\"article\" \/>\n<meta property=\"og:title\" content=\"SMEG Manuelle Espresso-Kaffeemaschine mit Kaffeem\u00fchle Schwarz\" \/>\n<meta property=\"og:description\" content=\"Entdecken Sie SMEG Manuelle Espresso-Kaffeemaschine mit Kaffeem\u00fchle Schwarz bei ErresseShop. Qualit\u00e4t, Stil und Funktionalit\u00e4t \u2013 jetzt online bestellen!\" \/>\n<meta property=\"og:url\" content=\"https:\/\/www.erresse-shop.it\/de\/shop\/kleine-elektrogeraete\/kaffeemaschinen-espresso\/handbuecher\/smeg-manuelle-espresso-kaffeemaschine-mit-kaffeemuhle-schwarz\/\" \/>\n<meta property=\"og:site_name\" content=\"Erresse Shop\" \/>\n<meta property=\"article:modified_time\" content=\"2025-01-17T14:58:12+00:00\" \/>\n<meta property=\"og:image\" content=\"https:\/\/www.erresse-shop.it\/wp-content\/uploads\/2023\/07\/SMEG-Macchina-da-Caffe\u0300-Espresso-Manuale-Nero.jpg\" \/>\n\t<meta property=\"og:image:width\" content=\"800\" \/>\n\t<meta property=\"og:image:height\" content=\"800\" \/>\n\t<meta property=\"og:image:type\" content=\"image\/jpeg\" \/>\n<meta name=\"twitter:card\" content=\"summary_large_image\" \/>\n<script type=\"application\/ld+json\" class=\"yoast-schema-graph\">{\"@context\":\"https:\/\/schema.org\",\"@graph\":[{\"@type\":\"WebPage\",\"@id\":\"https:\/\/www.erresse-shop.it\/de\/shop\/kleine-elektrogeraete\/kaffeemaschinen-espresso\/handbuecher\/smeg-manuelle-espresso-kaffeemaschine-mit-kaffeemuhle-schwarz\/\",\"url\":\"https:\/\/www.erresse-shop.it\/de\/shop\/kleine-elektrogeraete\/kaffeemaschinen-espresso\/handbuecher\/smeg-manuelle-espresso-kaffeemaschine-mit-kaffeemuhle-schwarz\/\",\"name\":\"SMEG Manuelle Espresso-Kaffeemaschine mit Kaffeem\u00fchle Schwarz\",\"isPartOf\":{\"@id\":\"https:\/\/www.erresse-shop.it\/de\/#website\"},\"datePublished\":\"2023-07-13T10:51:37+00:00\",\"dateModified\":\"2025-01-17T14:58:12+00:00\",\"description\":\"Entdecken Sie SMEG Manuelle Espresso-Kaffeemaschine mit Kaffeem\u00fchle Schwarz bei ErresseShop. Qualit\u00e4t, Stil und Funktionalit\u00e4t \u2013 jetzt online bestellen!\",\"breadcrumb\":{\"@id\":\"https:\/\/www.erresse-shop.it\/de\/shop\/kleine-elektrogeraete\/kaffeemaschinen-espresso\/handbuecher\/smeg-manuelle-espresso-kaffeemaschine-mit-kaffeemuhle-schwarz\/#breadcrumb\"},\"inLanguage\":\"de-DE\",\"potentialAction\":[{\"@type\":\"ReadAction\",\"target\":[\"https:\/\/www.erresse-shop.it\/de\/shop\/kleine-elektrogeraete\/kaffeemaschinen-espresso\/handbuecher\/smeg-manuelle-espresso-kaffeemaschine-mit-kaffeemuhle-schwarz\/\"]}]},{\"@type\":\"BreadcrumbList\",\"@id\":\"https:\/\/www.erresse-shop.it\/de\/shop\/kleine-elektrogeraete\/kaffeemaschinen-espresso\/handbuecher\/smeg-manuelle-espresso-kaffeemaschine-mit-kaffeemuhle-schwarz\/#breadcrumb\",\"itemListElement\":[{\"@type\":\"ListItem\",\"position\":1,\"name\":\"Home\",\"item\":\"https:\/\/www.erresse-shop.it\/de\/\"},{\"@type\":\"ListItem\",\"position\":2,\"name\":\"Shop\",\"item\":\"https:\/\/www.erresse-shop.it\/de\/shop\/\"},{\"@type\":\"ListItem\",\"position\":3,\"name\":\"SMEG Manuelle Espresso-Kaffeemaschine mit Kaffeem\u00fchle Schwarz\"}]},{\"@type\":\"WebSite\",\"@id\":\"https:\/\/www.erresse-shop.it\/de\/#website\",\"url\":\"https:\/\/www.erresse-shop.it\/de\/\",\"name\":\"Erresse Shop\",\"description\":\"Articoli di qualit\u00e0 per la casa\",\"potentialAction\":[{\"@type\":\"SearchAction\",\"target\":{\"@type\":\"EntryPoint\",\"urlTemplate\":\"https:\/\/www.erresse-shop.it\/de\/?s={search_term_string}\"},\"query-input\":\"required name=search_term_string\"}],\"inLanguage\":\"de-DE\"}]}<\/script>\n<!-- \/ Yoast SEO Premium plugin. -->","yoast_head_json":{"title":"SMEG Manuelle Espresso-Kaffeemaschine mit Kaffeem\u00fchle Schwarz","description":"Entdecken Sie SMEG Manuelle Espresso-Kaffeemaschine mit Kaffeem\u00fchle Schwarz bei ErresseShop. Qualit\u00e4t, Stil und Funktionalit\u00e4t \u2013 jetzt online bestellen!","robots":{"index":"index","follow":"follow","max-snippet":"max-snippet:-1","max-image-preview":"max-image-preview:large","max-video-preview":"max-video-preview:-1"},"canonical":"https:\/\/www.erresse-shop.it\/de\/shop\/kleine-elektrogeraete\/kaffeemaschinen-espresso\/handbuecher\/smeg-manuelle-espresso-kaffeemaschine-mit-kaffeemuhle-schwarz\/","og_locale":"de_DE","og_type":"article","og_title":"SMEG Manuelle Espresso-Kaffeemaschine mit Kaffeem\u00fchle Schwarz","og_description":"Entdecken Sie SMEG Manuelle Espresso-Kaffeemaschine mit Kaffeem\u00fchle Schwarz bei ErresseShop. Qualit\u00e4t, Stil und Funktionalit\u00e4t \u2013 jetzt online bestellen!","og_url":"https:\/\/www.erresse-shop.it\/de\/shop\/kleine-elektrogeraete\/kaffeemaschinen-espresso\/handbuecher\/smeg-manuelle-espresso-kaffeemaschine-mit-kaffeemuhle-schwarz\/","og_site_name":"Erresse Shop","article_modified_time":"2025-01-17T14:58:12+00:00","og_image":[{"width":800,"height":800,"url":"https:\/\/www.erresse-shop.it\/wp-content\/uploads\/2023\/07\/SMEG-Macchina-da-Caffe\u0300-Espresso-Manuale-Nero.jpg","type":"image\/jpeg"}],"twitter_card":"summary_large_image","schema":{"@context":"https:\/\/schema.org","@graph":[{"@type":"WebPage","@id":"https:\/\/www.erresse-shop.it\/de\/shop\/kleine-elektrogeraete\/kaffeemaschinen-espresso\/handbuecher\/smeg-manuelle-espresso-kaffeemaschine-mit-kaffeemuhle-schwarz\/","url":"https:\/\/www.erresse-shop.it\/de\/shop\/kleine-elektrogeraete\/kaffeemaschinen-espresso\/handbuecher\/smeg-manuelle-espresso-kaffeemaschine-mit-kaffeemuhle-schwarz\/","name":"SMEG Manuelle Espresso-Kaffeemaschine mit Kaffeem\u00fchle Schwarz","isPartOf":{"@id":"https:\/\/www.erresse-shop.it\/de\/#website"},"datePublished":"2023-07-13T10:51:37+00:00","dateModified":"2025-01-17T14:58:12+00:00","description":"Entdecken Sie SMEG Manuelle Espresso-Kaffeemaschine mit Kaffeem\u00fchle Schwarz bei ErresseShop. Qualit\u00e4t, Stil und Funktionalit\u00e4t \u2013 jetzt online bestellen!","breadcrumb":{"@id":"https:\/\/www.erresse-shop.it\/de\/shop\/kleine-elektrogeraete\/kaffeemaschinen-espresso\/handbuecher\/smeg-manuelle-espresso-kaffeemaschine-mit-kaffeemuhle-schwarz\/#breadcrumb"},"inLanguage":"de-DE","potentialAction":[{"@type":"ReadAction","target":["https:\/\/www.erresse-shop.it\/de\/shop\/kleine-elektrogeraete\/kaffeemaschinen-espresso\/handbuecher\/smeg-manuelle-espresso-kaffeemaschine-mit-kaffeemuhle-schwarz\/"]}]},{"@type":"BreadcrumbList","@id":"https:\/\/www.erresse-shop.it\/de\/shop\/kleine-elektrogeraete\/kaffeemaschinen-espresso\/handbuecher\/smeg-manuelle-espresso-kaffeemaschine-mit-kaffeemuhle-schwarz\/#breadcrumb","itemListElement":[{"@type":"ListItem","position":1,"name":"Home","item":"https:\/\/www.erresse-shop.it\/de\/"},{"@type":"ListItem","position":2,"name":"Shop","item":"https:\/\/www.erresse-shop.it\/de\/shop\/"},{"@type":"ListItem","position":3,"name":"SMEG Manuelle Espresso-Kaffeemaschine mit Kaffeem\u00fchle Schwarz"}]},{"@type":"WebSite","@id":"https:\/\/www.erresse-shop.it\/de\/#website","url":"https:\/\/www.erresse-shop.it\/de\/","name":"Erresse Shop","description":"Articoli di qualit\u00e0 per la casa","potentialAction":[{"@type":"SearchAction","target":{"@type":"EntryPoint","urlTemplate":"https:\/\/www.erresse-shop.it\/de\/?s={search_term_string}"},"query-input":"required name=search_term_string"}],"inLanguage":"de-DE"}]}},"df_price":608.3,"df_sale_price":608.3,"df_regular_price":869,"df_image_link":"https:\/\/www.erresse-shop.it\/wp-content\/uploads\/2023\/07\/SMEG-Macchina-da-Caffe-Espresso-Manuale-con-Macinacaffe-Nero-300x300.jpg","_links":{"self":[{"href":"https:\/\/www.erresse-shop.it\/de\/wp-json\/wp\/v2\/product\/291229"}],"collection":[{"href":"https:\/\/www.erresse-shop.it\/de\/wp-json\/wp\/v2\/product"}],"about":[{"href":"https:\/\/www.erresse-shop.it\/de\/wp-json\/wp\/v2\/types\/product"}],"wp:featuredmedia":[{"embeddable":true,"href":"https:\/\/www.erresse-shop.it\/de\/wp-json\/wp\/v2\/media\/508921"}],"wp:attachment":[{"href":"https:\/\/www.erresse-shop.it\/de\/wp-json\/wp\/v2\/media?parent=291229"}],"wp:term":[{"taxonomy":"product_cat","embeddable":true,"href":"https:\/\/www.erresse-shop.it\/de\/wp-json\/wp\/v2\/product_cat?post=291229"},{"taxonomy":"product_tag","embeddable":true,"href":"https:\/\/www.erresse-shop.it\/de\/wp-json\/wp\/v2\/product_tag?post=291229"}],"curies":[{"name":"wp","href":"https:\/\/api.w.org\/{rel}","templated":true}]}}