{"id":290396,"date":"2023-07-11T14:26:34","date_gmt":"2023-07-11T14:26:35","guid":{"rendered":"https:\/\/www.erresse-shop.it\/?post_type=product&#038;p=290396"},"modified":"2024-10-23T09:23:29","modified_gmt":"2024-10-23T09:23:29","slug":"sage-nespresso-the-vertuo-creatista","status":"publish","type":"product","link":"https:\/\/www.erresse-shop.it\/de\/shop\/kleine-elektrogeraete\/kaffeemaschinen-espresso\/pads-und-kapseln\/sage-nespresso-the-vertuo-creatista\/","title":{"rendered":"SAGE Nespresso The Vertuo Creatista"},"content":{"rendered":"<p><strong>Mit der Vertuo Creatista Tea werden Sie zum Experten in der Zubereitung von Milchgetr\u00e4nken.<\/strong><\/p>\n<p>Mit einer gro\u00dfen Auswahl an Kaffeeoptionen k\u00f6nnen Sie sich einen schwarzen Kaffee g\u00f6nnen oder Ihre eigenen Rezepte mit Milch kreieren. Genie\u00dfen Sie Ihre Lieblingsrezepte, von Flat Whites bis zu Cappuccinos. Mit der integrierten Dampfd\u00fcse erhalten Sie cremigen Milchschaum, k\u00f6nnen Ihre Rezepte individuell gestalten oder fantastische Latte Art-Kreationen kreieren. W\u00e4hlen Sie zwischen drei verschiedenen Milchtemperaturen und -konsistenzen, um immer ein Ergebnis zu erzielen, das Ihrem Geschmack entspricht. Und das alles in einem hochwertigen Edelstahldesign. Ihr Lieblingskaffee, zu Hause gebr\u00fcht.<\/p>\n<p><strong>Intelligente Extraktionstechnologie<\/strong><\/p>\n<p>Mit nur einer Ber\u00fchrung kann das System perfekten Kaffee in verschiedenen Formaten zubereiten: Espresso, doppelter Espresso, Gran Lungo, Tasse oder Karaffe. Jede Kapsel hat einen einzigartigen Code, der, sobald er von der Maschine gelesen wird, die Extraktionseinstellungen anpasst, um jedes Mal einen perfekten Kaffee zu gew\u00e4hrleisten. Mit zwei Ber\u00fchrungen k\u00f6nnen Sie eine k\u00fcrzere Extraktionszeit erreichen, ideal f\u00fcr Kaffeezubereitungen mit Milch.<\/p>\n<p><strong>Unz\u00e4hlige Milchrezepte<\/strong><\/p>\n<p>Kreieren Sie mit Leichtigkeit fantastische Flat Whites, Cappuccinos, Lattes, Latte Macchiatos oder jedes andere Rezept mit Milch.<\/p>\n<p><strong>Automatische Milchaufsch\u00e4umung mit Auto MilQ\u2122<\/strong><\/p>\n<p>Ein verbessertes Erlebnis, mit dem Sie zu Hause Latte Art kreieren k\u00f6nnen. Mit 3 Temperatureinstellungen und 3 Stufen f\u00fcr die Milchkonsistenz sch\u00e4umt die Vertuo Creatista die Milch mit der perfekten Konsistenz auf, genau wie im Caf\u00e9. Die Dampfd\u00fcse reinigt sich nach Gebrauch automatisch.<\/p>\n<p><strong>Hochwertige Edelstahlkonstruktion<\/strong><\/p>\n<p>Dank der geb\u00fcrsteten und polierten Edelstahlkonstruktion passt die Vertuo Creatista perfekt in jede K\u00fcche. Ihr Design bietet einen Tassenhalter, der bei Nichtgebrauch in die Abtropfschale integriert ist. Dank der abnehmbaren Schale k\u00f6nnen Sie den Kaffee auch direkt in Ihren Lieblingsreisebecher oder Ihre Lieblingskaraffe f\u00fcllen.<\/p>\n<p><strong>Einzug in Karaffe und Reisebecher<\/strong><\/p>\n<p>Die Vertuo Creatista ist so konzipiert, dass Sie den Kaffee direkt in Ihrer bevorzugten Nespresso-Karaffe oder Reisetasse zubereiten k\u00f6nnen.<\/p>\n<p><strong>Konnektivit\u00e4t der Maschine<\/strong><\/p>\n<p>Eine Funktion, die es Ihnen erm\u00f6glicht, immer das beste und aktuellste Nespresso-Erlebnis zu haben. Genie\u00dfen Sie die neuesten Kaffeenachrichten, bestellen Sie Kapseln, lassen Sie sich in Echtzeit beraten, wie Sie Ihre Maschine verwenden, und erhalten Sie Warnmeldungen und Hinweise zur Wartung der Maschine.<\/p>\n<p><strong>Technische Daten:<\/strong><\/p>\n<ul>\n<li>Wassertank mit 2 Litern Fassungsverm\u00f6gen<\/li>\n<li>Milchtank aus Edelstahl, Reinigungszubeh\u00f6r f\u00fcr Dampfrohr<\/li>\n<li>3 Einstellungen f\u00fcr die Milchtemperatur und 3 f\u00fcr das Aufsch\u00e4umen<\/li>\n<li>1300 &#8211; 1500 W<\/li>\n<li>220-240 V \/ 50-60 Hz<\/li>\n<\/ul>\n<p><strong>Nicht zum Verkauf au\u00dferhalb Europas<\/strong><\/p>\n","protected":false},"excerpt":{"rendered":"<p><br data-mce-bogus=\"1\"><\/p>\n","protected":false},"featured_media":290439,"template":"","meta":{"_acf_changed":false,"inline_featured_image":false},"product_cat":[6733,6703,25381],"product_tag":[23564,23303,23587,23304,23305],"acf":[],"yoast_head":"<!-- This site is optimized with the Yoast SEO Premium plugin v18.6 (Yoast SEO v19.13) - https:\/\/yoast.com\/wordpress\/plugins\/seo\/ -->\n<title>SAGE Nespresso The Vertuo Creatista - Erresse Shop<\/title>\n<meta name=\"robots\" content=\"index, follow, max-snippet:-1, max-image-preview:large, max-video-preview:-1\" \/>\n<link rel=\"canonical\" href=\"https:\/\/www.erresse-shop.it\/de\/shop\/kleine-elektrogeraete\/kaffeemaschinen-espresso\/pads-und-kapseln\/sage-nespresso-the-vertuo-creatista\/\" \/>\n<meta property=\"og:locale\" content=\"de_DE\" \/>\n<meta property=\"og:type\" content=\"article\" \/>\n<meta property=\"og:title\" content=\"SAGE Nespresso The Vertuo Creatista\" \/>\n<meta property=\"og:url\" content=\"https:\/\/www.erresse-shop.it\/de\/shop\/kleine-elektrogeraete\/kaffeemaschinen-espresso\/pads-und-kapseln\/sage-nespresso-the-vertuo-creatista\/\" \/>\n<meta property=\"og:site_name\" content=\"Erresse Shop\" \/>\n<meta property=\"article:modified_time\" content=\"2024-10-23T09:23:29+00:00\" \/>\n<meta property=\"og:image\" content=\"https:\/\/www.erresse-shop.it\/wp-content\/uploads\/2023\/07\/SAGE-Nespresso-The-Vertuo-Creatista.jpg\" \/>\n\t<meta property=\"og:image:width\" content=\"800\" \/>\n\t<meta property=\"og:image:height\" content=\"800\" \/>\n\t<meta property=\"og:image:type\" content=\"image\/jpeg\" \/>\n<meta name=\"twitter:card\" content=\"summary_large_image\" \/>\n<script type=\"application\/ld+json\" class=\"yoast-schema-graph\">{\"@context\":\"https:\/\/schema.org\",\"@graph\":[{\"@type\":\"WebPage\",\"@id\":\"https:\/\/www.erresse-shop.it\/de\/shop\/kleine-elektrogeraete\/kaffeemaschinen-espresso\/pads-und-kapseln\/sage-nespresso-the-vertuo-creatista\/\",\"url\":\"https:\/\/www.erresse-shop.it\/de\/shop\/kleine-elektrogeraete\/kaffeemaschinen-espresso\/pads-und-kapseln\/sage-nespresso-the-vertuo-creatista\/\",\"name\":\"SAGE Nespresso The Vertuo Creatista - Erresse Shop\",\"isPartOf\":{\"@id\":\"https:\/\/www.erresse-shop.it\/de\/#website\"},\"datePublished\":\"2023-07-11T14:26:35+00:00\",\"dateModified\":\"2024-10-23T09:23:29+00:00\",\"breadcrumb\":{\"@id\":\"https:\/\/www.erresse-shop.it\/de\/shop\/kleine-elektrogeraete\/kaffeemaschinen-espresso\/pads-und-kapseln\/sage-nespresso-the-vertuo-creatista\/#breadcrumb\"},\"inLanguage\":\"de-DE\",\"potentialAction\":[{\"@type\":\"ReadAction\",\"target\":[\"https:\/\/www.erresse-shop.it\/de\/shop\/kleine-elektrogeraete\/kaffeemaschinen-espresso\/pads-und-kapseln\/sage-nespresso-the-vertuo-creatista\/\"]}]},{\"@type\":\"BreadcrumbList\",\"@id\":\"https:\/\/www.erresse-shop.it\/de\/shop\/kleine-elektrogeraete\/kaffeemaschinen-espresso\/pads-und-kapseln\/sage-nespresso-the-vertuo-creatista\/#breadcrumb\",\"itemListElement\":[{\"@type\":\"ListItem\",\"position\":1,\"name\":\"Home\",\"item\":\"https:\/\/www.erresse-shop.it\/de\/\"},{\"@type\":\"ListItem\",\"position\":2,\"name\":\"Shop\",\"item\":\"https:\/\/www.erresse-shop.it\/de\/shop\/\"},{\"@type\":\"ListItem\",\"position\":3,\"name\":\"SAGE Nespresso The Vertuo Creatista\"}]},{\"@type\":\"WebSite\",\"@id\":\"https:\/\/www.erresse-shop.it\/de\/#website\",\"url\":\"https:\/\/www.erresse-shop.it\/de\/\",\"name\":\"Erresse Shop\",\"description\":\"Articoli di qualit\u00e0 per la casa\",\"potentialAction\":[{\"@type\":\"SearchAction\",\"target\":{\"@type\":\"EntryPoint\",\"urlTemplate\":\"https:\/\/www.erresse-shop.it\/de\/?s={search_term_string}\"},\"query-input\":\"required name=search_term_string\"}],\"inLanguage\":\"de-DE\"}]}<\/script>\n<!-- \/ Yoast SEO Premium plugin. -->","yoast_head_json":{"title":"SAGE Nespresso The Vertuo Creatista - Erresse Shop","robots":{"index":"index","follow":"follow","max-snippet":"max-snippet:-1","max-image-preview":"max-image-preview:large","max-video-preview":"max-video-preview:-1"},"canonical":"https:\/\/www.erresse-shop.it\/de\/shop\/kleine-elektrogeraete\/kaffeemaschinen-espresso\/pads-und-kapseln\/sage-nespresso-the-vertuo-creatista\/","og_locale":"de_DE","og_type":"article","og_title":"SAGE Nespresso The Vertuo Creatista","og_url":"https:\/\/www.erresse-shop.it\/de\/shop\/kleine-elektrogeraete\/kaffeemaschinen-espresso\/pads-und-kapseln\/sage-nespresso-the-vertuo-creatista\/","og_site_name":"Erresse Shop","article_modified_time":"2024-10-23T09:23:29+00:00","og_image":[{"width":800,"height":800,"url":"https:\/\/www.erresse-shop.it\/wp-content\/uploads\/2023\/07\/SAGE-Nespresso-The-Vertuo-Creatista.jpg","type":"image\/jpeg"}],"twitter_card":"summary_large_image","schema":{"@context":"https:\/\/schema.org","@graph":[{"@type":"WebPage","@id":"https:\/\/www.erresse-shop.it\/de\/shop\/kleine-elektrogeraete\/kaffeemaschinen-espresso\/pads-und-kapseln\/sage-nespresso-the-vertuo-creatista\/","url":"https:\/\/www.erresse-shop.it\/de\/shop\/kleine-elektrogeraete\/kaffeemaschinen-espresso\/pads-und-kapseln\/sage-nespresso-the-vertuo-creatista\/","name":"SAGE Nespresso The Vertuo Creatista - Erresse Shop","isPartOf":{"@id":"https:\/\/www.erresse-shop.it\/de\/#website"},"datePublished":"2023-07-11T14:26:35+00:00","dateModified":"2024-10-23T09:23:29+00:00","breadcrumb":{"@id":"https:\/\/www.erresse-shop.it\/de\/shop\/kleine-elektrogeraete\/kaffeemaschinen-espresso\/pads-und-kapseln\/sage-nespresso-the-vertuo-creatista\/#breadcrumb"},"inLanguage":"de-DE","potentialAction":[{"@type":"ReadAction","target":["https:\/\/www.erresse-shop.it\/de\/shop\/kleine-elektrogeraete\/kaffeemaschinen-espresso\/pads-und-kapseln\/sage-nespresso-the-vertuo-creatista\/"]}]},{"@type":"BreadcrumbList","@id":"https:\/\/www.erresse-shop.it\/de\/shop\/kleine-elektrogeraete\/kaffeemaschinen-espresso\/pads-und-kapseln\/sage-nespresso-the-vertuo-creatista\/#breadcrumb","itemListElement":[{"@type":"ListItem","position":1,"name":"Home","item":"https:\/\/www.erresse-shop.it\/de\/"},{"@type":"ListItem","position":2,"name":"Shop","item":"https:\/\/www.erresse-shop.it\/de\/shop\/"},{"@type":"ListItem","position":3,"name":"SAGE Nespresso The Vertuo Creatista"}]},{"@type":"WebSite","@id":"https:\/\/www.erresse-shop.it\/de\/#website","url":"https:\/\/www.erresse-shop.it\/de\/","name":"Erresse Shop","description":"Articoli di qualit\u00e0 per la casa","potentialAction":[{"@type":"SearchAction","target":{"@type":"EntryPoint","urlTemplate":"https:\/\/www.erresse-shop.it\/de\/?s={search_term_string}"},"query-input":"required name=search_term_string"}],"inLanguage":"de-DE"}]}},"df_price":659.95,"df_sale_price":659.95,"df_regular_price":699.9,"df_image_link":"https:\/\/www.erresse-shop.it\/wp-content\/uploads\/2023\/07\/SAGE-Nespresso-The-Vertuo-Creatista-300x300.jpg","_links":{"self":[{"href":"https:\/\/www.erresse-shop.it\/de\/wp-json\/wp\/v2\/product\/290396"}],"collection":[{"href":"https:\/\/www.erresse-shop.it\/de\/wp-json\/wp\/v2\/product"}],"about":[{"href":"https:\/\/www.erresse-shop.it\/de\/wp-json\/wp\/v2\/types\/product"}],"wp:featuredmedia":[{"embeddable":true,"href":"https:\/\/www.erresse-shop.it\/de\/wp-json\/wp\/v2\/media\/290439"}],"wp:attachment":[{"href":"https:\/\/www.erresse-shop.it\/de\/wp-json\/wp\/v2\/media?parent=290396"}],"wp:term":[{"taxonomy":"product_cat","embeddable":true,"href":"https:\/\/www.erresse-shop.it\/de\/wp-json\/wp\/v2\/product_cat?post=290396"},{"taxonomy":"product_tag","embeddable":true,"href":"https:\/\/www.erresse-shop.it\/de\/wp-json\/wp\/v2\/product_tag?post=290396"}],"curies":[{"name":"wp","href":"https:\/\/api.w.org\/{rel}","templated":true}]}}