{"id":29008,"date":"2018-10-12T16:36:56","date_gmt":"2018-10-12T16:36:56","guid":{"rendered":"https:\/\/www.erresse-shop.it\/?post_type=product&#038;p=29008"},"modified":"2025-07-01T10:37:22","modified_gmt":"2025-07-01T10:37:22","slug":"zafferano-poldina-pro-tischlampe-gold-blatt","status":"publish","type":"product","link":"https:\/\/www.erresse-shop.it\/de\/shop\/einrichtung-haus\/lampen\/zafferano-poldina-pro-tischlampe-gold-blatt\/","title":{"rendered":"ZAFFERANO Poldina PRO Tischlampe Gold Blatt"},"content":{"rendered":"<p>Batteriebetriebene, tragbare und wiederaufladbare Tischlampe.<\/p>\n<p>\u00dcber eine \u201etouch\u201c-Steuerung oben am Kopf k\u00f6nnen Sie das Ger\u00e4t einschalten, die Lichtintensit\u00e4t regulieren und die Lichtfarbtemperatur ausw\u00e4hlen.<\/p>\n<p>Dank eines hohen Schutzindex kann die Lampe auch im Au\u00dfenbereich verwendet werden. (Ausgenommen hiervon sind die Modelle mit Blattmetall-Beschichtung und galvanischer Beschichtung, bei denen ein dauerhafter Einsatz im Freien nicht empfohlen wird).<\/p>\n<p>Es verf\u00fcgt \u00fcber ein elektronisches Kontrollsystem, das die verbleibende Akkulaufzeit \u00fcberwacht und meldet, sodass Sie den Ladevorgang optimieren und immer korrekt durchf\u00fchren k\u00f6nnen. Ausgestattet mit einer Kontaktladestation. Ladeger\u00e4t im Lieferumfang enthalten.<\/p>\n<p>Es besteht die M\u00f6glichkeit, die Lampe mit Keramikabdeckungen zu individualisieren, die separat erh\u00e4ltlich sind.<\/p>\n<p><strong>Durchmesser:<\/strong> 11 cm<br \/>\n<strong>Gesamth\u00f6he:<\/strong> 38 cm<\/p>\n","protected":false},"excerpt":{"rendered":"<p>Batteriebetriebene, tragbare und wiederaufladbare Tischlampe. \u00dcber eine \u201etouch\u201c-Steuerung oben am Kopf k\u00f6nnen Sie das Ger\u00e4t einschalten, die Lichtintensit\u00e4t regulieren und<\/p>\n","protected":false},"featured_media":62380,"template":"","meta":{"_acf_changed":false,"inline_featured_image":false},"product_cat":[6817,6862],"product_tag":[11593,24604,12183,11949,12218,12196,12221,12219,12181,12182],"acf":[],"yoast_head":"<!-- This site is optimized with the Yoast SEO Premium plugin v18.6 (Yoast SEO v19.13) - https:\/\/yoast.com\/wordpress\/plugins\/seo\/ -->\n<title>ZAFFERANO Poldina PRO Tischlampe Gold Blatt<\/title>\n<meta name=\"description\" content=\"Entdecken Sie ZAFFERANO Poldina PRO Tischlampe Gold Blatt bei ErresseShop. Qualit\u00e4t, Stil und Funktionalit\u00e4t \u2013 jetzt online bestellen!\" \/>\n<meta name=\"robots\" content=\"index, follow, max-snippet:-1, max-image-preview:large, max-video-preview:-1\" \/>\n<link rel=\"canonical\" href=\"https:\/\/www.erresse-shop.it\/de\/shop\/einrichtung-haus\/lampen\/zafferano-poldina-pro-tischlampe-gold-blatt\/\" \/>\n<meta property=\"og:locale\" content=\"de_DE\" \/>\n<meta property=\"og:type\" content=\"article\" \/>\n<meta property=\"og:title\" content=\"ZAFFERANO Poldina PRO Tischlampe Gold Blatt\" \/>\n<meta property=\"og:description\" content=\"Entdecken Sie ZAFFERANO Poldina PRO Tischlampe Gold Blatt bei ErresseShop. Qualit\u00e4t, Stil und Funktionalit\u00e4t \u2013 jetzt online bestellen!\" \/>\n<meta property=\"og:url\" content=\"https:\/\/www.erresse-shop.it\/de\/shop\/einrichtung-haus\/lampen\/zafferano-poldina-pro-tischlampe-gold-blatt\/\" \/>\n<meta property=\"og:site_name\" content=\"Erresse Shop\" \/>\n<meta property=\"article:modified_time\" content=\"2025-07-01T10:37:22+00:00\" \/>\n<meta property=\"og:image\" content=\"https:\/\/www.erresse-shop.it\/wp-content\/uploads\/2018\/10\/poldina-pro-oro.jpg\" \/>\n\t<meta property=\"og:image:width\" content=\"1428\" \/>\n\t<meta property=\"og:image:height\" content=\"1500\" \/>\n\t<meta property=\"og:image:type\" content=\"image\/jpeg\" \/>\n<meta name=\"twitter:card\" content=\"summary_large_image\" \/>\n<script type=\"application\/ld+json\" class=\"yoast-schema-graph\">{\"@context\":\"https:\/\/schema.org\",\"@graph\":[{\"@type\":\"WebPage\",\"@id\":\"https:\/\/www.erresse-shop.it\/de\/shop\/einrichtung-haus\/lampen\/zafferano-poldina-pro-tischlampe-gold-blatt\/\",\"url\":\"https:\/\/www.erresse-shop.it\/de\/shop\/einrichtung-haus\/lampen\/zafferano-poldina-pro-tischlampe-gold-blatt\/\",\"name\":\"ZAFFERANO Poldina PRO Tischlampe Gold Blatt\",\"isPartOf\":{\"@id\":\"https:\/\/www.erresse-shop.it\/de\/#website\"},\"datePublished\":\"2018-10-12T16:36:56+00:00\",\"dateModified\":\"2025-07-01T10:37:22+00:00\",\"description\":\"Entdecken Sie ZAFFERANO Poldina PRO Tischlampe Gold Blatt bei ErresseShop. Qualit\u00e4t, Stil und Funktionalit\u00e4t \u2013 jetzt online bestellen!\",\"breadcrumb\":{\"@id\":\"https:\/\/www.erresse-shop.it\/de\/shop\/einrichtung-haus\/lampen\/zafferano-poldina-pro-tischlampe-gold-blatt\/#breadcrumb\"},\"inLanguage\":\"de-DE\",\"potentialAction\":[{\"@type\":\"ReadAction\",\"target\":[\"https:\/\/www.erresse-shop.it\/de\/shop\/einrichtung-haus\/lampen\/zafferano-poldina-pro-tischlampe-gold-blatt\/\"]}]},{\"@type\":\"BreadcrumbList\",\"@id\":\"https:\/\/www.erresse-shop.it\/de\/shop\/einrichtung-haus\/lampen\/zafferano-poldina-pro-tischlampe-gold-blatt\/#breadcrumb\",\"itemListElement\":[{\"@type\":\"ListItem\",\"position\":1,\"name\":\"Home\",\"item\":\"https:\/\/www.erresse-shop.it\/de\/\"},{\"@type\":\"ListItem\",\"position\":2,\"name\":\"Shop\",\"item\":\"https:\/\/www.erresse-shop.it\/de\/shop\/\"},{\"@type\":\"ListItem\",\"position\":3,\"name\":\"ZAFFERANO Poldina PRO Tischlampe Gold Blatt\"}]},{\"@type\":\"WebSite\",\"@id\":\"https:\/\/www.erresse-shop.it\/de\/#website\",\"url\":\"https:\/\/www.erresse-shop.it\/de\/\",\"name\":\"Erresse Shop\",\"description\":\"Articoli di qualit\u00e0 per la casa\",\"potentialAction\":[{\"@type\":\"SearchAction\",\"target\":{\"@type\":\"EntryPoint\",\"urlTemplate\":\"https:\/\/www.erresse-shop.it\/de\/?s={search_term_string}\"},\"query-input\":\"required name=search_term_string\"}],\"inLanguage\":\"de-DE\"}]}<\/script>\n<!-- \/ Yoast SEO Premium plugin. -->","yoast_head_json":{"title":"ZAFFERANO Poldina PRO Tischlampe Gold Blatt","description":"Entdecken Sie ZAFFERANO Poldina PRO Tischlampe Gold Blatt bei ErresseShop. Qualit\u00e4t, Stil und Funktionalit\u00e4t \u2013 jetzt online bestellen!","robots":{"index":"index","follow":"follow","max-snippet":"max-snippet:-1","max-image-preview":"max-image-preview:large","max-video-preview":"max-video-preview:-1"},"canonical":"https:\/\/www.erresse-shop.it\/de\/shop\/einrichtung-haus\/lampen\/zafferano-poldina-pro-tischlampe-gold-blatt\/","og_locale":"de_DE","og_type":"article","og_title":"ZAFFERANO Poldina PRO Tischlampe Gold Blatt","og_description":"Entdecken Sie ZAFFERANO Poldina PRO Tischlampe Gold Blatt bei ErresseShop. Qualit\u00e4t, Stil und Funktionalit\u00e4t \u2013 jetzt online bestellen!","og_url":"https:\/\/www.erresse-shop.it\/de\/shop\/einrichtung-haus\/lampen\/zafferano-poldina-pro-tischlampe-gold-blatt\/","og_site_name":"Erresse Shop","article_modified_time":"2025-07-01T10:37:22+00:00","og_image":[{"width":1428,"height":1500,"url":"https:\/\/www.erresse-shop.it\/wp-content\/uploads\/2018\/10\/poldina-pro-oro.jpg","type":"image\/jpeg"}],"twitter_card":"summary_large_image","schema":{"@context":"https:\/\/schema.org","@graph":[{"@type":"WebPage","@id":"https:\/\/www.erresse-shop.it\/de\/shop\/einrichtung-haus\/lampen\/zafferano-poldina-pro-tischlampe-gold-blatt\/","url":"https:\/\/www.erresse-shop.it\/de\/shop\/einrichtung-haus\/lampen\/zafferano-poldina-pro-tischlampe-gold-blatt\/","name":"ZAFFERANO Poldina PRO Tischlampe Gold Blatt","isPartOf":{"@id":"https:\/\/www.erresse-shop.it\/de\/#website"},"datePublished":"2018-10-12T16:36:56+00:00","dateModified":"2025-07-01T10:37:22+00:00","description":"Entdecken Sie ZAFFERANO Poldina PRO Tischlampe Gold Blatt bei ErresseShop. Qualit\u00e4t, Stil und Funktionalit\u00e4t \u2013 jetzt online bestellen!","breadcrumb":{"@id":"https:\/\/www.erresse-shop.it\/de\/shop\/einrichtung-haus\/lampen\/zafferano-poldina-pro-tischlampe-gold-blatt\/#breadcrumb"},"inLanguage":"de-DE","potentialAction":[{"@type":"ReadAction","target":["https:\/\/www.erresse-shop.it\/de\/shop\/einrichtung-haus\/lampen\/zafferano-poldina-pro-tischlampe-gold-blatt\/"]}]},{"@type":"BreadcrumbList","@id":"https:\/\/www.erresse-shop.it\/de\/shop\/einrichtung-haus\/lampen\/zafferano-poldina-pro-tischlampe-gold-blatt\/#breadcrumb","itemListElement":[{"@type":"ListItem","position":1,"name":"Home","item":"https:\/\/www.erresse-shop.it\/de\/"},{"@type":"ListItem","position":2,"name":"Shop","item":"https:\/\/www.erresse-shop.it\/de\/shop\/"},{"@type":"ListItem","position":3,"name":"ZAFFERANO Poldina PRO Tischlampe Gold Blatt"}]},{"@type":"WebSite","@id":"https:\/\/www.erresse-shop.it\/de\/#website","url":"https:\/\/www.erresse-shop.it\/de\/","name":"Erresse Shop","description":"Articoli di qualit\u00e0 per la casa","potentialAction":[{"@type":"SearchAction","target":{"@type":"EntryPoint","urlTemplate":"https:\/\/www.erresse-shop.it\/de\/?s={search_term_string}"},"query-input":"required name=search_term_string"}],"inLanguage":"de-DE"}]}},"df_price":96.75,"df_sale_price":96.75,"df_regular_price":215,"df_image_link":"https:\/\/www.erresse-shop.it\/wp-content\/uploads\/2018\/10\/poldina-pro-oro-286x300.jpg","_links":{"self":[{"href":"https:\/\/www.erresse-shop.it\/de\/wp-json\/wp\/v2\/product\/29008"}],"collection":[{"href":"https:\/\/www.erresse-shop.it\/de\/wp-json\/wp\/v2\/product"}],"about":[{"href":"https:\/\/www.erresse-shop.it\/de\/wp-json\/wp\/v2\/types\/product"}],"wp:featuredmedia":[{"embeddable":true,"href":"https:\/\/www.erresse-shop.it\/de\/wp-json\/wp\/v2\/media\/62380"}],"wp:attachment":[{"href":"https:\/\/www.erresse-shop.it\/de\/wp-json\/wp\/v2\/media?parent=29008"}],"wp:term":[{"taxonomy":"product_cat","embeddable":true,"href":"https:\/\/www.erresse-shop.it\/de\/wp-json\/wp\/v2\/product_cat?post=29008"},{"taxonomy":"product_tag","embeddable":true,"href":"https:\/\/www.erresse-shop.it\/de\/wp-json\/wp\/v2\/product_tag?post=29008"}],"curies":[{"name":"wp","href":"https:\/\/api.w.org\/{rel}","templated":true}]}}