{"id":289715,"date":"2023-07-10T14:55:25","date_gmt":"2023-07-10T14:55:26","guid":{"rendered":"https:\/\/www.erresse-shop.it\/?post_type=product&#038;p=289715"},"modified":"2025-01-22T07:20:37","modified_gmt":"2025-01-22T07:20:37","slug":"zwilling-enfinigy-wasserkocher-1-l-schwarz","status":"publish","type":"product","link":"https:\/\/www.erresse-shop.it\/de\/shop\/kleine-elektrogeraete\/elektrische-wasserkocher\/zwilling-enfinigy-wasserkocher-1-l-schwarz\/","title":{"rendered":"ZWILLING Enfinigy Wasserkocher 1 L Schwarz"},"content":{"rendered":"<p>Klein aber oho! Der 1-Liter-Wasserkocher ZWILLING ENGINIGY besticht durch seine Technik und sein Design. Entworfen in Mailand von dem Designteam Matteo Thun &amp; Antonio Rodriguez, besticht er durch seine moderne und unverwechselbare Form und integriert sich perfekt in die anderen ZWILLING ENFINIGY Produkte. Er ist klein und platzsparend. Die 1.850-Watt-K\u00fcchenmaschine ist doppelwandig: Das Innere besteht aus Edelstahl, das \u00c4u\u00dfere aus hochwertigem Kunststoff. Dadurch bleibt das Wasser im Inneren l\u00e4nger hei\u00df, w\u00e4hrend die Au\u00dfenseite des Wasserkochers k\u00fchl bleibt. Der Wasserkocher verf\u00fcgt \u00fcber einen stabilen und praktischen 360-Grad-Sockel mit automatischer Abschaltung f\u00fcr eine einfache und sehr sichere Verwendung. Sowohl f\u00fcr Links- als auch f\u00fcr Rechtsh\u00e4nder geeignet.<\/p>\n<p>Eigenschaften<br \/>\n&#8211; Farbe: Schwarz<br \/>\n&#8211; Material: Kunststoff<br \/>\n&#8211; Spannung: 220-240 V<br \/>\n&#8211; Frequenz: 50\/60 Hz<br \/>\n&#8211; Integrierte Kabeltrommel: Ja<br \/>\n&#8211; Leistungsaufnahme: 1.850 W<\/p>\n<p>Gr\u00f6\u00dfe:<br \/>\n&#8211; Nettogewicht: 1 kg<br \/>\n&#8211; Fassungsverm\u00f6gen: 1 l<br \/>\n&#8211; Produktl\u00e4nge: 13,50 cm<br \/>\n&#8211; Breite des Produkts: 13,50 cm<br \/>\n&#8211; H\u00f6he des Produkts: 21 cm<\/p>\n<p><strong>Nicht zum Verkauf au\u00dferhalb Europas<\/strong><\/p>\n","protected":false},"excerpt":{"rendered":"<p>Klein aber oho! Der 1-Liter-Wasserkocher ZWILLING ENGINIGY besticht durch seine Technik und sein Design. Entworfen in Mailand von dem Designteam<\/p>\n","protected":false},"featured_media":289889,"template":"","meta":{"_acf_changed":false,"inline_featured_image":false},"product_cat":[6874,6703],"product_tag":[11652,11415,11413,13723],"acf":[],"yoast_head":"<!-- This site is optimized with the Yoast SEO Premium plugin v18.6 (Yoast SEO v19.13) - https:\/\/yoast.com\/wordpress\/plugins\/seo\/ -->\n<title>ZWILLING Enfinigy Wasserkocher 1 L Schwarz<\/title>\n<meta name=\"description\" content=\"Entdecken Sie ZWILLING Enfinigy Wasserkocher 1 L Schwarz bei ErresseShop. Qualit\u00e4t, Stil und Funktionalit\u00e4t \u2013 jetzt online bestellen!\" \/>\n<meta name=\"robots\" content=\"index, follow, max-snippet:-1, max-image-preview:large, max-video-preview:-1\" \/>\n<link rel=\"canonical\" href=\"https:\/\/www.erresse-shop.it\/de\/shop\/kleine-elektrogeraete\/elektrische-wasserkocher\/zwilling-enfinigy-wasserkocher-1-l-schwarz\/\" \/>\n<meta property=\"og:locale\" content=\"de_DE\" \/>\n<meta property=\"og:type\" content=\"article\" \/>\n<meta property=\"og:title\" content=\"ZWILLING Enfinigy Wasserkocher 1 L Schwarz\" \/>\n<meta property=\"og:description\" content=\"Entdecken Sie ZWILLING Enfinigy Wasserkocher 1 L Schwarz bei ErresseShop. Qualit\u00e4t, Stil und Funktionalit\u00e4t \u2013 jetzt online bestellen!\" \/>\n<meta property=\"og:url\" content=\"https:\/\/www.erresse-shop.it\/de\/shop\/kleine-elektrogeraete\/elektrische-wasserkocher\/zwilling-enfinigy-wasserkocher-1-l-schwarz\/\" \/>\n<meta property=\"og:site_name\" content=\"Erresse Shop\" \/>\n<meta property=\"article:modified_time\" content=\"2025-01-22T07:20:37+00:00\" \/>\n<meta property=\"og:image\" content=\"https:\/\/www.erresse-shop.it\/wp-content\/uploads\/2023\/07\/ZWILLING-Enfinigy-Bollitore-Elettrico-1-L-Nero.jpg\" \/>\n\t<meta property=\"og:image:width\" content=\"800\" \/>\n\t<meta property=\"og:image:height\" content=\"800\" \/>\n\t<meta property=\"og:image:type\" content=\"image\/jpeg\" \/>\n<meta name=\"twitter:card\" content=\"summary_large_image\" \/>\n<script type=\"application\/ld+json\" class=\"yoast-schema-graph\">{\"@context\":\"https:\/\/schema.org\",\"@graph\":[{\"@type\":\"WebPage\",\"@id\":\"https:\/\/www.erresse-shop.it\/de\/shop\/kleine-elektrogeraete\/elektrische-wasserkocher\/zwilling-enfinigy-wasserkocher-1-l-schwarz\/\",\"url\":\"https:\/\/www.erresse-shop.it\/de\/shop\/kleine-elektrogeraete\/elektrische-wasserkocher\/zwilling-enfinigy-wasserkocher-1-l-schwarz\/\",\"name\":\"ZWILLING Enfinigy Wasserkocher 1 L Schwarz\",\"isPartOf\":{\"@id\":\"https:\/\/www.erresse-shop.it\/de\/#website\"},\"datePublished\":\"2023-07-10T14:55:26+00:00\",\"dateModified\":\"2025-01-22T07:20:37+00:00\",\"description\":\"Entdecken Sie ZWILLING Enfinigy Wasserkocher 1 L Schwarz bei ErresseShop. Qualit\u00e4t, Stil und Funktionalit\u00e4t \u2013 jetzt online bestellen!\",\"breadcrumb\":{\"@id\":\"https:\/\/www.erresse-shop.it\/de\/shop\/kleine-elektrogeraete\/elektrische-wasserkocher\/zwilling-enfinigy-wasserkocher-1-l-schwarz\/#breadcrumb\"},\"inLanguage\":\"de-DE\",\"potentialAction\":[{\"@type\":\"ReadAction\",\"target\":[\"https:\/\/www.erresse-shop.it\/de\/shop\/kleine-elektrogeraete\/elektrische-wasserkocher\/zwilling-enfinigy-wasserkocher-1-l-schwarz\/\"]}]},{\"@type\":\"BreadcrumbList\",\"@id\":\"https:\/\/www.erresse-shop.it\/de\/shop\/kleine-elektrogeraete\/elektrische-wasserkocher\/zwilling-enfinigy-wasserkocher-1-l-schwarz\/#breadcrumb\",\"itemListElement\":[{\"@type\":\"ListItem\",\"position\":1,\"name\":\"Home\",\"item\":\"https:\/\/www.erresse-shop.it\/de\/\"},{\"@type\":\"ListItem\",\"position\":2,\"name\":\"Shop\",\"item\":\"https:\/\/www.erresse-shop.it\/de\/shop\/\"},{\"@type\":\"ListItem\",\"position\":3,\"name\":\"ZWILLING Enfinigy Wasserkocher 1 L Schwarz\"}]},{\"@type\":\"WebSite\",\"@id\":\"https:\/\/www.erresse-shop.it\/de\/#website\",\"url\":\"https:\/\/www.erresse-shop.it\/de\/\",\"name\":\"Erresse Shop\",\"description\":\"Articoli di qualit\u00e0 per la casa\",\"potentialAction\":[{\"@type\":\"SearchAction\",\"target\":{\"@type\":\"EntryPoint\",\"urlTemplate\":\"https:\/\/www.erresse-shop.it\/de\/?s={search_term_string}\"},\"query-input\":\"required name=search_term_string\"}],\"inLanguage\":\"de-DE\"}]}<\/script>\n<!-- \/ Yoast SEO Premium plugin. -->","yoast_head_json":{"title":"ZWILLING Enfinigy Wasserkocher 1 L Schwarz","description":"Entdecken Sie ZWILLING Enfinigy Wasserkocher 1 L Schwarz bei ErresseShop. Qualit\u00e4t, Stil und Funktionalit\u00e4t \u2013 jetzt online bestellen!","robots":{"index":"index","follow":"follow","max-snippet":"max-snippet:-1","max-image-preview":"max-image-preview:large","max-video-preview":"max-video-preview:-1"},"canonical":"https:\/\/www.erresse-shop.it\/de\/shop\/kleine-elektrogeraete\/elektrische-wasserkocher\/zwilling-enfinigy-wasserkocher-1-l-schwarz\/","og_locale":"de_DE","og_type":"article","og_title":"ZWILLING Enfinigy Wasserkocher 1 L Schwarz","og_description":"Entdecken Sie ZWILLING Enfinigy Wasserkocher 1 L Schwarz bei ErresseShop. Qualit\u00e4t, Stil und Funktionalit\u00e4t \u2013 jetzt online bestellen!","og_url":"https:\/\/www.erresse-shop.it\/de\/shop\/kleine-elektrogeraete\/elektrische-wasserkocher\/zwilling-enfinigy-wasserkocher-1-l-schwarz\/","og_site_name":"Erresse Shop","article_modified_time":"2025-01-22T07:20:37+00:00","og_image":[{"width":800,"height":800,"url":"https:\/\/www.erresse-shop.it\/wp-content\/uploads\/2023\/07\/ZWILLING-Enfinigy-Bollitore-Elettrico-1-L-Nero.jpg","type":"image\/jpeg"}],"twitter_card":"summary_large_image","schema":{"@context":"https:\/\/schema.org","@graph":[{"@type":"WebPage","@id":"https:\/\/www.erresse-shop.it\/de\/shop\/kleine-elektrogeraete\/elektrische-wasserkocher\/zwilling-enfinigy-wasserkocher-1-l-schwarz\/","url":"https:\/\/www.erresse-shop.it\/de\/shop\/kleine-elektrogeraete\/elektrische-wasserkocher\/zwilling-enfinigy-wasserkocher-1-l-schwarz\/","name":"ZWILLING Enfinigy Wasserkocher 1 L Schwarz","isPartOf":{"@id":"https:\/\/www.erresse-shop.it\/de\/#website"},"datePublished":"2023-07-10T14:55:26+00:00","dateModified":"2025-01-22T07:20:37+00:00","description":"Entdecken Sie ZWILLING Enfinigy Wasserkocher 1 L Schwarz bei ErresseShop. Qualit\u00e4t, Stil und Funktionalit\u00e4t \u2013 jetzt online bestellen!","breadcrumb":{"@id":"https:\/\/www.erresse-shop.it\/de\/shop\/kleine-elektrogeraete\/elektrische-wasserkocher\/zwilling-enfinigy-wasserkocher-1-l-schwarz\/#breadcrumb"},"inLanguage":"de-DE","potentialAction":[{"@type":"ReadAction","target":["https:\/\/www.erresse-shop.it\/de\/shop\/kleine-elektrogeraete\/elektrische-wasserkocher\/zwilling-enfinigy-wasserkocher-1-l-schwarz\/"]}]},{"@type":"BreadcrumbList","@id":"https:\/\/www.erresse-shop.it\/de\/shop\/kleine-elektrogeraete\/elektrische-wasserkocher\/zwilling-enfinigy-wasserkocher-1-l-schwarz\/#breadcrumb","itemListElement":[{"@type":"ListItem","position":1,"name":"Home","item":"https:\/\/www.erresse-shop.it\/de\/"},{"@type":"ListItem","position":2,"name":"Shop","item":"https:\/\/www.erresse-shop.it\/de\/shop\/"},{"@type":"ListItem","position":3,"name":"ZWILLING Enfinigy Wasserkocher 1 L Schwarz"}]},{"@type":"WebSite","@id":"https:\/\/www.erresse-shop.it\/de\/#website","url":"https:\/\/www.erresse-shop.it\/de\/","name":"Erresse Shop","description":"Articoli di qualit\u00e0 per la casa","potentialAction":[{"@type":"SearchAction","target":{"@type":"EntryPoint","urlTemplate":"https:\/\/www.erresse-shop.it\/de\/?s={search_term_string}"},"query-input":"required name=search_term_string"}],"inLanguage":"de-DE"}]}},"df_price":34.975,"df_sale_price":34.975,"df_regular_price":69.95,"df_image_link":"https:\/\/www.erresse-shop.it\/wp-content\/uploads\/2023\/07\/ZWILLING-Enfinigy-Bollitore-Elettrico-1-L-Nero-300x300.jpg","_links":{"self":[{"href":"https:\/\/www.erresse-shop.it\/de\/wp-json\/wp\/v2\/product\/289715"}],"collection":[{"href":"https:\/\/www.erresse-shop.it\/de\/wp-json\/wp\/v2\/product"}],"about":[{"href":"https:\/\/www.erresse-shop.it\/de\/wp-json\/wp\/v2\/types\/product"}],"wp:featuredmedia":[{"embeddable":true,"href":"https:\/\/www.erresse-shop.it\/de\/wp-json\/wp\/v2\/media\/289889"}],"wp:attachment":[{"href":"https:\/\/www.erresse-shop.it\/de\/wp-json\/wp\/v2\/media?parent=289715"}],"wp:term":[{"taxonomy":"product_cat","embeddable":true,"href":"https:\/\/www.erresse-shop.it\/de\/wp-json\/wp\/v2\/product_cat?post=289715"},{"taxonomy":"product_tag","embeddable":true,"href":"https:\/\/www.erresse-shop.it\/de\/wp-json\/wp\/v2\/product_tag?post=289715"}],"curies":[{"name":"wp","href":"https:\/\/api.w.org\/{rel}","templated":true}]}}